{"id":2406,"date":"2019-01-21T15:06:02","date_gmt":"2019-01-21T20:06:02","guid":{"rendered":"http:\/\/cliniqueslacroix.enconstruction.website\/press\/episode-your-medical-check-up\/"},"modified":"2019-01-25T09:10:47","modified_gmt":"2019-01-25T14:10:47","slug":"your-medical-check-up","status":"publish","type":"page","link":"https:\/\/cliniquesmedicaleslacroix.enconstruction.website\/en\/press\/your-medical-check-up\/","title":{"rendered":"Your medical check-up"},"content":{"rendered":"<div class=\"wpb-content-wrapper\"><p>[vc_row css_animation=&#8221;&#8221; row_type=&#8221;row&#8221; use_row_as_full_screen_section=&#8221;no&#8221; type=&#8221;grid&#8221; angled_section=&#8221;no&#8221; text_align=&#8221;left&#8221; background_image_as_pattern=&#8221;without_pattern&#8221; padding_top=&#8221;100&#8243; padding_bottom=&#8221;0&#8243; z_index=&#8221;&#8221;][vc_column width=&#8221;1\/6&#8243;][\/vc_column][vc_column width=&#8221;2\/3&#8243;][vc_column_text]<\/p>\n<p style=\"text-align: center;\"><strong>Votre bilan sant\u00e9<\/strong><br \/>\nis a weekly program broadcast on T\u00e9l\u00e9Mag throughout Quebec on Saturdays at 6:30 pm. Led by Dominique B\u00e9langer, it deals with various medical topics of concern to the entire population: ADHD, endocrinology, speech therapy, back and neck problems, sleep apnea, health check, corporate medicine, urology, fertility , Alzheimer&#8217;s disease, type 1 diabetes and organ donation. Check out our shows, columns and podcasts on this page or on YouTube.\u00a0<\/p>\n<p>[\/vc_column_text][\/vc_column][vc_column width=&#8221;1\/6&#8243;][\/vc_column][\/vc_row][vc_row css_animation=&#8221;&#8221; row_type=&#8221;row&#8221; use_row_as_full_screen_section=&#8221;no&#8221; type=&#8221;full_width&#8221; angled_section=&#8221;no&#8221; text_align=&#8221;left&#8221; background_image_as_pattern=&#8221;without_pattern&#8221; padding_top=&#8221;120&#8243; padding_bottom=&#8221;20&#8243; z_index=&#8221;&#8221;][vc_column width=&#8221;1\/3&#8243;][vc_video link=&#8221;https:\/\/youtu.be\/4fm-HhfsnPA&#8221;][vc_empty_space][vc_column_text]<\/p>\n<h3>Week 1 |\u00a0The importance of a medical check-up<\/h3>\n<p>This week, we meet with David Blondeau, Dr. Gilles Brisson and Vincent Comtois.[\/vc_column_text][\/vc_column][vc_column width=&#8221;1\/3&#8243;][vc_video link=&#8221;https:\/\/youtu.be\/1G-I6fv8sQA&#8221;][vc_empty_space][vc_column_text]<\/p>\n<h3>Week 2 |\u00a0Corporate Medicine<\/h3>\n<p>This week we discuss the benefits for a business executive of offering his employees access to a doctor, along with Mr. Normand Pepin. We have David Blondeau, who talks about the financial benefits of having healthy employees, and Dr. Gilles Brisson comes to inform us about the different analyzes available in the laboratory.[\/vc_column_text][\/vc_column][vc_column width=&#8221;1\/3&#8243;][vc_video link=&#8221;https:\/\/youtu.be\/uy0jEFDH2mA&#8221;][vc_empty_space][vc_column_text]<\/p>\n<h3>Week 3 |\u00a0Back and neck pains<\/h3>\n<p>This week we are discussing back and neck pain. We have Dr. R\u00e9mi Nader, neurosurgeon and founder of the Texas Center for Neurosciences, and Dr. Dominique Dufour, chiropractor, D.C. at Clinique Chiro-Solutions.[\/vc_column_text][\/vc_column][\/vc_row][vc_row css_animation=&#8221;&#8221; row_type=&#8221;row&#8221; use_row_as_full_screen_section=&#8221;no&#8221; type=&#8221;full_width&#8221; angled_section=&#8221;no&#8221; text_align=&#8221;left&#8221; background_image_as_pattern=&#8221;without_pattern&#8221; padding_top=&#8221;20&#8243; padding_bottom=&#8221;20&#8243; z_index=&#8221;&#8221;][vc_column width=&#8221;1\/3&#8243;][vc_video link=&#8221;https:\/\/youtu.be\/NHZOeH76wHc&#8221;][vc_empty_space][vc_column_text]<\/p>\n<h3>Week 4 | Orthopedics <\/h3>\n<p>This week we are discussing orthopedics with Dr. Jacques Toueg, orthopedic surgeon and owner of the Institute of Specialized Surgery in Montreal. Weight loss in women with Vincent Comtois, physical trainer, naturopath and ATP VP. and hypertension with Isabelle Lessard, pharmacist at Familiprix.[\/vc_column_text][\/vc_column][vc_column width=&#8221;1\/3&#8243;][vc_video link=&#8221;https:\/\/youtu.be\/sI36mYcfEUU&#8221;][vc_empty_space][vc_column_text]<\/p>\n<h3>Week 5 |\u00a0Fertility<\/h3>\n<p>This week we discuss fertility with Dr Roland Tremblay, Endocrinologist, and Dr. Gilles Brisson, President and Scientific Director of the BNK Laboratory, and pregnancy with Louise-Andr\u00e9e Marceau, pharmacist at Familiprix.[\/vc_column_text][\/vc_column][vc_column width=&#8221;1\/3&#8243;][vc_video link=&#8221;https:\/\/youtu.be\/ii3LEwVNhLA&#8221;][vc_empty_space][vc_column_text]<\/p>\n<h3>Week 6 | Andropause et menopause<\/h3>\n<p>This week we discuss menopause and andropause with Dr. Roland Tremblay, endocrinologist, and health travel with Isabelle Lessard, pharmacist. And our VOX POP is: For you, the work \/ family balance is &#8230;[\/vc_column_text][\/vc_column][\/vc_row][vc_row css_animation=&#8221;&#8221; row_type=&#8221;row&#8221; use_row_as_full_screen_section=&#8221;no&#8221; type=&#8221;full_width&#8221; angled_section=&#8221;no&#8221; text_align=&#8221;left&#8221; background_image_as_pattern=&#8221;without_pattern&#8221; padding_top=&#8221;20&#8243; padding_bottom=&#8221;20&#8243; z_index=&#8221;&#8221;][vc_column width=&#8221;1\/3&#8243;][vc_video link=&#8221;https:\/\/youtu.be\/M3IdCx9kdbM&#8221;][vc_empty_space][vc_column_text]<\/p>\n<h3>Week 7 | Children delays and language disorders<\/h3>\n<p>This week we discuss delays and speech disorders during childhood with Karine Ross, Speech-Language Pathologist at Orthophonie Comm&#8217;Unik. Accompanied by Ma\u00e9ly and Charlotte, Karine will give an overview of the activities she can do in consultation. We also discuss seasonal allergies with Louise-Andr\u00e9e Marceau, pharmacist.[\/vc_column_text][\/vc_column][vc_column width=&#8221;1\/3&#8243;][vc_video link=&#8221;https:\/\/youtu.be\/d9ehOPNXwlM&#8221;][vc_empty_space][vc_column_text]<\/p>\n<h3>Week 8 |\u00a0Sleep Apnea<\/h3>\n<p>This week, we discuss sleep apnea with Dr. Jean Roy, Coordinator of the Sleep Apnea Clinic, in Lacroix Medical Clinic Network. In our column your pharmacist informs you, Caroline Beaulieu, pharmacist, gives us tips to promote a better sleep. And Vincent Comtois, physical trainer and vice-president of ATP, talks about the different moments to train to get the desired results.[\/vc_column_text][\/vc_column][vc_column width=&#8221;1\/3&#8243;][vc_video link=&#8221;https:\/\/youtu.be\/dtqzA39rdmA&#8221;][vc_empty_space][vc_column_text]<\/p>\n<h3>Week 9 | Alzheimer<\/h3>\n<p>This week we are discussing Alzheimer&#8217;s disease with Dr. R\u00e9mi Bouchard, Neurologist and Director of the Interdisciplinary Memory Clinic of the CHU de Qu\u00e9bec. Dietary supplements are being demystified with Vincent Comtois, fitness trainer, Ultra Performance, and ATP vice president. Caroline Beaulieu, pharmacist, gives us tips to stay healthy for a long time.[\/vc_column_text][\/vc_column][\/vc_row][vc_row css_animation=&#8221;&#8221; row_type=&#8221;row&#8221; use_row_as_full_screen_section=&#8221;no&#8221; type=&#8221;full_width&#8221; angled_section=&#8221;no&#8221; text_align=&#8221;left&#8221; background_image_as_pattern=&#8221;without_pattern&#8221; padding_top=&#8221;20&#8243; padding_bottom=&#8221;200&#8243; z_index=&#8221;&#8221;][vc_column width=&#8221;1\/3&#8243;][vc_video link=&#8221;https:\/\/youtu.be\/R9Nd7fI6DQ4&#8243;][vc_empty_space][vc_column_text]<\/p>\n<h3>Week 10 | Blood donnors<\/h3>\n<p>This week we are discussing blood donation with the spokesperson of H\u00c9MA QU\u00c9BEC, Mr. Laurent Paul M\u00e9nard. In our Familiprix chronicle, we discuss the digestive system from one end to the other, with Caroline Beaulieu, a pharmacist. Our co-host, Dominique B\u00e9langer, will take on a challenge in the coming months to get back into shape and a desired weight. This week, see the first part of his consultation with his private trainer, Vincent Comtois, physical trainer and vice-president of ATP.[\/vc_column_text][\/vc_column][vc_column width=&#8221;1\/3&#8243;][vc_video link=&#8221;https:\/\/youtu.be\/AM7X41gG5YA&#8221;][vc_empty_space][vc_column_text]<\/p>\n<h3>Week 11 | Type 1 diabetes<\/h3>\n<p>This week, we discuss type 1 diabetes with Dr. Marc Lacroix, Mayabelle Marchand, age 9, and her mother, Corine B\u00e9langer. In our Familiprix chronicle, we discuss diabetes with Sophie Di Gaetano, a pharmacist. And our co-host, Dominique B\u00e9langer, who takes up a challenge to get back into shape and a desired weight, presents the second part of his consultation with his private trainer, Vincent Comtois, physical trainer and vice-president of ATP.[\/vc_column_text][\/vc_column][\/vc_row]<\/p>\n<\/div>","protected":false},"excerpt":{"rendered":"<p>[vc_row css_animation=&#8221;&#8221; row_type=&#8221;row&#8221; use_row_as_full_screen_section=&#8221;no&#8221; type=&#8221;grid&#8221; angled_section=&#8221;no&#8221; text_align=&#8221;left&#8221; background_image_as_pattern=&#8221;without_pattern&#8221; padding_top=&#8221;100&#8243; padding_bottom=&#8221;0&#8243; z_index=&#8221;&#8221;][vc_column width=&#8221;1\/6&#8243;][\/vc_column][vc_column width=&#8221;2\/3&#8243;][vc_column_text] Votre bilan sant\u00e9 is a weekly program&#8230;<\/p>\n","protected":false},"author":1,"featured_media":0,"parent":2380,"menu_order":0,"comment_status":"closed","ping_status":"closed","template":"","meta":{"inline_featured_image":false,"om_disable_all_campaigns":false,"_monsterinsights_skip_tracking":false,"_monsterinsights_sitenote_active":false,"_monsterinsights_sitenote_note":"","_monsterinsights_sitenote_category":0,"_uf_show_specific_survey":0,"_uf_disable_surveys":false,"footnotes":""},"class_list":["post-2406","page","type-page","status-publish","hentry"],"aioseo_notices":[],"yoast_head":"<!-- This site is optimized with the Yoast SEO Premium plugin v26.1 (Yoast SEO v26.5) - https:\/\/yoast.com\/wordpress\/plugins\/seo\/ -->\n<title>Your medical check-up - Cliniques m\u00e9dicales Lacroix<\/title>\n<meta name=\"robots\" content=\"index, follow, max-snippet:-1, max-image-preview:large, max-video-preview:-1\" \/>\n<link rel=\"canonical\" href=\"https:\/\/cliniquesmedicaleslacroix.enconstruction.website\/en\/press\/your-medical-check-up\/\" \/>\n<meta property=\"og:locale\" content=\"en_US\" \/>\n<meta property=\"og:type\" content=\"article\" \/>\n<meta property=\"og:title\" content=\"Your medical check-up\" \/>\n<meta property=\"og:description\" content=\"[vc_row css_animation=&#8221;&#8221; row_type=&#8221;row&#8221; use_row_as_full_screen_section=&#8221;no&#8221; type=&#8221;grid&#8221; angled_section=&#8221;no&#8221; text_align=&#8221;left&#8221; background_image_as_pattern=&#8221;without_pattern&#8221; padding_top=&#8221;100&#8243; padding_bottom=&#8221;0&#8243; z_index=&#8221;&#8221;][vc_column width=&#8221;1\/6&#8243;][\/vc_column][vc_column width=&#8221;2\/3&#8243;][vc_column_text] Votre bilan sant\u00e9 is a weekly program...\" \/>\n<meta property=\"og:url\" content=\"https:\/\/cliniquesmedicaleslacroix.enconstruction.website\/en\/press\/your-medical-check-up\/\" \/>\n<meta property=\"og:site_name\" content=\"Cliniques m\u00e9dicales Lacroix\" \/>\n<meta property=\"article:publisher\" content=\"https:\/\/www.facebook.com\/cliniquesmedicaleslacroix\/\" \/>\n<meta property=\"article:modified_time\" content=\"2019-01-25T14:10:47+00:00\" \/>\n<meta property=\"og:image\" content=\"https:\/\/cliniquesmedicaleslacroix.enconstruction.website\/wp-content\/uploads\/2018\/05\/family-1.jpg\" \/>\n\t<meta property=\"og:image:width\" content=\"1000\" \/>\n\t<meta property=\"og:image:height\" content=\"708\" \/>\n\t<meta property=\"og:image:type\" content=\"image\/jpeg\" \/>\n<meta name=\"twitter:card\" content=\"summary_large_image\" \/>\n<meta name=\"twitter:label1\" content=\"Est. reading time\" \/>\n\t<meta name=\"twitter:data1\" content=\"5 minutes\" \/>\n<script type=\"application\/ld+json\" class=\"yoast-schema-graph\">{\"@context\":\"https:\/\/schema.org\",\"@graph\":[{\"@type\":\"WebPage\",\"@id\":\"https:\/\/cliniquesmedicaleslacroix.enconstruction.website\/en\/press\/your-medical-check-up\/\",\"url\":\"https:\/\/cliniquesmedicaleslacroix.enconstruction.website\/en\/press\/your-medical-check-up\/\",\"name\":\"Your medical check-up - Cliniques m\u00e9dicales Lacroix\",\"isPartOf\":{\"@id\":\"https:\/\/cliniquesmedicaleslacroix.enconstruction.website\/fr\/#website\"},\"datePublished\":\"2019-01-21T20:06:02+00:00\",\"dateModified\":\"2019-01-25T14:10:47+00:00\",\"breadcrumb\":{\"@id\":\"https:\/\/cliniquesmedicaleslacroix.enconstruction.website\/en\/press\/your-medical-check-up\/#breadcrumb\"},\"inLanguage\":\"en-US\",\"potentialAction\":[{\"@type\":\"ReadAction\",\"target\":[\"https:\/\/cliniquesmedicaleslacroix.enconstruction.website\/en\/press\/your-medical-check-up\/\"]}]},{\"@type\":\"BreadcrumbList\",\"@id\":\"https:\/\/cliniquesmedicaleslacroix.enconstruction.website\/en\/press\/your-medical-check-up\/#breadcrumb\",\"itemListElement\":[{\"@type\":\"ListItem\",\"position\":1,\"name\":\"Accueil\",\"item\":\"https:\/\/cliniquesmedicaleslacroix.enconstruction.website\/en\/\"},{\"@type\":\"ListItem\",\"position\":2,\"name\":\"Press\",\"item\":\"https:\/\/cliniquesmedicaleslacroix.enconstruction.website\/en\/press\/\"},{\"@type\":\"ListItem\",\"position\":3,\"name\":\"Your medical check-up\"}]},{\"@type\":\"WebSite\",\"@id\":\"https:\/\/cliniquesmedicaleslacroix.enconstruction.website\/fr\/#website\",\"url\":\"https:\/\/cliniquesmedicaleslacroix.enconstruction.website\/fr\/\",\"name\":\"Cliniques m\u00e9dicales Lacroix\",\"description\":\"Prioriser la sant\u00e9\",\"potentialAction\":[{\"@type\":\"SearchAction\",\"target\":{\"@type\":\"EntryPoint\",\"urlTemplate\":\"https:\/\/cliniquesmedicaleslacroix.enconstruction.website\/fr\/?s={search_term_string}\"},\"query-input\":{\"@type\":\"PropertyValueSpecification\",\"valueRequired\":true,\"valueName\":\"search_term_string\"}}],\"inLanguage\":\"en-US\"}]}<\/script>\n<!-- \/ Yoast SEO Premium plugin. -->","yoast_head_json":{"title":"Your medical check-up - Cliniques m\u00e9dicales Lacroix","robots":{"index":"index","follow":"follow","max-snippet":"max-snippet:-1","max-image-preview":"max-image-preview:large","max-video-preview":"max-video-preview:-1"},"canonical":"https:\/\/cliniquesmedicaleslacroix.enconstruction.website\/en\/press\/your-medical-check-up\/","og_locale":"en_US","og_type":"article","og_title":"Your medical check-up","og_description":"[vc_row css_animation=&#8221;&#8221; row_type=&#8221;row&#8221; use_row_as_full_screen_section=&#8221;no&#8221; type=&#8221;grid&#8221; angled_section=&#8221;no&#8221; text_align=&#8221;left&#8221; background_image_as_pattern=&#8221;without_pattern&#8221; padding_top=&#8221;100&#8243; padding_bottom=&#8221;0&#8243; z_index=&#8221;&#8221;][vc_column width=&#8221;1\/6&#8243;][\/vc_column][vc_column width=&#8221;2\/3&#8243;][vc_column_text] Votre bilan sant\u00e9 is a weekly program...","og_url":"https:\/\/cliniquesmedicaleslacroix.enconstruction.website\/en\/press\/your-medical-check-up\/","og_site_name":"Cliniques m\u00e9dicales Lacroix","article_publisher":"https:\/\/www.facebook.com\/cliniquesmedicaleslacroix\/","article_modified_time":"2019-01-25T14:10:47+00:00","og_image":[{"width":1000,"height":708,"url":"https:\/\/cliniquesmedicaleslacroix.enconstruction.website\/wp-content\/uploads\/2018\/05\/family-1.jpg","type":"image\/jpeg"}],"twitter_card":"summary_large_image","twitter_misc":{"Est. reading time":"5 minutes"},"schema":{"@context":"https:\/\/schema.org","@graph":[{"@type":"WebPage","@id":"https:\/\/cliniquesmedicaleslacroix.enconstruction.website\/en\/press\/your-medical-check-up\/","url":"https:\/\/cliniquesmedicaleslacroix.enconstruction.website\/en\/press\/your-medical-check-up\/","name":"Your medical check-up - Cliniques m\u00e9dicales Lacroix","isPartOf":{"@id":"https:\/\/cliniquesmedicaleslacroix.enconstruction.website\/fr\/#website"},"datePublished":"2019-01-21T20:06:02+00:00","dateModified":"2019-01-25T14:10:47+00:00","breadcrumb":{"@id":"https:\/\/cliniquesmedicaleslacroix.enconstruction.website\/en\/press\/your-medical-check-up\/#breadcrumb"},"inLanguage":"en-US","potentialAction":[{"@type":"ReadAction","target":["https:\/\/cliniquesmedicaleslacroix.enconstruction.website\/en\/press\/your-medical-check-up\/"]}]},{"@type":"BreadcrumbList","@id":"https:\/\/cliniquesmedicaleslacroix.enconstruction.website\/en\/press\/your-medical-check-up\/#breadcrumb","itemListElement":[{"@type":"ListItem","position":1,"name":"Accueil","item":"https:\/\/cliniquesmedicaleslacroix.enconstruction.website\/en\/"},{"@type":"ListItem","position":2,"name":"Press","item":"https:\/\/cliniquesmedicaleslacroix.enconstruction.website\/en\/press\/"},{"@type":"ListItem","position":3,"name":"Your medical check-up"}]},{"@type":"WebSite","@id":"https:\/\/cliniquesmedicaleslacroix.enconstruction.website\/fr\/#website","url":"https:\/\/cliniquesmedicaleslacroix.enconstruction.website\/fr\/","name":"Cliniques m\u00e9dicales Lacroix","description":"Prioriser la sant\u00e9","potentialAction":[{"@type":"SearchAction","target":{"@type":"EntryPoint","urlTemplate":"https:\/\/cliniquesmedicaleslacroix.enconstruction.website\/fr\/?s={search_term_string}"},"query-input":{"@type":"PropertyValueSpecification","valueRequired":true,"valueName":"search_term_string"}}],"inLanguage":"en-US"}]}},"_links":{"self":[{"href":"https:\/\/cliniquesmedicaleslacroix.enconstruction.website\/en\/wp-json\/wp\/v2\/pages\/2406","targetHints":{"allow":["GET"]}}],"collection":[{"href":"https:\/\/cliniquesmedicaleslacroix.enconstruction.website\/en\/wp-json\/wp\/v2\/pages"}],"about":[{"href":"https:\/\/cliniquesmedicaleslacroix.enconstruction.website\/en\/wp-json\/wp\/v2\/types\/page"}],"author":[{"embeddable":true,"href":"https:\/\/cliniquesmedicaleslacroix.enconstruction.website\/en\/wp-json\/wp\/v2\/users\/1"}],"replies":[{"embeddable":true,"href":"https:\/\/cliniquesmedicaleslacroix.enconstruction.website\/en\/wp-json\/wp\/v2\/comments?post=2406"}],"version-history":[{"count":0,"href":"https:\/\/cliniquesmedicaleslacroix.enconstruction.website\/en\/wp-json\/wp\/v2\/pages\/2406\/revisions"}],"up":[{"embeddable":true,"href":"https:\/\/cliniquesmedicaleslacroix.enconstruction.website\/en\/wp-json\/wp\/v2\/pages\/2380"}],"wp:attachment":[{"href":"https:\/\/cliniquesmedicaleslacroix.enconstruction.website\/en\/wp-json\/wp\/v2\/media?parent=2406"}],"curies":[{"name":"wp","href":"https:\/\/api.w.org\/{rel}","templated":true}]}}