{"id":1276,"date":"2018-09-13T11:55:59","date_gmt":"2018-09-13T15:55:59","guid":{"rendered":"http:\/\/cliniqueslacroix.enconstruction.website\/?page_id=1276"},"modified":"2023-12-27T15:33:37","modified_gmt":"2023-12-27T20:33:37","slug":"medias","status":"publish","type":"page","link":"https:\/\/cliniquesmedicaleslacroix.enconstruction.website\/fr\/medias\/","title":{"rendered":"M\u00e9dias"},"content":{"rendered":"<div class=\"wpb-content-wrapper\"><p>[vc_row css_animation=&#8221;&#8221; row_type=&#8221;row&#8221; use_row_as_full_screen_section=&#8221;no&#8221; type=&#8221;full_width&#8221; angled_section=&#8221;no&#8221; text_align=&#8221;left&#8221; background_image_as_pattern=&#8221;without_pattern&#8221;][vc_column css=&#8221;.vc_custom_1547741291995{margin-top: 100px !important;}&#8221;][vc_column_text]<\/p>\n<h2 class=\"a_la_carte\">Votre bilan sant\u00e9 \u2013 \u00c9mission hebdomadaire avec le Dr Marc Lacroix et Dominique B\u00e9langer<\/h2>\n<p>[\/vc_column_text][\/vc_column][\/vc_row][vc_row css_animation=&#8221;&#8221; row_type=&#8221;row&#8221; use_row_as_full_screen_section=&#8221;no&#8221; type=&#8221;full_width&#8221; angled_section=&#8221;no&#8221; text_align=&#8221;left&#8221; background_image_as_pattern=&#8221;without_pattern&#8221;][vc_column css=&#8221;.vc_custom_1536854253623{margin-top: 100px !important;margin-bottom: 50px !important;}&#8221;][vc_column_text]<\/p>\n<h4><a href=\"\/medias\/votre-bilan-sante\/\">D\u00e9couvrir les 11 \u00e9pisodes<\/a><\/h4>\n<p><a href=\"\/medias\/votre-bilan-sante\/\"><img fetchpriority=\"high\" decoding=\"async\" class=\"alignnone size-full wp-image-2083\" src=\"\/wp-content\/uploads\/2019\/01\/banniere_votrebilansante.jpg\" alt=\"\" width=\"1300\" height=\"415\" srcset=\"https:\/\/cliniquesmedicaleslacroix.enconstruction.website\/wp-content\/uploads\/2019\/01\/banniere_votrebilansante.jpg 1300w, https:\/\/cliniquesmedicaleslacroix.enconstruction.website\/wp-content\/uploads\/2019\/01\/banniere_votrebilansante-300x96.jpg 300w, https:\/\/cliniquesmedicaleslacroix.enconstruction.website\/wp-content\/uploads\/2019\/01\/banniere_votrebilansante-768x245.jpg 768w, https:\/\/cliniquesmedicaleslacroix.enconstruction.website\/wp-content\/uploads\/2019\/01\/banniere_votrebilansante-1024x327.jpg 1024w, https:\/\/cliniquesmedicaleslacroix.enconstruction.website\/wp-content\/uploads\/2019\/01\/banniere_votrebilansante-700x223.jpg 700w\" sizes=\"(max-width: 1300px) 100vw, 1300px\" \/><\/a>[\/vc_column_text][\/vc_column][\/vc_row][vc_row css_animation=&#8221;&#8221; row_type=&#8221;row&#8221; use_row_as_full_screen_section=&#8221;no&#8221; type=&#8221;full_width&#8221; angled_section=&#8221;no&#8221; text_align=&#8221;left&#8221; background_image_as_pattern=&#8221;without_pattern&#8221;][vc_column css=&#8221;.vc_custom_1547741297563{margin-top: 50px !important;margin-bottom: 50px !important;}&#8221;][vc_column_text]<\/p>\n<h2 class=\"a_la_carte\">Reportages<\/h2>\n<p>[\/vc_column_text][\/vc_column][\/vc_row][vc_row css_animation=&#8221;&#8221; row_type=&#8221;row&#8221; use_row_as_full_screen_section=&#8221;no&#8221; type=&#8221;full_width&#8221; angled_section=&#8221;no&#8221; text_align=&#8221;left&#8221; background_image_as_pattern=&#8221;without_pattern&#8221;][vc_column width=&#8221;1\/3&#8243;][vc_column_text]<\/p>\n<h4>Reportage de Radio-Canada sur le priv\u00e9 en sant\u00e9<\/h4>\n<p>[\/vc_column_text][vc_video link=&#8221;https:\/\/youtu.be\/HYEcmO9_5h4&#8243;][\/vc_column][vc_column width=&#8221;1\/3&#8243;][vc_column_text]<\/p>\n<h4>Reportage sur le mod\u00e8le suisse<\/h4>\n<p>[\/vc_column_text][vc_empty_space height=&#8221;20px&#8221;][vc_video link=&#8221;https:\/\/youtu.be\/jnMEyHzYIYc&#8221;][\/vc_column][vc_column width=&#8221;1\/3&#8243;][vc_column_text]<\/p>\n<h4>\u00c9mission D\u00e9couverte: l&#8217;apn\u00e9e du sommeil<\/h4>\n<p>[\/vc_column_text][vc_video link=&#8221;https:\/\/youtu.be\/7Auwrb1fQaI&#8221;][\/vc_column][\/vc_row][vc_row css_animation=&#8221;&#8221; row_type=&#8221;row&#8221; use_row_as_full_screen_section=&#8221;no&#8221; type=&#8221;full_width&#8221; angled_section=&#8221;no&#8221; text_align=&#8221;left&#8221; background_image_as_pattern=&#8221;without_pattern&#8221;][vc_column width=&#8221;1\/3&#8243;][vc_column_text]<\/p>\n<h4>Reportage de l&#8217;Institut \u00c9conomique de Montr\u00e9al sur la place du priv\u00e9 en sant\u00e9<\/h4>\n<p>[\/vc_column_text][vc_video link=&#8221;https:\/\/youtu.be\/2f2nxgcSUDI&#8221;][\/vc_column][vc_column width=&#8221;1\/3&#8243;][vc_column_text]<\/p>\n<h4>Reportage sur le mod\u00e8le suisse<\/h4>\n<p>[\/vc_column_text][vc_empty_space height=&#8221;20px&#8221;][vc_video link=&#8221;https:\/\/youtu.be\/jnMEyHzYIYc&#8221;][\/vc_column][vc_column width=&#8221;1\/3&#8243;][vc_column_text]<\/p>\n<h4>\u00c9mission D\u00e9couverte: l&#8217;apn\u00e9e du sommeil<\/h4>\n<p>[\/vc_column_text][vc_video link=&#8221;https:\/\/youtu.be\/7Auwrb1fQaI&#8221;][\/vc_column][\/vc_row][vc_row css_animation=&#8221;&#8221; row_type=&#8221;row&#8221; use_row_as_full_screen_section=&#8221;no&#8221; type=&#8221;full_width&#8221; angled_section=&#8221;no&#8221; text_align=&#8221;left&#8221; background_image_as_pattern=&#8221;without_pattern&#8221;][vc_column css=&#8221;.vc_custom_1547741109604{margin-top: 15px !important;margin-bottom: 15px !important;}&#8221;][vc_column_text]<\/p>\n<h2 class=\"a_la_carte\">Entrevues du DR Lacroix<\/h2>\n<p>[\/vc_column_text][\/vc_column][\/vc_row][vc_row css_animation=&#8221;&#8221; row_type=&#8221;row&#8221; use_row_as_full_screen_section=&#8221;no&#8221; type=&#8221;full_width&#8221; angled_section=&#8221;no&#8221; text_align=&#8221;left&#8221; background_image_as_pattern=&#8221;without_pattern&#8221;][vc_column width=&#8221;1\/3&#8243;][vc_column_text]<\/p>\n<h4>Regard Urbain<\/h4>\n<p>[\/vc_column_text][vc_video link=&#8221;https:\/\/youtu.be\/oHWuAYcGqfk&#8221;][\/vc_column][vc_column width=&#8221;1\/3&#8243;][vc_column_text]<\/p>\n<h4>T\u00e9l\u00e9mag avril 2013<\/h4>\n<p>[\/vc_column_text][vc_video link=&#8221;https:\/\/youtu.be\/vLQtT3fPgWY&#8221;][\/vc_column][vc_column width=&#8221;1\/3&#8243;][vc_column_text]<\/p>\n<h4 class=\"m_title text-custom\">Rencontre avec Sylvain Boudreau<\/h4>\n<p>[\/vc_column_text][vc_video link=&#8221;https:\/\/youtu.be\/RVadan9jwQM&#8221;][\/vc_column][\/vc_row][vc_row css_animation=&#8221;&#8221; row_type=&#8221;row&#8221; use_row_as_full_screen_section=&#8221;no&#8221; type=&#8221;full_width&#8221; angled_section=&#8221;no&#8221; text_align=&#8221;left&#8221; background_image_as_pattern=&#8221;without_pattern&#8221;][vc_column css=&#8221;.vc_custom_1536854270382{margin-top: 50px !important;margin-bottom: 50px !important;}&#8221;][vc_column_text]<\/p>\n<h2 class=\"a_la_carte\">Publicit\u00e9s<\/h2>\n<p>[\/vc_column_text][\/vc_column][\/vc_row][vc_row css_animation=&#8221;&#8221; row_type=&#8221;row&#8221; use_row_as_full_screen_section=&#8221;no&#8221; type=&#8221;full_width&#8221; angled_section=&#8221;no&#8221; text_align=&#8221;left&#8221; background_image_as_pattern=&#8221;without_pattern&#8221; css=&#8221;.vc_custom_1536854442709{margin-bottom: 50px !important;}&#8221; z_index=&#8221;&#8221;][vc_column width=&#8221;1\/2&#8243;][vc_column_text]<\/p>\n<h4>Dre Pauz\u00e9<\/h4>\n<p>[\/vc_column_text][vc_video link=&#8221;https:\/\/youtu.be\/ZhJVzoXXpFU&#8221;][\/vc_column][vc_column width=&#8221;1\/2&#8243;][vc_column_text]<\/p>\n<h4>Dr Ferdais<\/h4>\n<p>[\/vc_column_text][vc_video link=&#8221;https:\/\/youtu.be\/rCDg8r-TROc&#8221;][\/vc_column][\/vc_row][vc_row css_animation=&#8221;&#8221; row_type=&#8221;row&#8221; use_row_as_full_screen_section=&#8221;no&#8221; type=&#8221;full_width&#8221; angled_section=&#8221;no&#8221; text_align=&#8221;left&#8221; background_image_as_pattern=&#8221;without_pattern&#8221;][vc_column width=&#8221;1\/2&#8243;][vc_column_text]<\/p>\n<h4>Apn\u00e9e du sommeil<\/h4>\n<p>[\/vc_column_text][vc_video link=&#8221;https:\/\/youtu.be\/ll_m9TEElQo&#8221;][\/vc_column][vc_column width=&#8221;1\/2&#8243;][vc_column_text]<\/p>\n<h4>M\u00e9decine familiale<\/h4>\n<p>[\/vc_column_text][vc_video link=&#8221;https:\/\/youtu.be\/YoQUEqm1nfs&#8221;][\/vc_column][\/vc_row][vc_row css_animation=&#8221;&#8221; row_type=&#8221;row&#8221; use_row_as_full_screen_section=&#8221;no&#8221; type=&#8221;full_width&#8221; angled_section=&#8221;no&#8221; text_align=&#8221;left&#8221; background_image_as_pattern=&#8221;without_pattern&#8221;][vc_column][vc_empty_space height=&#8221;20px&#8221;][\/vc_column][\/vc_row][vc_row css_animation=&#8221;&#8221; row_type=&#8221;row&#8221; use_row_as_full_screen_section=&#8221;no&#8221; type=&#8221;full_width&#8221; angled_section=&#8221;no&#8221; text_align=&#8221;left&#8221; background_image_as_pattern=&#8221;without_pattern&#8221;][vc_column width=&#8221;1\/2&#8243;][vc_column_text]<\/p>\n<h4>Corporatif<\/h4>\n<p>[\/vc_column_text][vc_video link=&#8221;https:\/\/youtu.be\/0IhFSEC4ZUc&#8221;][\/vc_column][vc_column width=&#8221;1\/2&#8243;][\/vc_column][\/vc_row][vc_row css_animation=&#8221;&#8221; row_type=&#8221;row&#8221; use_row_as_full_screen_section=&#8221;no&#8221; type=&#8221;full_width&#8221; angled_section=&#8221;no&#8221; text_align=&#8221;left&#8221; background_image_as_pattern=&#8221;without_pattern&#8221;][vc_column][vc_empty_space height=&#8221;150px&#8221;][\/vc_column][\/vc_row]<\/p>\n<\/div>","protected":false},"excerpt":{"rendered":"<p>[vc_row css_animation=&#8221;&#8221; row_type=&#8221;row&#8221; use_row_as_full_screen_section=&#8221;no&#8221; type=&#8221;full_width&#8221; angled_section=&#8221;no&#8221; text_align=&#8221;left&#8221; background_image_as_pattern=&#8221;without_pattern&#8221;][vc_column css=&#8221;.vc_custom_1547741291995{margin-top: 100px !important;}&#8221;][vc_column_text] Votre bilan sant\u00e9 \u2013 \u00c9mission hebdomadaire avec le Dr&#8230;<\/p>\n","protected":false},"author":1,"featured_media":0,"parent":0,"menu_order":0,"comment_status":"closed","ping_status":"closed","template":"","meta":{"inline_featured_image":false,"om_disable_all_campaigns":false,"_monsterinsights_skip_tracking":false,"_monsterinsights_sitenote_active":false,"_monsterinsights_sitenote_note":"","_monsterinsights_sitenote_category":0,"_uf_show_specific_survey":0,"_uf_disable_surveys":false,"footnotes":""},"class_list":["post-1276","page","type-page","status-publish","hentry"],"aioseo_notices":[],"yoast_head":"<!-- This site is optimized with the Yoast SEO Premium plugin v26.1 (Yoast SEO v26.5) - https:\/\/yoast.com\/wordpress\/plugins\/seo\/ -->\n<title>M\u00e9dias - Cliniques m\u00e9dicales Lacroix<\/title>\n<meta name=\"robots\" content=\"index, follow, max-snippet:-1, max-image-preview:large, max-video-preview:-1\" \/>\n<link rel=\"canonical\" href=\"https:\/\/cliniquesmedicaleslacroix.enconstruction.website\/fr\/medias\/\" \/>\n<meta property=\"og:locale\" content=\"fr_FR\" \/>\n<meta property=\"og:type\" content=\"article\" \/>\n<meta property=\"og:title\" content=\"M\u00e9dias\" \/>\n<meta property=\"og:description\" content=\"[vc_row css_animation=&#8221;&#8221; row_type=&#8221;row&#8221; use_row_as_full_screen_section=&#8221;no&#8221; type=&#8221;full_width&#8221; angled_section=&#8221;no&#8221; text_align=&#8221;left&#8221; background_image_as_pattern=&#8221;without_pattern&#8221;][vc_column css=&#8221;.vc_custom_1547741291995{margin-top: 100px !important;}&#8221;][vc_column_text] Votre bilan sant\u00e9 \u2013 \u00c9mission hebdomadaire avec le Dr...\" \/>\n<meta property=\"og:url\" content=\"https:\/\/cliniquesmedicaleslacroix.enconstruction.website\/fr\/medias\/\" \/>\n<meta property=\"og:site_name\" content=\"Cliniques m\u00e9dicales Lacroix\" \/>\n<meta property=\"article:publisher\" content=\"https:\/\/www.facebook.com\/cliniquesmedicaleslacroix\/\" \/>\n<meta property=\"article:modified_time\" content=\"2023-12-27T20:33:37+00:00\" \/>\n<meta property=\"og:image\" content=\"https:\/\/cliniquesmedicaleslacroix.enconstruction.website\/wp-content\/uploads\/2018\/05\/family-1.jpg\" \/>\n\t<meta property=\"og:image:width\" content=\"1000\" \/>\n\t<meta property=\"og:image:height\" content=\"708\" \/>\n\t<meta property=\"og:image:type\" content=\"image\/jpeg\" \/>\n<meta name=\"twitter:card\" content=\"summary_large_image\" \/>\n<meta name=\"twitter:label1\" content=\"Dur\u00e9e de lecture estim\u00e9e\" \/>\n\t<meta name=\"twitter:data1\" content=\"2 minutes\" \/>\n<script type=\"application\/ld+json\" class=\"yoast-schema-graph\">{\"@context\":\"https:\/\/schema.org\",\"@graph\":[{\"@type\":\"WebPage\",\"@id\":\"https:\/\/cliniquesmedicaleslacroix.enconstruction.website\/fr\/medias\/\",\"url\":\"https:\/\/cliniquesmedicaleslacroix.enconstruction.website\/fr\/medias\/\",\"name\":\"M\u00e9dias - Cliniques m\u00e9dicales Lacroix\",\"isPartOf\":{\"@id\":\"https:\/\/cliniquesmedicaleslacroix.enconstruction.website\/fr\/#website\"},\"datePublished\":\"2018-09-13T15:55:59+00:00\",\"dateModified\":\"2023-12-27T20:33:37+00:00\",\"breadcrumb\":{\"@id\":\"https:\/\/cliniquesmedicaleslacroix.enconstruction.website\/fr\/medias\/#breadcrumb\"},\"inLanguage\":\"fr-FR\",\"potentialAction\":[{\"@type\":\"ReadAction\",\"target\":[\"https:\/\/cliniquesmedicaleslacroix.enconstruction.website\/fr\/medias\/\"]}]},{\"@type\":\"BreadcrumbList\",\"@id\":\"https:\/\/cliniquesmedicaleslacroix.enconstruction.website\/fr\/medias\/#breadcrumb\",\"itemListElement\":[{\"@type\":\"ListItem\",\"position\":1,\"name\":\"Accueil\",\"item\":\"https:\/\/cliniquesmedicaleslacroix.enconstruction.website\/fr\/\"},{\"@type\":\"ListItem\",\"position\":2,\"name\":\"M\u00e9dias\"}]},{\"@type\":\"WebSite\",\"@id\":\"https:\/\/cliniquesmedicaleslacroix.enconstruction.website\/fr\/#website\",\"url\":\"https:\/\/cliniquesmedicaleslacroix.enconstruction.website\/fr\/\",\"name\":\"Cliniques m\u00e9dicales Lacroix\",\"description\":\"Prioriser la sant\u00e9\",\"potentialAction\":[{\"@type\":\"SearchAction\",\"target\":{\"@type\":\"EntryPoint\",\"urlTemplate\":\"https:\/\/cliniquesmedicaleslacroix.enconstruction.website\/fr\/?s={search_term_string}\"},\"query-input\":{\"@type\":\"PropertyValueSpecification\",\"valueRequired\":true,\"valueName\":\"search_term_string\"}}],\"inLanguage\":\"fr-FR\"}]}<\/script>\n<!-- \/ Yoast SEO Premium plugin. -->","yoast_head_json":{"title":"M\u00e9dias - Cliniques m\u00e9dicales Lacroix","robots":{"index":"index","follow":"follow","max-snippet":"max-snippet:-1","max-image-preview":"max-image-preview:large","max-video-preview":"max-video-preview:-1"},"canonical":"https:\/\/cliniquesmedicaleslacroix.enconstruction.website\/fr\/medias\/","og_locale":"fr_FR","og_type":"article","og_title":"M\u00e9dias","og_description":"[vc_row css_animation=&#8221;&#8221; row_type=&#8221;row&#8221; use_row_as_full_screen_section=&#8221;no&#8221; type=&#8221;full_width&#8221; angled_section=&#8221;no&#8221; text_align=&#8221;left&#8221; background_image_as_pattern=&#8221;without_pattern&#8221;][vc_column css=&#8221;.vc_custom_1547741291995{margin-top: 100px !important;}&#8221;][vc_column_text] Votre bilan sant\u00e9 \u2013 \u00c9mission hebdomadaire avec le Dr...","og_url":"https:\/\/cliniquesmedicaleslacroix.enconstruction.website\/fr\/medias\/","og_site_name":"Cliniques m\u00e9dicales Lacroix","article_publisher":"https:\/\/www.facebook.com\/cliniquesmedicaleslacroix\/","article_modified_time":"2023-12-27T20:33:37+00:00","og_image":[{"width":1000,"height":708,"url":"https:\/\/cliniquesmedicaleslacroix.enconstruction.website\/wp-content\/uploads\/2018\/05\/family-1.jpg","type":"image\/jpeg"}],"twitter_card":"summary_large_image","twitter_misc":{"Dur\u00e9e de lecture estim\u00e9e":"2 minutes"},"schema":{"@context":"https:\/\/schema.org","@graph":[{"@type":"WebPage","@id":"https:\/\/cliniquesmedicaleslacroix.enconstruction.website\/fr\/medias\/","url":"https:\/\/cliniquesmedicaleslacroix.enconstruction.website\/fr\/medias\/","name":"M\u00e9dias - Cliniques m\u00e9dicales Lacroix","isPartOf":{"@id":"https:\/\/cliniquesmedicaleslacroix.enconstruction.website\/fr\/#website"},"datePublished":"2018-09-13T15:55:59+00:00","dateModified":"2023-12-27T20:33:37+00:00","breadcrumb":{"@id":"https:\/\/cliniquesmedicaleslacroix.enconstruction.website\/fr\/medias\/#breadcrumb"},"inLanguage":"fr-FR","potentialAction":[{"@type":"ReadAction","target":["https:\/\/cliniquesmedicaleslacroix.enconstruction.website\/fr\/medias\/"]}]},{"@type":"BreadcrumbList","@id":"https:\/\/cliniquesmedicaleslacroix.enconstruction.website\/fr\/medias\/#breadcrumb","itemListElement":[{"@type":"ListItem","position":1,"name":"Accueil","item":"https:\/\/cliniquesmedicaleslacroix.enconstruction.website\/fr\/"},{"@type":"ListItem","position":2,"name":"M\u00e9dias"}]},{"@type":"WebSite","@id":"https:\/\/cliniquesmedicaleslacroix.enconstruction.website\/fr\/#website","url":"https:\/\/cliniquesmedicaleslacroix.enconstruction.website\/fr\/","name":"Cliniques m\u00e9dicales Lacroix","description":"Prioriser la sant\u00e9","potentialAction":[{"@type":"SearchAction","target":{"@type":"EntryPoint","urlTemplate":"https:\/\/cliniquesmedicaleslacroix.enconstruction.website\/fr\/?s={search_term_string}"},"query-input":{"@type":"PropertyValueSpecification","valueRequired":true,"valueName":"search_term_string"}}],"inLanguage":"fr-FR"}]}},"_links":{"self":[{"href":"https:\/\/cliniquesmedicaleslacroix.enconstruction.website\/fr\/wp-json\/wp\/v2\/pages\/1276","targetHints":{"allow":["GET"]}}],"collection":[{"href":"https:\/\/cliniquesmedicaleslacroix.enconstruction.website\/fr\/wp-json\/wp\/v2\/pages"}],"about":[{"href":"https:\/\/cliniquesmedicaleslacroix.enconstruction.website\/fr\/wp-json\/wp\/v2\/types\/page"}],"author":[{"embeddable":true,"href":"https:\/\/cliniquesmedicaleslacroix.enconstruction.website\/fr\/wp-json\/wp\/v2\/users\/1"}],"replies":[{"embeddable":true,"href":"https:\/\/cliniquesmedicaleslacroix.enconstruction.website\/fr\/wp-json\/wp\/v2\/comments?post=1276"}],"version-history":[{"count":0,"href":"https:\/\/cliniquesmedicaleslacroix.enconstruction.website\/fr\/wp-json\/wp\/v2\/pages\/1276\/revisions"}],"wp:attachment":[{"href":"https:\/\/cliniquesmedicaleslacroix.enconstruction.website\/fr\/wp-json\/wp\/v2\/media?parent=1276"}],"curies":[{"name":"wp","href":"https:\/\/api.w.org\/{rel}","templated":true}]}}