{"id":14603,"date":"2020-06-08T15:37:21","date_gmt":"2020-06-08T19:37:21","guid":{"rendered":"https:\/\/cliniquesmedicaleslacroix.com\/?page_id=14603"},"modified":"2023-12-04T19:09:36","modified_gmt":"2023-12-05T00:09:36","slug":"telemedecine","status":"publish","type":"page","link":"https:\/\/cliniquesmedicaleslacroix.enconstruction.website\/fr\/services\/medecine-familiale\/telemedecine\/","title":{"rendered":"T\u00e9l\u00e9m\u00e9decine"},"content":{"rendered":"<div class=\"wpb-content-wrapper\"><p>[vc_row css_animation=&#8221;&#8221; row_type=&#8221;row&#8221; use_row_as_full_screen_section=&#8221;no&#8221; type=&#8221;grid&#8221; angled_section=&#8221;no&#8221; text_align=&#8221;left&#8221; background_image_as_pattern=&#8221;without_pattern&#8221; padding_top=&#8221;119&#8243; padding_bottom=&#8221;87&#8243; z_index=&#8221;&#8221; css=&#8221;.vc_custom_1515745451587{background-color: #ffffff !important;}&#8221;][vc_column offset=&#8221;vc_col-md-6&#8243;][vc_separator type=&#8221;transparent&#8221; up=&#8221;-18&#8243;][vc_column_text]<\/p>\n<h1 class=\"titre1\">La t\u00e9l\u00e9m\u00e9decine chez Lacroix<\/h1>\n<p class=\"titre2\">Acc\u00e8s \u00e0 un m\u00e9decin sans d\u00e9placement<\/p>\n<p>[\/vc_column_text][vc_separator type=&#8221;small&#8221; position=&#8221;left&#8221; color=&#8221;#cd2122&#8243; thickness=&#8221;4&#8243; width=&#8221;48&#8243; up=&#8221;17&#8243; down=&#8221;27&#8243;][vc_column_text]<\/p>\n<p class=\"cvGsUA direction-ltr align-start para-style-body\"><span class=\"OYPEnA text-decoration-none text-strikethrough-none\">Avec le rythme effr\u00e9n\u00e9 de la vie, nous comprenons que notre offre de soins m\u00e9dicaux doit s\u2019adapter \u00e0 votre horaire charg\u00e9 ou votre incapacit\u00e9 \u00e0 vous d\u00e9placer. Il y a aussi des choses dans la vie que l\u2019on ne contr\u00f4le pas, comme le lieu o\u00f9 la maladie nous affecte.<\/span><\/p>\n<p>&nbsp;<\/p>\n<p class=\"cvGsUA direction-ltr align-start para-style-body\"><span class=\"OYPEnA text-decoration-none text-strikethrough-none\">C&#8217;est pourquoi nous offrons le service de t\u00e9l\u00e9m\u00e9decine, con\u00e7u pour vous offrir l&#8217;acc\u00e8s \u00e0 un m\u00e9decin de famille quand vous en avez besoin. Nos m\u00e9decins sont disponibles \u00e0 distance par t\u00e9l\u00e9phone ou par vid\u00e9oconf\u00e9rence selon la raison de consultation et votre pr\u00e9f\u00e9rence, les jours, soirs et week-ends.<\/span><\/p>\n<p>&nbsp;<\/p>\n<p class=\"cvGsUA direction-ltr align-start para-style-body\"><span class=\"OYPEnA text-decoration-none text-strikethrough-none\">Soyez assur\u00e9s que la t\u00e9l\u00e9m\u00e9decine Lacroix vous offre le m\u00eame niveau de discr\u00e9tion et de s\u00e9curit\u00e9 que vous auriez en personne \u00e0 l\u2019une de nos cliniques. Nous d\u00e9ployons des efforts raisonnables pour prot\u00e9ger la s\u00e9curit\u00e9 et la confidentialit\u00e9 des informations envoy\u00e9es et re\u00e7ues \u00e0 distance au moyen d\u2019un t\u00e9l\u00e9phone ou d\u2019une technologie \u00e9lectronique (plateforme de t\u00e9l\u00e9m\u00e9decine, courriel, etc.).<\/span><\/p>\n<p>[\/vc_column_text][vc_empty_space height=&#8221;36px&#8221;][\/vc_column][vc_column offset=&#8221;vc_col-md-6&#8243;][vc_single_image image=&#8221;22559&#8243; img_size=&#8221;full&#8221; qode_css_animation=&#8221;&#8221;][vc_empty_space height=&#8221;30px&#8221;][\/vc_column][\/vc_row][vc_row css_animation=&#8221;&#8221; row_type=&#8221;row&#8221; use_row_as_full_screen_section=&#8221;no&#8221; type=&#8221;full_width&#8221; angled_section=&#8221;no&#8221; text_align=&#8221;center&#8221; background_image_as_pattern=&#8221;without_pattern&#8221; z_index=&#8221;&#8221; css=&#8221;.vc_custom_1525533395041{background-color: #ecebeb !important;}&#8221;][vc_column css=&#8221;.vc_custom_1524505892683{margin-top: -4% !important;}&#8221;][qode_elements_holder number_of_columns=&#8221;two_columns&#8221;][qode_elements_holder_item background_image=&#8221;22899&#8243; cover=&#8221;yes&#8221; advanced_animations=&#8221;no&#8221;][\/qode_elements_holder_item][qode_elements_holder_item background_color=&#8221;#ececed&#8221; background_image=&#8221;460&#8243; item_padding=&#8221;21% 22% 23.2% 16%&#8221; horizontal_alignment=&#8221;left&#8221; advanced_animations=&#8221;no&#8221; item_padding_1280_1440=&#8221;74px 40px 127px 65px&#8221; item_padding_1024_1280=&#8221;50px 40px 111px 40px&#8221; item_padding_768_1024=&#8221;20px 30px 18px 30px&#8221; item_padding_600_768=&#8221;100px 120px 100px 50px&#8221; item_padding_480_600=&#8221;100px 40px 100px 65px&#8221; item_padding_480=&#8221;30px 30px 80px 30px&#8221;][vc_column_text]<\/p>\n<h2 class=\"titre1\">Consultation m\u00e9dicale \u00e0 distance<\/h2>\n<p class=\"titre2\">Pourquoi choisir les Cliniques M\u00e9dicales Lacroix?<\/p>\n<p>[\/vc_column_text][vc_separator type=&#8221;small&#8221; position=&#8221;left&#8221; color=&#8221;#cd2122&#8243; thickness=&#8221;4&#8243; width=&#8221;48&#8243; up=&#8221;25&#8243; down=&#8221;29&#8243;][vc_column_text]<\/p>\n<p class=\"cvGsUA direction-ltr align-start para-style-body\"><span class=\"OYPEnA text-decoration-none text-strikethrough-none\">Lacroix M\u00e9decine Priv\u00e9e repr\u00e9sente le premier et le plus grand r\u00e9seau de cliniques priv\u00e9es au Qu\u00e9bec. Depuis plus de 10 ans, nous nous distinguons par la qualit\u00e9 et la vari\u00e9t\u00e9 de nos services. Aujourd\u2019hui, cela fait de nous la r\u00e9f\u00e9rence en soins de sant\u00e9 priv\u00e9s \u00e0 l\u2019\u00e9chelle de la province.<\/span><\/p>\n<p>&nbsp;<\/p>\n<p class=\"cvGsUA direction-ltr align-start para-style-body\"><span class=\"OYPEnA text-decoration-none text-strikethrough-none\">Dans ce sens, notre potentiel de prise en charge de votre sant\u00e9 va bien au-del\u00e0 de la t\u00e9l\u00e9m\u00e9decine. Si, apr\u00e8s avoir consult\u00e9 l\u2019un de nos m\u00e9decins en t\u00e9l\u00e9consultation, vous deviez avoir besoin d\u2019un test, d\u2019un traitement ou d\u2019une proc\u00e9dure, il nous sera possible de faire le suivi avec vous. Parce que les Cliniques M\u00e9dicales Lacroix, c\u2019est :<\/span><\/p>\n<p>&nbsp;<\/p>\n<ul>\n<li><span class=\"OYPEnA text-decoration-none text-strikethrough-none\">De nombreux points de service \u00e0 travers le Qu\u00e9bec<\/span><\/li>\n<li><span class=\"OYPEnA text-decoration-none text-strikethrough-none\">Plusieurs m\u00e9decins de famille et sp\u00e9cialistes<\/span><\/li>\n<li><span class=\"OYPEnA text-decoration-none text-strikethrough-none\">Une large \u00e9quipe param\u00e9dicale<\/span><\/li>\n<\/ul>\n<p>[\/vc_column_text][\/qode_elements_holder_item][\/qode_elements_holder][\/vc_column][\/vc_row][vc_row css_animation=&#8221;&#8221; row_type=&#8221;row&#8221; use_row_as_full_screen_section=&#8221;no&#8221; type=&#8221;grid&#8221; angled_section=&#8221;no&#8221; text_align=&#8221;left&#8221; background_image_as_pattern=&#8221;without_pattern&#8221; z_index=&#8221;&#8221;][vc_column][vc_empty_space height=&#8221;86px&#8221;][\/vc_column][\/vc_row][vc_row css_animation=&#8221;&#8221; row_type=&#8221;row&#8221; use_row_as_full_screen_section=&#8221;no&#8221; type=&#8221;grid&#8221; angled_section=&#8221;no&#8221; text_align=&#8221;left&#8221; background_image_as_pattern=&#8221;without_pattern&#8221; z_index=&#8221;&#8221;][vc_column][vc_empty_space height=&#8221;36px&#8221;][vc_column_text]<\/p>\n<h3>La T\u00e9l\u00e9m\u00e9decine Lacroix, comment \u00e7a marche?<\/h3>\n<p>&nbsp;<\/p>\n<p class=\"cvGsUA direction-ltr align-start para-style-body\"><span class=\"OYPEnA text-decoration-none text-strikethrough-none\">Pour commencer, vous devez communiquer avec notre \u00e9quipe au service \u00e0 la client\u00e8le par t\u00e9l\u00e9phone (1 855 841-1911) pour obtenir une heure de rendez-vous. Cet appel pour la prise de rendez-vous peut se faire \u00e0 toute heure du jour et de la nuit.<\/span><\/p>\n<p>&nbsp;<\/p>\n<p class=\"cvGsUA direction-ltr align-start para-style-body\"><span class=\"OYPEnA text-decoration-none text-strikethrough-none\">Nous vous demandons d\u2019\u00eatre disponible 30 minutes avant et 60 minutes apr\u00e8s l\u2019heure pr\u00e9vue de la consultation. 48h avant votre rendez-vous, vous recevrez votre courriel de confirmation avec les instructions pour votre consultation. Apr\u00e8s, les \u00e9tapes varient selon le type de t\u00e9l\u00e9m\u00e9decine : t\u00e9l\u00e9consultation ou visioconsultation.<\/span><\/p>\n<p>&nbsp;<\/p>\n<p class=\"cvGsUA direction-ltr align-start para-style-body\"><span class=\"OYPEnA text-decoration-none text-strikethrough-none\">Si votre consultation est t\u00e9l\u00e9phonique, le professionnel de la sant\u00e9 qui vous a \u00e9t\u00e9 attitr\u00e9 vous contactera au num\u00e9ro de t\u00e9l\u00e9phone fourni \u00e0 votre dossier pour commencer la consultation.<\/span><\/p>\n<p>&nbsp;<\/p>\n<p class=\"cvGsUA direction-ltr align-start para-style-body\"><span class=\"OYPEnA text-decoration-none text-strikethrough-none\">Si votre consultation est par vid\u00e9o, un courriel \u00e9lectronique vous sera envoy\u00e9 avec lien Web gr\u00e2ce auquel vous pourrez vous connecter \u00e0 la salle virtuelle de votre rendez-vous. Vous devrez vous connecter 30 minutes \u00e0 l\u2019avance \u00e0 partir d\u2019un appareil (tablette, cellulaire ou ordinateur) ayant une cam\u00e9ra et un micro fonctionnel. Pour maximiser votre temps de consultation avec le m\u00e9decin, nous vous recommandons fortement de pr\u00e9parer \u00e0 l\u2019avance tous documents (photos, prescriptions, etc.) pertinents. Au moment venu, le professionnel de la sant\u00e9 se connectera pour commencer la consultation.<\/span><\/p>\n<p>&nbsp;<\/p>\n<p class=\"cvGsUA direction-ltr align-start para-style-body\"><span class=\"OYPEnA text-decoration-none text-strikethrough-none\">Suite au rendez-vous, un membre de notre \u00e9quipe vous contactera afin de vous acheminer toutes requ\u00eates ou prescriptions \u00e9mises par le professionnel de la sant\u00e9 que vous aurez rencontr\u00e9.<\/span><\/p>\n<p>[\/vc_column_text][vc_empty_space height=&#8221;36px&#8221;][vc_empty_space height=&#8221;36px&#8221;][\/vc_column][\/vc_row][vc_row css_animation=&#8221;&#8221; row_type=&#8221;row&#8221; use_row_as_full_screen_section=&#8221;no&#8221; type=&#8221;full_width&#8221; angled_section=&#8221;no&#8221; text_align=&#8221;left&#8221; background_image_as_pattern=&#8221;without_pattern&#8221; background_color=&#8221;#cd2122&#8243; padding_top=&#8221;7&#8243; padding_bottom=&#8221;2&#8243; css=&#8221;.vc_custom_1529336030381{background-color: #9d0c0d !important;}&#8221; z_index=&#8221;&#8221;][vc_column]<div class=\"container_inner\"><div class=\"call_to_action normal\" style=\"background-color: #9d0c0d;\"><div class=\"two_columns_75_25 clearfix\"><div class=\"text_wrapper column1\"><div class=\"call_to_action_text \" style=\"\">\n<h2><span style=\"color: #ffffff;\">Obtenez une consultation en t\u00e9l\u00e9m\u00e9decine d\u00e8s maintenant <\/span><\/h2>\n<\/div><\/div><div class=\"button_wrapper column2\"><a itemprop=\"url\" href=\"https:\/\/cliniquesmedicaleslacroix.com\/fr\/demande-de-consultation-en-telemedecine\/\" class=\"qbutton white \" target=\"_self\" style=\"color: #1a1a1a;border-color: #ffffff;background-color: #ffffff;\"data-hover-background-color=#1a1a1a data-hover-border-color=#1a1a1a data-hover-color=#ffffff>Demandez qu'on vous appelle<\/a><\/div><\/div><\/div><\/div>[\/vc_column][\/vc_row][vc_row css_animation=&#8221;&#8221; row_type=&#8221;row&#8221; use_row_as_full_screen_section=&#8221;no&#8221; type=&#8221;grid&#8221; angled_section=&#8221;no&#8221; text_align=&#8221;left&#8221; background_image_as_pattern=&#8221;without_pattern&#8221; padding_top=&#8221;119&#8243; padding_bottom=&#8221;87&#8243; z_index=&#8221;&#8221; css=&#8221;.vc_custom_1701734970924{background-color: #ffffff !important;}&#8221;][vc_column offset=&#8221;vc_col-md-6&#8243;][vc_single_image image=&#8221;22850&#8243; img_size=&#8221;full&#8221; qode_css_animation=&#8221;&#8221;][vc_empty_space height=&#8221;30px&#8221;][\/vc_column][vc_column offset=&#8221;vc_col-md-6&#8243;][vc_separator type=&#8221;transparent&#8221; up=&#8221;-18&#8243;][vc_column_text]<\/p>\n<h1 class=\"titre1\">Limites et restrictions<\/h1>\n<p>[\/vc_column_text][vc_separator type=&#8221;small&#8221; position=&#8221;left&#8221; color=&#8221;#cd2122&#8243; thickness=&#8221;4&#8243; width=&#8221;48&#8243; up=&#8221;17&#8243; down=&#8221;27&#8243;][vc_column_text]<\/p>\n<p class=\"cvGsUA direction-ltr align-start para-style-body\"><span class=\"OYPEnA text-decoration-none text-strikethrough-none\">La t\u00e9l\u00e9m\u00e9decine ne doit pas \u00eatre utilis\u00e9e dans les cas d\u2019urgence m\u00e9dicale. Dans le m\u00eame sens, si vous avez besoin d\u2019assistance imm\u00e9diate, ou que votre \u00e9tat semble grave ou se d\u00e9t\u00e9riore rapidement, veuillez communiquer avec le service d\u2019urgence le plus proche.<\/span><\/p>\n<p>&nbsp;<\/p>\n<p class=\"cvGsUA direction-ltr align-start para-style-body\"><span class=\"OYPEnA text-decoration-none text-strikethrough-none\">Il appartient au professionnel de la sant\u00e9 de d\u00e9terminer si votre \u00e9tat de sant\u00e9 est r\u00e9ellement compatible avec une consultation en t\u00e9l\u00e9m\u00e9decine. Ainsi, en fonction de son jugement clinique, le professionnel de la sant\u00e9<\/span> <span class=\"OYPEnA text-decoration-none text-strikethrough-none\">pourrait vous diriger vers les ressources appropri\u00e9es pour une \u00e9valuation ou des tests en personne.<\/span><\/p>\n<p>[\/vc_column_text][vc_empty_space height=&#8221;36px&#8221;][\/vc_column][\/vc_row]<\/p>\n<\/div>","protected":false},"excerpt":{"rendered":"<p>[vc_row css_animation=&#8221;&#8221; row_type=&#8221;row&#8221; use_row_as_full_screen_section=&#8221;no&#8221; type=&#8221;grid&#8221; angled_section=&#8221;no&#8221; text_align=&#8221;left&#8221; background_image_as_pattern=&#8221;without_pattern&#8221; padding_top=&#8221;119&#8243; padding_bottom=&#8221;87&#8243; z_index=&#8221;&#8221; css=&#8221;.vc_custom_1515745451587{background-color: #ffffff !important;}&#8221;][vc_column offset=&#8221;vc_col-md-6&#8243;][vc_separator type=&#8221;transparent&#8221; up=&#8221;-18&#8243;][vc_column_text] La t\u00e9l\u00e9m\u00e9decine chez&#8230;<\/p>\n","protected":false},"author":6,"featured_media":0,"parent":1550,"menu_order":0,"comment_status":"closed","ping_status":"closed","template":"full_width.php","meta":{"inline_featured_image":false,"om_disable_all_campaigns":false,"_monsterinsights_skip_tracking":false,"_monsterinsights_sitenote_active":false,"_monsterinsights_sitenote_note":"","_monsterinsights_sitenote_category":0,"_uf_show_specific_survey":0,"_uf_disable_surveys":false,"footnotes":""},"class_list":["post-14603","page","type-page","status-publish","hentry"],"aioseo_notices":[],"yoast_head":"<!-- This site is optimized with the Yoast SEO Premium plugin v26.1 (Yoast SEO v26.5) - https:\/\/yoast.com\/wordpress\/plugins\/seo\/ -->\n<title>Consultez un m\u00e9decin en t\u00e9l\u00e9m\u00e9decine - Cliniques m\u00e9dicales Lacroix<\/title>\n<meta name=\"description\" content=\"Les services de t\u00e9l\u00e9m\u00e9decine du r\u00e9seau Lacroix vous permettent d&#039;obtenez les soins, prescriptions et conseils m\u00e9dicaux dont vous avez besoin.\" \/>\n<meta name=\"robots\" content=\"index, follow, max-snippet:-1, max-image-preview:large, max-video-preview:-1\" \/>\n<link rel=\"canonical\" href=\"https:\/\/cliniquesmedicaleslacroix.enconstruction.website\/fr\/services\/medecine-familiale\/telemedecine\/\" \/>\n<meta property=\"og:locale\" content=\"fr_FR\" \/>\n<meta property=\"og:type\" content=\"article\" \/>\n<meta property=\"og:title\" content=\"Consultez un m\u00e9decin \u00e0 distance - T\u00e9l\u00e9m\u00e9decine Lacroix\" \/>\n<meta property=\"og:description\" content=\"Les services de t\u00e9l\u00e9m\u00e9decine du r\u00e9seau Lacroix vous permettent d&#039;obtenez les soins, prescriptions et conseils m\u00e9dicaux dont vous avez besoin.\" \/>\n<meta property=\"og:url\" content=\"https:\/\/cliniquesmedicaleslacroix.enconstruction.website\/fr\/services\/medecine-familiale\/telemedecine\/\" \/>\n<meta property=\"og:site_name\" content=\"Cliniques m\u00e9dicales Lacroix\" \/>\n<meta property=\"article:publisher\" content=\"https:\/\/www.facebook.com\/cliniquesmedicaleslacroix\/\" \/>\n<meta property=\"article:modified_time\" content=\"2023-12-05T00:09:36+00:00\" \/>\n<meta property=\"og:image\" content=\"https:\/\/cliniquesmedicaleslacroix.enconstruction.website\/wp-content\/uploads\/2018\/05\/family-1.jpg\" \/>\n\t<meta property=\"og:image:width\" content=\"1000\" \/>\n\t<meta property=\"og:image:height\" content=\"708\" \/>\n\t<meta property=\"og:image:type\" content=\"image\/jpeg\" \/>\n<meta name=\"twitter:card\" content=\"summary_large_image\" \/>\n<meta name=\"twitter:title\" content=\"T\u00e9l\u00e9m\u00e9decine\" \/>\n<meta name=\"twitter:label1\" content=\"Dur\u00e9e de lecture estim\u00e9e\" \/>\n\t<meta name=\"twitter:data1\" content=\"5 minutes\" \/>\n<script type=\"application\/ld+json\" class=\"yoast-schema-graph\">{\"@context\":\"https:\/\/schema.org\",\"@graph\":[{\"@type\":\"WebPage\",\"@id\":\"https:\/\/cliniquesmedicaleslacroix.enconstruction.website\/fr\/services\/medecine-familiale\/telemedecine\/\",\"url\":\"https:\/\/cliniquesmedicaleslacroix.enconstruction.website\/fr\/services\/medecine-familiale\/telemedecine\/\",\"name\":\"Consultez un m\u00e9decin en t\u00e9l\u00e9m\u00e9decine - Cliniques m\u00e9dicales Lacroix\",\"isPartOf\":{\"@id\":\"https:\/\/cliniquesmedicaleslacroix.enconstruction.website\/fr\/#website\"},\"datePublished\":\"2020-06-08T19:37:21+00:00\",\"dateModified\":\"2023-12-05T00:09:36+00:00\",\"description\":\"Les services de t\u00e9l\u00e9m\u00e9decine du r\u00e9seau Lacroix vous permettent d'obtenez les soins, prescriptions et conseils m\u00e9dicaux dont vous avez besoin.\",\"breadcrumb\":{\"@id\":\"https:\/\/cliniquesmedicaleslacroix.enconstruction.website\/fr\/services\/medecine-familiale\/telemedecine\/#breadcrumb\"},\"inLanguage\":\"fr-FR\",\"potentialAction\":[{\"@type\":\"ReadAction\",\"target\":[\"https:\/\/cliniquesmedicaleslacroix.enconstruction.website\/fr\/services\/medecine-familiale\/telemedecine\/\"]}]},{\"@type\":\"BreadcrumbList\",\"@id\":\"https:\/\/cliniquesmedicaleslacroix.enconstruction.website\/fr\/services\/medecine-familiale\/telemedecine\/#breadcrumb\",\"itemListElement\":[{\"@type\":\"ListItem\",\"position\":1,\"name\":\"Accueil\",\"item\":\"https:\/\/cliniquesmedicaleslacroix.enconstruction.website\/fr\/\"},{\"@type\":\"ListItem\",\"position\":2,\"name\":\"Services\",\"item\":\"https:\/\/cliniquesmedicaleslacroix.enconstruction.website\/fr\/services\/\"},{\"@type\":\"ListItem\",\"position\":3,\"name\":\"M\u00e9decine familiale\",\"item\":\"https:\/\/cliniquesmedicaleslacroix.enconstruction.website\/fr\/services\/medecine-familiale\/\"},{\"@type\":\"ListItem\",\"position\":4,\"name\":\"T\u00e9l\u00e9m\u00e9decine\"}]},{\"@type\":\"WebSite\",\"@id\":\"https:\/\/cliniquesmedicaleslacroix.enconstruction.website\/fr\/#website\",\"url\":\"https:\/\/cliniquesmedicaleslacroix.enconstruction.website\/fr\/\",\"name\":\"Cliniques m\u00e9dicales Lacroix\",\"description\":\"Prioriser la sant\u00e9\",\"potentialAction\":[{\"@type\":\"SearchAction\",\"target\":{\"@type\":\"EntryPoint\",\"urlTemplate\":\"https:\/\/cliniquesmedicaleslacroix.enconstruction.website\/fr\/?s={search_term_string}\"},\"query-input\":{\"@type\":\"PropertyValueSpecification\",\"valueRequired\":true,\"valueName\":\"search_term_string\"}}],\"inLanguage\":\"fr-FR\"}]}<\/script>\n<!-- \/ Yoast SEO Premium plugin. -->","yoast_head_json":{"title":"Consultez un m\u00e9decin en t\u00e9l\u00e9m\u00e9decine - Cliniques m\u00e9dicales Lacroix","description":"Les services de t\u00e9l\u00e9m\u00e9decine du r\u00e9seau Lacroix vous permettent d'obtenez les soins, prescriptions et conseils m\u00e9dicaux dont vous avez besoin.","robots":{"index":"index","follow":"follow","max-snippet":"max-snippet:-1","max-image-preview":"max-image-preview:large","max-video-preview":"max-video-preview:-1"},"canonical":"https:\/\/cliniquesmedicaleslacroix.enconstruction.website\/fr\/services\/medecine-familiale\/telemedecine\/","og_locale":"fr_FR","og_type":"article","og_title":"Consultez un m\u00e9decin \u00e0 distance - T\u00e9l\u00e9m\u00e9decine Lacroix","og_description":"Les services de t\u00e9l\u00e9m\u00e9decine du r\u00e9seau Lacroix vous permettent d'obtenez les soins, prescriptions et conseils m\u00e9dicaux dont vous avez besoin.","og_url":"https:\/\/cliniquesmedicaleslacroix.enconstruction.website\/fr\/services\/medecine-familiale\/telemedecine\/","og_site_name":"Cliniques m\u00e9dicales Lacroix","article_publisher":"https:\/\/www.facebook.com\/cliniquesmedicaleslacroix\/","article_modified_time":"2023-12-05T00:09:36+00:00","og_image":[{"width":1000,"height":708,"url":"https:\/\/cliniquesmedicaleslacroix.enconstruction.website\/wp-content\/uploads\/2018\/05\/family-1.jpg","type":"image\/jpeg"}],"twitter_card":"summary_large_image","twitter_title":"T\u00e9l\u00e9m\u00e9decine","twitter_misc":{"Dur\u00e9e de lecture estim\u00e9e":"5 minutes"},"schema":{"@context":"https:\/\/schema.org","@graph":[{"@type":"WebPage","@id":"https:\/\/cliniquesmedicaleslacroix.enconstruction.website\/fr\/services\/medecine-familiale\/telemedecine\/","url":"https:\/\/cliniquesmedicaleslacroix.enconstruction.website\/fr\/services\/medecine-familiale\/telemedecine\/","name":"Consultez un m\u00e9decin en t\u00e9l\u00e9m\u00e9decine - Cliniques m\u00e9dicales Lacroix","isPartOf":{"@id":"https:\/\/cliniquesmedicaleslacroix.enconstruction.website\/fr\/#website"},"datePublished":"2020-06-08T19:37:21+00:00","dateModified":"2023-12-05T00:09:36+00:00","description":"Les services de t\u00e9l\u00e9m\u00e9decine du r\u00e9seau Lacroix vous permettent d'obtenez les soins, prescriptions et conseils m\u00e9dicaux dont vous avez besoin.","breadcrumb":{"@id":"https:\/\/cliniquesmedicaleslacroix.enconstruction.website\/fr\/services\/medecine-familiale\/telemedecine\/#breadcrumb"},"inLanguage":"fr-FR","potentialAction":[{"@type":"ReadAction","target":["https:\/\/cliniquesmedicaleslacroix.enconstruction.website\/fr\/services\/medecine-familiale\/telemedecine\/"]}]},{"@type":"BreadcrumbList","@id":"https:\/\/cliniquesmedicaleslacroix.enconstruction.website\/fr\/services\/medecine-familiale\/telemedecine\/#breadcrumb","itemListElement":[{"@type":"ListItem","position":1,"name":"Accueil","item":"https:\/\/cliniquesmedicaleslacroix.enconstruction.website\/fr\/"},{"@type":"ListItem","position":2,"name":"Services","item":"https:\/\/cliniquesmedicaleslacroix.enconstruction.website\/fr\/services\/"},{"@type":"ListItem","position":3,"name":"M\u00e9decine familiale","item":"https:\/\/cliniquesmedicaleslacroix.enconstruction.website\/fr\/services\/medecine-familiale\/"},{"@type":"ListItem","position":4,"name":"T\u00e9l\u00e9m\u00e9decine"}]},{"@type":"WebSite","@id":"https:\/\/cliniquesmedicaleslacroix.enconstruction.website\/fr\/#website","url":"https:\/\/cliniquesmedicaleslacroix.enconstruction.website\/fr\/","name":"Cliniques m\u00e9dicales Lacroix","description":"Prioriser la sant\u00e9","potentialAction":[{"@type":"SearchAction","target":{"@type":"EntryPoint","urlTemplate":"https:\/\/cliniquesmedicaleslacroix.enconstruction.website\/fr\/?s={search_term_string}"},"query-input":{"@type":"PropertyValueSpecification","valueRequired":true,"valueName":"search_term_string"}}],"inLanguage":"fr-FR"}]}},"_links":{"self":[{"href":"https:\/\/cliniquesmedicaleslacroix.enconstruction.website\/fr\/wp-json\/wp\/v2\/pages\/14603","targetHints":{"allow":["GET"]}}],"collection":[{"href":"https:\/\/cliniquesmedicaleslacroix.enconstruction.website\/fr\/wp-json\/wp\/v2\/pages"}],"about":[{"href":"https:\/\/cliniquesmedicaleslacroix.enconstruction.website\/fr\/wp-json\/wp\/v2\/types\/page"}],"author":[{"embeddable":true,"href":"https:\/\/cliniquesmedicaleslacroix.enconstruction.website\/fr\/wp-json\/wp\/v2\/users\/6"}],"replies":[{"embeddable":true,"href":"https:\/\/cliniquesmedicaleslacroix.enconstruction.website\/fr\/wp-json\/wp\/v2\/comments?post=14603"}],"version-history":[{"count":0,"href":"https:\/\/cliniquesmedicaleslacroix.enconstruction.website\/fr\/wp-json\/wp\/v2\/pages\/14603\/revisions"}],"up":[{"embeddable":true,"href":"https:\/\/cliniquesmedicaleslacroix.enconstruction.website\/fr\/wp-json\/wp\/v2\/pages\/1550"}],"wp:attachment":[{"href":"https:\/\/cliniquesmedicaleslacroix.enconstruction.website\/fr\/wp-json\/wp\/v2\/media?parent=14603"}],"curies":[{"name":"wp","href":"https:\/\/api.w.org\/{rel}","templated":true}]}}