{"id":14985,"date":"2020-10-13T15:31:44","date_gmt":"2020-10-13T19:31:44","guid":{"rendered":"https:\/\/cliniquesmedicaleslacroix.com\/?page_id=14985"},"modified":"2024-06-17T08:39:30","modified_gmt":"2024-06-17T12:39:30","slug":"neurologue-prive-neurologie","status":"publish","type":"page","link":"https:\/\/cliniquesmedicaleslacroix.enconstruction.website\/fr\/services\/medecine-specialisee\/neurologue-prive-neurologie\/","title":{"rendered":"Neurologie"},"content":{"rendered":"<div class=\"wpb-content-wrapper\"><p>[vc_row css_animation=&#8221;&#8221; row_type=&#8221;row&#8221; use_row_as_full_screen_section=&#8221;no&#8221; type=&#8221;grid&#8221; angled_section=&#8221;no&#8221; text_align=&#8221;left&#8221; background_image_as_pattern=&#8221;without_pattern&#8221; padding_top=&#8221;119&#8243; padding_bottom=&#8221;87&#8243; z_index=&#8221;&#8221; css=&#8221;.vc_custom_1515745451587{background-color: #ffffff !important;}&#8221;][vc_column offset=&#8221;vc_col-md-6&#8243;][vc_separator type=&#8221;transparent&#8221; up=&#8221;-18&#8243;][vc_column_text]<\/p>\n<h1 class=\"titre1\">Service de neurologie en clinique priv\u00e9e<\/h1>\n<p class=\"titre2\">Un acc\u00e8s rapide et facile<\/p>\n<p>[\/vc_column_text][vc_separator type=&#8221;small&#8221; position=&#8221;left&#8221; color=&#8221;#cd2122&#8243; thickness=&#8221;4&#8243; width=&#8221;48&#8243; up=&#8221;17&#8243; down=&#8221;27&#8243;][vc_column_text]<\/p>\n<p class=\"p2\">La neurologie est la branche de la m\u00e9decine qui s&#8217;int\u00e9resse aux syst\u00e8mes nerveux central (moelle \u00e9pini\u00e8re et cerveau) et p\u00e9riph\u00e9rique (nerfs cr\u00e2niens et nerfs rachidiens). Ce sont ces m\u00eames syst\u00e8mes qui sont responsables de la coordination de nos fonctions vitales, locomoteurs psychiques et intellectuelles. Dans ce sens, le neurologue traite de tr\u00e8s nombreuses pathologies et est donc amen\u00e9 \u00e0 soigner des patients de tous les \u00e2ges. Il s&#8217;occupe \u00e9galement des maladies neurod\u00e9g\u00e9n\u00e9ratives, comme la maladie de Parkinson.<\/p>\n<p>&nbsp;<\/p>\n<p>Notez qu\u2019aucune ordonnance m\u00e9dicale n&#8217;est requise pour prendre rendez-vous avec nos sp\u00e9cialistes.[\/vc_column_text][vc_empty_space height=&#8221;36px&#8221;][\/vc_column][vc_column offset=&#8221;vc_col-md-6&#8243;][vc_single_image image=&#8221;15003&#8243; img_size=&#8221;full&#8221; alignment=&#8221;center&#8221; qode_css_animation=&#8221;&#8221;][vc_empty_space height=&#8221;30px&#8221;][\/vc_column][\/vc_row][vc_row css_animation=&#8221;&#8221; row_type=&#8221;row&#8221; use_row_as_full_screen_section=&#8221;no&#8221; type=&#8221;grid&#8221; angled_section=&#8221;no&#8221; text_align=&#8221;left&#8221; background_image_as_pattern=&#8221;without_pattern&#8221; css=&#8221;.vc_custom_1528460679455{background-color: #9d0c0d !important;}&#8221; z_index=&#8221;&#8221;][vc_column][vc_empty_space height=&#8221;36px&#8221;][vc_column_text]<\/p>\n<h2 class=\"p2\" style=\"text-align: left;\"><span style=\"color: #ffffff;\">Parkinson, \u00c9pilepsie, Tremblements et autres troubles du mouvements (tics, spasmes, etc.), troubles du sommeil, syndromes post-traumatiques, migraines, troubles cognitifs. Disponible \u00e0 Qu\u00e9bec.<\/span><\/h2>\n<p>[\/vc_column_text][vc_empty_space height=&#8221;36px&#8221;][\/vc_column][\/vc_row][vc_row css_animation=&#8221;&#8221; row_type=&#8221;row&#8221; use_row_as_full_screen_section=&#8221;no&#8221; type=&#8221;grid&#8221; angled_section=&#8221;no&#8221; text_align=&#8221;left&#8221; background_image_as_pattern=&#8221;without_pattern&#8221; z_index=&#8221;&#8221; css=&#8221;.vc_custom_1681817264266{padding-top: 80px !important;padding-bottom: 30px !important;}&#8221;][vc_column][vc_column_text]<\/p>\n<h3 class=\"p2\" style=\"text-align: center;\">Les services en neurologie priv\u00e9e chez Lacroix M\u00e9decine Priv\u00e9e visent \u00e0 r\u00e9soudre les probl\u00e8mes suivants:<\/h3>\n<p>[\/vc_column_text][vc_empty_space height=&#8221;36px&#8221;][qode_elements_holder number_of_columns=&#8221;four_columns&#8221;][qode_elements_holder_item advanced_animations=&#8221;no&#8221;][vc_column_text]<\/p>\n<h3 class=\"p2\" style=\"text-align: center;\"><b><img decoding=\"async\" class=\"alignnone wp-image-15014 \" src=\"https:\/\/cliniquesmedicaleslacroix.com\/wp-content\/uploads\/2020\/10\/tremblement.jpg\" alt=\"\" width=\"89\" height=\"82\" \/><\/b><\/h3>\n<h3 class=\"p2\" style=\"text-align: center;\"><b>Tremblements et autres troubles du mouvement<\/b><\/h3>\n<p>[\/vc_column_text][vc_empty_space height=&#8221;30px&#8221;][\/qode_elements_holder_item][qode_elements_holder_item advanced_animations=&#8221;no&#8221;][vc_column_text]<\/p>\n<h3 class=\"p2\" style=\"text-align: center;\"><b><img decoding=\"async\" class=\"alignnone wp-image-15010 \" src=\"https:\/\/cliniquesmedicaleslacroix.com\/wp-content\/uploads\/2020\/10\/post-traumatiques.jpg\" alt=\"\" width=\"102\" height=\"94\" \/><\/b><\/h3>\n<h3 class=\"p2\" style=\"text-align: center;\"><b>Syndromes post-traumatiques<\/b><\/h3>\n<p>[\/vc_column_text][vc_empty_space height=&#8221;30px&#8221;][\/qode_elements_holder_item][qode_elements_holder_item advanced_animations=&#8221;no&#8221;][vc_column_text]<\/p>\n<h3 class=\"p2\" style=\"text-align: center;\"><b><img decoding=\"async\" class=\"alignnone wp-image-15012 \" src=\"https:\/\/cliniquesmedicaleslacroix.com\/wp-content\/uploads\/2020\/10\/maux-de-tete-20.jpg\" alt=\"\" width=\"98\" height=\"90\" \/><\/b><\/h3>\n<h3 class=\"p2\" style=\"text-align: center;\"><b>Maux de t\u00eate (migraines et autres c\u00e9phal\u00e9es)<\/b><\/h3>\n<p>[\/vc_column_text][vc_empty_space height=&#8221;30px&#8221;][\/qode_elements_holder_item][qode_elements_holder_item advanced_animations=&#8221;no&#8221;][vc_column_text]<\/p>\n<h3 class=\"p2\" style=\"text-align: center;\"><b><img loading=\"lazy\" decoding=\"async\" class=\"alignnone wp-image-15006 \" src=\"https:\/\/cliniquesmedicaleslacroix.com\/wp-content\/uploads\/2020\/10\/parkinson.jpg\" alt=\"\" width=\"94\" height=\"87\" \/><\/b><\/h3>\n<h3 class=\"p2\" style=\"text-align: center;\"><b>Maladie de Parkinson<\/b><\/h3>\n<p>[\/vc_column_text][vc_empty_space height=&#8221;30px&#8221;][\/qode_elements_holder_item][\/qode_elements_holder][\/vc_column][\/vc_row][vc_row css_animation=&#8221;&#8221; row_type=&#8221;row&#8221; use_row_as_full_screen_section=&#8221;no&#8221; type=&#8221;full_width&#8221; angled_section=&#8221;no&#8221; text_align=&#8221;center&#8221; background_image_as_pattern=&#8221;without_pattern&#8221; padding_top=&#8221;10px&#8221; z_index=&#8221;&#8221; css=&#8221;.vc_custom_1528460367749{background-color: #ecebeb !important;}&#8221;][vc_column][qode_elements_holder number_of_columns=&#8221;two_columns&#8221; columns_proportion=&#8221;33_66&#8243;][qode_elements_holder_item background_image=&#8221;14989&#8243; cover=&#8221;yes&#8221; advanced_animations=&#8221;no&#8221;][\/qode_elements_holder_item][qode_elements_holder_item background_color=&#8221;#ececed&#8221; background_image=&#8221;460&#8243; item_padding=&#8221;21% 22% 23.2% 16%&#8221; horizontal_alignment=&#8221;left&#8221; advanced_animations=&#8221;no&#8221; item_padding_1280_1440=&#8221;74px 40px 127px 65px&#8221; item_padding_1024_1280=&#8221;50px 40px 111px 40px&#8221; item_padding_768_1024=&#8221;20px 30px 18px 30px&#8221; item_padding_600_768=&#8221;100px 120px 100px 50px&#8221; item_padding_480_600=&#8221;100px 40px 100px 65px&#8221; item_padding_480=&#8221;30px 30px 80px 30px&#8221;][vc_column_text]<\/p>\n<h2 class=\"titre2\">Dre Emmanuelle Pourcher, neurologue<\/h2>\n<p>[\/vc_column_text][vc_separator type=&#8221;small&#8221; position=&#8221;left&#8221; color=&#8221;#cd2122&#8243; thickness=&#8221;4&#8243; width=&#8221;48&#8243; up=&#8221;25&#8243; down=&#8221;29&#8243;][vc_column_text]<\/p>\n<p class=\"p2\">Neurologue sp\u00e9cialis\u00e9e en troubles du mouvement et neuropsychiatrie, Dre Emmanuelle Pourcher a \u00e9t\u00e9 directrice de clinique et de recherche \u00e0 la Clinique Sainte Anne M\u00e9moire et Mouvement de Qu\u00e9bec, centre sp\u00e9cialis\u00e9e dans la recherche et le traitement de la maladie de Parkinson, au cours des 23 derni\u00e8res ann\u00e9es. Elle a aussi \u00e9t\u00e9 neurologue praticienne au d\u00e9partement de m\u00e9decine de l\u2019Institut Universitaire en Sant\u00e9 Mentale de Qu\u00e9bec, et neurologue sp\u00e9cialiste des troubles du mouvement au d\u00e9partement des sciences neurologiques du CHU de Qu\u00e9bec, Enfant-J\u00e9sus, pendant 35 ans.<\/p>\n<p>&nbsp;<\/p>\n<p class=\"p2\">Chercheur au Centre de recherches en neurosciences (CTRN) de l\u2019Universit\u00e9 Laval et du Centre de recherches CERVO, Emmanuelle Pourcher enseigne la neurologie et les neurosciences \u00e0 la Facult\u00e9 de M\u00e9decine de l\u2019Universit\u00e9 Laval depuis 32 ans. Le Dr. Pourcher est membre du \u00ab Comit\u00e9 Canadien des Lignes directrices de la F\u00e9d\u00e9ration des Sciences Neurologiques pour la maladie de Parkinson \u00bb responsable de l\u2019\u00e9laboration des directives pour la prise en charge et le traitement de la maladie de Parkinson au Canada et, aussi, membre d\u2019une quinzaine de soci\u00e9t\u00e9s savantes de recherche et de m\u00e9decine. Elle compte plus d\u2019une centaine d\u2019articles scientifiques \u00e0 son actif.<\/p>\n<p>[\/vc_column_text][\/qode_elements_holder_item][\/qode_elements_holder][\/vc_column][\/vc_row][vc_row css_animation=&#8221;&#8221; row_type=&#8221;row&#8221; use_row_as_full_screen_section=&#8221;no&#8221; type=&#8221;full_width&#8221; angled_section=&#8221;no&#8221; text_align=&#8221;left&#8221; background_image_as_pattern=&#8221;without_pattern&#8221; background_color=&#8221;#9d0c0d&#8221; padding_top=&#8221;7&#8243; padding_bottom=&#8221;2&#8243; css=&#8221;.vc_custom_1528460742452{background-color: #9d0c0d !important;}&#8221; z_index=&#8221;&#8221;][vc_column]<div class=\"container_inner\"><div class=\"call_to_action normal\" style=\"background-color: #9d0c0d;\"><div class=\"two_columns_75_25 clearfix\"><div class=\"text_wrapper column1\"><div class=\"call_to_action_text \" style=\"\">\n<h2><span style=\"color: #ffffff;\">Prendre un rendez-vous en Neurologie<\/span><\/h2>\n<\/div><\/div><div class=\"button_wrapper column2\"><a itemprop=\"url\" href=\"https:\/\/cliniquesmedicaleslacroix.com\/fr\/demande-de-consultation-en-neurologie\/\" class=\"qbutton white \" target=\"_self\" style=\"color: #1a1a1a;border-color: #ffffff;background-color: #ffffff;\"data-hover-background-color=#1a1a1a data-hover-border-color=#1a1a1a data-hover-color=#ffffff>Demandez qu'on vous contacte<\/a><\/div><\/div><\/div><\/div>[\/vc_column][\/vc_row]<\/p>\n<\/div>","protected":false},"excerpt":{"rendered":"<p>[vc_row css_animation=&#8221;&#8221; row_type=&#8221;row&#8221; use_row_as_full_screen_section=&#8221;no&#8221; type=&#8221;grid&#8221; angled_section=&#8221;no&#8221; text_align=&#8221;left&#8221; background_image_as_pattern=&#8221;without_pattern&#8221; padding_top=&#8221;119&#8243; padding_bottom=&#8221;87&#8243; z_index=&#8221;&#8221; css=&#8221;.vc_custom_1515745451587{background-color: #ffffff !important;}&#8221;][vc_column offset=&#8221;vc_col-md-6&#8243;][vc_separator type=&#8221;transparent&#8221; up=&#8221;-18&#8243;][vc_column_text] Service de neurologie&#8230;<\/p>\n","protected":false},"author":6,"featured_media":0,"parent":1542,"menu_order":0,"comment_status":"closed","ping_status":"closed","template":"full_width.php","meta":{"inline_featured_image":false,"om_disable_all_campaigns":false,"_monsterinsights_skip_tracking":false,"_monsterinsights_sitenote_active":false,"_monsterinsights_sitenote_note":"","_monsterinsights_sitenote_category":0,"_uf_show_specific_survey":0,"_uf_disable_surveys":false,"footnotes":""},"class_list":["post-14985","page","type-page","status-publish","hentry"],"aioseo_notices":[],"yoast_head":"<!-- This site is optimized with the Yoast SEO Premium plugin v26.1 (Yoast SEO v26.5) - https:\/\/yoast.com\/wordpress\/plugins\/seo\/ -->\n<title>Neurologie - Cliniques m\u00e9dicales Lacroix<\/title>\n<meta name=\"description\" content=\"Neurologue sp\u00e9cialis\u00e9e en troubles du mouvement et neuropsychiatrie, Dre Emmanuelle Pourcher offre ses services au r\u00e9seau des Cliniques M\u00e9dicales Lacroix.\" \/>\n<meta name=\"robots\" content=\"index, follow, max-snippet:-1, max-image-preview:large, max-video-preview:-1\" \/>\n<link rel=\"canonical\" href=\"https:\/\/cliniquesmedicaleslacroix.enconstruction.website\/fr\/services\/medecine-specialisee\/neurologue-prive-neurologie\/\" \/>\n<meta property=\"og:locale\" content=\"fr_FR\" \/>\n<meta property=\"og:type\" content=\"article\" \/>\n<meta property=\"og:title\" content=\"Services en neurologie priv\u00e9e au r\u00e9seau Lacroix\" \/>\n<meta property=\"og:description\" content=\"Neurologue sp\u00e9cialis\u00e9e en troubles du mouvement et neuropsychiatrie, Dre Emmanuelle Pourcher offre ses services au r\u00e9seau des Cliniques M\u00e9dicales Lacroix.\" \/>\n<meta property=\"og:url\" content=\"https:\/\/cliniquesmedicaleslacroix.enconstruction.website\/fr\/services\/medecine-specialisee\/neurologue-prive-neurologie\/\" \/>\n<meta property=\"og:site_name\" content=\"Cliniques m\u00e9dicales Lacroix\" \/>\n<meta property=\"article:publisher\" content=\"https:\/\/www.facebook.com\/cliniquesmedicaleslacroix\/\" \/>\n<meta property=\"article:modified_time\" content=\"2024-06-17T12:39:30+00:00\" \/>\n<meta property=\"og:image\" content=\"https:\/\/cliniquesmedicaleslacroix.enconstruction.website\/wp-content\/uploads\/2020\/10\/neurologie-cerveau-1.jpg\" \/>\n\t<meta property=\"og:image:width\" content=\"600\" \/>\n\t<meta property=\"og:image:height\" content=\"479\" \/>\n\t<meta property=\"og:image:type\" content=\"image\/jpeg\" \/>\n<meta name=\"twitter:card\" content=\"summary_large_image\" \/>\n<meta name=\"twitter:title\" content=\"Neurologie\" \/>\n<meta name=\"twitter:label1\" content=\"Dur\u00e9e de lecture estim\u00e9e\" \/>\n\t<meta name=\"twitter:data1\" content=\"4 minutes\" \/>\n<script type=\"application\/ld+json\" class=\"yoast-schema-graph\">{\"@context\":\"https:\/\/schema.org\",\"@graph\":[{\"@type\":\"WebPage\",\"@id\":\"https:\/\/cliniquesmedicaleslacroix.enconstruction.website\/fr\/services\/medecine-specialisee\/neurologue-prive-neurologie\/\",\"url\":\"https:\/\/cliniquesmedicaleslacroix.enconstruction.website\/fr\/services\/medecine-specialisee\/neurologue-prive-neurologie\/\",\"name\":\"Neurologie - Cliniques m\u00e9dicales Lacroix\",\"isPartOf\":{\"@id\":\"https:\/\/cliniquesmedicaleslacroix.enconstruction.website\/fr\/#website\"},\"primaryImageOfPage\":{\"@id\":\"https:\/\/cliniquesmedicaleslacroix.enconstruction.website\/fr\/services\/medecine-specialisee\/neurologue-prive-neurologie\/#primaryimage\"},\"image\":{\"@id\":\"https:\/\/cliniquesmedicaleslacroix.enconstruction.website\/fr\/services\/medecine-specialisee\/neurologue-prive-neurologie\/#primaryimage\"},\"thumbnailUrl\":\"https:\/\/cliniquesmedicaleslacroix.com\/wp-content\/uploads\/2020\/10\/tremblement.jpg\",\"datePublished\":\"2020-10-13T19:31:44+00:00\",\"dateModified\":\"2024-06-17T12:39:30+00:00\",\"description\":\"Neurologue sp\u00e9cialis\u00e9e en troubles du mouvement et neuropsychiatrie, Dre Emmanuelle Pourcher offre ses services au r\u00e9seau des Cliniques M\u00e9dicales Lacroix.\",\"breadcrumb\":{\"@id\":\"https:\/\/cliniquesmedicaleslacroix.enconstruction.website\/fr\/services\/medecine-specialisee\/neurologue-prive-neurologie\/#breadcrumb\"},\"inLanguage\":\"fr-FR\",\"potentialAction\":[{\"@type\":\"ReadAction\",\"target\":[\"https:\/\/cliniquesmedicaleslacroix.enconstruction.website\/fr\/services\/medecine-specialisee\/neurologue-prive-neurologie\/\"]}]},{\"@type\":\"ImageObject\",\"inLanguage\":\"fr-FR\",\"@id\":\"https:\/\/cliniquesmedicaleslacroix.enconstruction.website\/fr\/services\/medecine-specialisee\/neurologue-prive-neurologie\/#primaryimage\",\"url\":\"https:\/\/cliniquesmedicaleslacroix.com\/wp-content\/uploads\/2020\/10\/tremblement.jpg\",\"contentUrl\":\"https:\/\/cliniquesmedicaleslacroix.com\/wp-content\/uploads\/2020\/10\/tremblement.jpg\"},{\"@type\":\"BreadcrumbList\",\"@id\":\"https:\/\/cliniquesmedicaleslacroix.enconstruction.website\/fr\/services\/medecine-specialisee\/neurologue-prive-neurologie\/#breadcrumb\",\"itemListElement\":[{\"@type\":\"ListItem\",\"position\":1,\"name\":\"Accueil\",\"item\":\"https:\/\/cliniquesmedicaleslacroix.enconstruction.website\/fr\/\"},{\"@type\":\"ListItem\",\"position\":2,\"name\":\"Services\",\"item\":\"https:\/\/cliniquesmedicaleslacroix.enconstruction.website\/fr\/services\/\"},{\"@type\":\"ListItem\",\"position\":3,\"name\":\"M\u00e9decine sp\u00e9cialis\u00e9e\",\"item\":\"https:\/\/cliniquesmedicaleslacroix.enconstruction.website\/fr\/services\/medecine-specialisee\/\"},{\"@type\":\"ListItem\",\"position\":4,\"name\":\"Neurologie\"}]},{\"@type\":\"WebSite\",\"@id\":\"https:\/\/cliniquesmedicaleslacroix.enconstruction.website\/fr\/#website\",\"url\":\"https:\/\/cliniquesmedicaleslacroix.enconstruction.website\/fr\/\",\"name\":\"Cliniques m\u00e9dicales Lacroix\",\"description\":\"Prioriser la sant\u00e9\",\"potentialAction\":[{\"@type\":\"SearchAction\",\"target\":{\"@type\":\"EntryPoint\",\"urlTemplate\":\"https:\/\/cliniquesmedicaleslacroix.enconstruction.website\/fr\/?s={search_term_string}\"},\"query-input\":{\"@type\":\"PropertyValueSpecification\",\"valueRequired\":true,\"valueName\":\"search_term_string\"}}],\"inLanguage\":\"fr-FR\"}]}<\/script>\n<!-- \/ Yoast SEO Premium plugin. -->","yoast_head_json":{"title":"Neurologie - Cliniques m\u00e9dicales Lacroix","description":"Neurologue sp\u00e9cialis\u00e9e en troubles du mouvement et neuropsychiatrie, Dre Emmanuelle Pourcher offre ses services au r\u00e9seau des Cliniques M\u00e9dicales Lacroix.","robots":{"index":"index","follow":"follow","max-snippet":"max-snippet:-1","max-image-preview":"max-image-preview:large","max-video-preview":"max-video-preview:-1"},"canonical":"https:\/\/cliniquesmedicaleslacroix.enconstruction.website\/fr\/services\/medecine-specialisee\/neurologue-prive-neurologie\/","og_locale":"fr_FR","og_type":"article","og_title":"Services en neurologie priv\u00e9e au r\u00e9seau Lacroix","og_description":"Neurologue sp\u00e9cialis\u00e9e en troubles du mouvement et neuropsychiatrie, Dre Emmanuelle Pourcher offre ses services au r\u00e9seau des Cliniques M\u00e9dicales Lacroix.","og_url":"https:\/\/cliniquesmedicaleslacroix.enconstruction.website\/fr\/services\/medecine-specialisee\/neurologue-prive-neurologie\/","og_site_name":"Cliniques m\u00e9dicales Lacroix","article_publisher":"https:\/\/www.facebook.com\/cliniquesmedicaleslacroix\/","article_modified_time":"2024-06-17T12:39:30+00:00","og_image":[{"width":600,"height":479,"url":"https:\/\/cliniquesmedicaleslacroix.enconstruction.website\/wp-content\/uploads\/2020\/10\/neurologie-cerveau-1.jpg","type":"image\/jpeg"}],"twitter_card":"summary_large_image","twitter_title":"Neurologie","twitter_misc":{"Dur\u00e9e de lecture estim\u00e9e":"4 minutes"},"schema":{"@context":"https:\/\/schema.org","@graph":[{"@type":"WebPage","@id":"https:\/\/cliniquesmedicaleslacroix.enconstruction.website\/fr\/services\/medecine-specialisee\/neurologue-prive-neurologie\/","url":"https:\/\/cliniquesmedicaleslacroix.enconstruction.website\/fr\/services\/medecine-specialisee\/neurologue-prive-neurologie\/","name":"Neurologie - Cliniques m\u00e9dicales Lacroix","isPartOf":{"@id":"https:\/\/cliniquesmedicaleslacroix.enconstruction.website\/fr\/#website"},"primaryImageOfPage":{"@id":"https:\/\/cliniquesmedicaleslacroix.enconstruction.website\/fr\/services\/medecine-specialisee\/neurologue-prive-neurologie\/#primaryimage"},"image":{"@id":"https:\/\/cliniquesmedicaleslacroix.enconstruction.website\/fr\/services\/medecine-specialisee\/neurologue-prive-neurologie\/#primaryimage"},"thumbnailUrl":"https:\/\/cliniquesmedicaleslacroix.com\/wp-content\/uploads\/2020\/10\/tremblement.jpg","datePublished":"2020-10-13T19:31:44+00:00","dateModified":"2024-06-17T12:39:30+00:00","description":"Neurologue sp\u00e9cialis\u00e9e en troubles du mouvement et neuropsychiatrie, Dre Emmanuelle Pourcher offre ses services au r\u00e9seau des Cliniques M\u00e9dicales Lacroix.","breadcrumb":{"@id":"https:\/\/cliniquesmedicaleslacroix.enconstruction.website\/fr\/services\/medecine-specialisee\/neurologue-prive-neurologie\/#breadcrumb"},"inLanguage":"fr-FR","potentialAction":[{"@type":"ReadAction","target":["https:\/\/cliniquesmedicaleslacroix.enconstruction.website\/fr\/services\/medecine-specialisee\/neurologue-prive-neurologie\/"]}]},{"@type":"ImageObject","inLanguage":"fr-FR","@id":"https:\/\/cliniquesmedicaleslacroix.enconstruction.website\/fr\/services\/medecine-specialisee\/neurologue-prive-neurologie\/#primaryimage","url":"https:\/\/cliniquesmedicaleslacroix.com\/wp-content\/uploads\/2020\/10\/tremblement.jpg","contentUrl":"https:\/\/cliniquesmedicaleslacroix.com\/wp-content\/uploads\/2020\/10\/tremblement.jpg"},{"@type":"BreadcrumbList","@id":"https:\/\/cliniquesmedicaleslacroix.enconstruction.website\/fr\/services\/medecine-specialisee\/neurologue-prive-neurologie\/#breadcrumb","itemListElement":[{"@type":"ListItem","position":1,"name":"Accueil","item":"https:\/\/cliniquesmedicaleslacroix.enconstruction.website\/fr\/"},{"@type":"ListItem","position":2,"name":"Services","item":"https:\/\/cliniquesmedicaleslacroix.enconstruction.website\/fr\/services\/"},{"@type":"ListItem","position":3,"name":"M\u00e9decine sp\u00e9cialis\u00e9e","item":"https:\/\/cliniquesmedicaleslacroix.enconstruction.website\/fr\/services\/medecine-specialisee\/"},{"@type":"ListItem","position":4,"name":"Neurologie"}]},{"@type":"WebSite","@id":"https:\/\/cliniquesmedicaleslacroix.enconstruction.website\/fr\/#website","url":"https:\/\/cliniquesmedicaleslacroix.enconstruction.website\/fr\/","name":"Cliniques m\u00e9dicales Lacroix","description":"Prioriser la sant\u00e9","potentialAction":[{"@type":"SearchAction","target":{"@type":"EntryPoint","urlTemplate":"https:\/\/cliniquesmedicaleslacroix.enconstruction.website\/fr\/?s={search_term_string}"},"query-input":{"@type":"PropertyValueSpecification","valueRequired":true,"valueName":"search_term_string"}}],"inLanguage":"fr-FR"}]}},"_links":{"self":[{"href":"https:\/\/cliniquesmedicaleslacroix.enconstruction.website\/fr\/wp-json\/wp\/v2\/pages\/14985","targetHints":{"allow":["GET"]}}],"collection":[{"href":"https:\/\/cliniquesmedicaleslacroix.enconstruction.website\/fr\/wp-json\/wp\/v2\/pages"}],"about":[{"href":"https:\/\/cliniquesmedicaleslacroix.enconstruction.website\/fr\/wp-json\/wp\/v2\/types\/page"}],"author":[{"embeddable":true,"href":"https:\/\/cliniquesmedicaleslacroix.enconstruction.website\/fr\/wp-json\/wp\/v2\/users\/6"}],"replies":[{"embeddable":true,"href":"https:\/\/cliniquesmedicaleslacroix.enconstruction.website\/fr\/wp-json\/wp\/v2\/comments?post=14985"}],"version-history":[{"count":0,"href":"https:\/\/cliniquesmedicaleslacroix.enconstruction.website\/fr\/wp-json\/wp\/v2\/pages\/14985\/revisions"}],"up":[{"embeddable":true,"href":"https:\/\/cliniquesmedicaleslacroix.enconstruction.website\/fr\/wp-json\/wp\/v2\/pages\/1542"}],"wp:attachment":[{"href":"https:\/\/cliniquesmedicaleslacroix.enconstruction.website\/fr\/wp-json\/wp\/v2\/media?parent=14985"}],"curies":[{"name":"wp","href":"https:\/\/api.w.org\/{rel}","templated":true}]}}