{"id":15272,"date":"2021-01-15T16:05:39","date_gmt":"2021-01-15T21:05:39","guid":{"rendered":"https:\/\/cliniquesmedicaleslacroix.com\/?page_id=15272"},"modified":"2025-12-11T10:11:52","modified_gmt":"2025-12-11T15:11:52","slug":"prise-de-sang-laboratoire-prive","status":"publish","type":"page","link":"https:\/\/cliniquesmedicaleslacroix.enconstruction.website\/fr\/services\/prise-de-sang-laboratoire-prive\/","title":{"rendered":"Pr\u00e9l\u00e8vement (Prise de sang) &#8211; Laboratoire biom\u00e9dical priv\u00e9"},"content":{"rendered":"<div class=\"wpb-content-wrapper\"><p>[vc_row css_animation=&#8221;&#8221; row_type=&#8221;row&#8221; use_row_as_full_screen_section=&#8221;no&#8221; type=&#8221;full_width&#8221; angled_section=&#8221;no&#8221; text_align=&#8221;center&#8221; background_image_as_pattern=&#8221;without_pattern&#8221; z_index=&#8221;&#8221; css=&#8221;.vc_custom_1760442630565{margin-top: -30px !important;background-color: #ecebeb !important;}&#8221;][vc_column][qode_elements_holder number_of_columns=&#8221;two_columns&#8221;][qode_elements_holder_item background_image=&#8221;23293&#8243; cover=&#8221;yes&#8221; advanced_animations=&#8221;no&#8221;][\/qode_elements_holder_item][qode_elements_holder_item background_color=&#8221;#ececed&#8221; background_image=&#8221;460&#8243; item_padding=&#8221;21% 22% 23.2% 16%&#8221; horizontal_alignment=&#8221;left&#8221; advanced_animations=&#8221;no&#8221; item_padding_1280_1440=&#8221;74px 40px 127px 65px&#8221; item_padding_1024_1280=&#8221;50px 40px 111px 40px&#8221; item_padding_768_1024=&#8221;20px 30px 18px 30px&#8221; item_padding_600_768=&#8221;100px 120px 100px 50px&#8221; item_padding_480_600=&#8221;100px 40px 100px 65px&#8221; item_padding_480=&#8221;30px 30px 80px 30px&#8221;][vc_column_text css=&#8221;&#8221;]<\/p>\n<p class=\"titre1\">Rendez-vous le jour m\u00eame pour votre prise de sang en clinique, avec analyse en laboratoire priv\u00e9.<\/p>\n<p>[\/vc_column_text][vc_separator type=&#8221;small&#8221; position=&#8221;left&#8221; color=&#8221;#cd2122&#8243; thickness=&#8221;4&#8243; width=&#8221;48&#8243; up=&#8221;25&#8243; down=&#8221;29&#8243;][vc_column_text css=&#8221;&#8221;]<\/p>\n<p><strong>Nos infirmi\u00e8res peuvent effectuer l\u2019ensemble des pr\u00e9l\u00e8vements n\u00e9cessaire aux analyses en laboratoire : <\/strong><\/p>\n<ul>\n<li style=\"font-weight: 400;\" aria-level=\"1\"><span style=\"font-weight: 400;\">Pr\u00e9l\u00e8vements sanguins sans frais* pour client\u00e8le adulte et p\u00e9diatrique<\/span><\/li>\n<li aria-level=\"1\">Pr\u00e9l\u00e8vements urinaires<\/li>\n<li style=\"font-weight: 400;\" aria-level=\"1\"><span style=\"font-weight: 400;\">Cytologie vaginale (PAP test)<\/span><\/li>\n<li style=\"font-weight: 400;\" aria-level=\"1\"><span style=\"font-weight: 400;\">D\u00e9pistage ITSS<\/span><\/li>\n<li aria-level=\"1\">D\u00e9pistage du VPH (virus du papill\u00f4me humain) par test PCR<\/li>\n<li style=\"font-weight: 400;\" aria-level=\"1\"><span style=\"font-weight: 400;\">Etc.&nbsp;<\/span><\/li>\n<\/ul>\n<p><span style=\"font-weight: 400;\">* Chez Lacroix, les pr\u00e9l\u00e8vements vous sont offerts sans aucuns frais. <strong>Vous ne payez que pour les frais d&#8217;analyse du laboratoire priv\u00e9<\/strong> qui vous seront pr\u00e9sent\u00e9s par notre \u00e9quipe, ceux-ci variant en fonction du type d\u2019analyse \u00e0 effectuer.&nbsp;<\/span><\/p>\n<p>&#8212;<\/p>\n<h3>Saviez-vous que&#8230;<\/h3>\n<p><strong>Les frais d&#8217;analyse en laboratoire priv\u00e9 sont rembours\u00e9s par la plupart des polices d&#8217;assurance. Renseignez-vous aupr\u00e8s de votre assureur.<\/strong><\/p>\n<p>[\/vc_column_text][vc_column_text css=&#8221;&#8221;]<\/p>\n<hr \/>\n<h4>Visitez le site <a href=\"https:\/\/lacroixlaboprive.com\" target=\"_blank\" rel=\"noopener\">Lacroix Labo Priv\u00e9 &#8211; 12 centres de pr\u00e9l\u00e8vement au Qu\u00e9bec<\/a><\/h4>\n<p>[\/vc_column_text][\/qode_elements_holder_item][\/qode_elements_holder][\/vc_column][\/vc_row][vc_row css_animation=&#8221;&#8221; row_type=&#8221;row&#8221; use_row_as_full_screen_section=&#8221;no&#8221; type=&#8221;full_width&#8221; angled_section=&#8221;no&#8221; text_align=&#8221;left&#8221; background_image_as_pattern=&#8221;without_pattern&#8221; background_color=&#8221;#9d0c0d&#8221; padding_top=&#8221;7&#8243; padding_bottom=&#8221;2&#8243; css=&#8221;.vc_custom_1536333013263{background-color: #9d0c0d !important;}&#8221; z_index=&#8221;&#8221;][vc_column]<div class=\"container_inner\"><div class=\"call_to_action normal\" style=\"background-color: #9d0c0d;\"><div class=\"two_columns_75_25 clearfix\"><div class=\"text_wrapper column1\"><div class=\"call_to_action_text \" style=\"\">\n<h3 class=\"white\">NOUS OFFRONS LE SERVICE D&#8217;ANALYSE EN LABORATOIRE PRIV\u00c9 DANS L&#8217;ENSEMBLE DE NOTRE R\u00c9SEAU AU QU\u00c9BEC!<\/h3>\n<\/div><\/div><div class=\"button_wrapper column2\"><a itemprop=\"url\" href=\"\/nous-joindre\/\" class=\"qbutton white \" target=\"_self\" style=\"color: #1a1a1a;border-color: #ffffff;background-color: #ffffff;\"data-hover-background-color=#1a1a1a data-hover-border-color=#1a1a1a data-hover-color=#ffffff>Nous joindre<\/a><\/div><\/div><\/div><\/div>[\/vc_column][\/vc_row][vc_row css_animation=&#8221;&#8221; row_type=&#8221;row&#8221; use_row_as_full_screen_section=&#8221;no&#8221; type=&#8221;grid&#8221; angled_section=&#8221;no&#8221; text_align=&#8221;center&#8221; background_image_as_pattern=&#8221;without_pattern&#8221; z_index=&#8221;&#8221; css=&#8221;.vc_custom_1760442659421{margin-top: 60px !important;}&#8221;][vc_column][vc_video link=&#8221;https:\/\/youtu.be\/_6K375xMN2Q&#8221; el_width=&#8221;80&#8243; align=&#8221;center&#8221; css=&#8221;.vc_custom_1744912128435{padding-bottom: 80px !important;}&#8221;][\/vc_column][\/vc_row][vc_row css_animation=&#8221;&#8221; row_type=&#8221;row&#8221; use_row_as_full_screen_section=&#8221;no&#8221; type=&#8221;grid&#8221; angled_section=&#8221;no&#8221; text_align=&#8221;left&#8221; background_image_as_pattern=&#8221;without_pattern&#8221; padding_top=&#8221;119&#8243; padding_bottom=&#8221;87&#8243; z_index=&#8221;&#8221; css=&#8221;.vc_custom_1515745451587{background-color: #ffffff !important;}&#8221;][vc_column offset=&#8221;vc_col-md-6&#8243;][vc_separator type=&#8221;transparent&#8221; up=&#8221;-18&#8243;][vc_column_text]<\/p>\n<p class=\"titre1\">Pour des r\u00e9sultats rapides, choisissez l&#8217;analyse en<\/p>\n<h1 class=\"titre2\">laboratoire priv\u00e9<\/h1>\n<p>[\/vc_column_text][vc_separator type=&#8221;small&#8221; position=&#8221;left&#8221; color=&#8221;#cd2122&#8243; thickness=&#8221;4&#8243; width=&#8221;48&#8243; up=&#8221;17&#8243; down=&#8221;27&#8243;][vc_column_text css=&#8221;&#8221;]<\/p>\n<p class=\"p2\"><span style=\"font-weight: 400;\">Nous avons chez Lacroix le seul laboratoire m\u00e9dical priv\u00e9 de l&#8217;est du Qu\u00e9bec, ceci afin de pouvoir vous offrir vos r\u00e9sultats d&#8217;analyse dans les meilleurs d\u00e9lais. Une fois le pr\u00e9l\u00e8vement effectu\u00e9 par l\u2019une de nos infirmi\u00e8res en clinique, celui-ci est achemin\u00e9 \u00e0 notre laboratoire ou \u00e0 un autre laboratoire priv\u00e9, selon le besoin, et les r\u00e9sultats sont transmis rapidement &#8211; habituellement dans les 24h et souvent le jour m\u00eame &#8211; \u00e0 votre m\u00e9decin pour compl\u00e9ter son diagnostic. Lorsque les r\u00e9sultats sont anormaux, un membre de notre \u00e9quipe s\u2019assure de faire le suivi avec votre m\u00e9decin pour que vous soyez r\u00e9f\u00e9r\u00e9 promptement \u00e0 l\u2019endroit requis. <\/span><\/p>\n<p>[\/vc_column_text][vc_empty_space height=&#8221;36px&#8221;][\/vc_column][vc_column offset=&#8221;vc_col-md-6&#8243;][vc_single_image image=&#8221;25740&#8243; img_size=&#8221;full&#8221; alignment=&#8221;center&#8221; css=&#8221;&#8221; qode_css_animation=&#8221;&#8221;][vc_empty_space height=&#8221;30px&#8221;][\/vc_column][\/vc_row][vc_row css_animation=&#8221;&#8221; row_type=&#8221;row&#8221; use_row_as_full_screen_section=&#8221;no&#8221; type=&#8221;full_width&#8221; angled_section=&#8221;no&#8221; text_align=&#8221;left&#8221; background_image_as_pattern=&#8221;without_pattern&#8221; background_color=&#8221;#9d0c0d&#8221; padding_top=&#8221;7&#8243; padding_bottom=&#8221;2&#8243; css=&#8221;.vc_custom_1536333013263{background-color: #9d0c0d !important;}&#8221; z_index=&#8221;&#8221;][vc_column]<div class=\"container_inner\"><div class=\"call_to_action normal\" style=\"background-color: #9d0c0d;\"><div class=\"two_columns_75_25 clearfix\"><div class=\"text_wrapper column1\"><div class=\"call_to_action_text \" style=\"\">\n<h2 class=\"white\">Pour vos pr\u00e9l\u00e8vements, rendez-vous dans une clinique Lacroix pr\u00e8s de chez vous !<\/h2>\n<\/div><\/div><div class=\"button_wrapper column2\"><a itemprop=\"url\" href=\"\/nous-joindre\/\" class=\"qbutton white \" target=\"_self\" style=\"color: #1a1a1a;border-color: #ffffff;background-color: #ffffff;\"data-hover-background-color=#1a1a1a data-hover-border-color=#1a1a1a data-hover-color=#ffffff>Nous joindre<\/a><\/div><\/div><\/div><\/div>[\/vc_column][\/vc_row]<\/p>\n<\/div>","protected":false},"excerpt":{"rendered":"<p>[vc_row css_animation=&#8221;&#8221; row_type=&#8221;row&#8221; use_row_as_full_screen_section=&#8221;no&#8221; type=&#8221;full_width&#8221; angled_section=&#8221;no&#8221; text_align=&#8221;center&#8221; background_image_as_pattern=&#8221;without_pattern&#8221; z_index=&#8221;&#8221; css=&#8221;.vc_custom_1760442630565{margin-top: -30px !important;background-color: #ecebeb !important;}&#8221;][vc_column][qode_elements_holder number_of_columns=&#8221;two_columns&#8221;][qode_elements_holder_item background_image=&#8221;23293&#8243; cover=&#8221;yes&#8221; advanced_animations=&#8221;no&#8221;][\/qode_elements_holder_item][qode_elements_holder_item background_color=&#8221;#ececed&#8221; background_image=&#8221;460&#8243;&#8230;<\/p>\n","protected":false},"author":6,"featured_media":0,"parent":159,"menu_order":0,"comment_status":"closed","ping_status":"closed","template":"full_width.php","meta":{"inline_featured_image":false,"om_disable_all_campaigns":false,"_monsterinsights_skip_tracking":false,"_monsterinsights_sitenote_active":false,"_monsterinsights_sitenote_note":"","_monsterinsights_sitenote_category":0,"_uf_show_specific_survey":0,"_uf_disable_surveys":false,"footnotes":""},"class_list":["post-15272","page","type-page","status-publish","hentry"],"aioseo_notices":[],"yoast_head":"<!-- This site is optimized with the Yoast SEO Premium plugin v26.1 (Yoast SEO v26.5) - https:\/\/yoast.com\/wordpress\/plugins\/seo\/ -->\n<title>Pr\u00e9l\u00e8vement (Prise de sang) - Laboratoire biom\u00e9dical priv\u00e9 - R\u00e9sultats rapides - Cliniques m\u00e9dicales Lacroix<\/title>\n<meta name=\"description\" content=\"Prise de sang, pr\u00e9l\u00e8vements sans frais. Analyse et r\u00e9sultats rapides en laboratoire priv\u00e9 dans l&#039;ensemble des cliniques du r\u00e9seau Lacroix.\" \/>\n<meta name=\"robots\" content=\"index, follow, max-snippet:-1, max-image-preview:large, max-video-preview:-1\" \/>\n<link rel=\"canonical\" href=\"https:\/\/cliniquesmedicaleslacroix.enconstruction.website\/fr\/services\/prise-de-sang-laboratoire-prive\/\" \/>\n<meta property=\"og:locale\" content=\"fr_FR\" \/>\n<meta property=\"og:type\" content=\"article\" \/>\n<meta property=\"og:title\" content=\"Service d&#039;analyse de pr\u00e9l\u00e8vements en laboratoire priv\u00e9\" \/>\n<meta property=\"og:description\" content=\"Laboratoire priv\u00e9. Service rapide d&#039;analyse de vos pr\u00e9l\u00e8vements en laboratoire priv\u00e9 offert dans l&#039;ensemble des cliniques du r\u00e9seau Lacroix.\" \/>\n<meta property=\"og:url\" content=\"https:\/\/cliniquesmedicaleslacroix.enconstruction.website\/fr\/services\/prise-de-sang-laboratoire-prive\/\" \/>\n<meta property=\"og:site_name\" content=\"Cliniques m\u00e9dicales Lacroix\" \/>\n<meta property=\"article:publisher\" content=\"https:\/\/www.facebook.com\/cliniquesmedicaleslacroix\/\" \/>\n<meta property=\"article:modified_time\" content=\"2025-12-11T15:11:52+00:00\" \/>\n<meta property=\"og:image\" content=\"https:\/\/cliniquesmedicaleslacroix.enconstruction.website\/wp-content\/uploads\/2020\/07\/facebook.jpg\" \/>\n\t<meta property=\"og:image:width\" content=\"1200\" \/>\n\t<meta property=\"og:image:height\" content=\"630\" \/>\n\t<meta property=\"og:image:type\" content=\"image\/jpeg\" \/>\n<meta name=\"twitter:card\" content=\"summary_large_image\" \/>\n<meta name=\"twitter:title\" content=\"Pr\u00e9l\u00e8vement (Prise de sang) - Laboratoire biom\u00e9dical priv\u00e9\" \/>\n<meta name=\"twitter:label1\" content=\"Dur\u00e9e de lecture estim\u00e9e\" \/>\n\t<meta name=\"twitter:data1\" content=\"3 minutes\" \/>\n<script type=\"application\/ld+json\" class=\"yoast-schema-graph\">{\"@context\":\"https:\/\/schema.org\",\"@graph\":[{\"@type\":\"WebPage\",\"@id\":\"https:\/\/cliniquesmedicaleslacroix.enconstruction.website\/fr\/services\/prise-de-sang-laboratoire-prive\/\",\"url\":\"https:\/\/cliniquesmedicaleslacroix.enconstruction.website\/fr\/services\/prise-de-sang-laboratoire-prive\/\",\"name\":\"Pr\u00e9l\u00e8vement (Prise de sang) - Laboratoire biom\u00e9dical priv\u00e9 - R\u00e9sultats rapides - Cliniques m\u00e9dicales Lacroix\",\"isPartOf\":{\"@id\":\"https:\/\/cliniquesmedicaleslacroix.enconstruction.website\/fr\/#website\"},\"datePublished\":\"2021-01-15T21:05:39+00:00\",\"dateModified\":\"2025-12-11T15:11:52+00:00\",\"description\":\"Prise de sang, pr\u00e9l\u00e8vements sans frais. Analyse et r\u00e9sultats rapides en laboratoire priv\u00e9 dans l'ensemble des cliniques du r\u00e9seau Lacroix.\",\"breadcrumb\":{\"@id\":\"https:\/\/cliniquesmedicaleslacroix.enconstruction.website\/fr\/services\/prise-de-sang-laboratoire-prive\/#breadcrumb\"},\"inLanguage\":\"fr-FR\",\"potentialAction\":[{\"@type\":\"ReadAction\",\"target\":[\"https:\/\/cliniquesmedicaleslacroix.enconstruction.website\/fr\/services\/prise-de-sang-laboratoire-prive\/\"]}]},{\"@type\":\"BreadcrumbList\",\"@id\":\"https:\/\/cliniquesmedicaleslacroix.enconstruction.website\/fr\/services\/prise-de-sang-laboratoire-prive\/#breadcrumb\",\"itemListElement\":[{\"@type\":\"ListItem\",\"position\":1,\"name\":\"Accueil\",\"item\":\"https:\/\/cliniquesmedicaleslacroix.enconstruction.website\/fr\/\"},{\"@type\":\"ListItem\",\"position\":2,\"name\":\"Services\",\"item\":\"https:\/\/cliniquesmedicaleslacroix.enconstruction.website\/fr\/services\/\"},{\"@type\":\"ListItem\",\"position\":3,\"name\":\"Pr\u00e9l\u00e8vement (Prise de sang) &#8211; Laboratoire biom\u00e9dical priv\u00e9\"}]},{\"@type\":\"WebSite\",\"@id\":\"https:\/\/cliniquesmedicaleslacroix.enconstruction.website\/fr\/#website\",\"url\":\"https:\/\/cliniquesmedicaleslacroix.enconstruction.website\/fr\/\",\"name\":\"Cliniques m\u00e9dicales Lacroix\",\"description\":\"Prioriser la sant\u00e9\",\"potentialAction\":[{\"@type\":\"SearchAction\",\"target\":{\"@type\":\"EntryPoint\",\"urlTemplate\":\"https:\/\/cliniquesmedicaleslacroix.enconstruction.website\/fr\/?s={search_term_string}\"},\"query-input\":{\"@type\":\"PropertyValueSpecification\",\"valueRequired\":true,\"valueName\":\"search_term_string\"}}],\"inLanguage\":\"fr-FR\"}]}<\/script>\n<!-- \/ Yoast SEO Premium plugin. -->","yoast_head_json":{"title":"Pr\u00e9l\u00e8vement (Prise de sang) - Laboratoire biom\u00e9dical priv\u00e9 - R\u00e9sultats rapides - Cliniques m\u00e9dicales Lacroix","description":"Prise de sang, pr\u00e9l\u00e8vements sans frais. Analyse et r\u00e9sultats rapides en laboratoire priv\u00e9 dans l'ensemble des cliniques du r\u00e9seau Lacroix.","robots":{"index":"index","follow":"follow","max-snippet":"max-snippet:-1","max-image-preview":"max-image-preview:large","max-video-preview":"max-video-preview:-1"},"canonical":"https:\/\/cliniquesmedicaleslacroix.enconstruction.website\/fr\/services\/prise-de-sang-laboratoire-prive\/","og_locale":"fr_FR","og_type":"article","og_title":"Service d'analyse de pr\u00e9l\u00e8vements en laboratoire priv\u00e9","og_description":"Laboratoire priv\u00e9. Service rapide d'analyse de vos pr\u00e9l\u00e8vements en laboratoire priv\u00e9 offert dans l'ensemble des cliniques du r\u00e9seau Lacroix.","og_url":"https:\/\/cliniquesmedicaleslacroix.enconstruction.website\/fr\/services\/prise-de-sang-laboratoire-prive\/","og_site_name":"Cliniques m\u00e9dicales Lacroix","article_publisher":"https:\/\/www.facebook.com\/cliniquesmedicaleslacroix\/","article_modified_time":"2025-12-11T15:11:52+00:00","og_image":[{"width":1200,"height":630,"url":"https:\/\/cliniquesmedicaleslacroix.enconstruction.website\/wp-content\/uploads\/2020\/07\/facebook.jpg","type":"image\/jpeg"}],"twitter_card":"summary_large_image","twitter_title":"Pr\u00e9l\u00e8vement (Prise de sang) - Laboratoire biom\u00e9dical priv\u00e9","twitter_misc":{"Dur\u00e9e de lecture estim\u00e9e":"3 minutes"},"schema":{"@context":"https:\/\/schema.org","@graph":[{"@type":"WebPage","@id":"https:\/\/cliniquesmedicaleslacroix.enconstruction.website\/fr\/services\/prise-de-sang-laboratoire-prive\/","url":"https:\/\/cliniquesmedicaleslacroix.enconstruction.website\/fr\/services\/prise-de-sang-laboratoire-prive\/","name":"Pr\u00e9l\u00e8vement (Prise de sang) - Laboratoire biom\u00e9dical priv\u00e9 - R\u00e9sultats rapides - Cliniques m\u00e9dicales Lacroix","isPartOf":{"@id":"https:\/\/cliniquesmedicaleslacroix.enconstruction.website\/fr\/#website"},"datePublished":"2021-01-15T21:05:39+00:00","dateModified":"2025-12-11T15:11:52+00:00","description":"Prise de sang, pr\u00e9l\u00e8vements sans frais. Analyse et r\u00e9sultats rapides en laboratoire priv\u00e9 dans l'ensemble des cliniques du r\u00e9seau Lacroix.","breadcrumb":{"@id":"https:\/\/cliniquesmedicaleslacroix.enconstruction.website\/fr\/services\/prise-de-sang-laboratoire-prive\/#breadcrumb"},"inLanguage":"fr-FR","potentialAction":[{"@type":"ReadAction","target":["https:\/\/cliniquesmedicaleslacroix.enconstruction.website\/fr\/services\/prise-de-sang-laboratoire-prive\/"]}]},{"@type":"BreadcrumbList","@id":"https:\/\/cliniquesmedicaleslacroix.enconstruction.website\/fr\/services\/prise-de-sang-laboratoire-prive\/#breadcrumb","itemListElement":[{"@type":"ListItem","position":1,"name":"Accueil","item":"https:\/\/cliniquesmedicaleslacroix.enconstruction.website\/fr\/"},{"@type":"ListItem","position":2,"name":"Services","item":"https:\/\/cliniquesmedicaleslacroix.enconstruction.website\/fr\/services\/"},{"@type":"ListItem","position":3,"name":"Pr\u00e9l\u00e8vement (Prise de sang) &#8211; Laboratoire biom\u00e9dical priv\u00e9"}]},{"@type":"WebSite","@id":"https:\/\/cliniquesmedicaleslacroix.enconstruction.website\/fr\/#website","url":"https:\/\/cliniquesmedicaleslacroix.enconstruction.website\/fr\/","name":"Cliniques m\u00e9dicales Lacroix","description":"Prioriser la sant\u00e9","potentialAction":[{"@type":"SearchAction","target":{"@type":"EntryPoint","urlTemplate":"https:\/\/cliniquesmedicaleslacroix.enconstruction.website\/fr\/?s={search_term_string}"},"query-input":{"@type":"PropertyValueSpecification","valueRequired":true,"valueName":"search_term_string"}}],"inLanguage":"fr-FR"}]}},"_links":{"self":[{"href":"https:\/\/cliniquesmedicaleslacroix.enconstruction.website\/fr\/wp-json\/wp\/v2\/pages\/15272","targetHints":{"allow":["GET"]}}],"collection":[{"href":"https:\/\/cliniquesmedicaleslacroix.enconstruction.website\/fr\/wp-json\/wp\/v2\/pages"}],"about":[{"href":"https:\/\/cliniquesmedicaleslacroix.enconstruction.website\/fr\/wp-json\/wp\/v2\/types\/page"}],"author":[{"embeddable":true,"href":"https:\/\/cliniquesmedicaleslacroix.enconstruction.website\/fr\/wp-json\/wp\/v2\/users\/6"}],"replies":[{"embeddable":true,"href":"https:\/\/cliniquesmedicaleslacroix.enconstruction.website\/fr\/wp-json\/wp\/v2\/comments?post=15272"}],"version-history":[{"count":25,"href":"https:\/\/cliniquesmedicaleslacroix.enconstruction.website\/fr\/wp-json\/wp\/v2\/pages\/15272\/revisions"}],"predecessor-version":[{"id":32720,"href":"https:\/\/cliniquesmedicaleslacroix.enconstruction.website\/fr\/wp-json\/wp\/v2\/pages\/15272\/revisions\/32720"}],"up":[{"embeddable":true,"href":"https:\/\/cliniquesmedicaleslacroix.enconstruction.website\/fr\/wp-json\/wp\/v2\/pages\/159"}],"wp:attachment":[{"href":"https:\/\/cliniquesmedicaleslacroix.enconstruction.website\/fr\/wp-json\/wp\/v2\/media?parent=15272"}],"curies":[{"name":"wp","href":"https:\/\/api.w.org\/{rel}","templated":true}]}}