{"id":16772,"date":"2021-11-08T16:38:09","date_gmt":"2021-11-08T21:38:09","guid":{"rendered":"https:\/\/cliniquesmedicaleslacroix.com\/?page_id=16772"},"modified":"2024-10-16T07:12:19","modified_gmt":"2024-10-16T11:12:19","slug":"pediatre-privee-pediatrie","status":"publish","type":"page","link":"https:\/\/cliniquesmedicaleslacroix.enconstruction.website\/fr\/services\/medecine-specialisee\/pediatre-privee-pediatrie\/","title":{"rendered":"P\u00e9diatrie"},"content":{"rendered":"<div class=\"wpb-content-wrapper\"><p>[vc_row css_animation=&#8221;&#8221; row_type=&#8221;row&#8221; use_row_as_full_screen_section=&#8221;no&#8221; type=&#8221;grid&#8221; angled_section=&#8221;no&#8221; text_align=&#8221;left&#8221; background_image_as_pattern=&#8221;without_pattern&#8221; padding_top=&#8221;119&#8243; padding_bottom=&#8221;87&#8243; z_index=&#8221;&#8221; css=&#8221;.vc_custom_1515745451587{background-color: #ffffff !important;}&#8221;][vc_column offset=&#8221;vc_col-md-6&#8243;][vc_separator type=&#8221;transparent&#8221; up=&#8221;-18&#8243;][vc_column_text]<\/p>\n<p class=\"titre1\">Pour que vos enfants grandissent en sant\u00e9<\/p>\n<h1 class=\"titre2\">P\u00e9diatrie en clinique priv\u00e9e<\/h1>\n<p>[\/vc_column_text][vc_separator type=&#8221;small&#8221; position=&#8221;left&#8221; color=&#8221;#cd2122&#8243; thickness=&#8221;4&#8243; width=&#8221;48&#8243; up=&#8221;17&#8243; down=&#8221;27&#8243;][vc_column_text]Les b\u00e9b\u00e9s et les enfants viennent avec leur lot de besoins en sant\u00e9. \u00c0 notre clinique Lacroix M\u00e9decine Priv\u00e9e de Laval, nous nous effor\u00e7ons de rendre les s\u00e9jours de nos jeunes patients et de leurs familles les plus agr\u00e9ables possible. Offert par <strong>Dre Val\u00e9rie Roy, p\u00e9diatre<\/strong>, le service de p\u00e9diatrie priv\u00e9e permet \u00e0 notre client\u00e8le d\u2019avoir un acc\u00e8s facilit\u00e9 \u00e0 des soins sp\u00e9cialis\u00e9s pour les patients de moins de 18 ans.<\/p>\n<p>Pour les petits maux ordinaires tels que maux de gorge, douleurs abdominales, otites, c\u00e9phal\u00e9es, mais aussi pour les probl\u00e8mes plus complexes tels que le <strong>diagnostic, traitement et suivi du TDAH<\/strong>, le <strong>retard de croissance et\/ou de d\u00e9veloppement<\/strong>, les probl\u00e8mes d&#8217;<strong>ob\u00e9sit\u00e9<\/strong>, etc. : n&#8217;attendez plus, consultez.<\/p>\n<p>&#8212;<\/p>\n<p>Notez qu\u2019aucune ordonnance m\u00e9dicale n\u2019est requise pour prendre rendez-vous avec nos sp\u00e9cialistes.<\/p>\n<p>&#8212;<\/p>\n<p><span style=\"color: #ffffff;\">&#8212;<\/span>[\/vc_column_text][vc_empty_space height=&#8221;36px&#8221;]<a id=\"btn-float-right\" itemprop=\"url\" href=\"https:\/\/cliniquesmedicaleslacroix.com\/fr\/demande-de-rendez-vous-en-consultation-avec-dre-valerie-roy\" target=\"_blank\" data-hover-background-color=#990000  class=\"qbutton  medium center default\" style=\"font-family: Roboto, ``Segoe UI``; font-size: 16px; letter-spacing: 1px; margin: 10px 0px 10px 0px; border-radius: 10px;-moz-border-radius: 10px;-webkit-border-radius: 10px; background-color: #ba0000;\">DEMANDE DE CONSULTATION AVEC DRE VAL\u00c9RIE ROY<\/a>[\/vc_column][vc_column offset=&#8221;vc_col-md-6&#8243;][vc_single_image image=&#8221;25668&#8243; img_size=&#8221;full&#8221; add_caption=&#8221;yes&#8221; alignment=&#8221;center&#8221; qode_css_animation=&#8221;&#8221;][vc_empty_space height=&#8221;10px&#8221;][\/vc_column][\/vc_row][vc_row css_animation=&#8221;&#8221; row_type=&#8221;row&#8221; use_row_as_full_screen_section=&#8221;no&#8221; type=&#8221;full_width&#8221; angled_section=&#8221;no&#8221; text_align=&#8221;left&#8221; background_image_as_pattern=&#8221;without_pattern&#8221; background_color=&#8221;#9d0c0d&#8221; padding_top=&#8221;7&#8243; padding_bottom=&#8221;2&#8243; css=&#8221;.vc_custom_1536333013263{background-color: #9d0c0d !important;}&#8221; z_index=&#8221;&#8221;][vc_column]<div class=\"container_inner\"><div class=\"call_to_action normal\" style=\"background-color: #9d0c0d;\"><div class=\"two_columns_75_25 clearfix\"><div class=\"text_wrapper column1\"><div class=\"call_to_action_text \" style=\"\">\n<h3 class=\"white\">PRENEZ RENDEZ-VOUS D\u00c8S MAINTENANT<\/h3>\n<\/div><\/div><div class=\"button_wrapper column2\"><a itemprop=\"url\" href=\"\/nous-joindre\/\" class=\"qbutton white \" target=\"_self\" style=\"color: #1a1a1a;border-color: #ffffff;background-color: #ffffff;\"data-hover-background-color=#1a1a1a data-hover-border-color=#1a1a1a data-hover-color=#ffffff>Nous joindre<\/a><\/div><\/div><\/div><\/div>[\/vc_column][\/vc_row][vc_row css_animation=&#8221;&#8221; row_type=&#8221;row&#8221; use_row_as_full_screen_section=&#8221;no&#8221; type=&#8221;full_width&#8221; angled_section=&#8221;no&#8221; text_align=&#8221;center&#8221; background_image_as_pattern=&#8221;without_pattern&#8221; z_index=&#8221;&#8221; css=&#8221;.vc_custom_1525533395041{background-color: #ecebeb !important;}&#8221;][vc_column][qode_elements_holder number_of_columns=&#8221;two_columns&#8221; columns_proportion=&#8221;33_66&#8243;][qode_elements_holder_item background_image=&#8221;16780&#8243; cover=&#8221;yes&#8221; advanced_animations=&#8221;no&#8221;][\/qode_elements_holder_item][qode_elements_holder_item background_color=&#8221;#ececed&#8221; background_image=&#8221;460&#8243; item_padding=&#8221;21% 22% 23.2% 16%&#8221; horizontal_alignment=&#8221;left&#8221; advanced_animations=&#8221;no&#8221; item_padding_1280_1440=&#8221;74px 40px 127px 65px&#8221; item_padding_1024_1280=&#8221;50px 40px 111px 40px&#8221; item_padding_768_1024=&#8221;20px 30px 18px 30px&#8221; item_padding_600_768=&#8221;100px 120px 100px 50px&#8221; item_padding_480_600=&#8221;100px 40px 100px 65px&#8221; item_padding_480=&#8221;30px 30px 80px 30px&#8221;][vc_column_text]<\/p>\n<h2 class=\"titre2\">Qu\u2019est-ce que la p\u00e9diatrie?<\/h2>\n<p>[\/vc_column_text][vc_separator type=&#8221;small&#8221; position=&#8221;left&#8221; color=&#8221;#cd2122&#8243; thickness=&#8221;4&#8243; width=&#8221;48&#8243; up=&#8221;25&#8243; down=&#8221;29&#8243;][vc_column_text]La p\u00e9diatrie est une sp\u00e9cialit\u00e9 m\u00e9dicale qui s\u2019int\u00e9resse aux troubles de la sant\u00e9 et du d\u00e9veloppement des enfants, de la naissance \u00e0 la fin de la pubert\u00e9 (l\u2019\u00e2ge adulte). Par convention, on parle de 0 \u00e0 17 ans, inclusivement. Puisqu\u2019avant la p\u00e9riode post pubertaire l\u2019\u00eatre humain est en constante transformation, le diagnostic et le traitement rapides des pathologies sont des facteurs qui peuvent avoir un impact sur le reste de la vie de l\u2019enfant.<\/p>\n<p>&nbsp;<\/p>\n<p>Le m\u00e9decin sp\u00e9cialiste de ce domaine se nomme un p\u00e9diatre. Le p\u00e9diatre est en quelque sorte un m\u00e9decin g\u00e9n\u00e9raliste des enfants : c\u2019est la sp\u00e9cificit\u00e9 de la population qu\u2019il soigne et la multiplicit\u00e9 des affections propres \u00e0 chaque \u00e2ge qui fait du p\u00e9diatre un sp\u00e9cialiste.[\/vc_column_text][\/qode_elements_holder_item][\/qode_elements_holder][\/vc_column][\/vc_row][vc_row css_animation=&#8221;&#8221; row_type=&#8221;row&#8221; use_row_as_full_screen_section=&#8221;no&#8221; type=&#8221;full_width&#8221; angled_section=&#8221;no&#8221; text_align=&#8221;center&#8221; background_image_as_pattern=&#8221;without_pattern&#8221; z_index=&#8221;&#8221; css=&#8221;.vc_custom_1525533395041{background-color: #ecebeb !important;}&#8221;][vc_column][qode_elements_holder number_of_columns=&#8221;two_columns&#8221;][qode_elements_holder_item background_color=&#8221;#ececed&#8221; background_image=&#8221;460&#8243; item_padding=&#8221;21% 22% 23.2% 16%&#8221; horizontal_alignment=&#8221;left&#8221; advanced_animations=&#8221;no&#8221; item_padding_1280_1440=&#8221;74px 40px 127px 65px&#8221; item_padding_1024_1280=&#8221;50px 40px 111px 40px&#8221; item_padding_768_1024=&#8221;20px 30px 18px 30px&#8221; item_padding_600_768=&#8221;100px 120px 100px 50px&#8221; item_padding_480_600=&#8221;100px 40px 100px 65px&#8221; item_padding_480=&#8221;30px 30px 80px 30px&#8221;][vc_column_text]NOUVEAUX PARENTS?<\/p>\n<h2 class=\"titre2\">Suivi de sant\u00e9 du nouveau-n\u00e9<\/h2>\n<p>[\/vc_column_text][vc_separator type=&#8221;small&#8221; position=&#8221;left&#8221; color=&#8221;#cd2122&#8243; thickness=&#8221;4&#8243; width=&#8221;48&#8243; up=&#8221;25&#8243; down=&#8221;29&#8243;][vc_column_text]Apr\u00e8s la naissance, un b\u00e9b\u00e9 devrait \u00eatre suivi par un m\u00e9decin de famille ou par un p\u00e9diatre. Toutefois, l\u2019acc\u00e8s \u00e0 ces professionnels de la sant\u00e9 n\u2019est pas toujours simple. Si vous \u00eates parents d\u2019un nouveau-n\u00e9, sachez qu\u2019il vous est possible d&#8217;obtenir un suivi p\u00e9diatrique \u00e0 notre clinique priv\u00e9e de Boucherville avec le Dr Lionel Alberti, p\u00e9diatre.<\/p>\n<p>&nbsp;<\/p>\n<p>Le suivi de sant\u00e9 consiste en un contact r\u00e9gulier avec un m\u00e9decin afin d\u2019\u00e9valuer l\u2019\u00e9tat de sant\u00e9 et de s\u2019assurer du bon d\u00e9veloppement physique et psychologique de l\u2019enfant. Il est particuli\u00e8rement important dans les premi\u00e8res ann\u00e9es de vie de l\u2019enfant.[\/vc_column_text][\/qode_elements_holder_item][qode_elements_holder_item background_image=&#8221;16782&#8243; cover=&#8221;yes&#8221; advanced_animations=&#8221;no&#8221;][\/qode_elements_holder_item][\/qode_elements_holder][\/vc_column][\/vc_row][vc_row css_animation=&#8221;&#8221; row_type=&#8221;row&#8221; use_row_as_full_screen_section=&#8221;no&#8221; type=&#8221;grid&#8221; angled_section=&#8221;no&#8221; text_align=&#8221;left&#8221; background_image_as_pattern=&#8221;without_pattern&#8221; z_index=&#8221;&#8221;][vc_column][vc_empty_space height=&#8221;86px&#8221;][\/vc_column][\/vc_row][vc_row css_animation=&#8221;&#8221; row_type=&#8221;row&#8221; use_row_as_full_screen_section=&#8221;no&#8221; type=&#8221;grid&#8221; angled_section=&#8221;no&#8221; text_align=&#8221;left&#8221; background_image_as_pattern=&#8221;without_pattern&#8221; z_index=&#8221;&#8221;][vc_column css=&#8221;.vc_custom_1536333602959{margin-bottom: 50px !important;}&#8221;][qode_elements_holder number_of_columns=&#8221;two_columns&#8221;][qode_elements_holder_item item_padding=&#8221;0px 40px 0px 0px&#8221; vertical_alignment=&#8221;middle&#8221; horizontal_alignment=&#8221;center&#8221; advanced_animations=&#8221;no&#8221;][vc_single_image image=&#8221;16791&#8243; img_size=&#8221;full&#8221; alignment=&#8221;center&#8221; qode_css_animation=&#8221;&#8221;][\/qode_elements_holder_item][qode_elements_holder_item advanced_animations=&#8221;no&#8221;][vc_column_text]<\/p>\n<h4 class=\"p2\">Exemples de probl\u00e8mes courants chez l\u2019enfant pouvant \u00eatre \u00e9valu\u00e9s en p\u00e9diatrie chez Lacroix M\u00e9decine Priv\u00e9e :<\/h4>\n<p>[\/vc_column_text][vc_separator type=&#8221;normal&#8221;][vc_row_inner row_type=&#8221;row&#8221; type=&#8221;full_width&#8221; text_align=&#8221;left&#8221; css_animation=&#8221;&#8221;][vc_column_inner width=&#8221;1\/2&#8243;]<div class='q_list circle'><\/p>\n<ul>\n<li class=\"p2\">Inqui\u00e9tudes au sujet de la croissance de l\u2019enfant<\/li>\n<li class=\"p2\">Probl\u00e8mes de comportement (opposition, tics, etc.)<\/li>\n<li>Troubles de l&#8217;attention avec ou sans hyperactivit\u00e9 (TDAH)<br \/>\nMaintenant disponible en t\u00e9l\u00e9m\u00e9decine : renseignez-vous !<\/li>\n<li class=\"p2\">Retard de langage, ou retard du d\u00e9veloppement moteur<\/li>\n<li class=\"p2\">Probl\u00e8mes dermatologiques chez le b\u00e9b\u00e9, l\u2019enfant et l\u2019adolescent<\/li>\n<li class=\"p2\">Incontinence :<br \/>\n\u00c9nur\u00e9sie (\u00e9mission involontaire et inconsciente d&#8217;urine) et encopr\u00e9sie (\u00e9mission f\u00e9cale, g\u00e9n\u00e9ralement involontaire, dans des endroits inappropri\u00e9s)<\/li>\n<li class=\"p2\">Douleurs persistantes (ex. abdominales, articulaires, musculaire, maux de t\u00eates, &#8230;)<\/li>\n<\/ul>\n<p><\/div>[\/vc_column_inner][vc_column_inner width=&#8221;1\/2&#8243;]<div class='q_list circle'><\/p>\n<ul>\n<li class=\"p2\">Probl\u00e8mes et pr\u00e9occupation reli\u00e9s \u00e0 la pubert\u00e9 (menstruations, contraception, acn\u00e9e)<\/li>\n<li class=\"p2\">Inqui\u00e9tudes par rapport \u00e0 la prise ou perte de poids<\/li>\n<li class=\"p2\">\u00c9valuation et suivi de l\u2019asthme<\/li>\n<li class=\"p2\">Difficult\u00e9s d\u2019apprentissage<\/li>\n<li class=\"p2\">Perturbation de l\u2019humeur (ex. anxi\u00e9t\u00e9, d\u00e9pression, \u2026)<\/li>\n<li class=\"p2\">Troubles du sommeil<\/li>\n<li class=\"p2\">Etc.<\/li>\n<\/ul>\n<p><\/div>[\/vc_column_inner][\/vc_row_inner][vc_empty_space][\/qode_elements_holder_item][\/qode_elements_holder][\/vc_column][\/vc_row][vc_row css_animation=&#8221;&#8221; row_type=&#8221;row&#8221; use_row_as_full_screen_section=&#8221;no&#8221; type=&#8221;full_width&#8221; angled_section=&#8221;no&#8221; text_align=&#8221;left&#8221; background_image_as_pattern=&#8221;without_pattern&#8221; background_color=&#8221;#9d0c0d&#8221; padding_top=&#8221;7&#8243; padding_bottom=&#8221;2&#8243; css=&#8221;.vc_custom_1536333013263{background-color: #9d0c0d !important;}&#8221; z_index=&#8221;&#8221;][vc_column]<div class=\"container_inner\"><div class=\"call_to_action normal\" style=\"background-color: #9d0c0d;\"><div class=\"two_columns_75_25 clearfix\"><div class=\"text_wrapper column1\"><div class=\"call_to_action_text \" style=\"\">\n<h2 class=\"white\">Prendre un rendez-vous en P\u00e9diatrie priv\u00e9e<\/h2>\n<\/div><\/div><div class=\"button_wrapper column2\"><a itemprop=\"url\" href=\"https:\/\/cliniquesmedicaleslacroix.com\/fr\/demande-de-rendez-vous-en-consultation-avec-dre-valerie-roy\" class=\"qbutton white \" target=\"_self\" style=\"color: #1a1a1a;border-color: #ffffff;background-color: #ffffff;\"data-hover-background-color=#1a1a1a data-hover-border-color=#1a1a1a data-hover-color=#ffffff>Demandez qu'on vous contacte<\/a><\/div><\/div><\/div><\/div>[\/vc_column][\/vc_row]<\/p>\n<\/div>","protected":false},"excerpt":{"rendered":"<p>[vc_row css_animation=&#8221;&#8221; row_type=&#8221;row&#8221; use_row_as_full_screen_section=&#8221;no&#8221; type=&#8221;grid&#8221; angled_section=&#8221;no&#8221; text_align=&#8221;left&#8221; background_image_as_pattern=&#8221;without_pattern&#8221; padding_top=&#8221;119&#8243; padding_bottom=&#8221;87&#8243; z_index=&#8221;&#8221; css=&#8221;.vc_custom_1515745451587{background-color: #ffffff !important;}&#8221;][vc_column offset=&#8221;vc_col-md-6&#8243;][vc_separator type=&#8221;transparent&#8221; up=&#8221;-18&#8243;][vc_column_text] Pour que vos&#8230;<\/p>\n","protected":false},"author":6,"featured_media":0,"parent":1542,"menu_order":0,"comment_status":"closed","ping_status":"closed","template":"full_width.php","meta":{"inline_featured_image":false,"om_disable_all_campaigns":false,"_monsterinsights_skip_tracking":false,"_monsterinsights_sitenote_active":false,"_monsterinsights_sitenote_note":"","_monsterinsights_sitenote_category":0,"_uf_show_specific_survey":0,"_uf_disable_surveys":false,"footnotes":""},"class_list":["post-16772","page","type-page","status-publish","hentry"],"aioseo_notices":[],"yoast_head":"<!-- This site is optimized with the Yoast SEO Premium plugin v26.1 (Yoast SEO v26.5) - https:\/\/yoast.com\/wordpress\/plugins\/seo\/ -->\n<title>P\u00e9diatrie - Cliniques m\u00e9dicales Lacroix<\/title>\n<meta name=\"description\" content=\"P\u00e9diatrie en clinique priv\u00e9e avec Dr Lionel Alberti, p\u00e9diatre exer\u00e7ant \u00e0 la clinique Lacroix M\u00e9decine Priv\u00e9e de Boucherville.\" \/>\n<meta name=\"robots\" content=\"index, follow, max-snippet:-1, max-image-preview:large, max-video-preview:-1\" \/>\n<link rel=\"canonical\" href=\"https:\/\/cliniquesmedicaleslacroix.enconstruction.website\/fr\/services\/medecine-specialisee\/pediatre-privee-pediatrie\/\" \/>\n<meta property=\"og:locale\" content=\"fr_FR\" \/>\n<meta property=\"og:type\" content=\"article\" \/>\n<meta property=\"og:title\" content=\"P\u00e9diatrie\" \/>\n<meta property=\"og:description\" content=\"P\u00e9diatrie en clinique priv\u00e9e avec Dr Lionel Alberti, p\u00e9diatre exer\u00e7ant \u00e0 la clinique Lacroix M\u00e9decine Priv\u00e9e de Boucherville.\" \/>\n<meta property=\"og:url\" content=\"https:\/\/cliniquesmedicaleslacroix.enconstruction.website\/fr\/services\/medecine-specialisee\/pediatre-privee-pediatrie\/\" \/>\n<meta property=\"og:site_name\" content=\"Cliniques m\u00e9dicales Lacroix\" \/>\n<meta property=\"article:publisher\" content=\"https:\/\/www.facebook.com\/cliniquesmedicaleslacroix\/\" \/>\n<meta property=\"article:modified_time\" content=\"2024-10-16T11:12:19+00:00\" \/>\n<meta property=\"og:image\" content=\"https:\/\/cliniquesmedicaleslacroix.enconstruction.website\/wp-content\/uploads\/2018\/05\/family-1.jpg\" \/>\n\t<meta property=\"og:image:width\" content=\"1000\" \/>\n\t<meta property=\"og:image:height\" content=\"708\" \/>\n\t<meta property=\"og:image:type\" content=\"image\/jpeg\" \/>\n<meta name=\"twitter:card\" content=\"summary_large_image\" \/>\n<meta name=\"twitter:label1\" content=\"Dur\u00e9e de lecture estim\u00e9e\" \/>\n\t<meta name=\"twitter:data1\" content=\"4 minutes\" \/>\n<script type=\"application\/ld+json\" class=\"yoast-schema-graph\">{\"@context\":\"https:\/\/schema.org\",\"@graph\":[{\"@type\":\"WebPage\",\"@id\":\"https:\/\/cliniquesmedicaleslacroix.enconstruction.website\/fr\/services\/medecine-specialisee\/pediatre-privee-pediatrie\/\",\"url\":\"https:\/\/cliniquesmedicaleslacroix.enconstruction.website\/fr\/services\/medecine-specialisee\/pediatre-privee-pediatrie\/\",\"name\":\"P\u00e9diatrie - Cliniques m\u00e9dicales Lacroix\",\"isPartOf\":{\"@id\":\"https:\/\/cliniquesmedicaleslacroix.enconstruction.website\/fr\/#website\"},\"datePublished\":\"2021-11-08T21:38:09+00:00\",\"dateModified\":\"2024-10-16T11:12:19+00:00\",\"description\":\"P\u00e9diatrie en clinique priv\u00e9e avec Dr Lionel Alberti, p\u00e9diatre exer\u00e7ant \u00e0 la clinique Lacroix M\u00e9decine Priv\u00e9e de Boucherville.\",\"breadcrumb\":{\"@id\":\"https:\/\/cliniquesmedicaleslacroix.enconstruction.website\/fr\/services\/medecine-specialisee\/pediatre-privee-pediatrie\/#breadcrumb\"},\"inLanguage\":\"fr-FR\",\"potentialAction\":[{\"@type\":\"ReadAction\",\"target\":[\"https:\/\/cliniquesmedicaleslacroix.enconstruction.website\/fr\/services\/medecine-specialisee\/pediatre-privee-pediatrie\/\"]}]},{\"@type\":\"BreadcrumbList\",\"@id\":\"https:\/\/cliniquesmedicaleslacroix.enconstruction.website\/fr\/services\/medecine-specialisee\/pediatre-privee-pediatrie\/#breadcrumb\",\"itemListElement\":[{\"@type\":\"ListItem\",\"position\":1,\"name\":\"Accueil\",\"item\":\"https:\/\/cliniquesmedicaleslacroix.enconstruction.website\/fr\/\"},{\"@type\":\"ListItem\",\"position\":2,\"name\":\"Services\",\"item\":\"https:\/\/cliniquesmedicaleslacroix.enconstruction.website\/fr\/services\/\"},{\"@type\":\"ListItem\",\"position\":3,\"name\":\"M\u00e9decine sp\u00e9cialis\u00e9e\",\"item\":\"https:\/\/cliniquesmedicaleslacroix.enconstruction.website\/fr\/services\/medecine-specialisee\/\"},{\"@type\":\"ListItem\",\"position\":4,\"name\":\"P\u00e9diatrie\"}]},{\"@type\":\"WebSite\",\"@id\":\"https:\/\/cliniquesmedicaleslacroix.enconstruction.website\/fr\/#website\",\"url\":\"https:\/\/cliniquesmedicaleslacroix.enconstruction.website\/fr\/\",\"name\":\"Cliniques m\u00e9dicales Lacroix\",\"description\":\"Prioriser la sant\u00e9\",\"potentialAction\":[{\"@type\":\"SearchAction\",\"target\":{\"@type\":\"EntryPoint\",\"urlTemplate\":\"https:\/\/cliniquesmedicaleslacroix.enconstruction.website\/fr\/?s={search_term_string}\"},\"query-input\":{\"@type\":\"PropertyValueSpecification\",\"valueRequired\":true,\"valueName\":\"search_term_string\"}}],\"inLanguage\":\"fr-FR\"}]}<\/script>\n<!-- \/ Yoast SEO Premium plugin. -->","yoast_head_json":{"title":"P\u00e9diatrie - Cliniques m\u00e9dicales Lacroix","description":"P\u00e9diatrie en clinique priv\u00e9e avec Dr Lionel Alberti, p\u00e9diatre exer\u00e7ant \u00e0 la clinique Lacroix M\u00e9decine Priv\u00e9e de Boucherville.","robots":{"index":"index","follow":"follow","max-snippet":"max-snippet:-1","max-image-preview":"max-image-preview:large","max-video-preview":"max-video-preview:-1"},"canonical":"https:\/\/cliniquesmedicaleslacroix.enconstruction.website\/fr\/services\/medecine-specialisee\/pediatre-privee-pediatrie\/","og_locale":"fr_FR","og_type":"article","og_title":"P\u00e9diatrie","og_description":"P\u00e9diatrie en clinique priv\u00e9e avec Dr Lionel Alberti, p\u00e9diatre exer\u00e7ant \u00e0 la clinique Lacroix M\u00e9decine Priv\u00e9e de Boucherville.","og_url":"https:\/\/cliniquesmedicaleslacroix.enconstruction.website\/fr\/services\/medecine-specialisee\/pediatre-privee-pediatrie\/","og_site_name":"Cliniques m\u00e9dicales Lacroix","article_publisher":"https:\/\/www.facebook.com\/cliniquesmedicaleslacroix\/","article_modified_time":"2024-10-16T11:12:19+00:00","og_image":[{"width":1000,"height":708,"url":"https:\/\/cliniquesmedicaleslacroix.enconstruction.website\/wp-content\/uploads\/2018\/05\/family-1.jpg","type":"image\/jpeg"}],"twitter_card":"summary_large_image","twitter_misc":{"Dur\u00e9e de lecture estim\u00e9e":"4 minutes"},"schema":{"@context":"https:\/\/schema.org","@graph":[{"@type":"WebPage","@id":"https:\/\/cliniquesmedicaleslacroix.enconstruction.website\/fr\/services\/medecine-specialisee\/pediatre-privee-pediatrie\/","url":"https:\/\/cliniquesmedicaleslacroix.enconstruction.website\/fr\/services\/medecine-specialisee\/pediatre-privee-pediatrie\/","name":"P\u00e9diatrie - Cliniques m\u00e9dicales Lacroix","isPartOf":{"@id":"https:\/\/cliniquesmedicaleslacroix.enconstruction.website\/fr\/#website"},"datePublished":"2021-11-08T21:38:09+00:00","dateModified":"2024-10-16T11:12:19+00:00","description":"P\u00e9diatrie en clinique priv\u00e9e avec Dr Lionel Alberti, p\u00e9diatre exer\u00e7ant \u00e0 la clinique Lacroix M\u00e9decine Priv\u00e9e de Boucherville.","breadcrumb":{"@id":"https:\/\/cliniquesmedicaleslacroix.enconstruction.website\/fr\/services\/medecine-specialisee\/pediatre-privee-pediatrie\/#breadcrumb"},"inLanguage":"fr-FR","potentialAction":[{"@type":"ReadAction","target":["https:\/\/cliniquesmedicaleslacroix.enconstruction.website\/fr\/services\/medecine-specialisee\/pediatre-privee-pediatrie\/"]}]},{"@type":"BreadcrumbList","@id":"https:\/\/cliniquesmedicaleslacroix.enconstruction.website\/fr\/services\/medecine-specialisee\/pediatre-privee-pediatrie\/#breadcrumb","itemListElement":[{"@type":"ListItem","position":1,"name":"Accueil","item":"https:\/\/cliniquesmedicaleslacroix.enconstruction.website\/fr\/"},{"@type":"ListItem","position":2,"name":"Services","item":"https:\/\/cliniquesmedicaleslacroix.enconstruction.website\/fr\/services\/"},{"@type":"ListItem","position":3,"name":"M\u00e9decine sp\u00e9cialis\u00e9e","item":"https:\/\/cliniquesmedicaleslacroix.enconstruction.website\/fr\/services\/medecine-specialisee\/"},{"@type":"ListItem","position":4,"name":"P\u00e9diatrie"}]},{"@type":"WebSite","@id":"https:\/\/cliniquesmedicaleslacroix.enconstruction.website\/fr\/#website","url":"https:\/\/cliniquesmedicaleslacroix.enconstruction.website\/fr\/","name":"Cliniques m\u00e9dicales Lacroix","description":"Prioriser la sant\u00e9","potentialAction":[{"@type":"SearchAction","target":{"@type":"EntryPoint","urlTemplate":"https:\/\/cliniquesmedicaleslacroix.enconstruction.website\/fr\/?s={search_term_string}"},"query-input":{"@type":"PropertyValueSpecification","valueRequired":true,"valueName":"search_term_string"}}],"inLanguage":"fr-FR"}]}},"_links":{"self":[{"href":"https:\/\/cliniquesmedicaleslacroix.enconstruction.website\/fr\/wp-json\/wp\/v2\/pages\/16772","targetHints":{"allow":["GET"]}}],"collection":[{"href":"https:\/\/cliniquesmedicaleslacroix.enconstruction.website\/fr\/wp-json\/wp\/v2\/pages"}],"about":[{"href":"https:\/\/cliniquesmedicaleslacroix.enconstruction.website\/fr\/wp-json\/wp\/v2\/types\/page"}],"author":[{"embeddable":true,"href":"https:\/\/cliniquesmedicaleslacroix.enconstruction.website\/fr\/wp-json\/wp\/v2\/users\/6"}],"replies":[{"embeddable":true,"href":"https:\/\/cliniquesmedicaleslacroix.enconstruction.website\/fr\/wp-json\/wp\/v2\/comments?post=16772"}],"version-history":[{"count":0,"href":"https:\/\/cliniquesmedicaleslacroix.enconstruction.website\/fr\/wp-json\/wp\/v2\/pages\/16772\/revisions"}],"up":[{"embeddable":true,"href":"https:\/\/cliniquesmedicaleslacroix.enconstruction.website\/fr\/wp-json\/wp\/v2\/pages\/1542"}],"wp:attachment":[{"href":"https:\/\/cliniquesmedicaleslacroix.enconstruction.website\/fr\/wp-json\/wp\/v2\/media?parent=16772"}],"curies":[{"name":"wp","href":"https:\/\/api.w.org\/{rel}","templated":true}]}}