{"id":16835,"date":"2021-11-15T16:20:35","date_gmt":"2021-11-15T21:20:35","guid":{"rendered":"https:\/\/cliniquesmedicaleslacroix.com\/?page_id=16835"},"modified":"2025-05-14T16:05:36","modified_gmt":"2025-05-14T20:05:36","slug":"pneumologue-prive-pneumologie","status":"publish","type":"page","link":"https:\/\/cliniquesmedicaleslacroix.enconstruction.website\/fr\/services\/medecine-specialisee\/pneumologue-prive-pneumologie\/","title":{"rendered":"Inhaloth\u00e9rapie &#8211; Tests respiratoires (TFR)"},"content":{"rendered":"<div class=\"wpb-content-wrapper\"><p>[vc_row css_animation=&#8221;&#8221; row_type=&#8221;row&#8221; use_row_as_full_screen_section=&#8221;no&#8221; type=&#8221;grid&#8221; angled_section=&#8221;no&#8221; text_align=&#8221;left&#8221; background_image_as_pattern=&#8221;without_pattern&#8221; padding_top=&#8221;119&#8243; padding_bottom=&#8221;87&#8243; z_index=&#8221;&#8221; css=&#8221;.vc_custom_1515745451587{background-color: #ffffff !important;}&#8221;][vc_column offset=&#8221;vc_col-md-6&#8243;][vc_separator type=&#8221;transparent&#8221; up=&#8221;-18&#8243;][vc_column_text css=&#8221;&#8221;]<\/p>\n<p class=\"titre1\">Pneumologie priv\u00e9e<\/p>\n<h1 class=\"titre2\">Une exclusivit\u00e9 au Qu\u00e9bec &#8211; Tests de fonction respiratoire (TFR) \u00e0 Laval<\/h1>\n<p>[\/vc_column_text][vc_separator type=&#8221;small&#8221; position=&#8221;left&#8221; color=&#8221;#cd2122&#8243; thickness=&#8221;4&#8243; width=&#8221;48&#8243; up=&#8221;17&#8243; down=&#8221;27&#8243;][vc_column_text css=&#8221;&#8221;]<\/p>\n<p class=\"\" data-start=\"364\" data-end=\"685\">Votre sant\u00e9 pulmonaire m\u00e9rite une attention sp\u00e9cialis\u00e9e. Aux cliniques m\u00e9dicales Lacroix, notre service de pneumologie priv\u00e9e \u00e0 Laval vous permet d\u2019acc\u00e9der rapidement \u00e0 des tests de fonction respiratoire complets, r\u00e9alis\u00e9s par des <strong data-start=\"603\" data-end=\"635\">inhaloth\u00e9rapeutes qualifi\u00e9es<\/strong> dans un environnement professionnel et rassurant.<\/p>\n<p class=\"\" data-start=\"687\" data-end=\"766\">Nous offrons les trois principaux examens pour \u00e9valuer la fonction pulmonaire :<\/p>\n<ul data-start=\"768\" data-end=\"862\">\n<li class=\"\" data-start=\"768\" data-end=\"800\">\n<p class=\"\" data-start=\"770\" data-end=\"800\"><strong data-start=\"770\" data-end=\"800\">Bilan respiratoire complet<\/strong><\/p>\n<\/li>\n<li class=\"\" data-start=\"801\" data-end=\"818\">\n<p class=\"\" data-start=\"803\" data-end=\"818\"><strong data-start=\"803\" data-end=\"818\">Spirom\u00e9trie<\/strong><\/p>\n<\/li>\n<li class=\"\" data-start=\"819\" data-end=\"862\">\n<p class=\"\" data-start=\"821\" data-end=\"862\"><strong data-start=\"821\" data-end=\"862\">Test de provocation \u00e0 la m\u00e9thacholine<\/strong><\/p>\n<\/li>\n<\/ul>\n<p>Notez que vous pouvez obtenir un rendez-vous avec nos m\u00e9decins sp\u00e9cialistes sans ordonnance m\u00e9dicale.[\/vc_column_text][vc_empty_space height=&#8221;36px&#8221;][\/vc_column][vc_column offset=&#8221;vc_col-md-6&#8243;][vc_single_image image=&#8221;31647&#8243; img_size=&#8221;full&#8221; alignment=&#8221;center&#8221; css=&#8221;&#8221; qode_css_animation=&#8221;&#8221;][vc_empty_space height=&#8221;30px&#8221;][\/vc_column][\/vc_row][vc_row css_animation=&#8221;&#8221; row_type=&#8221;row&#8221; use_row_as_full_screen_section=&#8221;no&#8221; type=&#8221;full_width&#8221; angled_section=&#8221;no&#8221; text_align=&#8221;center&#8221; background_image_as_pattern=&#8221;without_pattern&#8221; z_index=&#8221;&#8221; css=&#8221;.vc_custom_1525533395041{background-color: #ecebeb !important;}&#8221;][vc_column][\/vc_column][\/vc_row][vc_row css_animation=&#8221;&#8221; row_type=&#8221;row&#8221; use_row_as_full_screen_section=&#8221;no&#8221; type=&#8221;full_width&#8221; angled_section=&#8221;no&#8221; text_align=&#8221;center&#8221; background_image_as_pattern=&#8221;without_pattern&#8221; z_index=&#8221;&#8221; css=&#8221;.vc_custom_1525533395041{background-color: #ecebeb !important;}&#8221;][vc_column][qode_elements_holder number_of_columns=&#8221;two_columns&#8221; columns_proportion=&#8221;33_66&#8243;][qode_elements_holder_item background_image=&#8221;16894&#8243; cover=&#8221;yes&#8221; advanced_animations=&#8221;no&#8221;][\/qode_elements_holder_item][qode_elements_holder_item background_color=&#8221;#ececed&#8221; background_image=&#8221;460&#8243; item_padding=&#8221;21% 22% 23.2% 16%&#8221; horizontal_alignment=&#8221;left&#8221; advanced_animations=&#8221;no&#8221; item_padding_1280_1440=&#8221;74px 40px 127px 65px&#8221; item_padding_1024_1280=&#8221;50px 40px 111px 40px&#8221; item_padding_768_1024=&#8221;20px 30px 18px 30px&#8221; item_padding_600_768=&#8221;100px 120px 100px 50px&#8221; item_padding_480_600=&#8221;100px 40px 100px 65px&#8221; item_padding_480=&#8221;30px 30px 80px 30px&#8221;][vc_column_text css=&#8221;&#8221;]<\/p>\n<h2 class=\"titre2\">Quand consulter en inhaloth\u00e9rapie?<\/h2>\n<p>[\/vc_column_text][vc_separator type=&#8221;small&#8221; position=&#8221;left&#8221; color=&#8221;#cd2122&#8243; thickness=&#8221;4&#8243; width=&#8221;48&#8243; up=&#8221;25&#8243; down=&#8221;29&#8243;][vc_column_text css=&#8221;&#8221;]Essoufflement, toux, expectorations, crachats de sang, pneumonies ou bronchites \u00e0 r\u00e9p\u00e9tition, respiration sifflante ou bruyante, probl\u00e8mes respiratoires au travail ou dans un environnement particulier; voil\u00e0 quelques-uns des sympt\u00f4mes les plus fr\u00e9quents menant \u00e0 une consultation en inhaloth\u00e9rapie.<\/p>\n<p class=\"\" data-start=\"864\" data-end=\"1066\">Ces tests sont essentiels pour le diagnostic et le suivi de plusieurs affections respiratoires telles que l\u2019asthme, la bronchopneumopathie chronique obstructive (MPOC), et d\u2019autres troubles pulmonaires.<\/p>\n<p class=\"\" data-start=\"1068\" data-end=\"1207\">Lacroix est l\u2019une des seules cliniques m\u00e9dicales priv\u00e9es au Qu\u00e9bec \u00e0 offrir cette gamme compl\u00e8te de <strong data-start=\"1171\" data-end=\"1206\">tests respiratoires sp\u00e9cialis\u00e9s<\/strong>.<\/p>\n<p class=\"\" data-start=\"1209\" data-end=\"1242\">Notre approche se distingue par :<\/p>\n<ul data-start=\"1244\" data-end=\"1387\">\n<li class=\"\" data-start=\"1244\" data-end=\"1281\">\n<p class=\"\" data-start=\"1246\" data-end=\"1281\">Des d\u00e9lais rapides pour vos examens<\/p>\n<\/li>\n<li class=\"\" data-start=\"1282\" data-end=\"1323\">\n<p class=\"\" data-start=\"1284\" data-end=\"1323\">Une \u00e9quipe d&#8217;inhaloth\u00e9rapeutes attentionn\u00e9es et exp\u00e9riment\u00e9es<\/p>\n<\/li>\n<li class=\"\" data-start=\"1324\" data-end=\"1387\">\n<p class=\"\" data-start=\"1326\" data-end=\"1387\">Aucune r\u00e9f\u00e9rence m\u00e9dicale requise pour obtenir un rendez-vous<\/p>\n<\/li>\n<\/ul>\n<p>&nbsp;<\/p>\n<p>Nos inhaloth\u00e9rapeutes d\u00e9tiennent \u00e9galement une expertise dans le diagnostic et la prise en charge des troubles respiratoires du sommeil, tel que l\u2019apn\u00e9e du sommeil et l\u2019hypoventilation nocturne.<\/p>\n<p><strong>Saviez-vous que la premi\u00e8re consultation pour l&#8217;apn\u00e9e du sommeil avec l&#8217;inhaloth\u00e9rapeute est sans aucun frais ? R\u00e9servez votre consultation gratuite d\u00e8s maintenant !<\/strong>[\/vc_column_text][\/qode_elements_holder_item][\/qode_elements_holder][\/vc_column][\/vc_row][vc_row css_animation=&#8221;&#8221; row_type=&#8221;row&#8221; use_row_as_full_screen_section=&#8221;no&#8221; type=&#8221;grid&#8221; angled_section=&#8221;no&#8221; text_align=&#8221;left&#8221; background_image_as_pattern=&#8221;without_pattern&#8221; z_index=&#8221;&#8221;][vc_column][vc_empty_space height=&#8221;86px&#8221;][\/vc_column][\/vc_row][vc_row css_animation=&#8221;&#8221; row_type=&#8221;row&#8221; use_row_as_full_screen_section=&#8221;no&#8221; type=&#8221;grid&#8221; angled_section=&#8221;no&#8221; text_align=&#8221;left&#8221; background_image_as_pattern=&#8221;without_pattern&#8221; z_index=&#8221;&#8221;][vc_column css=&#8221;.vc_custom_1536333602959{margin-bottom: 50px !important;}&#8221;][qode_elements_holder number_of_columns=&#8221;two_columns&#8221;][qode_elements_holder_item advanced_animations=&#8221;no&#8221;][vc_column_text]<\/p>\n<h4 class=\"p2\">Quelques services offerts en pneumologie :<\/h4>\n<p>[\/vc_column_text][vc_separator type=&#8221;normal&#8221;][vc_row_inner row_type=&#8221;row&#8221; type=&#8221;full_width&#8221; text_align=&#8221;left&#8221; css_animation=&#8221;&#8221;][vc_column_inner]<div class='q_list circle'><\/p>\n<ul>\n<li>Spirom\u00e9trie simple<br \/>\nLa spirom\u00e9trie, aussi appel\u00e9e Test de la fonction pulmonaire ou Test de la fonction respiratoire, est le moyen le plus efficace de tester le bon fonctionnement de vos poumons et de v\u00e9rifier si vous souffrez de l&#8217;asthme ou de la MPOC (Maladie Pulmonaire Obstructive Chronique)<\/li>\n<li>Spirom\u00e9trie pr\u00e9\/ post bronchodilatateur<br \/>\nLa spirom\u00e9trie avec mesure de la r\u00e9ponse au bronchodilatateur est un test n\u00e9cessaire au diagnostic d\u2019un syndrome obstructif chronique tel que l\u2019asthme ou autre MPOC. Ce test est indiqu\u00e9 chez la client\u00e8le pr\u00e9sentant des facteurs de risque ou des sympt\u00f4mes (respiration sifflante, essoufflement, toux) ressemblant \u00e0 ceux de l\u2019asthme.<\/li>\n<li>TFR &#8211; Test de la Fonction Respiratoire avec provocation \u00e0 la m\u00e9thacoline, aussi appel\u00e9 Test de la provocation bronchique<\/li>\n<li>TFR &#8211; Bilan de base<\/li>\n<\/ul>\n<p><\/div>[\/vc_column_inner][\/vc_row_inner][vc_empty_space][\/qode_elements_holder_item][\/qode_elements_holder][\/vc_column][\/vc_row]<\/p>\n<\/div>","protected":false},"excerpt":{"rendered":"<p>[vc_row css_animation=&#8221;&#8221; row_type=&#8221;row&#8221; use_row_as_full_screen_section=&#8221;no&#8221; type=&#8221;grid&#8221; angled_section=&#8221;no&#8221; text_align=&#8221;left&#8221; background_image_as_pattern=&#8221;without_pattern&#8221; padding_top=&#8221;119&#8243; padding_bottom=&#8221;87&#8243; z_index=&#8221;&#8221; css=&#8221;.vc_custom_1515745451587{background-color: #ffffff !important;}&#8221;][vc_column offset=&#8221;vc_col-md-6&#8243;][vc_separator type=&#8221;transparent&#8221; up=&#8221;-18&#8243;][vc_column_text css=&#8221;&#8221;] Pneumologie priv\u00e9e&#8230;<\/p>\n","protected":false},"author":6,"featured_media":0,"parent":1542,"menu_order":0,"comment_status":"closed","ping_status":"closed","template":"full_width.php","meta":{"inline_featured_image":false,"om_disable_all_campaigns":false,"_monsterinsights_skip_tracking":false,"_monsterinsights_sitenote_active":false,"_monsterinsights_sitenote_note":"","_monsterinsights_sitenote_category":0,"_uf_show_specific_survey":0,"_uf_disable_surveys":false,"footnotes":""},"class_list":["post-16835","page","type-page","status-publish","hentry"],"aioseo_notices":[],"yoast_head":"<!-- This site is optimized with the Yoast SEO Premium plugin v26.1 (Yoast SEO v26.5) - https:\/\/yoast.com\/wordpress\/plugins\/seo\/ -->\n<title>Inhaloth\u00e9rapie - Tests respiratoires (TFR) - Cliniques m\u00e9dicales Lacroix<\/title>\n<meta name=\"description\" content=\"Pneumologie en clinique priv\u00e9e avec Dr Jad Hobeika, pneumologue exer\u00e7ant \u00e0 la clinique Lacroix M\u00e9decine Priv\u00e9e de Laval.\" \/>\n<meta name=\"robots\" content=\"index, follow, max-snippet:-1, max-image-preview:large, max-video-preview:-1\" \/>\n<link rel=\"canonical\" href=\"https:\/\/cliniquesmedicaleslacroix.enconstruction.website\/fr\/services\/medecine-specialisee\/pneumologue-prive-pneumologie\/\" \/>\n<meta property=\"og:locale\" content=\"fr_FR\" \/>\n<meta property=\"og:type\" content=\"article\" \/>\n<meta property=\"og:title\" content=\"Inhaloth\u00e9rapie - Tests respiratoires (TFR)\" \/>\n<meta property=\"og:description\" content=\"Pneumologie en clinique priv\u00e9e avec Dr Jad Hobeika, pneumologue exer\u00e7ant \u00e0 la clinique Lacroix M\u00e9decine Priv\u00e9e de Laval.\" \/>\n<meta property=\"og:url\" content=\"https:\/\/cliniquesmedicaleslacroix.enconstruction.website\/fr\/services\/medecine-specialisee\/pneumologue-prive-pneumologie\/\" \/>\n<meta property=\"og:site_name\" content=\"Cliniques m\u00e9dicales Lacroix\" \/>\n<meta property=\"article:publisher\" content=\"https:\/\/www.facebook.com\/cliniquesmedicaleslacroix\/\" \/>\n<meta property=\"article:modified_time\" content=\"2025-05-14T20:05:36+00:00\" \/>\n<meta property=\"og:image\" content=\"https:\/\/cliniquesmedicaleslacroix.enconstruction.website\/wp-content\/uploads\/2018\/05\/family-1.jpg\" \/>\n\t<meta property=\"og:image:width\" content=\"1000\" \/>\n\t<meta property=\"og:image:height\" content=\"708\" \/>\n\t<meta property=\"og:image:type\" content=\"image\/jpeg\" \/>\n<meta name=\"twitter:card\" content=\"summary_large_image\" \/>\n<meta name=\"twitter:label1\" content=\"Dur\u00e9e de lecture estim\u00e9e\" \/>\n\t<meta name=\"twitter:data1\" content=\"3 minutes\" \/>\n<script type=\"application\/ld+json\" class=\"yoast-schema-graph\">{\"@context\":\"https:\/\/schema.org\",\"@graph\":[{\"@type\":\"WebPage\",\"@id\":\"https:\/\/cliniquesmedicaleslacroix.enconstruction.website\/fr\/services\/medecine-specialisee\/pneumologue-prive-pneumologie\/\",\"url\":\"https:\/\/cliniquesmedicaleslacroix.enconstruction.website\/fr\/services\/medecine-specialisee\/pneumologue-prive-pneumologie\/\",\"name\":\"Inhaloth\u00e9rapie - Tests respiratoires (TFR) - Cliniques m\u00e9dicales Lacroix\",\"isPartOf\":{\"@id\":\"https:\/\/cliniquesmedicaleslacroix.enconstruction.website\/fr\/#website\"},\"datePublished\":\"2021-11-15T21:20:35+00:00\",\"dateModified\":\"2025-05-14T20:05:36+00:00\",\"description\":\"Pneumologie en clinique priv\u00e9e avec Dr Jad Hobeika, pneumologue exer\u00e7ant \u00e0 la clinique Lacroix M\u00e9decine Priv\u00e9e de Laval.\",\"breadcrumb\":{\"@id\":\"https:\/\/cliniquesmedicaleslacroix.enconstruction.website\/fr\/services\/medecine-specialisee\/pneumologue-prive-pneumologie\/#breadcrumb\"},\"inLanguage\":\"fr-FR\",\"potentialAction\":[{\"@type\":\"ReadAction\",\"target\":[\"https:\/\/cliniquesmedicaleslacroix.enconstruction.website\/fr\/services\/medecine-specialisee\/pneumologue-prive-pneumologie\/\"]}]},{\"@type\":\"BreadcrumbList\",\"@id\":\"https:\/\/cliniquesmedicaleslacroix.enconstruction.website\/fr\/services\/medecine-specialisee\/pneumologue-prive-pneumologie\/#breadcrumb\",\"itemListElement\":[{\"@type\":\"ListItem\",\"position\":1,\"name\":\"Accueil\",\"item\":\"https:\/\/cliniquesmedicaleslacroix.enconstruction.website\/fr\/\"},{\"@type\":\"ListItem\",\"position\":2,\"name\":\"Services\",\"item\":\"https:\/\/cliniquesmedicaleslacroix.enconstruction.website\/fr\/services\/\"},{\"@type\":\"ListItem\",\"position\":3,\"name\":\"M\u00e9decine sp\u00e9cialis\u00e9e\",\"item\":\"https:\/\/cliniquesmedicaleslacroix.enconstruction.website\/fr\/services\/medecine-specialisee\/\"},{\"@type\":\"ListItem\",\"position\":4,\"name\":\"Inhaloth\u00e9rapie &#8211; Tests respiratoires (TFR)\"}]},{\"@type\":\"WebSite\",\"@id\":\"https:\/\/cliniquesmedicaleslacroix.enconstruction.website\/fr\/#website\",\"url\":\"https:\/\/cliniquesmedicaleslacroix.enconstruction.website\/fr\/\",\"name\":\"Cliniques m\u00e9dicales Lacroix\",\"description\":\"Prioriser la sant\u00e9\",\"potentialAction\":[{\"@type\":\"SearchAction\",\"target\":{\"@type\":\"EntryPoint\",\"urlTemplate\":\"https:\/\/cliniquesmedicaleslacroix.enconstruction.website\/fr\/?s={search_term_string}\"},\"query-input\":{\"@type\":\"PropertyValueSpecification\",\"valueRequired\":true,\"valueName\":\"search_term_string\"}}],\"inLanguage\":\"fr-FR\"}]}<\/script>\n<!-- \/ Yoast SEO Premium plugin. -->","yoast_head_json":{"title":"Inhaloth\u00e9rapie - Tests respiratoires (TFR) - Cliniques m\u00e9dicales Lacroix","description":"Pneumologie en clinique priv\u00e9e avec Dr Jad Hobeika, pneumologue exer\u00e7ant \u00e0 la clinique Lacroix M\u00e9decine Priv\u00e9e de Laval.","robots":{"index":"index","follow":"follow","max-snippet":"max-snippet:-1","max-image-preview":"max-image-preview:large","max-video-preview":"max-video-preview:-1"},"canonical":"https:\/\/cliniquesmedicaleslacroix.enconstruction.website\/fr\/services\/medecine-specialisee\/pneumologue-prive-pneumologie\/","og_locale":"fr_FR","og_type":"article","og_title":"Inhaloth\u00e9rapie - Tests respiratoires (TFR)","og_description":"Pneumologie en clinique priv\u00e9e avec Dr Jad Hobeika, pneumologue exer\u00e7ant \u00e0 la clinique Lacroix M\u00e9decine Priv\u00e9e de Laval.","og_url":"https:\/\/cliniquesmedicaleslacroix.enconstruction.website\/fr\/services\/medecine-specialisee\/pneumologue-prive-pneumologie\/","og_site_name":"Cliniques m\u00e9dicales Lacroix","article_publisher":"https:\/\/www.facebook.com\/cliniquesmedicaleslacroix\/","article_modified_time":"2025-05-14T20:05:36+00:00","og_image":[{"width":1000,"height":708,"url":"https:\/\/cliniquesmedicaleslacroix.enconstruction.website\/wp-content\/uploads\/2018\/05\/family-1.jpg","type":"image\/jpeg"}],"twitter_card":"summary_large_image","twitter_misc":{"Dur\u00e9e de lecture estim\u00e9e":"3 minutes"},"schema":{"@context":"https:\/\/schema.org","@graph":[{"@type":"WebPage","@id":"https:\/\/cliniquesmedicaleslacroix.enconstruction.website\/fr\/services\/medecine-specialisee\/pneumologue-prive-pneumologie\/","url":"https:\/\/cliniquesmedicaleslacroix.enconstruction.website\/fr\/services\/medecine-specialisee\/pneumologue-prive-pneumologie\/","name":"Inhaloth\u00e9rapie - Tests respiratoires (TFR) - Cliniques m\u00e9dicales Lacroix","isPartOf":{"@id":"https:\/\/cliniquesmedicaleslacroix.enconstruction.website\/fr\/#website"},"datePublished":"2021-11-15T21:20:35+00:00","dateModified":"2025-05-14T20:05:36+00:00","description":"Pneumologie en clinique priv\u00e9e avec Dr Jad Hobeika, pneumologue exer\u00e7ant \u00e0 la clinique Lacroix M\u00e9decine Priv\u00e9e de Laval.","breadcrumb":{"@id":"https:\/\/cliniquesmedicaleslacroix.enconstruction.website\/fr\/services\/medecine-specialisee\/pneumologue-prive-pneumologie\/#breadcrumb"},"inLanguage":"fr-FR","potentialAction":[{"@type":"ReadAction","target":["https:\/\/cliniquesmedicaleslacroix.enconstruction.website\/fr\/services\/medecine-specialisee\/pneumologue-prive-pneumologie\/"]}]},{"@type":"BreadcrumbList","@id":"https:\/\/cliniquesmedicaleslacroix.enconstruction.website\/fr\/services\/medecine-specialisee\/pneumologue-prive-pneumologie\/#breadcrumb","itemListElement":[{"@type":"ListItem","position":1,"name":"Accueil","item":"https:\/\/cliniquesmedicaleslacroix.enconstruction.website\/fr\/"},{"@type":"ListItem","position":2,"name":"Services","item":"https:\/\/cliniquesmedicaleslacroix.enconstruction.website\/fr\/services\/"},{"@type":"ListItem","position":3,"name":"M\u00e9decine sp\u00e9cialis\u00e9e","item":"https:\/\/cliniquesmedicaleslacroix.enconstruction.website\/fr\/services\/medecine-specialisee\/"},{"@type":"ListItem","position":4,"name":"Inhaloth\u00e9rapie &#8211; Tests respiratoires (TFR)"}]},{"@type":"WebSite","@id":"https:\/\/cliniquesmedicaleslacroix.enconstruction.website\/fr\/#website","url":"https:\/\/cliniquesmedicaleslacroix.enconstruction.website\/fr\/","name":"Cliniques m\u00e9dicales Lacroix","description":"Prioriser la sant\u00e9","potentialAction":[{"@type":"SearchAction","target":{"@type":"EntryPoint","urlTemplate":"https:\/\/cliniquesmedicaleslacroix.enconstruction.website\/fr\/?s={search_term_string}"},"query-input":{"@type":"PropertyValueSpecification","valueRequired":true,"valueName":"search_term_string"}}],"inLanguage":"fr-FR"}]}},"_links":{"self":[{"href":"https:\/\/cliniquesmedicaleslacroix.enconstruction.website\/fr\/wp-json\/wp\/v2\/pages\/16835","targetHints":{"allow":["GET"]}}],"collection":[{"href":"https:\/\/cliniquesmedicaleslacroix.enconstruction.website\/fr\/wp-json\/wp\/v2\/pages"}],"about":[{"href":"https:\/\/cliniquesmedicaleslacroix.enconstruction.website\/fr\/wp-json\/wp\/v2\/types\/page"}],"author":[{"embeddable":true,"href":"https:\/\/cliniquesmedicaleslacroix.enconstruction.website\/fr\/wp-json\/wp\/v2\/users\/6"}],"replies":[{"embeddable":true,"href":"https:\/\/cliniquesmedicaleslacroix.enconstruction.website\/fr\/wp-json\/wp\/v2\/comments?post=16835"}],"version-history":[{"count":10,"href":"https:\/\/cliniquesmedicaleslacroix.enconstruction.website\/fr\/wp-json\/wp\/v2\/pages\/16835\/revisions"}],"predecessor-version":[{"id":31649,"href":"https:\/\/cliniquesmedicaleslacroix.enconstruction.website\/fr\/wp-json\/wp\/v2\/pages\/16835\/revisions\/31649"}],"up":[{"embeddable":true,"href":"https:\/\/cliniquesmedicaleslacroix.enconstruction.website\/fr\/wp-json\/wp\/v2\/pages\/1542"}],"wp:attachment":[{"href":"https:\/\/cliniquesmedicaleslacroix.enconstruction.website\/fr\/wp-json\/wp\/v2\/media?parent=16835"}],"curies":[{"name":"wp","href":"https:\/\/api.w.org\/{rel}","templated":true}]}}