{"id":17805,"date":"2022-04-15T15:23:00","date_gmt":"2022-04-15T19:23:00","guid":{"rendered":"https:\/\/cliniquesmedicaleslacroix.com\/?page_id=17805"},"modified":"2023-11-17T05:29:20","modified_gmt":"2023-11-17T10:29:20","slug":"infiltrations-lombaires","status":"publish","type":"page","link":"https:\/\/cliniquesmedicaleslacroix.enconstruction.website\/fr\/services\/medecine-specialisee\/infiltrations-lombaires\/","title":{"rendered":"Infiltrations lombaires, bloc facettaire"},"content":{"rendered":"<div class=\"wpb-content-wrapper\"><p>[vc_row css_animation=&#8221;&#8221; row_type=&#8221;row&#8221; use_row_as_full_screen_section=&#8221;no&#8221; type=&#8221;grid&#8221; angled_section=&#8221;no&#8221; text_align=&#8221;left&#8221; background_image_as_pattern=&#8221;without_pattern&#8221; padding_top=&#8221;119&#8243; padding_bottom=&#8221;20&#8243; z_index=&#8221;&#8221; css=&#8221;.vc_custom_1681328867069{padding-bottom: 60px !important;background-color: #ffffff !important;background-position: center !important;background-repeat: no-repeat !important;background-size: cover !important;}&#8221;][vc_column offset=&#8221;vc_col-md-6&#8243;][vc_separator type=&#8221;transparent&#8221; up=&#8221;-18&#8243;][vc_column_text]<\/p>\n<h1 class=\"titre1\">Infiltrations lombaires<\/h1>\n<p class=\"titre2\" style=\"text-align: left;\">avec Dr Vincent Lecluyse, m\u00e9decin anesth\u00e9siste<\/p>\n<p>[\/vc_column_text][vc_separator type=&#8221;small&#8221; position=&#8221;left&#8221; color=&#8221;#cd2122&#8243; thickness=&#8221;4&#8243; width=&#8221;48&#8243; up=&#8221;17&#8243; down=&#8221;27&#8243;][vc_column_text]Le Dr Vincent Lecluyse est un m\u00e9decin anesth\u00e9siologiste qui se sp\u00e9cialise dans le domaine de la gestion de la douleur chronique et des infiltrations musculosquelettiques, en plus d\u2019offrir des soins anesth\u00e9siques p\u00e9riop\u00e9ratoires. Il est dipl\u00f4m\u00e9 de l\u2019Universit\u00e9 de Montr\u00e9al (M\u00e9decine), de l\u2019Universit\u00e9 de Sherbrooke (Anesth\u00e9siologie) et d\u00e9tient une formation compl\u00e9mentaire en gestion de la douleur chronique.<\/p>\n<p>&nbsp;<\/p>\n<p>Afin d\u2019offrir des soins de haute qualit\u00e9, le Dr Lecluyse priorise l\u2019utilisation de la guidance \u00e9chographique pour la r\u00e9alisation des proc\u00e9dures d&#8217;infiltration. Ceci assure une grande pr\u00e9cision et une meilleure s\u00e9curit\u00e9 que les techniques d&#8217;injections classiques, tout en \u00e9vitant l\u2019exposition aux radiations associ\u00e9e \u00e0 l\u2019approche par rayon X.<\/p>\n<p>&nbsp;<\/p>\n<p>Le Dr Lecluyse offre un service de consultation en gestion de la douleur. Il pourra \u00e9valuer votre condition douloureuse, sugg\u00e9rer les r\u00e9gimes pharmacologiques les plus efficaces et r\u00e9aliser les infiltrations th\u00e9rapeutiques pertinentes. Il offre une grande vari\u00e9t\u00e9 d\u2019infiltrations, tant au niveau de la colonne vert\u00e9brale (bloc facettaire, \u00e9pidurale) qu\u2019au niveau des articulations p\u00e9riph\u00e9riques (bassin, hanche, \u00e9paule, genou, cheville) pour soulager diverses conditions douloureuses comme les hernies discales, compressions nerveuses, l\u2019arthrose ou les bursites.<\/p>\n<p>&nbsp;<\/p>\n<p>Il pratique comme anesth\u00e9siste et en m\u00e9decine de la douleur, avec une disponibilit\u00e9 pour r\u00e9pondre aux besoins en consultations et infiltrations.[\/vc_column_text][\/vc_column][vc_column offset=&#8221;vc_col-md-6 vc_hidden-xs&#8221;][vc_empty_space height=&#8221;40px&#8221;][vc_single_image image=&#8221;22206&#8243; img_size=&#8221;large&#8221; qode_css_animation=&#8221;&#8221;][vc_empty_space height=&#8221;30px&#8221;][\/vc_column][\/vc_row][vc_row css_animation=&#8221;&#8221; row_type=&#8221;row&#8221; use_row_as_full_screen_section=&#8221;no&#8221; type=&#8221;full_width&#8221; angled_section=&#8221;no&#8221; text_align=&#8221;center&#8221; background_image_as_pattern=&#8221;without_pattern&#8221; z_index=&#8221;&#8221; css=&#8221;.vc_custom_1525533395041{background-color: #ecebeb !important;}&#8221;][vc_column][qode_elements_holder number_of_columns=&#8221;two_columns&#8221;][qode_elements_holder_item background_image=&#8221;19442&#8243; cover=&#8221;yes&#8221; advanced_animations=&#8221;no&#8221;][\/qode_elements_holder_item][qode_elements_holder_item background_color=&#8221;#ececed&#8221; background_image=&#8221;460&#8243; item_padding=&#8221;21% 22% 23.2% 16%&#8221; horizontal_alignment=&#8221;left&#8221; advanced_animations=&#8221;no&#8221; item_padding_1280_1440=&#8221;74px 40px 127px 65px&#8221; item_padding_1024_1280=&#8221;50px 40px 111px 40px&#8221; item_padding_768_1024=&#8221;20px 30px 18px 30px&#8221; item_padding_600_768=&#8221;100px 120px 100px 50px&#8221; item_padding_480_600=&#8221;100px 40px 100px 65px&#8221; item_padding_480=&#8221;30px 30px 80px 30px&#8221;][vc_column_text]<\/p>\n<p class=\"titre1\">Pathologies trait\u00e9es<\/p>\n<h2 class=\"titre2\">Lombalgie (maux de dos, douleurs lombaires), lombosciatalgie (douleur sciatique), gestion de la douleur<\/h2>\n<p>Pour toutes les interventions au bloc op\u00e9ratoire, une consultation avec le m\u00e9decin doit avoir lieu a priori si vous n&#8217;avez pas d\u00e9j\u00e0 une requ\u00eate de votre m\u00e9decin.[\/vc_column_text][vc_separator type=&#8221;small&#8221; position=&#8221;left&#8221; color=&#8221;#cd2122&#8243; thickness=&#8221;4&#8243; width=&#8221;48&#8243; up=&#8221;25&#8243; down=&#8221;29&#8243;][vc_column_text]<\/p>\n<h3>Sous \u00e9chographie<\/h3>\n<ul>\n<li>Infiltration lombaire \u00a0de type bloc facettaire (injection de m\u00e9dicaments &#8211; cortisone et xyloca\u00efne &#8211;\u00a0 au niveau des facettes articulaires de la colonne vert\u00e9brale<\/li>\n<li>Infiltration lombaire \u00a0de type p\u00e9ridural (pour lombosciatalgie)<\/li>\n<li>Articulations : bassin, hanche, \u00e9paule, genou, cheville<\/li>\n<\/ul>\n<p>[\/vc_column_text][\/qode_elements_holder_item][\/qode_elements_holder][\/vc_column][\/vc_row][vc_row css_animation=&#8221;&#8221; row_type=&#8221;row&#8221; use_row_as_full_screen_section=&#8221;no&#8221; type=&#8221;grid&#8221; angled_section=&#8221;no&#8221; text_align=&#8221;left&#8221; background_image_as_pattern=&#8221;without_pattern&#8221; background_color=&#8221;#ffffff&#8221; padding_top=&#8221;7&#8243; padding_bottom=&#8221;2&#8243; css=&#8221;.vc_custom_1665494080068{padding-top: 60px !important;padding-bottom: 80px !important;background-color: #ffffff !important;background-position: center !important;background-repeat: no-repeat !important;background-size: cover !important;}&#8221; z_index=&#8221;&#8221;][vc_column css=&#8221;.vc_custom_1665493875555{border-radius: 10px !important;}&#8221;][vc_column_text]<\/p>\n<h2><em><span style=\"color: #ababab; font-size: 40px; line-height: 50px;\">Ne laissez pas la douleur rythmer votre vie&#8230;<\/span><\/em><\/h2>\n<p>[\/vc_column_text][\/vc_column][\/vc_row][vc_row css_animation=&#8221;&#8221; row_type=&#8221;row&#8221; use_row_as_full_screen_section=&#8221;no&#8221; type=&#8221;grid&#8221; angled_section=&#8221;no&#8221; text_align=&#8221;left&#8221; background_image_as_pattern=&#8221;without_pattern&#8221; background_color=&#8221;#ffffff&#8221; padding_top=&#8221;7&#8243; padding_bottom=&#8221;2&#8243; css=&#8221;.vc_custom_1681871022843{padding-top: 80px !important;padding-bottom: 80px !important;background: #f2f2f2 url(https:\/\/cliniquesmedicaleslacroix.com\/wp-content\/uploads\/2022\/11\/interne-ffond04.jpg?id=19664) !important;background-position: center !important;background-repeat: no-repeat !important;background-size: cover !important;}&#8221; z_index=&#8221;&#8221;][vc_column width=&#8221;1\/6&#8243; css=&#8221;.vc_custom_1665436125985{border-radius: 10px !important;}&#8221; offset=&#8221;vc_hidden-xs&#8221;][\/vc_column][vc_column width=&#8221;2\/3&#8243;][vc_row_inner row_type=&#8221;row&#8221; type=&#8221;full_width&#8221; text_align=&#8221;left&#8221; css_animation=&#8221;&#8221; css=&#8221;.vc_custom_1665428465784{border-top-width: 3px !important;border-right-width: 3px !important;border-bottom-width: 3px !important;border-left-width: 3px !important;padding-top: 60px !important;padding-right: 60px !important;padding-bottom: 60px !important;padding-left: 60px !important;background-color: rgba(30,115,190,0.1) !important;*background-color: rgb(30,115,190) !important;border-left-color: #cccccc !important;border-left-style: solid !important;border-right-color: #cccccc !important;border-right-style: solid !important;border-top-color: #cccccc !important;border-top-style: solid !important;border-bottom-color: #cccccc !important;border-bottom-style: solid !important;border-radius: 20px !important;}&#8221;][vc_column_inner width=&#8221;2\/3&#8243;][vc_column_text]<\/p>\n<h5 style=\"font-size: 22px; color: red;\">NOUVEAU!<\/h5>\n<h2 style=\"font-size: 24px;\">Demandez un rendez-vous en consultation avec Dr Lecluyse<\/h2>\n<h5 style=\"font-size: 13px;\">&#8212;<\/h5>\n<p style=\"font-size: 22px; color: #000;\">Cliquez le bouton ci-dessous, remplissez le bref formulaire et nous vous contacterons. C&#8217;est aussi simple que \u00e7a !<\/p>\n<p style=\"font-size: 17px;\"><span style=\"color: #ffffff;\">&#8212;<\/span><br \/>\nNotez que la personne qui vous contactera par t\u00e9l\u00e9phone n&#8217;est pas une professionnelle de la sant\u00e9 et ne sera donc pas en mesure de vous donner des conseils ou informations en mati\u00e8re de sant\u00e9. Ce formulaire est destin\u00e9 \u00e0 la prise de rendez-vous uniquement.<\/p>\n<p>[\/vc_column_text][vc_empty_space]\n\n\t<a href=\"https:\/\/cliniquesmedicaleslacroix.com\/fr\/demande-de-rendez-vous-en-consultation-avec-dr-vincent-lecluyse\/\" target=\"_blank\" style=\"color: #ffffff;background-color: #dd3333\" class=\"qode-btn qode-btn-medium qode-btn-solid qode-btn-custom-hover-bg qode-btn-default-hover\" data-hover-bg-color=\"#ba2a2a\" >\n\t    <span class=\"qode-btn-text\">ALLONS-Y !<\/span>\t<\/a>\n\n[\/vc_column_inner][vc_column_inner width=&#8221;1\/3&#8243; css=&#8221;.vc_custom_1665439636122{margin-top: 20px !important;}&#8221;][vc_single_image image=&#8221;22206&#8243; img_size=&#8221;medium&#8221; alignment=&#8221;center&#8221; style=&#8221;vc_box_outline&#8221; border_color=&#8221;white&#8221; qode_css_animation=&#8221;&#8221;][\/vc_column_inner][\/vc_row_inner][\/vc_column][vc_column width=&#8221;1\/6&#8243; offset=&#8221;vc_hidden-xs&#8221;][\/vc_column][\/vc_row]<\/p>\n<\/div>","protected":false},"excerpt":{"rendered":"<p>[vc_row css_animation=&#8221;&#8221; row_type=&#8221;row&#8221; use_row_as_full_screen_section=&#8221;no&#8221; type=&#8221;grid&#8221; angled_section=&#8221;no&#8221; text_align=&#8221;left&#8221; background_image_as_pattern=&#8221;without_pattern&#8221; padding_top=&#8221;119&#8243; padding_bottom=&#8221;20&#8243; z_index=&#8221;&#8221; css=&#8221;.vc_custom_1681328867069{padding-bottom: 60px !important;background-color: #ffffff !important;background-position: center !important;background-repeat: no-repeat !important;background-size:&#8230;<\/p>\n","protected":false},"author":6,"featured_media":0,"parent":1542,"menu_order":0,"comment_status":"closed","ping_status":"closed","template":"full_width.php","meta":{"inline_featured_image":false,"om_disable_all_campaigns":false,"_monsterinsights_skip_tracking":false,"_monsterinsights_sitenote_active":false,"_monsterinsights_sitenote_note":"","_monsterinsights_sitenote_category":0,"_uf_show_specific_survey":0,"_uf_disable_surveys":false,"footnotes":""},"class_list":["post-17805","page","type-page","status-publish","hentry"],"aioseo_notices":[],"yoast_head":"<!-- This site is optimized with the Yoast SEO Premium plugin v26.1 (Yoast SEO v26.5) - https:\/\/yoast.com\/wordpress\/plugins\/seo\/ -->\n<title>Radiologie proc\u00e9durale bloc facettaire - Cliniques m\u00e9dicales Lacroix<\/title>\n<meta name=\"description\" content=\"Dr \u00c9ric Roy, radiologue, offre ses services en radiologie proc\u00e9durale, bloc facettaire (injection de m\u00e9dicaments aux facettes articulaires)\" \/>\n<meta name=\"robots\" content=\"index, follow, max-snippet:-1, max-image-preview:large, max-video-preview:-1\" \/>\n<link rel=\"canonical\" href=\"https:\/\/cliniquesmedicaleslacroix.enconstruction.website\/fr\/services\/medecine-specialisee\/infiltrations-lombaires\/\" \/>\n<meta property=\"og:locale\" content=\"fr_FR\" \/>\n<meta property=\"og:type\" content=\"article\" \/>\n<meta property=\"og:title\" content=\"Infiltrations lombaires, bloc facettaire\" \/>\n<meta property=\"og:description\" content=\"Dr \u00c9ric Roy, radiologue, offre ses services en radiologie proc\u00e9durale, bloc facettaire (injection de m\u00e9dicaments aux facettes articulaires)\" \/>\n<meta property=\"og:url\" content=\"https:\/\/cliniquesmedicaleslacroix.enconstruction.website\/fr\/services\/medecine-specialisee\/infiltrations-lombaires\/\" \/>\n<meta property=\"og:site_name\" content=\"Cliniques m\u00e9dicales Lacroix\" \/>\n<meta property=\"article:publisher\" content=\"https:\/\/www.facebook.com\/cliniquesmedicaleslacroix\/\" \/>\n<meta property=\"article:modified_time\" content=\"2023-11-17T10:29:20+00:00\" \/>\n<meta property=\"og:image\" content=\"https:\/\/cliniquesmedicaleslacroix.enconstruction.website\/wp-content\/uploads\/2018\/05\/family-1.jpg\" \/>\n\t<meta property=\"og:image:width\" content=\"1000\" \/>\n\t<meta property=\"og:image:height\" content=\"708\" \/>\n\t<meta property=\"og:image:type\" content=\"image\/jpeg\" \/>\n<meta name=\"twitter:card\" content=\"summary_large_image\" \/>\n<meta name=\"twitter:label1\" content=\"Dur\u00e9e de lecture estim\u00e9e\" \/>\n\t<meta name=\"twitter:data1\" content=\"3 minutes\" \/>\n<script type=\"application\/ld+json\" class=\"yoast-schema-graph\">{\"@context\":\"https:\/\/schema.org\",\"@graph\":[{\"@type\":\"WebPage\",\"@id\":\"https:\/\/cliniquesmedicaleslacroix.enconstruction.website\/fr\/services\/medecine-specialisee\/infiltrations-lombaires\/\",\"url\":\"https:\/\/cliniquesmedicaleslacroix.enconstruction.website\/fr\/services\/medecine-specialisee\/infiltrations-lombaires\/\",\"name\":\"Radiologie proc\u00e9durale bloc facettaire - Cliniques m\u00e9dicales Lacroix\",\"isPartOf\":{\"@id\":\"https:\/\/cliniquesmedicaleslacroix.enconstruction.website\/fr\/#website\"},\"datePublished\":\"2022-04-15T19:23:00+00:00\",\"dateModified\":\"2023-11-17T10:29:20+00:00\",\"description\":\"Dr \u00c9ric Roy, radiologue, offre ses services en radiologie proc\u00e9durale, bloc facettaire (injection de m\u00e9dicaments aux facettes articulaires)\",\"breadcrumb\":{\"@id\":\"https:\/\/cliniquesmedicaleslacroix.enconstruction.website\/fr\/services\/medecine-specialisee\/infiltrations-lombaires\/#breadcrumb\"},\"inLanguage\":\"fr-FR\",\"potentialAction\":[{\"@type\":\"ReadAction\",\"target\":[\"https:\/\/cliniquesmedicaleslacroix.enconstruction.website\/fr\/services\/medecine-specialisee\/infiltrations-lombaires\/\"]}]},{\"@type\":\"BreadcrumbList\",\"@id\":\"https:\/\/cliniquesmedicaleslacroix.enconstruction.website\/fr\/services\/medecine-specialisee\/infiltrations-lombaires\/#breadcrumb\",\"itemListElement\":[{\"@type\":\"ListItem\",\"position\":1,\"name\":\"Accueil\",\"item\":\"https:\/\/cliniquesmedicaleslacroix.enconstruction.website\/fr\/\"},{\"@type\":\"ListItem\",\"position\":2,\"name\":\"Services\",\"item\":\"https:\/\/cliniquesmedicaleslacroix.enconstruction.website\/fr\/services\/\"},{\"@type\":\"ListItem\",\"position\":3,\"name\":\"M\u00e9decine sp\u00e9cialis\u00e9e\",\"item\":\"https:\/\/cliniquesmedicaleslacroix.enconstruction.website\/fr\/services\/medecine-specialisee\/\"},{\"@type\":\"ListItem\",\"position\":4,\"name\":\"Infiltrations lombaires, bloc facettaire\"}]},{\"@type\":\"WebSite\",\"@id\":\"https:\/\/cliniquesmedicaleslacroix.enconstruction.website\/fr\/#website\",\"url\":\"https:\/\/cliniquesmedicaleslacroix.enconstruction.website\/fr\/\",\"name\":\"Cliniques m\u00e9dicales Lacroix\",\"description\":\"Prioriser la sant\u00e9\",\"potentialAction\":[{\"@type\":\"SearchAction\",\"target\":{\"@type\":\"EntryPoint\",\"urlTemplate\":\"https:\/\/cliniquesmedicaleslacroix.enconstruction.website\/fr\/?s={search_term_string}\"},\"query-input\":{\"@type\":\"PropertyValueSpecification\",\"valueRequired\":true,\"valueName\":\"search_term_string\"}}],\"inLanguage\":\"fr-FR\"}]}<\/script>\n<!-- \/ Yoast SEO Premium plugin. -->","yoast_head_json":{"title":"Radiologie proc\u00e9durale bloc facettaire - Cliniques m\u00e9dicales Lacroix","description":"Dr \u00c9ric Roy, radiologue, offre ses services en radiologie proc\u00e9durale, bloc facettaire (injection de m\u00e9dicaments aux facettes articulaires)","robots":{"index":"index","follow":"follow","max-snippet":"max-snippet:-1","max-image-preview":"max-image-preview:large","max-video-preview":"max-video-preview:-1"},"canonical":"https:\/\/cliniquesmedicaleslacroix.enconstruction.website\/fr\/services\/medecine-specialisee\/infiltrations-lombaires\/","og_locale":"fr_FR","og_type":"article","og_title":"Infiltrations lombaires, bloc facettaire","og_description":"Dr \u00c9ric Roy, radiologue, offre ses services en radiologie proc\u00e9durale, bloc facettaire (injection de m\u00e9dicaments aux facettes articulaires)","og_url":"https:\/\/cliniquesmedicaleslacroix.enconstruction.website\/fr\/services\/medecine-specialisee\/infiltrations-lombaires\/","og_site_name":"Cliniques m\u00e9dicales Lacroix","article_publisher":"https:\/\/www.facebook.com\/cliniquesmedicaleslacroix\/","article_modified_time":"2023-11-17T10:29:20+00:00","og_image":[{"width":1000,"height":708,"url":"https:\/\/cliniquesmedicaleslacroix.enconstruction.website\/wp-content\/uploads\/2018\/05\/family-1.jpg","type":"image\/jpeg"}],"twitter_card":"summary_large_image","twitter_misc":{"Dur\u00e9e de lecture estim\u00e9e":"3 minutes"},"schema":{"@context":"https:\/\/schema.org","@graph":[{"@type":"WebPage","@id":"https:\/\/cliniquesmedicaleslacroix.enconstruction.website\/fr\/services\/medecine-specialisee\/infiltrations-lombaires\/","url":"https:\/\/cliniquesmedicaleslacroix.enconstruction.website\/fr\/services\/medecine-specialisee\/infiltrations-lombaires\/","name":"Radiologie proc\u00e9durale bloc facettaire - Cliniques m\u00e9dicales Lacroix","isPartOf":{"@id":"https:\/\/cliniquesmedicaleslacroix.enconstruction.website\/fr\/#website"},"datePublished":"2022-04-15T19:23:00+00:00","dateModified":"2023-11-17T10:29:20+00:00","description":"Dr \u00c9ric Roy, radiologue, offre ses services en radiologie proc\u00e9durale, bloc facettaire (injection de m\u00e9dicaments aux facettes articulaires)","breadcrumb":{"@id":"https:\/\/cliniquesmedicaleslacroix.enconstruction.website\/fr\/services\/medecine-specialisee\/infiltrations-lombaires\/#breadcrumb"},"inLanguage":"fr-FR","potentialAction":[{"@type":"ReadAction","target":["https:\/\/cliniquesmedicaleslacroix.enconstruction.website\/fr\/services\/medecine-specialisee\/infiltrations-lombaires\/"]}]},{"@type":"BreadcrumbList","@id":"https:\/\/cliniquesmedicaleslacroix.enconstruction.website\/fr\/services\/medecine-specialisee\/infiltrations-lombaires\/#breadcrumb","itemListElement":[{"@type":"ListItem","position":1,"name":"Accueil","item":"https:\/\/cliniquesmedicaleslacroix.enconstruction.website\/fr\/"},{"@type":"ListItem","position":2,"name":"Services","item":"https:\/\/cliniquesmedicaleslacroix.enconstruction.website\/fr\/services\/"},{"@type":"ListItem","position":3,"name":"M\u00e9decine sp\u00e9cialis\u00e9e","item":"https:\/\/cliniquesmedicaleslacroix.enconstruction.website\/fr\/services\/medecine-specialisee\/"},{"@type":"ListItem","position":4,"name":"Infiltrations lombaires, bloc facettaire"}]},{"@type":"WebSite","@id":"https:\/\/cliniquesmedicaleslacroix.enconstruction.website\/fr\/#website","url":"https:\/\/cliniquesmedicaleslacroix.enconstruction.website\/fr\/","name":"Cliniques m\u00e9dicales Lacroix","description":"Prioriser la sant\u00e9","potentialAction":[{"@type":"SearchAction","target":{"@type":"EntryPoint","urlTemplate":"https:\/\/cliniquesmedicaleslacroix.enconstruction.website\/fr\/?s={search_term_string}"},"query-input":{"@type":"PropertyValueSpecification","valueRequired":true,"valueName":"search_term_string"}}],"inLanguage":"fr-FR"}]}},"_links":{"self":[{"href":"https:\/\/cliniquesmedicaleslacroix.enconstruction.website\/fr\/wp-json\/wp\/v2\/pages\/17805","targetHints":{"allow":["GET"]}}],"collection":[{"href":"https:\/\/cliniquesmedicaleslacroix.enconstruction.website\/fr\/wp-json\/wp\/v2\/pages"}],"about":[{"href":"https:\/\/cliniquesmedicaleslacroix.enconstruction.website\/fr\/wp-json\/wp\/v2\/types\/page"}],"author":[{"embeddable":true,"href":"https:\/\/cliniquesmedicaleslacroix.enconstruction.website\/fr\/wp-json\/wp\/v2\/users\/6"}],"replies":[{"embeddable":true,"href":"https:\/\/cliniquesmedicaleslacroix.enconstruction.website\/fr\/wp-json\/wp\/v2\/comments?post=17805"}],"version-history":[{"count":0,"href":"https:\/\/cliniquesmedicaleslacroix.enconstruction.website\/fr\/wp-json\/wp\/v2\/pages\/17805\/revisions"}],"up":[{"embeddable":true,"href":"https:\/\/cliniquesmedicaleslacroix.enconstruction.website\/fr\/wp-json\/wp\/v2\/pages\/1542"}],"wp:attachment":[{"href":"https:\/\/cliniquesmedicaleslacroix.enconstruction.website\/fr\/wp-json\/wp\/v2\/media?parent=17805"}],"curies":[{"name":"wp","href":"https:\/\/api.w.org\/{rel}","templated":true}]}}