{"id":2069,"date":"2019-01-17T10:33:59","date_gmt":"2019-01-17T15:33:59","guid":{"rendered":"http:\/\/cliniqueslacroix.enconstruction.website\/?page_id=2069"},"modified":"2022-04-09T09:47:28","modified_gmt":"2022-04-09T13:47:28","slug":"votre-bilan-sante","status":"publish","type":"page","link":"https:\/\/cliniquesmedicaleslacroix.enconstruction.website\/fr\/medias\/votre-bilan-sante\/","title":{"rendered":"\u00c9mission &#8211; Votre bilan sant\u00e9"},"content":{"rendered":"<div class=\"wpb-content-wrapper\"><p>[vc_row css_animation=&#8221;&#8221; row_type=&#8221;row&#8221; use_row_as_full_screen_section=&#8221;no&#8221; type=&#8221;grid&#8221; angled_section=&#8221;no&#8221; text_align=&#8221;left&#8221; background_image_as_pattern=&#8221;without_pattern&#8221; padding_top=&#8221;100&#8243; padding_bottom=&#8221;0&#8243; z_index=&#8221;&#8221;][vc_column width=&#8221;1\/6&#8243;][\/vc_column][vc_column width=&#8221;2\/3&#8243;][vc_column_text]<\/p>\n<p style=\"text-align: center;\"><strong>Votre bilan sant\u00e9<\/strong>\u00a0est une \u00e9mission hebdomadaire diffus\u00e9e sur les ondes de T\u00e9l\u00e9Mag partout au Qu\u00e9bec les samedis \u00e0 18h30. Anim\u00e9e par Dominique B\u00e9langer on y traite de diff\u00e9rents sujets d\u2019ordre m\u00e9dical qui pr\u00e9occupent l\u2019ensemble de la population : TDAH, endocrinologie, orthophonie, probl\u00e8mes de dos et de cou,\u00a0apn\u00e9e du sommeil, bilan de sant\u00e9, m\u00e9decine corporative, urologie, fertilit\u00e9, Alzheimer, diab\u00e8te de type 1 et don d\u2019organes. Consultez nos \u00e9missions, nos chroniques et nos capsules sur cette page ou sur YouTube.<\/p>\n<p>[\/vc_column_text][\/vc_column][vc_column width=&#8221;1\/6&#8243;][\/vc_column][\/vc_row][vc_row css_animation=&#8221;&#8221; row_type=&#8221;row&#8221; use_row_as_full_screen_section=&#8221;no&#8221; type=&#8221;full_width&#8221; angled_section=&#8221;no&#8221; text_align=&#8221;left&#8221; background_image_as_pattern=&#8221;without_pattern&#8221; padding_top=&#8221;120&#8243; padding_bottom=&#8221;20&#8243; z_index=&#8221;&#8221;][vc_column width=&#8221;1\/2&#8243;][vc_video link=&#8221;https:\/\/youtu.be\/4fm-HhfsnPA&#8221;][vc_empty_space][vc_column_text]<\/p>\n<h3>Semaine 1 |\u00a0L\u2019importance du bilan de sant\u00e9<\/h3>\n<p>Cette semaine on re\u00e7oit David Blondeau, Dr Gilles Brisson et Vincent Comtois.[\/vc_column_text][\/vc_column][vc_column width=&#8221;1\/2&#8243;][vc_video link=&#8221;https:\/\/youtu.be\/1G-I6fv8sQA&#8221;][vc_empty_space][vc_column_text]<\/p>\n<h3>Semaine 2 |\u00a0La m\u00e9decine corporative<\/h3>\n<p>Cette semaine nous discutons des avantages pour un dirigeant d\u2019entreprise d\u2019offrir \u00e0 ses employ\u00e9s l\u2019acc\u00e8s \u00e0 un m\u00e9decin, avec M. Normand Pepin. On re\u00e7oit M. David Blondeau qui nous parle des avantages financiers d\u2019avoir des employ\u00e9s en sant\u00e9, et Dr Gilles Brisson vient nous renseigner sur les diff\u00e9rentes analyses disponibles en laboratoire.[\/vc_column_text][\/vc_column][\/vc_row][vc_row css_animation=&#8221;&#8221; row_type=&#8221;row&#8221; use_row_as_full_screen_section=&#8221;no&#8221; type=&#8221;full_width&#8221; angled_section=&#8221;no&#8221; text_align=&#8221;left&#8221; background_image_as_pattern=&#8221;without_pattern&#8221; padding_top=&#8221;20&#8243; padding_bottom=&#8221;20&#8243; z_index=&#8221;&#8221;][vc_column width=&#8221;1\/3&#8243;][vc_video link=&#8221;https:\/\/youtu.be\/NHZOeH76wHc&#8221;][vc_empty_space][vc_column_text]<\/p>\n<h3>Semaine 4 | L\u2019orthop\u00e9die<\/h3>\n<p>Cette semaine nous discutons d\u2019orthop\u00e9die avec Dr Jacques Toueg, orthop\u00e9diste et propri\u00e9taire de l\u2019Institut de chirurgie sp\u00e9cialis\u00e9e de Montr\u00e9al. De la perte de poids chez la femme avec Vincent Comtois, pr\u00e9parateur physique, naturopathe et VP d\u2019ATP. Et d\u2019hypertension avec Isabelle Lessard, pharmacienne chez Familiprix.[\/vc_column_text][\/vc_column][vc_column width=&#8221;1\/3&#8243;][vc_video link=&#8221;https:\/\/youtu.be\/sI36mYcfEUU&#8221;][vc_empty_space][vc_column_text]<\/p>\n<h3>Semaine 5 |\u00a0La fertilit\u00e9<\/h3>\n<p>Cette semaine nous discutons de fertilit\u00e9 avec Dr Roland Tremblay, endocrinologue, et Dr Gilles Brisson, pr\u00e9sident et directeur scientifique du Laboratoire BNK, et de grossesse avec Louise-Andr\u00e9e Marceau, pharmacienne chez Familiprix.[\/vc_column_text][\/vc_column][vc_column width=&#8221;1\/3&#8243;][vc_video link=&#8221;https:\/\/youtu.be\/ii3LEwVNhLA&#8221;][vc_empty_space][vc_column_text]<\/p>\n<h3>Semaine 6 | Andropause et m\u00e9nopause<\/h3>\n<p>Cette semaine nous discutons de m\u00e9nopause et d\u2019andropause avec Dr Roland Tremblay, endocrinologue, et de sant\u00e9 voyage avec Isabelle Lessard, pharmacienne. Et notre VOX POP est : Pour vous, la conciliation travail \/ famille c\u2019est\u2026[\/vc_column_text][\/vc_column][\/vc_row][vc_row css_animation=&#8221;&#8221; row_type=&#8221;row&#8221; use_row_as_full_screen_section=&#8221;no&#8221; type=&#8221;full_width&#8221; angled_section=&#8221;no&#8221; text_align=&#8221;left&#8221; background_image_as_pattern=&#8221;without_pattern&#8221; padding_top=&#8221;20&#8243; padding_bottom=&#8221;20&#8243; z_index=&#8221;&#8221;][vc_column width=&#8221;1\/3&#8243;][vc_video link=&#8221;https:\/\/youtu.be\/M3IdCx9kdbM&#8221;][vc_empty_space][vc_column_text]<\/p>\n<h3>Semaine 7 | Les retards et troubles de langage chez l\u2019enfant<\/h3>\n<p>Cette semaine on discute des retards et troubles de langage chez l\u2019enfant avec Karine Ross, orthophoniste chez Orthophonie Comm\u2019Unik. Accompagn\u00e9e de Ma\u00e9ly et de Charlotte, Karine donnera un aper\u00e7u des activit\u00e9s qu\u2019elle peut faire en consultation. Nous discutons \u00e9galement d\u2019allergies saisonni\u00e8res avec Louise-Andr\u00e9e Marceau, pharmacienne.[\/vc_column_text][\/vc_column][vc_column width=&#8221;1\/3&#8243;][vc_video link=&#8221;https:\/\/youtu.be\/d9ehOPNXwlM&#8221;][vc_empty_space][vc_column_text]<\/p>\n<h3>Semaine 8 |\u00a0L&#8217;apn\u00e9e du sommeil<\/h3>\n<p>Cette semaine, nous discutons de l\u2019apn\u00e9e du sommeil avec Dr Jean Roy, Coordonnateur de la Clinique d\u2019apn\u00e9e du sommeil, r\u00e9seau des Cliniques m\u00e9dicales Lacroix. Dans notre chronique votre pharmacien vous informe, Caroline Beaulieu, pharmacienne, nous donne des trucs pour favoriser un meilleur sommeil. Et Vincent Comtois, pr\u00e9parateur physique et vice-pr\u00e9sident d\u2019ATP, nous parle des diff\u00e9rents moments pour s\u2019entra\u00eener afin d\u2019obtenir les r\u00e9sultats souhait\u00e9s.[\/vc_column_text][\/vc_column][vc_column width=&#8221;1\/3&#8243;][vc_video link=&#8221;https:\/\/youtu.be\/dtqzA39rdmA&#8221;][vc_empty_space][vc_column_text]<\/p>\n<h3>Semaine 9 | L\u2019Alzheimer<\/h3>\n<p>Cette semaine nous discutons de la maladie d\u2019Alzheimer avec Dr R\u00e9mi Bouchard, Neurologue et directeur de la Clinique Interdisciplinaire de m\u00e9moire du CHU de Qu\u00e9bec. On d\u00e9mystifie les suppl\u00e9ments alimentaires avec Vincent Comtois, pr\u00e9parateur physique, Ultra Performance, et vice-pr\u00e9sident d\u2019ATP. Caroline Beaulieu, pharmacienne, nous donne des trucs pour demeurer en sant\u00e9 pour longtemps.[\/vc_column_text][\/vc_column][\/vc_row][vc_row css_animation=&#8221;&#8221; row_type=&#8221;row&#8221; use_row_as_full_screen_section=&#8221;no&#8221; type=&#8221;full_width&#8221; angled_section=&#8221;no&#8221; text_align=&#8221;left&#8221; background_image_as_pattern=&#8221;without_pattern&#8221; padding_top=&#8221;20&#8243; padding_bottom=&#8221;200&#8243; z_index=&#8221;&#8221;][vc_column width=&#8221;1\/3&#8243;][vc_video link=&#8221;https:\/\/youtu.be\/R9Nd7fI6DQ4&#8243;][vc_empty_space][vc_column_text]<\/p>\n<h3>Semaine 10 | Le don de sang<\/h3>\n<p>Cette semaine nous discutons du don de sang avec le porte-parole d\u2019H\u00c9MA QU\u00c9BEC, monsieur Laurent Paul M\u00e9nard. Dans notre chronique Familiprix, nous discutons du syst\u00e8me digestif d\u2019un bout \u00e0 l\u2019autre, en compagnie de Caroline Beaulieu, pharmacienne. Notre co-animatrice, Dominique B\u00e9langer, rel\u00e8vera un d\u00e9fi au cours des prochains mois pour retrouver la forme et un poids souhait\u00e9. Cette semaine, voyez la premi\u00e8re partie de sa consultation avec son entra\u00eeneur priv\u00e9, Vincent Comtois, pr\u00e9parateur physique et vice-pr\u00e9sident d\u2019ATP.[\/vc_column_text][\/vc_column][vc_column width=&#8221;1\/3&#8243;][vc_video link=&#8221;https:\/\/youtu.be\/AM7X41gG5YA&#8221;][vc_empty_space][vc_column_text]<\/p>\n<h3>Semaine 11 | Le diab\u00e8te de type 1<\/h3>\n<p>Cette semaine, nous discutons du diab\u00e8te de type 1 avec Dr Marc Lacroix, Mayabelle Marchand, \u00e2g\u00e9e de 9 ans, et de sa m\u00e8re, Corine B\u00e9langer. Dans notre chronique Familiprix, nous discutons du diab\u00e8te en compagnie de Sophie Di Gaetano, pharmacienne. Et notre co animatrice, Dominique B\u00e9langer, qui rel\u00e8ve un d\u00e9fi pour retrouver la forme et un poids souhait\u00e9, nous pr\u00e9sente la 2e partie de sa consultation en compagnie de son entra\u00eeneur priv\u00e9, Vincent Comtois, pr\u00e9parateur physique et vice-pr\u00e9sident d\u2019ATP.[\/vc_column_text][\/vc_column][\/vc_row]<\/p>\n<\/div>","protected":false},"excerpt":{"rendered":"<p>[vc_row css_animation=&#8221;&#8221; row_type=&#8221;row&#8221; use_row_as_full_screen_section=&#8221;no&#8221; type=&#8221;grid&#8221; angled_section=&#8221;no&#8221; text_align=&#8221;left&#8221; background_image_as_pattern=&#8221;without_pattern&#8221; padding_top=&#8221;100&#8243; padding_bottom=&#8221;0&#8243; z_index=&#8221;&#8221;][vc_column width=&#8221;1\/6&#8243;][\/vc_column][vc_column width=&#8221;2\/3&#8243;][vc_column_text] Votre bilan sant\u00e9\u00a0est une \u00e9mission hebdomadaire diffus\u00e9e&#8230;<\/p>\n","protected":false},"author":1,"featured_media":0,"parent":1276,"menu_order":0,"comment_status":"closed","ping_status":"closed","template":"","meta":{"inline_featured_image":false,"om_disable_all_campaigns":false,"_monsterinsights_skip_tracking":false,"_monsterinsights_sitenote_active":false,"_monsterinsights_sitenote_note":"","_monsterinsights_sitenote_category":0,"_uf_show_specific_survey":0,"_uf_disable_surveys":false,"footnotes":""},"class_list":["post-2069","page","type-page","status-publish","hentry"],"aioseo_notices":[],"yoast_head":"<!-- This site is optimized with the Yoast SEO Premium plugin v26.1 (Yoast SEO v26.5) - https:\/\/yoast.com\/wordpress\/plugins\/seo\/ -->\n<title>\u00c9mission - Votre bilan sant\u00e9 - Cliniques m\u00e9dicales Lacroix<\/title>\n<meta name=\"robots\" content=\"index, follow, max-snippet:-1, max-image-preview:large, max-video-preview:-1\" \/>\n<link rel=\"canonical\" href=\"https:\/\/cliniquesmedicaleslacroix.enconstruction.website\/fr\/medias\/votre-bilan-sante\/\" \/>\n<meta property=\"og:locale\" content=\"fr_FR\" \/>\n<meta property=\"og:type\" content=\"article\" \/>\n<meta property=\"og:title\" content=\"\u00c9mission - Votre bilan sant\u00e9\" \/>\n<meta property=\"og:description\" content=\"[vc_row css_animation=&#8221;&#8221; row_type=&#8221;row&#8221; use_row_as_full_screen_section=&#8221;no&#8221; type=&#8221;grid&#8221; angled_section=&#8221;no&#8221; text_align=&#8221;left&#8221; background_image_as_pattern=&#8221;without_pattern&#8221; padding_top=&#8221;100&#8243; padding_bottom=&#8221;0&#8243; z_index=&#8221;&#8221;][vc_column width=&#8221;1\/6&#8243;][\/vc_column][vc_column width=&#8221;2\/3&#8243;][vc_column_text] Votre bilan sant\u00e9\u00a0est une \u00e9mission hebdomadaire diffus\u00e9e...\" \/>\n<meta property=\"og:url\" content=\"https:\/\/cliniquesmedicaleslacroix.enconstruction.website\/fr\/medias\/votre-bilan-sante\/\" \/>\n<meta property=\"og:site_name\" content=\"Cliniques m\u00e9dicales Lacroix\" \/>\n<meta property=\"article:publisher\" content=\"https:\/\/www.facebook.com\/cliniquesmedicaleslacroix\/\" \/>\n<meta property=\"article:modified_time\" content=\"2022-04-09T13:47:28+00:00\" \/>\n<meta property=\"og:image\" content=\"https:\/\/cliniquesmedicaleslacroix.enconstruction.website\/wp-content\/uploads\/2018\/05\/family-1.jpg\" \/>\n\t<meta property=\"og:image:width\" content=\"1000\" \/>\n\t<meta property=\"og:image:height\" content=\"708\" \/>\n\t<meta property=\"og:image:type\" content=\"image\/jpeg\" \/>\n<meta name=\"twitter:card\" content=\"summary_large_image\" \/>\n<meta name=\"twitter:label1\" content=\"Dur\u00e9e de lecture estim\u00e9e\" \/>\n\t<meta name=\"twitter:data1\" content=\"4 minutes\" \/>\n<script type=\"application\/ld+json\" class=\"yoast-schema-graph\">{\"@context\":\"https:\/\/schema.org\",\"@graph\":[{\"@type\":\"WebPage\",\"@id\":\"https:\/\/cliniquesmedicaleslacroix.enconstruction.website\/fr\/medias\/votre-bilan-sante\/\",\"url\":\"https:\/\/cliniquesmedicaleslacroix.enconstruction.website\/fr\/medias\/votre-bilan-sante\/\",\"name\":\"\u00c9mission - Votre bilan sant\u00e9 - Cliniques m\u00e9dicales Lacroix\",\"isPartOf\":{\"@id\":\"https:\/\/cliniquesmedicaleslacroix.enconstruction.website\/fr\/#website\"},\"datePublished\":\"2019-01-17T15:33:59+00:00\",\"dateModified\":\"2022-04-09T13:47:28+00:00\",\"breadcrumb\":{\"@id\":\"https:\/\/cliniquesmedicaleslacroix.enconstruction.website\/fr\/medias\/votre-bilan-sante\/#breadcrumb\"},\"inLanguage\":\"fr-FR\",\"potentialAction\":[{\"@type\":\"ReadAction\",\"target\":[\"https:\/\/cliniquesmedicaleslacroix.enconstruction.website\/fr\/medias\/votre-bilan-sante\/\"]}]},{\"@type\":\"BreadcrumbList\",\"@id\":\"https:\/\/cliniquesmedicaleslacroix.enconstruction.website\/fr\/medias\/votre-bilan-sante\/#breadcrumb\",\"itemListElement\":[{\"@type\":\"ListItem\",\"position\":1,\"name\":\"Accueil\",\"item\":\"https:\/\/cliniquesmedicaleslacroix.enconstruction.website\/fr\/\"},{\"@type\":\"ListItem\",\"position\":2,\"name\":\"M\u00e9dias\",\"item\":\"https:\/\/cliniquesmedicaleslacroix.enconstruction.website\/fr\/medias\/\"},{\"@type\":\"ListItem\",\"position\":3,\"name\":\"\u00c9mission &#8211; Votre bilan sant\u00e9\"}]},{\"@type\":\"WebSite\",\"@id\":\"https:\/\/cliniquesmedicaleslacroix.enconstruction.website\/fr\/#website\",\"url\":\"https:\/\/cliniquesmedicaleslacroix.enconstruction.website\/fr\/\",\"name\":\"Cliniques m\u00e9dicales Lacroix\",\"description\":\"Prioriser la sant\u00e9\",\"potentialAction\":[{\"@type\":\"SearchAction\",\"target\":{\"@type\":\"EntryPoint\",\"urlTemplate\":\"https:\/\/cliniquesmedicaleslacroix.enconstruction.website\/fr\/?s={search_term_string}\"},\"query-input\":{\"@type\":\"PropertyValueSpecification\",\"valueRequired\":true,\"valueName\":\"search_term_string\"}}],\"inLanguage\":\"fr-FR\"}]}<\/script>\n<!-- \/ Yoast SEO Premium plugin. -->","yoast_head_json":{"title":"\u00c9mission - Votre bilan sant\u00e9 - Cliniques m\u00e9dicales Lacroix","robots":{"index":"index","follow":"follow","max-snippet":"max-snippet:-1","max-image-preview":"max-image-preview:large","max-video-preview":"max-video-preview:-1"},"canonical":"https:\/\/cliniquesmedicaleslacroix.enconstruction.website\/fr\/medias\/votre-bilan-sante\/","og_locale":"fr_FR","og_type":"article","og_title":"\u00c9mission - Votre bilan sant\u00e9","og_description":"[vc_row css_animation=&#8221;&#8221; row_type=&#8221;row&#8221; use_row_as_full_screen_section=&#8221;no&#8221; type=&#8221;grid&#8221; angled_section=&#8221;no&#8221; text_align=&#8221;left&#8221; background_image_as_pattern=&#8221;without_pattern&#8221; padding_top=&#8221;100&#8243; padding_bottom=&#8221;0&#8243; z_index=&#8221;&#8221;][vc_column width=&#8221;1\/6&#8243;][\/vc_column][vc_column width=&#8221;2\/3&#8243;][vc_column_text] Votre bilan sant\u00e9\u00a0est une \u00e9mission hebdomadaire diffus\u00e9e...","og_url":"https:\/\/cliniquesmedicaleslacroix.enconstruction.website\/fr\/medias\/votre-bilan-sante\/","og_site_name":"Cliniques m\u00e9dicales Lacroix","article_publisher":"https:\/\/www.facebook.com\/cliniquesmedicaleslacroix\/","article_modified_time":"2022-04-09T13:47:28+00:00","og_image":[{"width":1000,"height":708,"url":"https:\/\/cliniquesmedicaleslacroix.enconstruction.website\/wp-content\/uploads\/2018\/05\/family-1.jpg","type":"image\/jpeg"}],"twitter_card":"summary_large_image","twitter_misc":{"Dur\u00e9e de lecture estim\u00e9e":"4 minutes"},"schema":{"@context":"https:\/\/schema.org","@graph":[{"@type":"WebPage","@id":"https:\/\/cliniquesmedicaleslacroix.enconstruction.website\/fr\/medias\/votre-bilan-sante\/","url":"https:\/\/cliniquesmedicaleslacroix.enconstruction.website\/fr\/medias\/votre-bilan-sante\/","name":"\u00c9mission - Votre bilan sant\u00e9 - Cliniques m\u00e9dicales Lacroix","isPartOf":{"@id":"https:\/\/cliniquesmedicaleslacroix.enconstruction.website\/fr\/#website"},"datePublished":"2019-01-17T15:33:59+00:00","dateModified":"2022-04-09T13:47:28+00:00","breadcrumb":{"@id":"https:\/\/cliniquesmedicaleslacroix.enconstruction.website\/fr\/medias\/votre-bilan-sante\/#breadcrumb"},"inLanguage":"fr-FR","potentialAction":[{"@type":"ReadAction","target":["https:\/\/cliniquesmedicaleslacroix.enconstruction.website\/fr\/medias\/votre-bilan-sante\/"]}]},{"@type":"BreadcrumbList","@id":"https:\/\/cliniquesmedicaleslacroix.enconstruction.website\/fr\/medias\/votre-bilan-sante\/#breadcrumb","itemListElement":[{"@type":"ListItem","position":1,"name":"Accueil","item":"https:\/\/cliniquesmedicaleslacroix.enconstruction.website\/fr\/"},{"@type":"ListItem","position":2,"name":"M\u00e9dias","item":"https:\/\/cliniquesmedicaleslacroix.enconstruction.website\/fr\/medias\/"},{"@type":"ListItem","position":3,"name":"\u00c9mission &#8211; Votre bilan sant\u00e9"}]},{"@type":"WebSite","@id":"https:\/\/cliniquesmedicaleslacroix.enconstruction.website\/fr\/#website","url":"https:\/\/cliniquesmedicaleslacroix.enconstruction.website\/fr\/","name":"Cliniques m\u00e9dicales Lacroix","description":"Prioriser la sant\u00e9","potentialAction":[{"@type":"SearchAction","target":{"@type":"EntryPoint","urlTemplate":"https:\/\/cliniquesmedicaleslacroix.enconstruction.website\/fr\/?s={search_term_string}"},"query-input":{"@type":"PropertyValueSpecification","valueRequired":true,"valueName":"search_term_string"}}],"inLanguage":"fr-FR"}]}},"_links":{"self":[{"href":"https:\/\/cliniquesmedicaleslacroix.enconstruction.website\/fr\/wp-json\/wp\/v2\/pages\/2069","targetHints":{"allow":["GET"]}}],"collection":[{"href":"https:\/\/cliniquesmedicaleslacroix.enconstruction.website\/fr\/wp-json\/wp\/v2\/pages"}],"about":[{"href":"https:\/\/cliniquesmedicaleslacroix.enconstruction.website\/fr\/wp-json\/wp\/v2\/types\/page"}],"author":[{"embeddable":true,"href":"https:\/\/cliniquesmedicaleslacroix.enconstruction.website\/fr\/wp-json\/wp\/v2\/users\/1"}],"replies":[{"embeddable":true,"href":"https:\/\/cliniquesmedicaleslacroix.enconstruction.website\/fr\/wp-json\/wp\/v2\/comments?post=2069"}],"version-history":[{"count":0,"href":"https:\/\/cliniquesmedicaleslacroix.enconstruction.website\/fr\/wp-json\/wp\/v2\/pages\/2069\/revisions"}],"up":[{"embeddable":true,"href":"https:\/\/cliniquesmedicaleslacroix.enconstruction.website\/fr\/wp-json\/wp\/v2\/pages\/1276"}],"wp:attachment":[{"href":"https:\/\/cliniquesmedicaleslacroix.enconstruction.website\/fr\/wp-json\/wp\/v2\/media?parent=2069"}],"curies":[{"name":"wp","href":"https:\/\/api.w.org\/{rel}","templated":true}]}}