{"id":20870,"date":"2023-04-07T09:12:56","date_gmt":"2023-04-07T13:12:56","guid":{"rendered":"https:\/\/cliniquesmedicaleslacroix.com\/?page_id=20870"},"modified":"2025-11-13T14:05:31","modified_gmt":"2025-11-13T19:05:31","slug":"rhumatologie","status":"publish","type":"page","link":"https:\/\/cliniquesmedicaleslacroix.enconstruction.website\/fr\/services\/medecine-specialisee\/rhumatologie\/","title":{"rendered":"Rhumatologie"},"content":{"rendered":"<div class=\"wpb-content-wrapper\"><p>[vc_row css_animation=&#8221;&#8221; row_type=&#8221;row&#8221; use_row_as_full_screen_section=&#8221;no&#8221; type=&#8221;grid&#8221; angled_section=&#8221;no&#8221; text_align=&#8221;left&#8221; background_image_as_pattern=&#8221;without_pattern&#8221; padding_top=&#8221;119&#8243; padding_bottom=&#8221;87&#8243; z_index=&#8221;&#8221; css=&#8221;.vc_custom_1515745451587{background-color: #ffffff !important;}&#8221;][vc_column offset=&#8221;vc_col-md-6&#8243;][vc_separator type=&#8221;transparent&#8221; up=&#8221;-18&#8243;][vc_column_text]<\/p>\n<h1 class=\"titre1\">Rhumatologie en clinique priv\u00e9e<\/h1>\n<p class=\"titre2\">Vous souffrez d&#8217;arthrite? Nous pouvons vous aider.<\/p>\n<p>[\/vc_column_text][vc_separator type=&#8221;small&#8221; position=&#8221;left&#8221; color=&#8221;#cd2122&#8243; thickness=&#8221;4&#8243; width=&#8221;48&#8243; up=&#8221;17&#8243; down=&#8221;27&#8243;][vc_column_text]La rhumatologie est une branche de la m\u00e9decine qui se concentre sur le diagnostic et le traitement des maladies et des troubles affectant les articulations, les os, les muscles et les tissus mous qui soutiennent les organes et les tissus du corps. Les rhumatologues sont des m\u00e9decins sp\u00e9cialis\u00e9s dans ce domaine et ils traitent des conditions telles que l&#8217;arthrite, la fibromyalgie, la goutte, le lupus, la scl\u00e9rose en plaques, la spondylarthrite ankylosante et d&#8217;autres maladies auto-immunes et inflammatoires. Les traitements peuvent inclure des m\u00e9dicaments, une th\u00e9rapie physique, une th\u00e9rapie par injection, une chirurgie et des changements de mode de vie pour aider \u00e0 r\u00e9duire la douleur et \u00e0 am\u00e9liorer la fonction physique.[\/vc_column_text][vc_empty_space height=&#8221;36px&#8221;][\/vc_column][vc_column offset=&#8221;vc_col-md-6&#8243;][vc_empty_space height=&#8221;40px&#8221;][vc_single_image image=&#8221;20879&#8243; img_size=&#8221;full&#8221; alignment=&#8221;center&#8221; qode_css_animation=&#8221;&#8221;][vc_empty_space height=&#8221;30px&#8221;][\/vc_column][\/vc_row][vc_row css_animation=&#8221;&#8221; row_type=&#8221;row&#8221; use_row_as_full_screen_section=&#8221;no&#8221; type=&#8221;grid&#8221; angled_section=&#8221;no&#8221; text_align=&#8221;left&#8221; background_image_as_pattern=&#8221;without_pattern&#8221; z_index=&#8221;&#8221; css=&#8221;.vc_custom_1681874151364{margin-top: -60px !important;margin-bottom: 80px !important;background-color: #ffffff !important;}&#8221;][vc_column][vc_column_text css=&#8221;.vc_custom_1652105255610{margin-top: 60px !important;margin-bottom: 60px !important;border-top-width: 2px !important;border-right-width: 2px !important;border-bottom-width: 2px !important;border-left-width: 2px !important;padding-top: 20px !important;padding-right: 30px !important;padding-bottom: 20px !important;padding-left: 30px !important;border-left-color: #cccccc !important;border-left-style: solid !important;border-right-color: #cccccc !important;border-right-style: solid !important;border-top-color: #cccccc !important;border-top-style: solid !important;border-bottom-color: #cccccc !important;border-bottom-style: solid !important;border-radius: 15px !important;}&#8221;]<\/p>\n<h3><strong>Le saviez-vous?<\/strong><\/h3>\n<h4>Lorsque vous \u00eates membre Lacroix, <strong>vous pouvez en tout temps \u00e9changer deux de vos consultations en m\u00e9decine familiale contre une consultation en m\u00e9decine sp\u00e9cialis\u00e9e*<\/strong>. Pour plus d&#8217;information sur nos formules sant\u00e9 ou pour b\u00e9n\u00e9ficier de cet avantage et r\u00e9server votre rendez-vous, appelez-nous au 1 855 841-1911.<\/h4>\n<p><span style=\"color: #ffffff;\">&#8212;<\/span><br \/>\n<em>* Pour toutes les sp\u00e9cialit\u00e9s \u00e0 l&#8217;exception de la neurologie et la psychiatrie.<\/em>[\/vc_column_text][\/vc_column][\/vc_row][vc_row css_animation=&#8221;&#8221; row_type=&#8221;row&#8221; use_row_as_full_screen_section=&#8221;no&#8221; type=&#8221;full_width&#8221; angled_section=&#8221;no&#8221; text_align=&#8221;center&#8221; background_image_as_pattern=&#8221;without_pattern&#8221; z_index=&#8221;&#8221; css=&#8221;.vc_custom_1525533395041{background-color: #ecebeb !important;}&#8221;][vc_column css=&#8221;.vc_custom_1658506575735{margin-top: -4% !important;}&#8221; offset=&#8221;vc_hidden-lg vc_hidden-md vc_hidden-sm&#8221;][vc_single_image image=&#8221;26514&#8243; img_size=&#8221;full&#8221; css=&#8221;&#8221; qode_css_animation=&#8221;&#8221;][\/vc_column][\/vc_row][vc_row css_animation=&#8221;&#8221; row_type=&#8221;row&#8221; use_row_as_full_screen_section=&#8221;no&#8221; type=&#8221;full_width&#8221; angled_section=&#8221;no&#8221; text_align=&#8221;center&#8221; background_image_as_pattern=&#8221;without_pattern&#8221; z_index=&#8221;&#8221; css=&#8221;.vc_custom_1525533395041{background-color: #ecebeb !important;}&#8221;][vc_column css=&#8221;.vc_custom_1524505892683{margin-top: -4% !important;}&#8221;][qode_elements_holder number_of_columns=&#8221;two_columns&#8221; columns_proportion=&#8221;33_66&#8243;][qode_elements_holder_item background_image=&#8221;26514&#8243; cover=&#8221;yes&#8221; advanced_animations=&#8221;no&#8221;][\/qode_elements_holder_item][qode_elements_holder_item background_color=&#8221;#ececed&#8221; background_image=&#8221;460&#8243; item_padding=&#8221;21% 22% 23.2% 16%&#8221; horizontal_alignment=&#8221;left&#8221; advanced_animations=&#8221;no&#8221; item_padding_1280_1440=&#8221;74px 40px 127px 65px&#8221; item_padding_1024_1280=&#8221;50px 40px 111px 40px&#8221; item_padding_768_1024=&#8221;20px 30px 18px 30px&#8221; item_padding_600_768=&#8221;100px 120px 100px 50px&#8221; item_padding_480_600=&#8221;100px 40px 100px 65px&#8221; item_padding_480=&#8221;30px 30px 80px 30px&#8221;][vc_column_text]<\/p>\n<h4 class=\"titre1\">Qu&#8217;est-ce qu&#8217;un m\u00e9decin rhumatologue?<\/h4>\n<p>Le m\u00e9decin rhumatologue est un professionnel de la sant\u00e9 sp\u00e9cialis\u00e9 dans le diagnostic, le traitement et la gestion des affections touchant les os, les articulations, les muscles, les tendons et les ligaments du corps humain. Les rhumatologues traitent une grande vari\u00e9t\u00e9 de conditions, y compris l&#8217;arthrite, la polyarthrite rhumato\u00efde, l&#8217;ost\u00e9oporose, la spondylarthrite ankylosante, la fibromyalgie, et d&#8217;autres maladies auto-immunes et inflammatoires qui affectent le syst\u00e8me musculosquelettique.<\/p>\n<p><span style=\"color: #ecebeb;\">&#8211;<\/span><\/p>\n<p>Le r\u00f4le du m\u00e9decin rhumatologue consiste \u00e0 effectuer un examen physique approfondi, \u00e0 interpr\u00e9ter les r\u00e9sultats des tests de laboratoire et d&#8217;imagerie, \u00e0 \u00e9tablir un diagnostic pr\u00e9cis et \u00e0 \u00e9laborer un plan de traitement adapt\u00e9 \u00e0 chaque patient. Les traitements peuvent inclure des m\u00e9dicaments, des th\u00e9rapies physiques, des injections, des modifications du mode de vie, et des recommandations d&#8217;exercices et de nutrition pour aider les patients \u00e0 mieux g\u00e9rer leur condition et \u00e0 am\u00e9liorer leur qualit\u00e9 de vie.<\/p>\n<p><span style=\"color: #ecebeb;\">&#8211;<\/span><\/p>\n<p>Les m\u00e9decins rhumatologues peuvent travailler en collaboration avec d&#8217;autres professionnels de la sant\u00e9, tels que des physioth\u00e9rapeutes, des ergoth\u00e9rapeutes et des orthop\u00e9distes, pour offrir des soins holistiques et complets \u00e0 leurs patients. Ils peuvent \u00e9galement \u00eatre impliqu\u00e9s dans la recherche et l&#8217;enseignement pour am\u00e9liorer la compr\u00e9hension et la prise en charge des affections rhumatologiques.[\/vc_column_text][vc_empty_space height=&#8221;30px&#8221;][vc_column_text][\/vc_column_text][\/qode_elements_holder_item][\/qode_elements_holder][\/vc_column][\/vc_row][vc_row css_animation=&#8221;&#8221; row_type=&#8221;row&#8221; use_row_as_full_screen_section=&#8221;no&#8221; type=&#8221;full_width&#8221; angled_section=&#8221;no&#8221; text_align=&#8221;left&#8221; background_image_as_pattern=&#8221;without_pattern&#8221;][vc_column][qode_elements_holder number_of_columns=&#8221;two_columns&#8221;][qode_elements_holder_item item_padding=&#8221;21% 22% 23.2% 16%&#8221; horizontal_alignment=&#8221;left&#8221; advanced_animations=&#8221;no&#8221;][vc_column_text]<\/p>\n<h2 class=\"titre1\">Services offerts en rhumatologie<\/h2>\n<p>[\/vc_column_text][vc_separator type=&#8221;small&#8221; position=&#8221;left&#8221; color=&#8221;#cd2122&#8243; thickness=&#8221;4&#8243; width=&#8221;48&#8243; up=&#8221;17&#8243; down=&#8221;27&#8243;][vc_column_text]<\/p>\n<h4>Infiltrations, drainage, \u00e9chographies :<\/h4>\n<ul>\n<li><span class=\"wysiwyg-font-size-large\">Infiltration avec\/sans \u00e9chographie: mains, poignets, coudes, \u00e9paules (pour bursite et tendinite), pieds, chevilles, genoux, hanches (pour bursite et tendinite)<\/span><\/li>\n<li><span class=\"wysiwyg-font-size-large\">Drainage articulaire avec\/sans \u00e9chographie:\u00a0Mains, Poignets, Coudes, Pieds, Chevilles, Genoux<\/span><\/li>\n<li><span class=\"wysiwyg-font-size-large\">\u00c9chographie diagnostique pour arthrine\/tendinite<\/span><\/li>\n<\/ul>\n<h4><span class=\"wysiwyg-font-size-large\"><span style=\"color: #ffffff;\">&#8212;<\/span><br \/>\nDr Benryane est sp\u00e9cialis\u00e9 pour diagnostiquer et traiter les maladies touchant les articulations et autres maladies auto-immunes rhumatologiques :<br \/>\n<\/span><\/h4>\n<ul>\n<li><span class=\"wysiwyg-font-size-large\">Arthrite rhumato\u00efde<\/span><\/li>\n<li><span class=\"wysiwyg-font-size-large\">Arthrite Psoriasique<\/span><\/li>\n<li><span class=\"wysiwyg-font-size-large\">Spondylite Ankylosante<\/span><\/li>\n<li><span class=\"wysiwyg-font-size-large\">Arthrite microcristalline: goutte, pseudo-goutte, hydroxyapatite<\/span><\/li>\n<li><span class=\"wysiwyg-font-size-large\">Collag\u00e9noses: lupus, scl\u00e9rodermie, sjogren\u00a0<\/span><\/li>\n<li><span class=\"wysiwyg-font-size-large\">Arthrose Tendinites<\/span><\/li>\n<li><span class=\"wysiwyg-font-size-large\">Ost\u00e9oporose<\/span><\/li>\n<li><span class=\"wysiwyg-font-size-large\"> Maladie de Paget<\/span><\/li>\n<li><span class=\"wysiwyg-font-size-large\">Myosites<\/span><\/li>\n<li><span class=\"wysiwyg-font-size-large\">Vasculites<\/span><\/li>\n<li><span class=\"wysiwyg-font-size-large\">Fibromyalgie (aide au diagnostique\/\u00e9liminer d\u2019autres causes)<\/span><\/li>\n<\/ul>\n<p>[\/vc_column_text][\/qode_elements_holder_item][qode_elements_holder_item background_image=&#8221;20925&#8243; cover=&#8221;yes&#8221; advanced_animations=&#8221;no&#8221;][\/qode_elements_holder_item][\/qode_elements_holder][\/vc_column][\/vc_row][vc_row css_animation=&#8221;&#8221; row_type=&#8221;row&#8221; use_row_as_full_screen_section=&#8221;no&#8221; type=&#8221;grid&#8221; angled_section=&#8221;no&#8221; text_align=&#8221;left&#8221; background_image_as_pattern=&#8221;without_pattern&#8221; background_color=&#8221;#ffffff&#8221; padding_top=&#8221;7&#8243; padding_bottom=&#8221;2&#8243; css=&#8221;.vc_custom_1668363269901{padding-top: 100px !important;padding-bottom: 100px !important;background: #f4f4f4 url(https:\/\/cliniquesmedicaleslacroix.com\/wp-content\/uploads\/2022\/11\/interne-ffond04.jpg?id=19664) !important;background-position: center !important;background-repeat: no-repeat !important;background-size: cover !important;}&#8221; z_index=&#8221;&#8221;][vc_column width=&#8221;1\/6&#8243; css=&#8221;.vc_custom_1665436125985{border-radius: 10px !important;}&#8221; offset=&#8221;vc_hidden-xs&#8221;][\/vc_column][vc_column width=&#8221;2\/3&#8243;][vc_row_inner row_type=&#8221;row&#8221; type=&#8221;full_width&#8221; text_align=&#8221;left&#8221; css_animation=&#8221;&#8221; css=&#8221;.vc_custom_1665428465784{border-top-width: 3px !important;border-right-width: 3px !important;border-bottom-width: 3px !important;border-left-width: 3px !important;padding-top: 60px !important;padding-right: 60px !important;padding-bottom: 60px !important;padding-left: 60px !important;background-color: rgba(30,115,190,0.1) !important;*background-color: rgb(30,115,190) !important;border-left-color: #cccccc !important;border-left-style: solid !important;border-right-color: #cccccc !important;border-right-style: solid !important;border-top-color: #cccccc !important;border-top-style: solid !important;border-bottom-color: #cccccc !important;border-bottom-style: solid !important;border-radius: 20px !important;}&#8221;][vc_column_inner width=&#8221;2\/3&#8243;][vc_column_text]<\/p>\n<h5 style=\"font-size: 22px; color: red;\">NOUVEAU!<\/h5>\n<h2 style=\"font-size: 24px;\">Demandez un rendez-vous en consultation avec Dr Omar Benryane, rhumatologue<\/h2>\n<h5 style=\"font-size: 13px;\">&#8212;<\/h5>\n<p style=\"font-size: 22px; color: #000;\">Cliquez le lien ci-dessous, remplissez le bref formulaire et nous vous contacterons. C&#8217;est aussi simple que \u00e7a !<\/p>\n<p style=\"font-size: 17px;\"><span style=\"color: #ffffff;\">&#8212;<\/span><br \/>\nNotez que la personne qui vous contactera par t\u00e9l\u00e9phone n&#8217;est pas une professionnelle de la sant\u00e9 et ne sera donc pas en mesure de vous donner des conseils ou informations en mati\u00e8re de sant\u00e9. Ce formulaire est destin\u00e9 \u00e0 la prise de rendez-vous uniquement.<\/p>\n<p>[\/vc_column_text][vc_empty_space]\n\n\t<a href=\"https:\/\/cliniquesmedicaleslacroix.com\/fr\/demande-de-rendez-vous-en-consultation-avec-dr-omar-benryane\/\" target=\"_blank\" style=\"color: #ffffff;background-color: #dd3333\" class=\"qode-btn qode-btn-medium qode-btn-solid qode-btn-custom-hover-bg qode-btn-default-hover\" data-hover-bg-color=\"#ba2a2a\" >\n\t    <span class=\"qode-btn-text\">ALLONS-Y !<\/span>\t<\/a>\n\n[\/vc_column_inner][vc_column_inner width=&#8221;1\/3&#8243; css=&#8221;.vc_custom_1665439636122{margin-top: 20px !important;}&#8221;][vc_single_image image=&#8221;26514&#8243; img_size=&#8221;full&#8221; alignment=&#8221;center&#8221; style=&#8221;vc_box_outline&#8221; border_color=&#8221;white&#8221; qode_css_animation=&#8221;&#8221;][\/vc_column_inner][\/vc_row_inner][\/vc_column][vc_column width=&#8221;1\/6&#8243; offset=&#8221;vc_hidden-xs&#8221;][\/vc_column][\/vc_row]<\/p>\n<\/div>","protected":false},"excerpt":{"rendered":"<p>[vc_row css_animation=&#8221;&#8221; row_type=&#8221;row&#8221; use_row_as_full_screen_section=&#8221;no&#8221; type=&#8221;grid&#8221; angled_section=&#8221;no&#8221; text_align=&#8221;left&#8221; background_image_as_pattern=&#8221;without_pattern&#8221; padding_top=&#8221;119&#8243; padding_bottom=&#8221;87&#8243; z_index=&#8221;&#8221; css=&#8221;.vc_custom_1515745451587{background-color: #ffffff !important;}&#8221;][vc_column offset=&#8221;vc_col-md-6&#8243;][vc_separator type=&#8221;transparent&#8221; up=&#8221;-18&#8243;][vc_column_text] Rhumatologie en clinique&#8230;<\/p>\n","protected":false},"author":6,"featured_media":0,"parent":1542,"menu_order":0,"comment_status":"closed","ping_status":"closed","template":"full_width.php","meta":{"inline_featured_image":false,"om_disable_all_campaigns":false,"_monsterinsights_skip_tracking":false,"_monsterinsights_sitenote_active":false,"_monsterinsights_sitenote_note":"","_monsterinsights_sitenote_category":0,"_uf_show_specific_survey":0,"_uf_disable_surveys":false,"footnotes":""},"class_list":["post-20870","page","type-page","status-publish","hentry"],"aioseo_notices":[],"yoast_head":"<!-- This site is optimized with the Yoast SEO Premium plugin v26.1 (Yoast SEO v26.5) - https:\/\/yoast.com\/wordpress\/plugins\/seo\/ -->\n<title>Rhumatologie - Cliniques m\u00e9dicales Lacroix<\/title>\n<meta name=\"description\" content=\"Un service rapide de m\u00e9decine interne en clinique m\u00e9dicale priv\u00e9e \u00e0 Qu\u00e9bec. Contactez Lacroix M\u00e9decine Priv\u00e9e pour en savoir plus.\" \/>\n<meta name=\"robots\" content=\"index, follow, max-snippet:-1, max-image-preview:large, max-video-preview:-1\" \/>\n<link rel=\"canonical\" href=\"https:\/\/cliniquesmedicaleslacroix.enconstruction.website\/fr\/services\/medecine-specialisee\/rhumatologie\/\" \/>\n<meta property=\"og:locale\" content=\"fr_FR\" \/>\n<meta property=\"og:type\" content=\"article\" \/>\n<meta property=\"og:title\" content=\"Rhumatologie\" \/>\n<meta property=\"og:description\" content=\"Un service rapide de m\u00e9decine interne en clinique m\u00e9dicale priv\u00e9e \u00e0 Qu\u00e9bec. Contactez Lacroix M\u00e9decine Priv\u00e9e pour en savoir plus.\" \/>\n<meta property=\"og:url\" content=\"https:\/\/cliniquesmedicaleslacroix.enconstruction.website\/fr\/services\/medecine-specialisee\/rhumatologie\/\" \/>\n<meta property=\"og:site_name\" content=\"Cliniques m\u00e9dicales Lacroix\" \/>\n<meta property=\"article:publisher\" content=\"https:\/\/www.facebook.com\/cliniquesmedicaleslacroix\/\" \/>\n<meta property=\"article:modified_time\" content=\"2025-11-13T19:05:31+00:00\" \/>\n<meta property=\"og:image\" content=\"https:\/\/cliniquesmedicaleslacroix.enconstruction.website\/wp-content\/uploads\/2018\/05\/family-1.jpg\" \/>\n\t<meta property=\"og:image:width\" content=\"1000\" \/>\n\t<meta property=\"og:image:height\" content=\"708\" \/>\n\t<meta property=\"og:image:type\" content=\"image\/jpeg\" \/>\n<meta name=\"twitter:card\" content=\"summary_large_image\" \/>\n<meta name=\"twitter:label1\" content=\"Dur\u00e9e de lecture estim\u00e9e\" \/>\n\t<meta name=\"twitter:data1\" content=\"6 minutes\" \/>\n<script type=\"application\/ld+json\" class=\"yoast-schema-graph\">{\"@context\":\"https:\/\/schema.org\",\"@graph\":[{\"@type\":\"WebPage\",\"@id\":\"https:\/\/cliniquesmedicaleslacroix.enconstruction.website\/fr\/services\/medecine-specialisee\/rhumatologie\/\",\"url\":\"https:\/\/cliniquesmedicaleslacroix.enconstruction.website\/fr\/services\/medecine-specialisee\/rhumatologie\/\",\"name\":\"Rhumatologie - Cliniques m\u00e9dicales Lacroix\",\"isPartOf\":{\"@id\":\"https:\/\/cliniquesmedicaleslacroix.enconstruction.website\/fr\/#website\"},\"datePublished\":\"2023-04-07T13:12:56+00:00\",\"dateModified\":\"2025-11-13T19:05:31+00:00\",\"description\":\"Un service rapide de m\u00e9decine interne en clinique m\u00e9dicale priv\u00e9e \u00e0 Qu\u00e9bec. Contactez Lacroix M\u00e9decine Priv\u00e9e pour en savoir plus.\",\"breadcrumb\":{\"@id\":\"https:\/\/cliniquesmedicaleslacroix.enconstruction.website\/fr\/services\/medecine-specialisee\/rhumatologie\/#breadcrumb\"},\"inLanguage\":\"fr-FR\",\"potentialAction\":[{\"@type\":\"ReadAction\",\"target\":[\"https:\/\/cliniquesmedicaleslacroix.enconstruction.website\/fr\/services\/medecine-specialisee\/rhumatologie\/\"]}]},{\"@type\":\"BreadcrumbList\",\"@id\":\"https:\/\/cliniquesmedicaleslacroix.enconstruction.website\/fr\/services\/medecine-specialisee\/rhumatologie\/#breadcrumb\",\"itemListElement\":[{\"@type\":\"ListItem\",\"position\":1,\"name\":\"Accueil\",\"item\":\"https:\/\/cliniquesmedicaleslacroix.enconstruction.website\/fr\/\"},{\"@type\":\"ListItem\",\"position\":2,\"name\":\"Services\",\"item\":\"https:\/\/cliniquesmedicaleslacroix.enconstruction.website\/fr\/services\/\"},{\"@type\":\"ListItem\",\"position\":3,\"name\":\"M\u00e9decine sp\u00e9cialis\u00e9e\",\"item\":\"https:\/\/cliniquesmedicaleslacroix.enconstruction.website\/fr\/services\/medecine-specialisee\/\"},{\"@type\":\"ListItem\",\"position\":4,\"name\":\"Rhumatologie\"}]},{\"@type\":\"WebSite\",\"@id\":\"https:\/\/cliniquesmedicaleslacroix.enconstruction.website\/fr\/#website\",\"url\":\"https:\/\/cliniquesmedicaleslacroix.enconstruction.website\/fr\/\",\"name\":\"Cliniques m\u00e9dicales Lacroix\",\"description\":\"Prioriser la sant\u00e9\",\"potentialAction\":[{\"@type\":\"SearchAction\",\"target\":{\"@type\":\"EntryPoint\",\"urlTemplate\":\"https:\/\/cliniquesmedicaleslacroix.enconstruction.website\/fr\/?s={search_term_string}\"},\"query-input\":{\"@type\":\"PropertyValueSpecification\",\"valueRequired\":true,\"valueName\":\"search_term_string\"}}],\"inLanguage\":\"fr-FR\"}]}<\/script>\n<!-- \/ Yoast SEO Premium plugin. -->","yoast_head_json":{"title":"Rhumatologie - Cliniques m\u00e9dicales Lacroix","description":"Un service rapide de m\u00e9decine interne en clinique m\u00e9dicale priv\u00e9e \u00e0 Qu\u00e9bec. Contactez Lacroix M\u00e9decine Priv\u00e9e pour en savoir plus.","robots":{"index":"index","follow":"follow","max-snippet":"max-snippet:-1","max-image-preview":"max-image-preview:large","max-video-preview":"max-video-preview:-1"},"canonical":"https:\/\/cliniquesmedicaleslacroix.enconstruction.website\/fr\/services\/medecine-specialisee\/rhumatologie\/","og_locale":"fr_FR","og_type":"article","og_title":"Rhumatologie","og_description":"Un service rapide de m\u00e9decine interne en clinique m\u00e9dicale priv\u00e9e \u00e0 Qu\u00e9bec. Contactez Lacroix M\u00e9decine Priv\u00e9e pour en savoir plus.","og_url":"https:\/\/cliniquesmedicaleslacroix.enconstruction.website\/fr\/services\/medecine-specialisee\/rhumatologie\/","og_site_name":"Cliniques m\u00e9dicales Lacroix","article_publisher":"https:\/\/www.facebook.com\/cliniquesmedicaleslacroix\/","article_modified_time":"2025-11-13T19:05:31+00:00","og_image":[{"width":1000,"height":708,"url":"https:\/\/cliniquesmedicaleslacroix.enconstruction.website\/wp-content\/uploads\/2018\/05\/family-1.jpg","type":"image\/jpeg"}],"twitter_card":"summary_large_image","twitter_misc":{"Dur\u00e9e de lecture estim\u00e9e":"6 minutes"},"schema":{"@context":"https:\/\/schema.org","@graph":[{"@type":"WebPage","@id":"https:\/\/cliniquesmedicaleslacroix.enconstruction.website\/fr\/services\/medecine-specialisee\/rhumatologie\/","url":"https:\/\/cliniquesmedicaleslacroix.enconstruction.website\/fr\/services\/medecine-specialisee\/rhumatologie\/","name":"Rhumatologie - Cliniques m\u00e9dicales Lacroix","isPartOf":{"@id":"https:\/\/cliniquesmedicaleslacroix.enconstruction.website\/fr\/#website"},"datePublished":"2023-04-07T13:12:56+00:00","dateModified":"2025-11-13T19:05:31+00:00","description":"Un service rapide de m\u00e9decine interne en clinique m\u00e9dicale priv\u00e9e \u00e0 Qu\u00e9bec. Contactez Lacroix M\u00e9decine Priv\u00e9e pour en savoir plus.","breadcrumb":{"@id":"https:\/\/cliniquesmedicaleslacroix.enconstruction.website\/fr\/services\/medecine-specialisee\/rhumatologie\/#breadcrumb"},"inLanguage":"fr-FR","potentialAction":[{"@type":"ReadAction","target":["https:\/\/cliniquesmedicaleslacroix.enconstruction.website\/fr\/services\/medecine-specialisee\/rhumatologie\/"]}]},{"@type":"BreadcrumbList","@id":"https:\/\/cliniquesmedicaleslacroix.enconstruction.website\/fr\/services\/medecine-specialisee\/rhumatologie\/#breadcrumb","itemListElement":[{"@type":"ListItem","position":1,"name":"Accueil","item":"https:\/\/cliniquesmedicaleslacroix.enconstruction.website\/fr\/"},{"@type":"ListItem","position":2,"name":"Services","item":"https:\/\/cliniquesmedicaleslacroix.enconstruction.website\/fr\/services\/"},{"@type":"ListItem","position":3,"name":"M\u00e9decine sp\u00e9cialis\u00e9e","item":"https:\/\/cliniquesmedicaleslacroix.enconstruction.website\/fr\/services\/medecine-specialisee\/"},{"@type":"ListItem","position":4,"name":"Rhumatologie"}]},{"@type":"WebSite","@id":"https:\/\/cliniquesmedicaleslacroix.enconstruction.website\/fr\/#website","url":"https:\/\/cliniquesmedicaleslacroix.enconstruction.website\/fr\/","name":"Cliniques m\u00e9dicales Lacroix","description":"Prioriser la sant\u00e9","potentialAction":[{"@type":"SearchAction","target":{"@type":"EntryPoint","urlTemplate":"https:\/\/cliniquesmedicaleslacroix.enconstruction.website\/fr\/?s={search_term_string}"},"query-input":{"@type":"PropertyValueSpecification","valueRequired":true,"valueName":"search_term_string"}}],"inLanguage":"fr-FR"}]}},"_links":{"self":[{"href":"https:\/\/cliniquesmedicaleslacroix.enconstruction.website\/fr\/wp-json\/wp\/v2\/pages\/20870","targetHints":{"allow":["GET"]}}],"collection":[{"href":"https:\/\/cliniquesmedicaleslacroix.enconstruction.website\/fr\/wp-json\/wp\/v2\/pages"}],"about":[{"href":"https:\/\/cliniquesmedicaleslacroix.enconstruction.website\/fr\/wp-json\/wp\/v2\/types\/page"}],"author":[{"embeddable":true,"href":"https:\/\/cliniquesmedicaleslacroix.enconstruction.website\/fr\/wp-json\/wp\/v2\/users\/6"}],"replies":[{"embeddable":true,"href":"https:\/\/cliniquesmedicaleslacroix.enconstruction.website\/fr\/wp-json\/wp\/v2\/comments?post=20870"}],"version-history":[{"count":2,"href":"https:\/\/cliniquesmedicaleslacroix.enconstruction.website\/fr\/wp-json\/wp\/v2\/pages\/20870\/revisions"}],"predecessor-version":[{"id":32608,"href":"https:\/\/cliniquesmedicaleslacroix.enconstruction.website\/fr\/wp-json\/wp\/v2\/pages\/20870\/revisions\/32608"}],"up":[{"embeddable":true,"href":"https:\/\/cliniquesmedicaleslacroix.enconstruction.website\/fr\/wp-json\/wp\/v2\/pages\/1542"}],"wp:attachment":[{"href":"https:\/\/cliniquesmedicaleslacroix.enconstruction.website\/fr\/wp-json\/wp\/v2\/media?parent=20870"}],"curies":[{"name":"wp","href":"https:\/\/api.w.org\/{rel}","templated":true}]}}