{"id":23132,"date":"2024-01-03T09:41:43","date_gmt":"2024-01-03T14:41:43","guid":{"rendered":"https:\/\/cliniquesmedicaleslacroix.com\/?page_id=23132"},"modified":"2025-04-04T12:13:46","modified_gmt":"2025-04-04T16:13:46","slug":"carrieres","status":"publish","type":"page","link":"https:\/\/cliniquesmedicaleslacroix.enconstruction.website\/fr\/carrieres\/","title":{"rendered":"Carri\u00e8res"},"content":{"rendered":"<div class=\"wpb-content-wrapper\"><p>[vc_row css_animation=&#8221;&#8221; row_type=&#8221;row&#8221; use_row_as_full_screen_section=&#8221;no&#8221; type=&#8221;grid&#8221; angled_section=&#8221;no&#8221; text_align=&#8221;left&#8221; background_image_as_pattern=&#8221;without_pattern&#8221; z_index=&#8221;&#8221; css=&#8221;.vc_custom_1704321537002{margin-top: -20px !important;margin-bottom: -100px !important;padding-top: 60px !important;background-color: #ffffff !important;background-position: center !important;background-repeat: no-repeat !important;background-size: cover !important;}&#8221;][vc_column offset=&#8221;vc_hidden-xs&#8221;][vc_row_inner row_type=&#8221;row&#8221; type=&#8221;full_width&#8221; text_align=&#8221;left&#8221; css_animation=&#8221;element_from_fade&#8221;][vc_column_inner width=&#8221;1\/2&#8243; css=&#8221;.vc_custom_1704321221731{padding-right: 30px !important;}&#8221; offset=&#8221;vc_hidden-xs&#8221;][vc_empty_space height=&#8221;30px&#8221;][vc_column_text css=&#8221;&#8221;]<\/p>\n<h2 style=\"text-align: right;\">M\u00e9decins de famille, sp\u00e9cialistes et chirurgiens<\/h2>\n<h2 style=\"text-align: right;\">Infirmier.\u00e8res praticien.nes sp\u00e9cialis\u00e9.es (IPS) premi\u00e8re ligne\/ sant\u00e9 mentale<\/h2>\n<p style=\"text-align: right;\"><span style=\"color: #ffffff;\">&#8212;<\/span><\/p>\n<p style=\"text-align: right;\">Joignez une \u00e9quipe passionn\u00e9e comprenant plus d&#8217;une centaine de m\u00e9decins couvrant la majorit\u00e9 des sp\u00e9cialit\u00e9s.<\/p>\n<p>[\/vc_column_text][vc_empty_space height=&#8221;30px&#8221;]<a  itemprop=\"url\" href=\"https:\/\/cliniquesmedicaleslacroix.com\/fr\/carrieres-medecins\/\" target=\"_self\" data-hover-background-color=#990000  class=\"qbutton  large right default\" style=\"font-family: Roboto, ``Segoe UI``; font-size: 16px; letter-spacing: 1px; margin: 20px 20px 20px 20px; border-radius: 20px;-moz-border-radius: 20px;-webkit-border-radius: 20px; background-color: #c90000;\">&gt;&gt; SECTION M\u00c9DECINS et IPS<\/a>[vc_single_image image=&#8221;23363&#8243; img_size=&#8221;800&#215;400&#8243; onclick=&#8221;custom_link&#8221; qode_css_animation=&#8221;element_from_left&#8221; qode_hover_animation=&#8221;zoom_in&#8221; link=&#8221;https:\/\/cliniquesmedicaleslacroix.com\/fr\/carrieres-medecins\/&#8221;][\/vc_column_inner][vc_column_inner width=&#8221;1\/2&#8243; css=&#8221;.vc_custom_1704321230938{padding-left: 30px !important;}&#8221; offset=&#8221;vc_hidden-xs&#8221;][vc_empty_space height=&#8221;30px&#8221;][vc_column_text css=&#8221;&#8221;]<\/p>\n<h2 style=\"text-align: left;\">Secr\u00e9taires m\u00e9dical.e.s, infirmier.\u00e8res, technologiste m\u00e9dicale, comptabilit\u00e9, juridique, technologie de l&#8217;information et marketing<\/h2>\n<p><span style=\"color: #ffffff;\">&#8212;<\/span><\/p>\n<p style=\"text-align: left;\"><span class=\"OYPEnA text-decoration-none text-strikethrough-none\">\u00c9tant au c\u0153ur de notre r\u00e9seau, il est important pour nous d\u2019offrir \u00e0 nos employ\u00e9s un environnement de travail stimulant et motivant.<\/span><\/p>\n<p>[\/vc_column_text][vc_empty_space height=&#8221;30px&#8221;]<a  itemprop=\"url\" href=\"https:\/\/cliniquesmedicaleslacroix.com\/fr\/carrieres-employes\/\" target=\"_self\" data-hover-background-color=#990000  class=\"qbutton  large left default\" style=\"font-family: Roboto, ``Segoe UI``; font-size: 16px; letter-spacing: 1px; margin: 20px 20px 20px 20px; border-radius: 20px;-moz-border-radius: 20px;-webkit-border-radius: 20px; background-color: #c90000;\">&gt;&gt; SECTION EMPLOY\u00c9S<\/a>[vc_single_image image=&#8221;23361&#8243; img_size=&#8221;800&#215;400&#8243; onclick=&#8221;custom_link&#8221; qode_css_animation=&#8221;element_from_right&#8221; qode_hover_animation=&#8221;zoom_in&#8221; link=&#8221;https:\/\/cliniquesmedicaleslacroix.com\/fr\/carrieres-employes\/&#8221;][\/vc_column_inner][\/vc_row_inner][\/vc_column][\/vc_row][vc_row css_animation=&#8221;&#8221; row_type=&#8221;row&#8221; use_row_as_full_screen_section=&#8221;no&#8221; type=&#8221;grid&#8221; angled_section=&#8221;no&#8221; text_align=&#8221;left&#8221; background_image_as_pattern=&#8221;without_pattern&#8221; z_index=&#8221;&#8221; css=&#8221;.vc_custom_1704314483430{margin-top: -20px !important;margin-bottom: -20px !important;padding-top: 60px !important;background-color: #ffffff !important;background-position: center !important;background-repeat: no-repeat !important;background-size: cover !important;}&#8221;][vc_column offset=&#8221;vc_hidden-lg vc_hidden-md vc_hidden-sm&#8221;][vc_row_inner row_type=&#8221;row&#8221; type=&#8221;full_width&#8221; text_align=&#8221;left&#8221; css_animation=&#8221;&#8221;][vc_column_inner css=&#8221;.vc_custom_1704321294002{padding-right: 20px !important;}&#8221; offset=&#8221;vc_hidden-lg vc_hidden-md vc_hidden-sm&#8221;][vc_empty_space height=&#8221;30px&#8221;][vc_column_text]<\/p>\n<h2 style=\"text-align: left;\">M\u00e9decins de famille, m\u00e9decins sp\u00e9cialistes et chirurgiens<\/h2>\n<p><span style=\"color: #ffffff;\">&#8212;<\/span><\/p>\n<p style=\"text-align: left;\">Joignez une \u00e9quipe passionn\u00e9e comprenant plus d&#8217;une centaine de m\u00e9decins couvrant la majorit\u00e9 des sp\u00e9cialit\u00e9s.<\/p>\n<p>[\/vc_column_text][vc_empty_space height=&#8221;30px&#8221;]<a  itemprop=\"url\" href=\"https:\/\/cliniquesmedicaleslacroix.com\/fr\/carrieres-medecins\/\" target=\"_self\" data-hover-background-color=#990000  class=\"qbutton  large center default\" style=\"font-family: Roboto, ``Segoe UI``; font-size: 16px; letter-spacing: 1px; margin: 20px 20px 20px 20px; border-radius: 20px;-moz-border-radius: 20px;-webkit-border-radius: 20px; background-color: #c90000;\">&gt;&gt; SECTION M\u00c9DECINS<\/a>[vc_empty_space height=&#8221;30px&#8221;][vc_single_image image=&#8221;23363&#8243; img_size=&#8221;800&#215;400&#8243; onclick=&#8221;custom_link&#8221; qode_css_animation=&#8221;&#8221; link=&#8221;https:\/\/cliniquesmedicaleslacroix.com\/fr\/carrieres-medecins\/&#8221;][vc_empty_space height=&#8221;30px&#8221;][vc_column_text]<\/p>\n<h2 style=\"text-align: left;\">Secr\u00e9taires m\u00e9dical.e.s, infirmier.\u00e8res et autres employ\u00e9s<\/h2>\n<p><span style=\"color: #ffffff;\">&#8212;<\/span><\/p>\n<p style=\"text-align: left;\"><span class=\"OYPEnA text-decoration-none text-strikethrough-none\">\u00c9tant au c\u0153ur de notre r\u00e9seau, il est important pour nous d\u2019offrir \u00e0 nos employ\u00e9s un environnement de travail stimulant et motivant.<\/span><\/p>\n<p>[\/vc_column_text][vc_empty_space height=&#8221;30px&#8221;]<a  itemprop=\"url\" href=\"https:\/\/cliniquesmedicaleslacroix.com\/fr\/carrieres-employes\/\" target=\"_self\" data-hover-background-color=#990000  class=\"qbutton  large center default\" style=\"font-family: Roboto, ``Segoe UI``; font-size: 16px; letter-spacing: 1px; margin: 20px 20px 20px 20px; border-radius: 20px;-moz-border-radius: 20px;-webkit-border-radius: 20px; background-color: #c90000;\">&gt;&gt; SECTION EMPLOY\u00c9S<\/a>[vc_empty_space height=&#8221;30px&#8221;][vc_single_image image=&#8221;23361&#8243; img_size=&#8221;800&#215;400&#8243; onclick=&#8221;custom_link&#8221; qode_css_animation=&#8221;&#8221; link=&#8221;https:\/\/cliniquesmedicaleslacroix.com\/fr\/carrieres-employes\/&#8221;][\/vc_column_inner][\/vc_row_inner][\/vc_column][\/vc_row][vc_row css_animation=&#8221;&#8221; row_type=&#8221;row&#8221; use_row_as_full_screen_section=&#8221;no&#8221; type=&#8221;full_width&#8221; angled_section=&#8221;no&#8221; text_align=&#8221;left&#8221; background_image_as_pattern=&#8221;without_pattern&#8221; z_index=&#8221;&#8221; css=&#8221;.vc_custom_1706008334335{margin-top: -20px !important;margin-bottom: -150px !important;padding-top: 130px !important;padding-bottom: 130px !important;background-color: #ffffff !important;}&#8221;][vc_column offset=&#8221;vc_hidden-xs&#8221;][vc_row_inner row_type=&#8221;row&#8221; type=&#8221;grid&#8221; text_align=&#8221;left&#8221; css_animation=&#8221;&#8221; css=&#8221;.vc_custom_1704322459164{margin-top: 30px !important;margin-bottom: 30px !important;padding-top: 30px !important;padding-bottom: 30px !important;background: #efefef url(https:\/\/cliniquesmedicaleslacroix.com\/wp-content\/uploads\/2024\/01\/pattern-80.png?id=23451) !important;background-position: 0 0 !important;background-repeat: repeat !important;}&#8221;][vc_column_inner width=&#8221;1\/2&#8243; css=&#8221;.vc_custom_1704324647117{border-right-width: 2px !important;padding-right: 20px !important;border-right-color: #aaaaaa !important;border-right-style: solid !important;}&#8221;][vc_empty_space height=&#8221;25px&#8221;][vc_column_text]<\/p>\n<h2 style=\"text-align: right;\">OPPORTUNIT\u00c9S M\u00c9DECINE<\/h2>\n<p>[\/vc_column_text]<a  itemprop=\"url\" href=\"https:\/\/cliniquesmedicaleslacroix.com\/fr\/carrieres-medecins\/#postes\" target=\"_self\" data-hover-background-color=#990000  class=\"qbutton  large right enlarge bouton-rouge\" style=\"font-family: Roboto, ``Segoe UI``; font-size: 16px; letter-spacing: 1px; margin: 20px 20px 20px 20px; border-radius: 20px;-moz-border-radius: 20px;-webkit-border-radius: 20px; background-color: #c90000;\">VOIR LES OPPORTUNIT\u00c9S<\/a>[vc_empty_space height=&#8221;10px&#8221;][vc_empty_space height=&#8221;110px&#8221;][\/vc_column_inner][vc_column_inner width=&#8221;1\/2&#8243; css=&#8221;.vc_custom_1704294979504{padding-left: 20px !important;}&#8221;][vc_empty_space height=&#8221;60px&#8221;][vc_column_text]<\/p>\n<h2 style=\"text-align: left;\">Postes disponibles pr\u00e9sentement<\/h2>\n<p>[\/vc_column_text][vc_empty_space height=&#8221;10px&#8221;]<a  itemprop=\"url\" href=\"https:\/\/cliniquesmedicaleslacroix.com\/fr\/carrieres-employes#postes\" target=\"_self\" data-hover-background-color=#990000  class=\"qbutton  large left enlarge bouton-rouge\" style=\"font-family: Roboto, ``Segoe UI``; font-size: 16px; letter-spacing: 1px; margin: 20px 20px 20px 20px; border-radius: 20px;-moz-border-radius: 20px;-webkit-border-radius: 20px; background-color: #c90000;\">VOIR LES POSTES<\/a>[vc_empty_space height=&#8221;30px&#8221;][\/vc_column_inner][\/vc_row_inner][vc_row_inner row_type=&#8221;row&#8221; type=&#8221;full_width&#8221; text_align=&#8221;center&#8221; css_animation=&#8221;&#8221;][vc_column_inner width=&#8221;1\/3&#8243;][\/vc_column_inner][vc_column_inner width=&#8221;1\/3&#8243;][vc_empty_space height=&#8221;60px&#8221;][vc_column_text]<\/p>\n<h2 style=\"text-align: center;\">Candidature spontan\u00e9e<\/h2>\n<p style=\"text-align: center;\"><span style=\"color: #ffffff;\">&#8212;<\/span><\/p>\n<p style=\"text-align: center;\"><span class=\"OYPEnA text-decoration-none text-strikethrough-none\" style=\"color: #000000;\">Vous d\u00e9sirez envoyer votre candidature pour faire partie de la famille Lacroix ?<\/span><\/p>\n<p class=\"cvGsUA direction-ltr align-start para-style-body\" style=\"text-align: center;\"><span class=\"OYPEnA text-decoration-none text-strikethrough-none\" style=\"color: #000000;\">Faites nous parvenir votre CV d\u00e8s maintenant !<\/span><\/p>\n<p>[\/vc_column_text]<a  itemprop=\"url\" href=\"https:\/\/cliniquesmedicaleslacroix.com\/fr\/candidature-spontanee-medecin\/\" target=\"_self\" data-hover-background-color=#990000  class=\"qbutton  large center enlarge bouton-rouge\" style=\"font-family: Roboto, ``Segoe UI``; font-size: 16px; letter-spacing: 1px; margin: 20px 20px 20px 20px; border-radius: 20px;-moz-border-radius: 20px;-webkit-border-radius: 20px; background-color: #c90000;\">ENVOYER MON CV (M\u00e9decins et IPS)<\/a><a  itemprop=\"url\" href=\"https:\/\/cliniquesmedicaleslacroix.com\/fr\/candidature-spontanee\/\" target=\"_self\" data-hover-background-color=#990000  class=\"qbutton  large center enlarge bouton-rouge\" style=\"font-family: Roboto, ``Segoe UI``; font-size: 16px; letter-spacing: 1px; margin: 20px 20px 20px 20px; border-radius: 20px;-moz-border-radius: 20px;-webkit-border-radius: 20px; background-color: #c90000;\">ENVOYER MON CV (employ\u00e9s)<\/a><a  itemprop=\"url\" href=\"https:\/\/app.cyberimpact.com\/clients\/1562\/subscribe-forms\/6D9BCEE6-C80D-4CB0-88D4-E37715C0122C\" target=\"_self\" data-hover-background-color=#990000  class=\"qbutton  large center enlarge bouton-rouge\" style=\"font-family: Roboto, ``Segoe UI``; font-size: 16px; letter-spacing: 1px; margin: 20px 20px 20px 20px; border-radius: 20px;-moz-border-radius: 20px;-webkit-border-radius: 20px; background-color: #c90000;\">ABONNEZ-VOUS AUX ALERTES EMPLOIS !<\/a>[\/vc_column_inner][vc_column_inner width=&#8221;1\/3&#8243;][\/vc_column_inner][\/vc_row_inner][\/vc_column][\/vc_row][vc_row css_animation=&#8221;&#8221; row_type=&#8221;row&#8221; use_row_as_full_screen_section=&#8221;no&#8221; type=&#8221;full_width&#8221; angled_section=&#8221;no&#8221; text_align=&#8221;left&#8221; background_image_as_pattern=&#8221;without_pattern&#8221; z_index=&#8221;&#8221; css=&#8221;.vc_custom_1704325353496{margin-top: -80px !important;padding-top: 20px !important;padding-bottom: 30px !important;background-color: #ffffff !important;background-position: center !important;background-repeat: no-repeat !important;background-size: cover !important;}&#8221;][vc_column offset=&#8221;vc_hidden-lg vc_hidden-md vc_hidden-sm&#8221;][vc_row_inner row_type=&#8221;row&#8221; type=&#8221;grid&#8221; text_align=&#8221;left&#8221; css_animation=&#8221;&#8221; css=&#8221;.vc_custom_1704300194327{margin-top: 30px !important;margin-bottom: 30px !important;background-color: #efefef !important;}&#8221;][vc_column_inner css=&#8221;.vc_custom_1704294969738{padding-right: 20px !important;}&#8221;][vc_empty_space height=&#8221;60px&#8221;][vc_column_text]<\/p>\n<h2 style=\"text-align: left;\">OPPORTUNIT\u00c9 EN M\u00c9DECINE<\/h2>\n<p>[\/vc_column_text][vc_empty_space height=&#8221;30px&#8221;]<a  itemprop=\"url\" href=\"https:\/\/cliniquesmedicaleslacroix.com\/fr\/carrieres-medecins\/#postes\" target=\"_self\" data-hover-background-color=#990000  class=\"qbutton  large center default bouton-rouge\" style=\"font-family: Roboto, ``Segoe UI``; font-size: 16px; letter-spacing: 1px; margin: 20px 20px 20px 20px; border-radius: 20px;-moz-border-radius: 20px;-webkit-border-radius: 20px; background-color: #c90000;\">VOIR LES OPPORTUNIT\u00c9S<\/a>[vc_empty_space height=&#8221;60px&#8221;][vc_column_text]<\/p>\n<h2 style=\"text-align: left;\">Candidature spontan\u00e9e<\/h2>\n<p style=\"text-align: left;\"><span style=\"color: #ffffff;\">&#8212;<\/span><\/p>\n<p style=\"text-align: left;\"><span class=\"OYPEnA text-decoration-none text-strikethrough-none\">Vous d\u00e9sirez envoyer votre candidature pour faire partie de la famille Lacroix ?<\/span><\/p>\n<p class=\"cvGsUA direction-ltr align-start para-style-body\" style=\"text-align: left;\"><span class=\"OYPEnA text-decoration-none text-strikethrough-none\">Faites nous parvenir votre CV d\u00e8s maintenant !<\/span><\/p>\n<p>[\/vc_column_text][vc_empty_space height=&#8221;30px&#8221;]<a  itemprop=\"url\" href=\"https:\/\/cliniquesmedicaleslacroix.com\/fr\/candidature-spontanee\/\" target=\"_self\" data-hover-background-color=#990000  class=\"qbutton  large center default bouton-rouge\" style=\"font-family: Roboto, ``Segoe UI``; font-size: 16px; letter-spacing: 1px; margin: 20px 20px 20px 20px; border-radius: 20px;-moz-border-radius: 20px;-webkit-border-radius: 20px; background-color: #c90000;\">ENVOYER MON CV<\/a>[vc_empty_space height=&#8221;30px&#8221;][vc_column_text]<\/p>\n<h2 style=\"text-align: left;\">Postes disponibles pr\u00e9sentement<\/h2>\n<p>[\/vc_column_text][vc_empty_space height=&#8221;30px&#8221;]<a  itemprop=\"url\" href=\"https:\/\/cliniquesmedicaleslacroix.com\/fr\/carrieres-employes#postes\" target=\"_self\" data-hover-background-color=#990000  class=\"qbutton  large center enlarge bouton-rouge\" style=\"font-family: Roboto, ``Segoe UI``; font-size: 16px; letter-spacing: 1px; margin: 20px 20px 20px 20px; border-radius: 20px;-moz-border-radius: 20px;-webkit-border-radius: 20px; background-color: #c90000;\">VOIR LES POSTES<\/a>[vc_empty_space height=&#8221;30px&#8221;][\/vc_column_inner][\/vc_row_inner]<a  itemprop=\"url\" href=\"https:\/\/app.cyberimpact.com\/clients\/1562\/subscribe-forms\/6D9BCEE6-C80D-4CB0-88D4-E37715C0122C\" target=\"_self\" data-hover-background-color=#990000  class=\"qbutton  large center enlarge bouton-rouge\" style=\"font-family: Roboto, ``Segoe UI``; font-size: 16px; letter-spacing: 1px; margin: 20px 20px 20px 20px; border-radius: 20px;-moz-border-radius: 20px;-webkit-border-radius: 20px; background-color: #c90000;\">ABONNEZ-VOUS AUX ALERTE EMPLOIS<\/a>[\/vc_column][\/vc_row]<\/p>\n<\/div>","protected":false},"excerpt":{"rendered":"<p>[vc_row css_animation=&#8221;&#8221; row_type=&#8221;row&#8221; use_row_as_full_screen_section=&#8221;no&#8221; type=&#8221;grid&#8221; angled_section=&#8221;no&#8221; text_align=&#8221;left&#8221; background_image_as_pattern=&#8221;without_pattern&#8221; z_index=&#8221;&#8221; css=&#8221;.vc_custom_1704321537002{margin-top: -20px !important;margin-bottom: -100px !important;padding-top: 60px !important;background-color: #ffffff !important;background-position: center !important;background-repeat:&#8230;<\/p>\n","protected":false},"author":6,"featured_media":0,"parent":0,"menu_order":0,"comment_status":"closed","ping_status":"closed","template":"full_width.php","meta":{"inline_featured_image":false,"om_disable_all_campaigns":false,"_monsterinsights_skip_tracking":false,"_monsterinsights_sitenote_active":false,"_monsterinsights_sitenote_note":"","_monsterinsights_sitenote_category":0,"_uf_show_specific_survey":0,"_uf_disable_surveys":false,"footnotes":""},"class_list":["post-23132","page","type-page","status-publish","hentry"],"aioseo_notices":[],"yoast_head":"<!-- This site is optimized with the Yoast SEO Premium plugin v26.1 (Yoast SEO v26.5) - https:\/\/yoast.com\/wordpress\/plugins\/seo\/ -->\n<title>Carri\u00e8res - Cliniques m\u00e9dicales Lacroix<\/title>\n<meta name=\"robots\" content=\"index, follow, max-snippet:-1, max-image-preview:large, max-video-preview:-1\" \/>\n<link rel=\"canonical\" href=\"https:\/\/cliniquesmedicaleslacroix.enconstruction.website\/fr\/carrieres\/\" \/>\n<meta property=\"og:locale\" content=\"fr_FR\" \/>\n<meta property=\"og:type\" content=\"article\" \/>\n<meta property=\"og:title\" content=\"Carri\u00e8res\" \/>\n<meta property=\"og:description\" content=\"[vc_row css_animation=&#8221;&#8221; row_type=&#8221;row&#8221; use_row_as_full_screen_section=&#8221;no&#8221; type=&#8221;grid&#8221; angled_section=&#8221;no&#8221; text_align=&#8221;left&#8221; background_image_as_pattern=&#8221;without_pattern&#8221; z_index=&#8221;&#8221; css=&#8221;.vc_custom_1704321537002{margin-top: -20px !important;margin-bottom: -100px !important;padding-top: 60px !important;background-color: #ffffff !important;background-position: center !important;background-repeat:...\" \/>\n<meta property=\"og:url\" content=\"https:\/\/cliniquesmedicaleslacroix.enconstruction.website\/fr\/carrieres\/\" \/>\n<meta property=\"og:site_name\" content=\"Cliniques m\u00e9dicales Lacroix\" \/>\n<meta property=\"article:publisher\" content=\"https:\/\/www.facebook.com\/cliniquesmedicaleslacroix\/\" \/>\n<meta property=\"article:modified_time\" content=\"2025-04-04T16:13:46+00:00\" \/>\n<meta property=\"og:image\" content=\"https:\/\/cliniquesmedicaleslacroix.enconstruction.website\/wp-content\/uploads\/2018\/05\/family-1.jpg\" \/>\n\t<meta property=\"og:image:width\" content=\"1000\" \/>\n\t<meta property=\"og:image:height\" content=\"708\" \/>\n\t<meta property=\"og:image:type\" content=\"image\/jpeg\" \/>\n<meta name=\"twitter:card\" content=\"summary_large_image\" \/>\n<meta name=\"twitter:label1\" content=\"Dur\u00e9e de lecture estim\u00e9e\" \/>\n\t<meta name=\"twitter:data1\" content=\"5 minutes\" \/>\n<script type=\"application\/ld+json\" class=\"yoast-schema-graph\">{\"@context\":\"https:\/\/schema.org\",\"@graph\":[{\"@type\":\"WebPage\",\"@id\":\"https:\/\/cliniquesmedicaleslacroix.enconstruction.website\/fr\/carrieres\/\",\"url\":\"https:\/\/cliniquesmedicaleslacroix.enconstruction.website\/fr\/carrieres\/\",\"name\":\"Carri\u00e8res - Cliniques m\u00e9dicales Lacroix\",\"isPartOf\":{\"@id\":\"https:\/\/cliniquesmedicaleslacroix.enconstruction.website\/fr\/#website\"},\"datePublished\":\"2024-01-03T14:41:43+00:00\",\"dateModified\":\"2025-04-04T16:13:46+00:00\",\"breadcrumb\":{\"@id\":\"https:\/\/cliniquesmedicaleslacroix.enconstruction.website\/fr\/carrieres\/#breadcrumb\"},\"inLanguage\":\"fr-FR\",\"potentialAction\":[{\"@type\":\"ReadAction\",\"target\":[\"https:\/\/cliniquesmedicaleslacroix.enconstruction.website\/fr\/carrieres\/\"]}]},{\"@type\":\"BreadcrumbList\",\"@id\":\"https:\/\/cliniquesmedicaleslacroix.enconstruction.website\/fr\/carrieres\/#breadcrumb\",\"itemListElement\":[{\"@type\":\"ListItem\",\"position\":1,\"name\":\"Accueil\",\"item\":\"https:\/\/cliniquesmedicaleslacroix.enconstruction.website\/fr\/\"},{\"@type\":\"ListItem\",\"position\":2,\"name\":\"Carri\u00e8res\"}]},{\"@type\":\"WebSite\",\"@id\":\"https:\/\/cliniquesmedicaleslacroix.enconstruction.website\/fr\/#website\",\"url\":\"https:\/\/cliniquesmedicaleslacroix.enconstruction.website\/fr\/\",\"name\":\"Cliniques m\u00e9dicales Lacroix\",\"description\":\"Prioriser la sant\u00e9\",\"potentialAction\":[{\"@type\":\"SearchAction\",\"target\":{\"@type\":\"EntryPoint\",\"urlTemplate\":\"https:\/\/cliniquesmedicaleslacroix.enconstruction.website\/fr\/?s={search_term_string}\"},\"query-input\":{\"@type\":\"PropertyValueSpecification\",\"valueRequired\":true,\"valueName\":\"search_term_string\"}}],\"inLanguage\":\"fr-FR\"}]}<\/script>\n<!-- \/ Yoast SEO Premium plugin. -->","yoast_head_json":{"title":"Carri\u00e8res - Cliniques m\u00e9dicales Lacroix","robots":{"index":"index","follow":"follow","max-snippet":"max-snippet:-1","max-image-preview":"max-image-preview:large","max-video-preview":"max-video-preview:-1"},"canonical":"https:\/\/cliniquesmedicaleslacroix.enconstruction.website\/fr\/carrieres\/","og_locale":"fr_FR","og_type":"article","og_title":"Carri\u00e8res","og_description":"[vc_row css_animation=&#8221;&#8221; row_type=&#8221;row&#8221; use_row_as_full_screen_section=&#8221;no&#8221; type=&#8221;grid&#8221; angled_section=&#8221;no&#8221; text_align=&#8221;left&#8221; background_image_as_pattern=&#8221;without_pattern&#8221; z_index=&#8221;&#8221; css=&#8221;.vc_custom_1704321537002{margin-top: -20px !important;margin-bottom: -100px !important;padding-top: 60px !important;background-color: #ffffff !important;background-position: center !important;background-repeat:...","og_url":"https:\/\/cliniquesmedicaleslacroix.enconstruction.website\/fr\/carrieres\/","og_site_name":"Cliniques m\u00e9dicales Lacroix","article_publisher":"https:\/\/www.facebook.com\/cliniquesmedicaleslacroix\/","article_modified_time":"2025-04-04T16:13:46+00:00","og_image":[{"width":1000,"height":708,"url":"https:\/\/cliniquesmedicaleslacroix.enconstruction.website\/wp-content\/uploads\/2018\/05\/family-1.jpg","type":"image\/jpeg"}],"twitter_card":"summary_large_image","twitter_misc":{"Dur\u00e9e de lecture estim\u00e9e":"5 minutes"},"schema":{"@context":"https:\/\/schema.org","@graph":[{"@type":"WebPage","@id":"https:\/\/cliniquesmedicaleslacroix.enconstruction.website\/fr\/carrieres\/","url":"https:\/\/cliniquesmedicaleslacroix.enconstruction.website\/fr\/carrieres\/","name":"Carri\u00e8res - Cliniques m\u00e9dicales Lacroix","isPartOf":{"@id":"https:\/\/cliniquesmedicaleslacroix.enconstruction.website\/fr\/#website"},"datePublished":"2024-01-03T14:41:43+00:00","dateModified":"2025-04-04T16:13:46+00:00","breadcrumb":{"@id":"https:\/\/cliniquesmedicaleslacroix.enconstruction.website\/fr\/carrieres\/#breadcrumb"},"inLanguage":"fr-FR","potentialAction":[{"@type":"ReadAction","target":["https:\/\/cliniquesmedicaleslacroix.enconstruction.website\/fr\/carrieres\/"]}]},{"@type":"BreadcrumbList","@id":"https:\/\/cliniquesmedicaleslacroix.enconstruction.website\/fr\/carrieres\/#breadcrumb","itemListElement":[{"@type":"ListItem","position":1,"name":"Accueil","item":"https:\/\/cliniquesmedicaleslacroix.enconstruction.website\/fr\/"},{"@type":"ListItem","position":2,"name":"Carri\u00e8res"}]},{"@type":"WebSite","@id":"https:\/\/cliniquesmedicaleslacroix.enconstruction.website\/fr\/#website","url":"https:\/\/cliniquesmedicaleslacroix.enconstruction.website\/fr\/","name":"Cliniques m\u00e9dicales Lacroix","description":"Prioriser la sant\u00e9","potentialAction":[{"@type":"SearchAction","target":{"@type":"EntryPoint","urlTemplate":"https:\/\/cliniquesmedicaleslacroix.enconstruction.website\/fr\/?s={search_term_string}"},"query-input":{"@type":"PropertyValueSpecification","valueRequired":true,"valueName":"search_term_string"}}],"inLanguage":"fr-FR"}]}},"_links":{"self":[{"href":"https:\/\/cliniquesmedicaleslacroix.enconstruction.website\/fr\/wp-json\/wp\/v2\/pages\/23132","targetHints":{"allow":["GET"]}}],"collection":[{"href":"https:\/\/cliniquesmedicaleslacroix.enconstruction.website\/fr\/wp-json\/wp\/v2\/pages"}],"about":[{"href":"https:\/\/cliniquesmedicaleslacroix.enconstruction.website\/fr\/wp-json\/wp\/v2\/types\/page"}],"author":[{"embeddable":true,"href":"https:\/\/cliniquesmedicaleslacroix.enconstruction.website\/fr\/wp-json\/wp\/v2\/users\/6"}],"replies":[{"embeddable":true,"href":"https:\/\/cliniquesmedicaleslacroix.enconstruction.website\/fr\/wp-json\/wp\/v2\/comments?post=23132"}],"version-history":[{"count":8,"href":"https:\/\/cliniquesmedicaleslacroix.enconstruction.website\/fr\/wp-json\/wp\/v2\/pages\/23132\/revisions"}],"predecessor-version":[{"id":31455,"href":"https:\/\/cliniquesmedicaleslacroix.enconstruction.website\/fr\/wp-json\/wp\/v2\/pages\/23132\/revisions\/31455"}],"wp:attachment":[{"href":"https:\/\/cliniquesmedicaleslacroix.enconstruction.website\/fr\/wp-json\/wp\/v2\/media?parent=23132"}],"curies":[{"name":"wp","href":"https:\/\/api.w.org\/{rel}","templated":true}]}}