{"id":326,"date":"2018-04-18T19:17:39","date_gmt":"2018-04-18T23:17:39","guid":{"rendered":"http:\/\/cliniqueslacroix.enconstruction.website\/?page_id=326"},"modified":"2025-09-11T15:38:41","modified_gmt":"2025-09-11T19:38:41","slug":"nous-joindre","status":"publish","type":"page","link":"https:\/\/cliniquesmedicaleslacroix.enconstruction.website\/fr\/nous-joindre\/","title":{"rendered":"Pour trouver votre Clinique Lacroix"},"content":{"rendered":"<div class=\"wpb-content-wrapper\"><p>[vc_row css_animation=&#8221;&#8221; row_type=&#8221;row&#8221; use_row_as_full_screen_section=&#8221;yes&#8221; type=&#8221;grid&#8221; angled_section=&#8221;no&#8221; text_align=&#8221;left&#8221; background_image_as_pattern=&#8221;without_pattern&#8221; z_index=&#8221;&#8221;][vc_column css=&#8221;.vc_custom_1757619516628{margin-top: 30px !important;}&#8221; offset=&#8221;vc_hidden-lg vc_hidden-md vc_hidden-sm vc_hidden-xs&#8221;][vc_column_text][\/vc_column_text][vc_empty_space height=&#8221;20px&#8221;][vc_column_text]<style>\r\n\t#wpsl-stores .wpsl-store-thumb {height:45px !important; width:45px !important;}\r\n\t#wpsl-stores, #wpsl-direction-details, #wpsl-gmap {height:600px !important;}\r\n\t#wpsl-gmap .wpsl-info-window {max-width:225px !important;}\r\n\t.wpsl-input label, #wpsl-radius label, #wpsl-category label {width:95px;}\r\n\t#wpsl-search-input  {width:179px;}\r\n<\/style>\r\n<div id=\"wpsl-wrap\">\r\n\t<div class=\"wpsl-search wpsl-clearfix \">\r\n\t\t<div id=\"wpsl-search-wrap\">\r\n\t\t\t<form autocomplete=\"off\">\r\n\t\t\t<div class=\"wpsl-input\">\r\n\t\t\t\t<div><label for=\"wpsl-search-input\">Votre position<\/label><\/div>\r\n\t\t\t\t<input id=\"wpsl-search-input\" type=\"text\" value=\"\" name=\"wpsl-search-input\" placeholder=\"\" aria-required=\"true\" \/>\r\n\t\t\t<\/div>\r\n\t\t\t<div class=\"wpsl-select-wrap\">\r\n\t\t\t\t<div id=\"wpsl-radius\">\r\n\t\t\t\t\t<label for=\"wpsl-radius-dropdown\">Rayon de recherche<\/label>\r\n\t\t\t\t\t<select id=\"wpsl-radius-dropdown\" class=\"wpsl-dropdown\" name=\"wpsl-radius\">\r\n\t\t\t\t\t\t<option value=\"10\">10 km<\/option><option value=\"25\">25 km<\/option><option value=\"50\">50 km<\/option><option value=\"100\">100 km<\/option><option value=\"200\">200 km<\/option><option selected=\"selected\" value=\"500\">500 km<\/option>\r\n\t\t\t\t\t<\/select>\r\n\t\t\t\t<\/div>\r\n\t\t\t<\/div>\r\n\t\t\t\t<div class=\"wpsl-search-btn-wrap\"><input id=\"wpsl-search-btn\" type=\"submit\" value=\"Rechercher\"><\/div>\r\n\t\t<\/form>\r\n\t\t<\/div>\r\n\t<\/div>\r\n\t<div id=\"wpsl-gmap\" class=\"wpsl-gmap-canvas\"><\/div>\r\n\t<div id=\"wpsl-result-list\">\r\n\t\t<div id=\"wpsl-stores\" >\r\n\t\t\t<ul><\/ul>\r\n\t\t<\/div>\r\n\t\t<div id=\"wpsl-direction-details\">\r\n\t\t\t<ul><\/ul>\r\n\t\t<\/div>\r\n\t<\/div>\r\n<\/div>\r\n[\/vc_column_text][vc_empty_space height=&#8221;60px&#8221;][vc_column_text][\/vc_column_text][\/vc_column][\/vc_row][vc_row css_animation=&#8221;&#8221; row_type=&#8221;row&#8221; use_row_as_full_screen_section=&#8221;yes&#8221; type=&#8221;grid&#8221; angled_section=&#8221;no&#8221; text_align=&#8221;left&#8221; background_image_as_pattern=&#8221;without_pattern&#8221; z_index=&#8221;&#8221;][vc_column css=&#8221;.vc_custom_1756821018505{margin-top: 30px !important;}&#8221; offset=&#8221;vc_hidden-md vc_hidden-sm vc_hidden-xs&#8221;][vc_column_text][\/vc_column_text][vc_empty_space height=&#8221;20px&#8221;][vc_column_text][\/vc_column_text][vc_raw_html css=&#8221;&#8221;]JTNDJTIxLS0lMjBMb2FkJTIwdGhlJTIwc3RvcmUlMjBsb2NhdG9yJTIwc2NyaXB0JTIwLS0lM0UlMEElM0NzY3JpcHQlMjB0eXBlJTNEJTIybW9kdWxlJTIyJTIwc3JjJTNEaHR0cHMlM0ElMkYlMkZzdG9yZS5zcG90Y29ubmVjdC5jbyUyRnN0b3JlLWxvY2F0b3IuanMlM0Zjb21wYW55SWQlM0Q0MzBlMzc0YS1kNzE1LTQ0NmUtOWU4YS01MTQ3MzQ5NzRjZTclMjZ0b2tlbiUzRDRhMDA3YjdmY2M3OGJkMTg4N2IwNDA0ZGU1ZTBmNzQ4ODI5MTYxYjElM0UlM0MlMkZzY3JpcHQlM0UlMEElM0MlMjEtLSUyMExvYWQlMjB0aGUlMjBzdG9yZSUyMGxvY2F0b3IlMjBzY3JpcHQlMjAtLSUzRQ==[\/vc_raw_html][\/vc_column][\/vc_row][vc_row css_animation=&#8221;&#8221; row_type=&#8221;row&#8221; use_row_as_full_screen_section=&#8221;yes&#8221; type=&#8221;grid&#8221; angled_section=&#8221;no&#8221; text_align=&#8221;left&#8221; background_image_as_pattern=&#8221;without_pattern&#8221; z_index=&#8221;&#8221; css=&#8221;.vc_custom_1715780615533{background-color: #e2e2e2 !important;}&#8221;][vc_column css=&#8221;.vc_custom_1536171861991{margin-top: 30px !important;}&#8221;][vc_column_text][\/vc_column_text][vc_empty_space height=&#8221;20px&#8221;][vc_column_text]<\/p>\n<h4><strong>Relations avec la presse\u00a0<\/strong><\/h4>\n<p>Pour toute demande d&#8217;entrevue, pri\u00e8re de communiquer avec Mme B\u00e9atrice Vincent, agence TACT.<\/p>\n<p>T: 418 529-3223<\/p>\n<p>C: bvincent[@]tactconseil.ca[\/vc_column_text][vc_empty_space height=&#8221;60px&#8221;][\/vc_column][\/vc_row][vc_row css_animation=&#8221;&#8221; row_type=&#8221;row&#8221; use_row_as_full_screen_section=&#8221;yes&#8221; type=&#8221;grid&#8221; angled_section=&#8221;no&#8221; text_align=&#8221;left&#8221; background_image_as_pattern=&#8221;without_pattern&#8221; z_index=&#8221;&#8221; css=&#8221;.vc_custom_1701612774424{margin-top: 100px !important;margin-bottom: 100px !important;}&#8221;][vc_column width=&#8221;1\/2&#8243;][vc_empty_space height=&#8221;30px&#8221;][vc_column_text]<\/p>\n<h3><strong>Nouveau : point de service en Floride !<\/strong><\/h3>\n<p>[\/vc_column_text][vc_empty_space height=&#8221;30px&#8221;][vc_column_text]Nos clients membres qui visitent la Floride ont maintenant une clinique o\u00f9 ils peuvent se rendre consulter en m\u00e9decine familiale sans qu&#8217;ils aient \u00e0 d\u00e9bourser ; la consultation sera compt\u00e9e sur leur formule membre. La clinique en question est celle du Dr R\u00e9al Martin, m\u00e9decin omnipraticien, et est situ\u00e9e au 7710 NW 71St Court Tamarac FL 33321, pr\u00e8s de Pompano Beach, un peu au nord et \u00e0 l&#8217;ouest de Fort Lauderdale. <a href=\"https:\/\/www.google.com\/maps\/place\/7710+NW+71st+Ct,+Tamarac,+FL+33321,+%C3%89tats-Unis\/@26.2111401,-80.2541736,17z\/data=!3m1!4b1!4m6!3m5!1s0x88d905be0359d8ed:0xc027467d1665bc32!8m2!3d26.2111401!4d-80.2541736!16s%2Fg%2F11c1yd1vl2?entry=ttu\" target=\"_blank\" rel=\"noopener\">Voir sur Google Maps<\/a>. Vous pouvez joindre la clinique de Dr Martin au <strong>954 960-5763<\/strong>.[\/vc_column_text][vc_empty_space height=&#8221;30px&#8221;][\/vc_column][vc_column width=&#8221;1\/2&#8243;][vc_single_image image=&#8221;21690&#8243; img_size=&#8221;large&#8221; qode_css_animation=&#8221;&#8221;][\/vc_column][\/vc_row][vc_row css_animation=&#8221;&#8221; row_type=&#8221;row&#8221; use_row_as_full_screen_section=&#8221;no&#8221; type=&#8221;grid&#8221; angled_section=&#8221;no&#8221; text_align=&#8221;left&#8221; background_image_as_pattern=&#8221;without_pattern&#8221; z_index=&#8221;&#8221;][vc_column][vc_empty_space height=&#8221;30px&#8221;][vc_column_text]<\/p>\n<h3>Visites virtuelles de nos cliniques<\/h3>\n<p>[\/vc_column_text][vc_empty_space height=&#8221;30px&#8221;][\/vc_column][\/vc_row][vc_row css_animation=&#8221;&#8221; row_type=&#8221;row&#8221; use_row_as_full_screen_section=&#8221;no&#8221; type=&#8221;grid&#8221; angled_section=&#8221;no&#8221; text_align=&#8221;left&#8221; background_image_as_pattern=&#8221;without_pattern&#8221; z_index=&#8221;&#8221;][vc_column][vc_column_text css=&#8221;&#8221;]<iframe src=\"https:\/\/www.virtuo-reality.com\/F1EAwLNLPN\" width=\"100%\" height=\"800\"><\/iframe>[\/vc_column_text][\/vc_column][\/vc_row][vc_row css_animation=&#8221;&#8221; row_type=&#8221;row&#8221; use_row_as_full_screen_section=&#8221;yes&#8221; type=&#8221;grid&#8221; angled_section=&#8221;no&#8221; text_align=&#8221;left&#8221; background_image_as_pattern=&#8221;without_pattern&#8221; z_index=&#8221;&#8221;][vc_column css=&#8221;.vc_custom_1536171861991{margin-top: 30px !important;}&#8221;][vc_column_text][\/vc_column_text][vc_column_text]<\/p>\n<h4 style=\"text-align: center;\"><strong>RECHERCHONS LOCAUX &#8211; R\u00c9GION DE MONTR\u00c9AL<\/strong><\/h4>\n<p>[\/vc_column_text][vc_empty_space height=&#8221;20px&#8221;][vc_column_text el_id=&#8221;ues m\u00e9dicales&#8221;]<\/p>\n<h4 style=\"text-align: center;\">Poursuivant notre expansion, nous sommes \u00e0 la recherche de locaux \u00e0 vocation m\u00e9dicale, ou ayant le potentiel de le devenir, dans la grande r\u00e9gion de Montr\u00e9al. Nous recherchons des locaux \u00e9quip\u00e9s ou non, \u00e0 louer ou \u00e0 vendre, pouvant accueillir une ou des clinique(s) m\u00e9dicale(s). Contactez-nous \u00e0 info@cliniqueslacroix.ca si vous croyez pouvoir r\u00e9pondre \u00e0 notre besoin.<\/h4>\n<p>[\/vc_column_text][vc_empty_space height=&#8221;100px&#8221;][\/vc_column][\/vc_row][vc_row css_animation=&#8221;&#8221; row_type=&#8221;row&#8221; use_row_as_full_screen_section=&#8221;yes&#8221; type=&#8221;grid&#8221; angled_section=&#8221;no&#8221; text_align=&#8221;left&#8221; background_image_as_pattern=&#8221;without_pattern&#8221; z_index=&#8221;&#8221; css=&#8221;.vc_custom_1715780615533{background-color: #e2e2e2 !important;}&#8221;][vc_column css=&#8221;.vc_custom_1536171861991{margin-top: 30px !important;}&#8221;][vc_column_text][\/vc_column_text][vc_empty_space height=&#8221;20px&#8221;][vc_column_text]<strong>Responsable de la protection des renseignements personnels<\/strong><\/p>\n<p>401-1000, chemin Ste-Foy<br \/>\nQu\u00e9bec (Qu\u00e9bec)<br \/>\nG1L 3Z5<\/p>\n<p>legal[@]cliniqueslacroix.ca[\/vc_column_text][vc_empty_space height=&#8221;60px&#8221;][\/vc_column][\/vc_row][vc_row css_animation=&#8221;&#8221; row_type=&#8221;row&#8221; use_row_as_full_screen_section=&#8221;no&#8221; type=&#8221;full_width&#8221; angled_section=&#8221;no&#8221; text_align=&#8221;left&#8221; background_image_as_pattern=&#8221;without_pattern&#8221;][vc_column][\/vc_column][\/vc_row][vc_row css_animation=&#8221;&#8221; row_type=&#8221;row&#8221; use_row_as_full_screen_section=&#8221;no&#8221; type=&#8221;full_width&#8221; angled_section=&#8221;no&#8221; text_align=&#8221;left&#8221; background_image_as_pattern=&#8221;without_pattern&#8221;][vc_column][vc_column_text]<\/p>\n<p>[\/vc_column_text][\/vc_column][\/vc_row]<\/p>\n<\/div>","protected":false},"excerpt":{"rendered":"<p>[vc_row css_animation=&#8221;&#8221; row_type=&#8221;row&#8221; use_row_as_full_screen_section=&#8221;yes&#8221; type=&#8221;grid&#8221; angled_section=&#8221;no&#8221; text_align=&#8221;left&#8221; background_image_as_pattern=&#8221;without_pattern&#8221; z_index=&#8221;&#8221;][vc_column css=&#8221;.vc_custom_1757619516628{margin-top: 30px !important;}&#8221; offset=&#8221;vc_hidden-lg vc_hidden-md vc_hidden-sm vc_hidden-xs&#8221;][vc_column_text][\/vc_column_text][vc_empty_space height=&#8221;20px&#8221;][vc_column_text][\/vc_column_text][vc_empty_space height=&#8221;60px&#8221;][vc_column_text][\/vc_column_text][\/vc_column][\/vc_row][vc_row css_animation=&#8221;&#8221; row_type=&#8221;row&#8221;&#8230;<\/p>\n","protected":false},"author":1,"featured_media":0,"parent":0,"menu_order":0,"comment_status":"closed","ping_status":"closed","template":"full_width.php","meta":{"inline_featured_image":false,"om_disable_all_campaigns":false,"_monsterinsights_skip_tracking":false,"_monsterinsights_sitenote_active":false,"_monsterinsights_sitenote_note":"","_monsterinsights_sitenote_category":0,"_uf_show_specific_survey":0,"_uf_disable_surveys":false,"footnotes":""},"class_list":["post-326","page","type-page","status-publish","hentry"],"aioseo_notices":[],"yoast_head":"<!-- This site is optimized with the Yoast SEO Premium plugin v26.1 (Yoast SEO v26.5) - https:\/\/yoast.com\/wordpress\/plugins\/seo\/ -->\n<title>Pour trouver votre Clinique Lacroix - Cliniques m\u00e9dicales Lacroix<\/title>\n<meta name=\"description\" content=\"Voyez sur la carte la clinique Lacroix la plus pr\u00e8s de chez vous, ou appelez-nous au 1 855 841-1911 et nous vous renseignerons.\" \/>\n<meta name=\"robots\" content=\"index, follow, max-snippet:-1, max-image-preview:large, max-video-preview:-1\" \/>\n<link rel=\"canonical\" href=\"https:\/\/cliniquesmedicaleslacroix.enconstruction.website\/fr\/nous-joindre\/\" \/>\n<meta property=\"og:locale\" content=\"fr_FR\" \/>\n<meta property=\"og:type\" content=\"article\" \/>\n<meta property=\"og:title\" content=\"Pour trouver votre Clinique Lacroix\" \/>\n<meta property=\"og:description\" content=\"Voyez sur la carte la clinique Lacroix la plus pr\u00e8s de chez vous, ou appelez-nous au 1 855 841-1911 et nous vous renseignerons.\" \/>\n<meta property=\"og:url\" content=\"https:\/\/cliniquesmedicaleslacroix.enconstruction.website\/fr\/nous-joindre\/\" \/>\n<meta property=\"og:site_name\" content=\"Cliniques m\u00e9dicales Lacroix\" \/>\n<meta property=\"article:publisher\" content=\"https:\/\/www.facebook.com\/cliniquesmedicaleslacroix\/\" \/>\n<meta property=\"article:modified_time\" content=\"2025-09-11T19:38:41+00:00\" \/>\n<meta property=\"og:image\" content=\"https:\/\/cliniquesmedicaleslacroix.enconstruction.website\/wp-content\/uploads\/2018\/05\/family-1.jpg\" \/>\n\t<meta property=\"og:image:width\" content=\"1000\" \/>\n\t<meta property=\"og:image:height\" content=\"708\" \/>\n\t<meta property=\"og:image:type\" content=\"image\/jpeg\" \/>\n<meta name=\"twitter:card\" content=\"summary_large_image\" \/>\n<meta name=\"twitter:label1\" content=\"Dur\u00e9e de lecture estim\u00e9e\" \/>\n\t<meta name=\"twitter:data1\" content=\"2 minutes\" \/>\n<script type=\"application\/ld+json\" class=\"yoast-schema-graph\">{\"@context\":\"https:\/\/schema.org\",\"@graph\":[{\"@type\":\"WebPage\",\"@id\":\"https:\/\/cliniquesmedicaleslacroix.enconstruction.website\/fr\/nous-joindre\/\",\"url\":\"https:\/\/cliniquesmedicaleslacroix.enconstruction.website\/fr\/nous-joindre\/\",\"name\":\"Pour trouver votre Clinique Lacroix - Cliniques m\u00e9dicales Lacroix\",\"isPartOf\":{\"@id\":\"https:\/\/cliniquesmedicaleslacroix.enconstruction.website\/fr\/#website\"},\"datePublished\":\"2018-04-18T23:17:39+00:00\",\"dateModified\":\"2025-09-11T19:38:41+00:00\",\"description\":\"Voyez sur la carte la clinique Lacroix la plus pr\u00e8s de chez vous, ou appelez-nous au 1 855 841-1911 et nous vous renseignerons.\",\"breadcrumb\":{\"@id\":\"https:\/\/cliniquesmedicaleslacroix.enconstruction.website\/fr\/nous-joindre\/#breadcrumb\"},\"inLanguage\":\"fr-FR\",\"potentialAction\":[{\"@type\":\"ReadAction\",\"target\":[\"https:\/\/cliniquesmedicaleslacroix.enconstruction.website\/fr\/nous-joindre\/\"]}]},{\"@type\":\"BreadcrumbList\",\"@id\":\"https:\/\/cliniquesmedicaleslacroix.enconstruction.website\/fr\/nous-joindre\/#breadcrumb\",\"itemListElement\":[{\"@type\":\"ListItem\",\"position\":1,\"name\":\"Accueil\",\"item\":\"https:\/\/cliniquesmedicaleslacroix.enconstruction.website\/fr\/\"},{\"@type\":\"ListItem\",\"position\":2,\"name\":\"Pour trouver votre Clinique Lacroix\"}]},{\"@type\":\"WebSite\",\"@id\":\"https:\/\/cliniquesmedicaleslacroix.enconstruction.website\/fr\/#website\",\"url\":\"https:\/\/cliniquesmedicaleslacroix.enconstruction.website\/fr\/\",\"name\":\"Cliniques m\u00e9dicales Lacroix\",\"description\":\"Prioriser la sant\u00e9\",\"potentialAction\":[{\"@type\":\"SearchAction\",\"target\":{\"@type\":\"EntryPoint\",\"urlTemplate\":\"https:\/\/cliniquesmedicaleslacroix.enconstruction.website\/fr\/?s={search_term_string}\"},\"query-input\":{\"@type\":\"PropertyValueSpecification\",\"valueRequired\":true,\"valueName\":\"search_term_string\"}}],\"inLanguage\":\"fr-FR\"}]}<\/script>\n<!-- \/ Yoast SEO Premium plugin. -->","yoast_head_json":{"title":"Pour trouver votre Clinique Lacroix - Cliniques m\u00e9dicales Lacroix","description":"Voyez sur la carte la clinique Lacroix la plus pr\u00e8s de chez vous, ou appelez-nous au 1 855 841-1911 et nous vous renseignerons.","robots":{"index":"index","follow":"follow","max-snippet":"max-snippet:-1","max-image-preview":"max-image-preview:large","max-video-preview":"max-video-preview:-1"},"canonical":"https:\/\/cliniquesmedicaleslacroix.enconstruction.website\/fr\/nous-joindre\/","og_locale":"fr_FR","og_type":"article","og_title":"Pour trouver votre Clinique Lacroix","og_description":"Voyez sur la carte la clinique Lacroix la plus pr\u00e8s de chez vous, ou appelez-nous au 1 855 841-1911 et nous vous renseignerons.","og_url":"https:\/\/cliniquesmedicaleslacroix.enconstruction.website\/fr\/nous-joindre\/","og_site_name":"Cliniques m\u00e9dicales Lacroix","article_publisher":"https:\/\/www.facebook.com\/cliniquesmedicaleslacroix\/","article_modified_time":"2025-09-11T19:38:41+00:00","og_image":[{"width":1000,"height":708,"url":"https:\/\/cliniquesmedicaleslacroix.enconstruction.website\/wp-content\/uploads\/2018\/05\/family-1.jpg","type":"image\/jpeg"}],"twitter_card":"summary_large_image","twitter_misc":{"Dur\u00e9e de lecture estim\u00e9e":"2 minutes"},"schema":{"@context":"https:\/\/schema.org","@graph":[{"@type":"WebPage","@id":"https:\/\/cliniquesmedicaleslacroix.enconstruction.website\/fr\/nous-joindre\/","url":"https:\/\/cliniquesmedicaleslacroix.enconstruction.website\/fr\/nous-joindre\/","name":"Pour trouver votre Clinique Lacroix - Cliniques m\u00e9dicales Lacroix","isPartOf":{"@id":"https:\/\/cliniquesmedicaleslacroix.enconstruction.website\/fr\/#website"},"datePublished":"2018-04-18T23:17:39+00:00","dateModified":"2025-09-11T19:38:41+00:00","description":"Voyez sur la carte la clinique Lacroix la plus pr\u00e8s de chez vous, ou appelez-nous au 1 855 841-1911 et nous vous renseignerons.","breadcrumb":{"@id":"https:\/\/cliniquesmedicaleslacroix.enconstruction.website\/fr\/nous-joindre\/#breadcrumb"},"inLanguage":"fr-FR","potentialAction":[{"@type":"ReadAction","target":["https:\/\/cliniquesmedicaleslacroix.enconstruction.website\/fr\/nous-joindre\/"]}]},{"@type":"BreadcrumbList","@id":"https:\/\/cliniquesmedicaleslacroix.enconstruction.website\/fr\/nous-joindre\/#breadcrumb","itemListElement":[{"@type":"ListItem","position":1,"name":"Accueil","item":"https:\/\/cliniquesmedicaleslacroix.enconstruction.website\/fr\/"},{"@type":"ListItem","position":2,"name":"Pour trouver votre Clinique Lacroix"}]},{"@type":"WebSite","@id":"https:\/\/cliniquesmedicaleslacroix.enconstruction.website\/fr\/#website","url":"https:\/\/cliniquesmedicaleslacroix.enconstruction.website\/fr\/","name":"Cliniques m\u00e9dicales Lacroix","description":"Prioriser la sant\u00e9","potentialAction":[{"@type":"SearchAction","target":{"@type":"EntryPoint","urlTemplate":"https:\/\/cliniquesmedicaleslacroix.enconstruction.website\/fr\/?s={search_term_string}"},"query-input":{"@type":"PropertyValueSpecification","valueRequired":true,"valueName":"search_term_string"}}],"inLanguage":"fr-FR"}]}},"_links":{"self":[{"href":"https:\/\/cliniquesmedicaleslacroix.enconstruction.website\/fr\/wp-json\/wp\/v2\/pages\/326","targetHints":{"allow":["GET"]}}],"collection":[{"href":"https:\/\/cliniquesmedicaleslacroix.enconstruction.website\/fr\/wp-json\/wp\/v2\/pages"}],"about":[{"href":"https:\/\/cliniquesmedicaleslacroix.enconstruction.website\/fr\/wp-json\/wp\/v2\/types\/page"}],"author":[{"embeddable":true,"href":"https:\/\/cliniquesmedicaleslacroix.enconstruction.website\/fr\/wp-json\/wp\/v2\/users\/1"}],"replies":[{"embeddable":true,"href":"https:\/\/cliniquesmedicaleslacroix.enconstruction.website\/fr\/wp-json\/wp\/v2\/comments?post=326"}],"version-history":[{"count":18,"href":"https:\/\/cliniquesmedicaleslacroix.enconstruction.website\/fr\/wp-json\/wp\/v2\/pages\/326\/revisions"}],"predecessor-version":[{"id":32235,"href":"https:\/\/cliniquesmedicaleslacroix.enconstruction.website\/fr\/wp-json\/wp\/v2\/pages\/326\/revisions\/32235"}],"wp:attachment":[{"href":"https:\/\/cliniquesmedicaleslacroix.enconstruction.website\/fr\/wp-json\/wp\/v2\/media?parent=326"}],"curies":[{"name":"wp","href":"https:\/\/api.w.org\/{rel}","templated":true}]}}