{"id":628,"date":"2018-05-05T10:49:27","date_gmt":"2018-05-05T14:49:27","guid":{"rendered":"http:\/\/cliniqueslacroix.enconstruction.website\/?page_id=628"},"modified":"2024-12-30T10:21:51","modified_gmt":"2024-12-30T15:21:51","slug":"bilan-de-sante","status":"publish","type":"page","link":"https:\/\/cliniquesmedicaleslacroix.enconstruction.website\/fr\/services\/medecine-familiale\/bilan-de-sante\/","title":{"rendered":"Bilan de sant\u00e9"},"content":{"rendered":"<div class=\"wpb-content-wrapper\"><p>[vc_row css_animation=&#8221;&#8221; row_type=&#8221;row&#8221; use_row_as_full_screen_section=&#8221;no&#8221; type=&#8221;grid&#8221; angled_section=&#8221;no&#8221; text_align=&#8221;left&#8221; background_image_as_pattern=&#8221;without_pattern&#8221; padding_top=&#8221;119&#8243; padding_bottom=&#8221;87&#8243; z_index=&#8221;&#8221; css=&#8221;.vc_custom_1515745451587{background-color: #ffffff !important;}&#8221;][vc_column offset=&#8221;vc_col-md-6&#8243;][vc_separator type=&#8221;transparent&#8221; up=&#8221;-18&#8243;][vc_column_text]<\/p>\n<h1 class=\"titre1\">Le bilan de sant\u00e9<\/h1>\n<p class=\"titre2\">un r\u00e9flexe gagnant<\/p>\n<p>[\/vc_column_text][vc_separator type=&#8221;small&#8221; position=&#8221;left&#8221; color=&#8221;#cd2122&#8243; thickness=&#8221;4&#8243; width=&#8221;48&#8243; up=&#8221;17&#8243; down=&#8221;27&#8243;][vc_column_text]<\/p>\n<p class=\"cvGsUA direction-ltr align-start para-style-body\"><span class=\"OYPEnA text-decoration-none text-strikethrough-none\">Le bilan de sant\u00e9 s\u2019adresse \u00e0 tout individu d\u00e9sirant conna\u00eetre l\u2019\u00e9tat g\u00e9n\u00e9ral de sa sant\u00e9. Que ce soit dans le but de calmer certaines inqui\u00e9tudes relatives \u00e0 son patrimoine g\u00e9n\u00e9tique ou bien afin de v\u00e9rifier l\u2019apparition de sympt\u00f4mes qui pourraient \u00eatre reli\u00e9s \u00e0 certaines maladies, le bilan de sant\u00e9 peut permettre de d\u00e9pister rapidement certains probl\u00e8mes de sant\u00e9 tels que le diab\u00e8te, l\u2019hypertension ou le cholest\u00e9rol.<\/span><\/p>\n<p>&nbsp;<\/p>\n<p class=\"cvGsUA direction-ltr align-start para-style-body\"><span class=\"OYPEnA text-decoration-none text-strikethrough-none\">Dans plusieurs cas, ce type de maladies est asymptomatique, donc un des seuls moyens efficaces de les d\u00e9celer est \u00e0 l\u2019aide d\u2019un bilan de sant\u00e9 effectu\u00e9 annuellement, et ce d\u00e8s la quarantaine.<\/span><\/p>\n<p>[\/vc_column_text][vc_empty_space height=&#8221;36px&#8221;][\/vc_column][vc_column offset=&#8221;vc_col-md-6&#8243;][vc_single_image image=&#8221;22853&#8243; img_size=&#8221;full&#8221; qode_css_animation=&#8221;&#8221;][vc_empty_space height=&#8221;30px&#8221;][\/vc_column][\/vc_row][vc_row css_animation=&#8221;&#8221; row_type=&#8221;row&#8221; use_row_as_full_screen_section=&#8221;no&#8221; type=&#8221;full_width&#8221; angled_section=&#8221;no&#8221; text_align=&#8221;center&#8221; background_image_as_pattern=&#8221;without_pattern&#8221; z_index=&#8221;&#8221; css=&#8221;.vc_custom_1525533395041{background-color: #ecebeb !important;}&#8221;][vc_column css=&#8221;.vc_custom_1524505892683{margin-top: -4% !important;}&#8221;][qode_elements_holder number_of_columns=&#8221;two_columns&#8221;][qode_elements_holder_item background_image=&#8221;17090&#8243; cover=&#8221;yes&#8221; advanced_animations=&#8221;no&#8221;][\/qode_elements_holder_item][qode_elements_holder_item background_color=&#8221;#ececed&#8221; background_image=&#8221;460&#8243; item_padding=&#8221;21% 22% 23.2% 16%&#8221; horizontal_alignment=&#8221;left&#8221; advanced_animations=&#8221;no&#8221; item_padding_1280_1440=&#8221;74px 40px 127px 65px&#8221; item_padding_1024_1280=&#8221;50px 40px 111px 40px&#8221; item_padding_768_1024=&#8221;20px 30px 18px 30px&#8221; item_padding_600_768=&#8221;100px 120px 100px 50px&#8221; item_padding_480_600=&#8221;100px 40px 100px 65px&#8221; item_padding_480=&#8221;30px 30px 80px 30px&#8221;][vc_column_text]<\/p>\n<h2 class=\"titre1\">FAIRE DU BILAN DE SANT\u00c9 ANNUEL<\/h2>\n<p class=\"titre2\">UNE HABITUDE SAINE ET AVIS\u00c9E<\/p>\n<p>[\/vc_column_text][vc_separator type=&#8221;small&#8221; position=&#8221;left&#8221; color=&#8221;#cd2122&#8243; thickness=&#8221;4&#8243; width=&#8221;48&#8243; up=&#8221;25&#8243; down=&#8221;29&#8243;][vc_column_text]<\/p>\n<p class=\"cvGsUA direction-ltr align-start para-style-body\"><span class=\"OYPEnA text-decoration-none text-strikethrough-none\">Au-del\u00e0 de la cinquantaine, il devient encore plus indiqu\u00e9 de passer annuellement un bilan de sant\u00e9 pr\u00e9ventif, surtout en l\u2019absence de suivi aupr\u00e8s d\u2019un m\u00e9decin de famille. Il va de soi que les ant\u00e9c\u00e9dents familiaux de sant\u00e9 peuvent nous guider en ce qui a trait aux probl\u00e8mes les plus susceptibles de survenir chez certains individus.<\/span><\/p>\n<p>&nbsp;<\/p>\n<p class=\"cvGsUA direction-ltr align-start para-style-body\"><span class=\"OYPEnA text-decoration-none text-strikethrough-none\">Ces indices nous permettent d\u2019orienter le patient vers des tests plus sp\u00e9cifiques jug\u00e9s n\u00e9cessaires, par exemple, la mammographie pr\u00e9coce, le d\u00e9pistage du cholest\u00e9rol ou de certains cancers comme le cancer colorectal qui afflige parfois certaines familles de fa\u00e7on plus particuli\u00e8re.<\/span><\/p>\n<p>&nbsp;<\/p>\n<p class=\"cvGsUA direction-ltr align-start para-style-body\"><span class=\"OYPEnA text-decoration-none text-strikethrough-none\">Il est important de noter que chaque bilan de sant\u00e9 est personnalis\u00e9 \u00e0 chacun selon ses ant\u00e9c\u00e9dents.<\/span><\/p>\n<p>[\/vc_column_text][\/qode_elements_holder_item][\/qode_elements_holder][\/vc_column][\/vc_row][vc_row css_animation=&#8221;&#8221; row_type=&#8221;row&#8221; use_row_as_full_screen_section=&#8221;no&#8221; type=&#8221;grid&#8221; angled_section=&#8221;no&#8221; text_align=&#8221;left&#8221; background_image_as_pattern=&#8221;without_pattern&#8221; z_index=&#8221;&#8221;][vc_column][vc_empty_space height=&#8221;86px&#8221;][\/vc_column][\/vc_row][vc_row css_animation=&#8221;&#8221; row_type=&#8221;row&#8221; use_row_as_full_screen_section=&#8221;no&#8221; type=&#8221;grid&#8221; angled_section=&#8221;no&#8221; text_align=&#8221;left&#8221; background_image_as_pattern=&#8221;without_pattern&#8221; z_index=&#8221;&#8221;][vc_column width=&#8221;1\/2&#8243;][vc_empty_space height=&#8221;36px&#8221;][vc_column_text]<\/p>\n<h3>Lors d\u2019un bilan de sant\u00e9, certains \u00e9l\u00e9ments pourraient \u00eatre abord\u00e9s, notamment:<\/h3>\n<p>&nbsp;<\/p>\n<ul>\n<li>Les ant\u00e9c\u00e9dents personnels, m\u00e9dicaux et chirurgicaux<\/li>\n<li>L\u2019activit\u00e9 physique<\/li>\n<li>La m\u00e9dication r\u00e9guli\u00e8re et occasionnelle<\/li>\n<li>Les allergies<\/li>\n<li>Les habitudes de vie, notamment le tabagisme, la caf\u00e9ine, la consommation d\u2019alcool ou de drogue<\/li>\n<\/ul>\n<p>&nbsp;<\/p>\n<p>Nos m\u00e9decins proc\u00e8dent \u00e0 votre bilan de sant\u00e9 selon un questionnaire et un examen physique complet. Un bilan de sant\u00e9 va de pair avec une m\u00e9decine pr\u00e9ventive. Selon vos facteurs de risques personnels, le m\u00e9decin demandera des examens paracliniques qu&#8217;il juge n\u00e9cessaires selon chaque patient, notamment;<\/p>\n<p>&nbsp;<\/p>\n<ul>\n<li><span class=\"OYPEnA text-decoration-none text-strikethrough-none\">Bilan sanguin (Cholest\u00e9rol, Glyc\u00e9mie, Fonction h\u00e9patique et thyro\u00efdienne, etc.)<\/span><\/li>\n<li><span class=\"OYPEnA text-decoration-none text-strikethrough-none\">D\u00e9pistage du cancer du col de l\u2019ut\u00e9rus (PAP test ou recherche de VPH)<\/span><\/li>\n<li><span class=\"OYPEnA text-decoration-none text-strikethrough-none\">D\u00e9pistage du cancer du sein<\/span><\/li>\n<li><span class=\"OYPEnA text-decoration-none text-strikethrough-none\">D\u00e9pistage de l\u2019ost\u00e9oporose<\/span><\/li>\n<li><span class=\"OYPEnA text-decoration-none text-strikethrough-none\">D\u00e9pistage des ITSS (infections transmissibles sexuellement ou par le sang)<\/span><\/li>\n<li><span class=\"OYPEnA text-decoration-none text-strikethrough-none\">D\u00e9pistage des troubles de la m\u00e9moire (Alzheimer)<\/span><\/li>\n<li><span class=\"OYPEnA text-decoration-none text-strikethrough-none\">D\u00e9pistage du cancer de la prostate<\/span><\/li>\n<li><span class=\"OYPEnA text-decoration-none text-strikethrough-none\">D\u00e9pistage du cancer du c\u00f4lon<\/span><\/li>\n<li><span class=\"OYPEnA text-decoration-none text-strikethrough-none\">D\u00e9pistage du diab\u00e8te<\/span><\/li>\n<li><span class=\"OYPEnA text-decoration-none text-strikethrough-none\">D\u00e9pistage de probl\u00e8me cardiaque<\/span><\/li>\n<li><span class=\"OYPEnA text-decoration-none text-strikethrough-none\">Et autres\u2026<\/span><\/li>\n<\/ul>\n<p>&nbsp;<\/p>\n<p><span class=\"OYPEnA text-decoration-none text-strikethrough-none\">Votre m\u00e9decin pourra demander l\u2019avis d\u2019un sp\u00e9cialiste afin de confirmer ou d\u2019infirmer certaines hypoth\u00e8ses diagnostiqu\u00e9es. Suite \u00e0 votre bilan de sant\u00e9, notre \u00e9quipe m\u00e9dicale peut assumer la prise en charge globale de toute pathologie propre \u00e0 la m\u00e9decine g\u00e9n\u00e9rale.<\/span>[\/vc_column_text][vc_empty_space height=&#8221;36px&#8221;][\/vc_column][vc_column width=&#8221;1\/2&#8243;][vc_empty_space height=&#8221;36px&#8221;][vc_column_text]<\/p>\n<h3>Nous prenons le temps de bien analyser votre \u00e9tat de sant\u00e9.<\/h3>\n<p>&nbsp;<\/p>\n<p>A<span class=\"OYPEnA text-decoration-none text-strikethrough-none\">dvenant le cas o\u00f9 les tests r\u00e9v\u00e8leraient un probl\u00e8me de sant\u00e9, le m\u00e9decin se chargera de vous orienter efficacement vers une prise en charge rapide de la maladie ou du probl\u00e8me identifi\u00e9. Ainsi, bon nombre de probl\u00e8mes de sant\u00e9 pourront \u00eatre d\u00e9pist\u00e9s et trait\u00e9s rapidement, permettant d\u2019\u00e9viter des complications.<\/span><\/p>\n<p>[\/vc_column_text][vc_empty_space height=&#8221;36px&#8221;][vc_single_image image=&#8221;22869&#8243; img_size=&#8221;large&#8221; qode_css_animation=&#8221;&#8221;][vc_empty_space height=&#8221;36px&#8221;][\/vc_column][\/vc_row][vc_row css_animation=&#8221;&#8221; row_type=&#8221;row&#8221; use_row_as_full_screen_section=&#8221;no&#8221; type=&#8221;grid&#8221; angled_section=&#8221;no&#8221; text_align=&#8221;left&#8221; background_image_as_pattern=&#8221;without_pattern&#8221; z_index=&#8221;&#8221;][vc_column][vc_empty_space height=&#8221;86px&#8221;][\/vc_column][\/vc_row][vc_row css_animation=&#8221;&#8221; row_type=&#8221;row&#8221; use_row_as_full_screen_section=&#8221;no&#8221; type=&#8221;full_width&#8221; angled_section=&#8221;no&#8221; text_align=&#8221;left&#8221; background_image_as_pattern=&#8221;without_pattern&#8221; background_color=&#8221;#cd2122&#8243; padding_top=&#8221;7&#8243; padding_bottom=&#8221;2&#8243; css=&#8221;.vc_custom_1529336030381{background-color: #9d0c0d !important;}&#8221; z_index=&#8221;&#8221;][vc_column]<div class=\"container_inner\"><div class=\"call_to_action normal\" style=\"background-color: #9d0c0d;\"><div class=\"two_columns_75_25 clearfix\"><div class=\"text_wrapper column1\"><div class=\"call_to_action_text \" style=\"\">\n<h2><span style=\"color: #ffffff;\">Demandez votre bilan de sant\u00e9 d\u00e8s maintenant <\/span><\/h2>\n<\/div><\/div><div class=\"button_wrapper column2\"><a itemprop=\"url\" href=\"https:\/\/cliniquesmedicaleslacroix.com\/fr\/demande-de-consultation-bilan-de-sante\/\" class=\"qbutton white \" target=\"_self\" style=\"color: #1a1a1a;border-color: #ffffff;background-color: #ffffff;\"data-hover-background-color=#1a1a1a data-hover-border-color=#1a1a1a data-hover-color=#ffffff>Demandez qu'on vous appelle<\/a><\/div><\/div><\/div><\/div>[\/vc_column][\/vc_row]<\/p>\n<\/div>","protected":false},"excerpt":{"rendered":"<p>[vc_row css_animation=&#8221;&#8221; row_type=&#8221;row&#8221; use_row_as_full_screen_section=&#8221;no&#8221; type=&#8221;grid&#8221; angled_section=&#8221;no&#8221; text_align=&#8221;left&#8221; background_image_as_pattern=&#8221;without_pattern&#8221; padding_top=&#8221;119&#8243; padding_bottom=&#8221;87&#8243; z_index=&#8221;&#8221; css=&#8221;.vc_custom_1515745451587{background-color: #ffffff !important;}&#8221;][vc_column offset=&#8221;vc_col-md-6&#8243;][vc_separator type=&#8221;transparent&#8221; up=&#8221;-18&#8243;][vc_column_text] Le bilan de&#8230;<\/p>\n","protected":false},"author":1,"featured_media":0,"parent":1550,"menu_order":0,"comment_status":"closed","ping_status":"closed","template":"full_width.php","meta":{"inline_featured_image":false,"om_disable_all_campaigns":false,"_monsterinsights_skip_tracking":false,"_monsterinsights_sitenote_active":false,"_monsterinsights_sitenote_note":"","_monsterinsights_sitenote_category":0,"_uf_show_specific_survey":0,"_uf_disable_surveys":false,"footnotes":""},"class_list":["post-628","page","type-page","status-publish","hentry"],"aioseo_notices":[],"yoast_head":"<!-- This site is optimized with the Yoast SEO Premium plugin v26.1 (Yoast SEO v26.5) - https:\/\/yoast.com\/wordpress\/plugins\/seo\/ -->\n<title>Bilan de sant\u00e9 - Cliniques m\u00e9dicales Lacroix<\/title>\n<meta name=\"robots\" content=\"index, follow, max-snippet:-1, max-image-preview:large, max-video-preview:-1\" \/>\n<link rel=\"canonical\" href=\"https:\/\/cliniquesmedicaleslacroix.enconstruction.website\/fr\/services\/medecine-familiale\/bilan-de-sante\/\" \/>\n<meta property=\"og:locale\" content=\"fr_FR\" \/>\n<meta property=\"og:type\" content=\"article\" \/>\n<meta property=\"og:title\" content=\"Bilan de sant\u00e9\" \/>\n<meta property=\"og:description\" content=\"[vc_row css_animation=&#8221;&#8221; row_type=&#8221;row&#8221; use_row_as_full_screen_section=&#8221;no&#8221; type=&#8221;grid&#8221; angled_section=&#8221;no&#8221; text_align=&#8221;left&#8221; background_image_as_pattern=&#8221;without_pattern&#8221; padding_top=&#8221;119&#8243; padding_bottom=&#8221;87&#8243; z_index=&#8221;&#8221; css=&#8221;.vc_custom_1515745451587{background-color: #ffffff !important;}&#8221;][vc_column offset=&#8221;vc_col-md-6&#8243;][vc_separator type=&#8221;transparent&#8221; up=&#8221;-18&#8243;][vc_column_text] Le bilan de...\" \/>\n<meta property=\"og:url\" content=\"https:\/\/cliniquesmedicaleslacroix.enconstruction.website\/fr\/services\/medecine-familiale\/bilan-de-sante\/\" \/>\n<meta property=\"og:site_name\" content=\"Cliniques m\u00e9dicales Lacroix\" \/>\n<meta property=\"article:publisher\" content=\"https:\/\/www.facebook.com\/cliniquesmedicaleslacroix\/\" \/>\n<meta property=\"article:modified_time\" content=\"2024-12-30T15:21:51+00:00\" \/>\n<meta property=\"og:image\" content=\"https:\/\/cliniquesmedicaleslacroix.enconstruction.website\/wp-content\/uploads\/2018\/05\/family-1.jpg\" \/>\n\t<meta property=\"og:image:width\" content=\"1000\" \/>\n\t<meta property=\"og:image:height\" content=\"708\" \/>\n\t<meta property=\"og:image:type\" content=\"image\/jpeg\" \/>\n<meta name=\"twitter:card\" content=\"summary_large_image\" \/>\n<meta name=\"twitter:label1\" content=\"Dur\u00e9e de lecture estim\u00e9e\" \/>\n\t<meta name=\"twitter:data1\" content=\"4 minutes\" \/>\n<script type=\"application\/ld+json\" class=\"yoast-schema-graph\">{\"@context\":\"https:\/\/schema.org\",\"@graph\":[{\"@type\":\"WebPage\",\"@id\":\"https:\/\/cliniquesmedicaleslacroix.enconstruction.website\/fr\/services\/medecine-familiale\/bilan-de-sante\/\",\"url\":\"https:\/\/cliniquesmedicaleslacroix.enconstruction.website\/fr\/services\/medecine-familiale\/bilan-de-sante\/\",\"name\":\"Bilan de sant\u00e9 - Cliniques m\u00e9dicales Lacroix\",\"isPartOf\":{\"@id\":\"https:\/\/cliniquesmedicaleslacroix.enconstruction.website\/fr\/#website\"},\"datePublished\":\"2018-05-05T14:49:27+00:00\",\"dateModified\":\"2024-12-30T15:21:51+00:00\",\"breadcrumb\":{\"@id\":\"https:\/\/cliniquesmedicaleslacroix.enconstruction.website\/fr\/services\/medecine-familiale\/bilan-de-sante\/#breadcrumb\"},\"inLanguage\":\"fr-FR\",\"potentialAction\":[{\"@type\":\"ReadAction\",\"target\":[\"https:\/\/cliniquesmedicaleslacroix.enconstruction.website\/fr\/services\/medecine-familiale\/bilan-de-sante\/\"]}]},{\"@type\":\"BreadcrumbList\",\"@id\":\"https:\/\/cliniquesmedicaleslacroix.enconstruction.website\/fr\/services\/medecine-familiale\/bilan-de-sante\/#breadcrumb\",\"itemListElement\":[{\"@type\":\"ListItem\",\"position\":1,\"name\":\"Accueil\",\"item\":\"https:\/\/cliniquesmedicaleslacroix.enconstruction.website\/fr\/\"},{\"@type\":\"ListItem\",\"position\":2,\"name\":\"Services\",\"item\":\"https:\/\/cliniquesmedicaleslacroix.enconstruction.website\/fr\/services\/\"},{\"@type\":\"ListItem\",\"position\":3,\"name\":\"M\u00e9decine familiale\",\"item\":\"https:\/\/cliniquesmedicaleslacroix.enconstruction.website\/fr\/services\/medecine-familiale\/\"},{\"@type\":\"ListItem\",\"position\":4,\"name\":\"Bilan de sant\u00e9\"}]},{\"@type\":\"WebSite\",\"@id\":\"https:\/\/cliniquesmedicaleslacroix.enconstruction.website\/fr\/#website\",\"url\":\"https:\/\/cliniquesmedicaleslacroix.enconstruction.website\/fr\/\",\"name\":\"Cliniques m\u00e9dicales Lacroix\",\"description\":\"Prioriser la sant\u00e9\",\"potentialAction\":[{\"@type\":\"SearchAction\",\"target\":{\"@type\":\"EntryPoint\",\"urlTemplate\":\"https:\/\/cliniquesmedicaleslacroix.enconstruction.website\/fr\/?s={search_term_string}\"},\"query-input\":{\"@type\":\"PropertyValueSpecification\",\"valueRequired\":true,\"valueName\":\"search_term_string\"}}],\"inLanguage\":\"fr-FR\"}]}<\/script>\n<!-- \/ Yoast SEO Premium plugin. -->","yoast_head_json":{"title":"Bilan de sant\u00e9 - Cliniques m\u00e9dicales Lacroix","robots":{"index":"index","follow":"follow","max-snippet":"max-snippet:-1","max-image-preview":"max-image-preview:large","max-video-preview":"max-video-preview:-1"},"canonical":"https:\/\/cliniquesmedicaleslacroix.enconstruction.website\/fr\/services\/medecine-familiale\/bilan-de-sante\/","og_locale":"fr_FR","og_type":"article","og_title":"Bilan de sant\u00e9","og_description":"[vc_row css_animation=&#8221;&#8221; row_type=&#8221;row&#8221; use_row_as_full_screen_section=&#8221;no&#8221; type=&#8221;grid&#8221; angled_section=&#8221;no&#8221; text_align=&#8221;left&#8221; background_image_as_pattern=&#8221;without_pattern&#8221; padding_top=&#8221;119&#8243; padding_bottom=&#8221;87&#8243; z_index=&#8221;&#8221; css=&#8221;.vc_custom_1515745451587{background-color: #ffffff !important;}&#8221;][vc_column offset=&#8221;vc_col-md-6&#8243;][vc_separator type=&#8221;transparent&#8221; up=&#8221;-18&#8243;][vc_column_text] Le bilan de...","og_url":"https:\/\/cliniquesmedicaleslacroix.enconstruction.website\/fr\/services\/medecine-familiale\/bilan-de-sante\/","og_site_name":"Cliniques m\u00e9dicales Lacroix","article_publisher":"https:\/\/www.facebook.com\/cliniquesmedicaleslacroix\/","article_modified_time":"2024-12-30T15:21:51+00:00","og_image":[{"width":1000,"height":708,"url":"https:\/\/cliniquesmedicaleslacroix.enconstruction.website\/wp-content\/uploads\/2018\/05\/family-1.jpg","type":"image\/jpeg"}],"twitter_card":"summary_large_image","twitter_misc":{"Dur\u00e9e de lecture estim\u00e9e":"4 minutes"},"schema":{"@context":"https:\/\/schema.org","@graph":[{"@type":"WebPage","@id":"https:\/\/cliniquesmedicaleslacroix.enconstruction.website\/fr\/services\/medecine-familiale\/bilan-de-sante\/","url":"https:\/\/cliniquesmedicaleslacroix.enconstruction.website\/fr\/services\/medecine-familiale\/bilan-de-sante\/","name":"Bilan de sant\u00e9 - Cliniques m\u00e9dicales Lacroix","isPartOf":{"@id":"https:\/\/cliniquesmedicaleslacroix.enconstruction.website\/fr\/#website"},"datePublished":"2018-05-05T14:49:27+00:00","dateModified":"2024-12-30T15:21:51+00:00","breadcrumb":{"@id":"https:\/\/cliniquesmedicaleslacroix.enconstruction.website\/fr\/services\/medecine-familiale\/bilan-de-sante\/#breadcrumb"},"inLanguage":"fr-FR","potentialAction":[{"@type":"ReadAction","target":["https:\/\/cliniquesmedicaleslacroix.enconstruction.website\/fr\/services\/medecine-familiale\/bilan-de-sante\/"]}]},{"@type":"BreadcrumbList","@id":"https:\/\/cliniquesmedicaleslacroix.enconstruction.website\/fr\/services\/medecine-familiale\/bilan-de-sante\/#breadcrumb","itemListElement":[{"@type":"ListItem","position":1,"name":"Accueil","item":"https:\/\/cliniquesmedicaleslacroix.enconstruction.website\/fr\/"},{"@type":"ListItem","position":2,"name":"Services","item":"https:\/\/cliniquesmedicaleslacroix.enconstruction.website\/fr\/services\/"},{"@type":"ListItem","position":3,"name":"M\u00e9decine familiale","item":"https:\/\/cliniquesmedicaleslacroix.enconstruction.website\/fr\/services\/medecine-familiale\/"},{"@type":"ListItem","position":4,"name":"Bilan de sant\u00e9"}]},{"@type":"WebSite","@id":"https:\/\/cliniquesmedicaleslacroix.enconstruction.website\/fr\/#website","url":"https:\/\/cliniquesmedicaleslacroix.enconstruction.website\/fr\/","name":"Cliniques m\u00e9dicales Lacroix","description":"Prioriser la sant\u00e9","potentialAction":[{"@type":"SearchAction","target":{"@type":"EntryPoint","urlTemplate":"https:\/\/cliniquesmedicaleslacroix.enconstruction.website\/fr\/?s={search_term_string}"},"query-input":{"@type":"PropertyValueSpecification","valueRequired":true,"valueName":"search_term_string"}}],"inLanguage":"fr-FR"}]}},"_links":{"self":[{"href":"https:\/\/cliniquesmedicaleslacroix.enconstruction.website\/fr\/wp-json\/wp\/v2\/pages\/628","targetHints":{"allow":["GET"]}}],"collection":[{"href":"https:\/\/cliniquesmedicaleslacroix.enconstruction.website\/fr\/wp-json\/wp\/v2\/pages"}],"about":[{"href":"https:\/\/cliniquesmedicaleslacroix.enconstruction.website\/fr\/wp-json\/wp\/v2\/types\/page"}],"author":[{"embeddable":true,"href":"https:\/\/cliniquesmedicaleslacroix.enconstruction.website\/fr\/wp-json\/wp\/v2\/users\/1"}],"replies":[{"embeddable":true,"href":"https:\/\/cliniquesmedicaleslacroix.enconstruction.website\/fr\/wp-json\/wp\/v2\/comments?post=628"}],"version-history":[{"count":0,"href":"https:\/\/cliniquesmedicaleslacroix.enconstruction.website\/fr\/wp-json\/wp\/v2\/pages\/628\/revisions"}],"up":[{"embeddable":true,"href":"https:\/\/cliniquesmedicaleslacroix.enconstruction.website\/fr\/wp-json\/wp\/v2\/pages\/1550"}],"wp:attachment":[{"href":"https:\/\/cliniquesmedicaleslacroix.enconstruction.website\/fr\/wp-json\/wp\/v2\/media?parent=628"}],"curies":[{"name":"wp","href":"https:\/\/api.w.org\/{rel}","templated":true}]}}