{"id":859,"date":"2018-05-21T11:11:42","date_gmt":"2018-05-21T15:11:42","guid":{"rendered":"http:\/\/cliniqueslacroix.enconstruction.website\/?page_id=859"},"modified":"2025-04-14T14:05:56","modified_gmt":"2025-04-14T18:05:56","slug":"dermatologie","status":"publish","type":"page","link":"https:\/\/cliniquesmedicaleslacroix.enconstruction.website\/fr\/services\/medecine-specialisee\/dermatologie\/","title":{"rendered":"Dermatologie en clinique priv\u00e9e"},"content":{"rendered":"<div class=\"wpb-content-wrapper\"><p>[vc_row css_animation=&#8221;&#8221; row_type=&#8221;row&#8221; use_row_as_full_screen_section=&#8221;no&#8221; type=&#8221;grid&#8221; angled_section=&#8221;no&#8221; text_align=&#8221;left&#8221; background_image_as_pattern=&#8221;without_pattern&#8221; padding_top=&#8221;119&#8243; padding_bottom=&#8221;40&#8243; z_index=&#8221;&#8221; css=&#8221;.vc_custom_1657586063522{background-color: #ffffff !important;}&#8221;][vc_column offset=&#8221;vc_col-md-6&#8243;][vc_separator type=&#8221;transparent&#8221; up=&#8221;-18&#8243;][vc_column_text]<\/p>\n<p class=\"titre1\">Accordez \u00e0 votre peau toute l\u2019attention qu\u2019elle m\u00e9rite gr\u00e2ce \u00e0 votre<\/p>\n<h1 class=\"titre2\">Clinique de dermatologie priv\u00e9e Lacroix!<\/h1>\n<p>[\/vc_column_text][vc_separator type=&#8221;small&#8221; position=&#8221;left&#8221; color=&#8221;#cd2122&#8243; thickness=&#8221;4&#8243; width=&#8221;48&#8243; up=&#8221;17&#8243; down=&#8221;27&#8243;][vc_column_text]<\/p>\n<p class=\"p2\">La peau assure la r\u00e9gulation thermale du corps humain, en plus de le prot\u00e9ger contre certains \u00e9l\u00e9ments nocifs de l\u2019environnement comme les parasites, bact\u00e9ries et autres micro-organismes. Qu\u2019il s\u2019agisse d\u2019un probl\u00e8me se rapportant \u00e0 la peau, aux l\u00e8vres, aux ongles ou au cuir chevelu, nos dermatologues sont en mesure de vous aider et de r\u00e9pondre \u00e0 vos pr\u00e9occupations.<\/p>\n<p>[\/vc_column_text][vc_empty_space height=&#8221;36px&#8221;][\/vc_column][vc_column offset=&#8221;vc_col-md-6&#8243;][vc_single_image image=&#8221;26106&#8243; img_size=&#8221;full&#8221; alignment=&#8221;center&#8221; qode_css_animation=&#8221;&#8221;][vc_empty_space height=&#8221;30px&#8221;][\/vc_column][\/vc_row][vc_row css_animation=&#8221;&#8221; row_type=&#8221;row&#8221; use_row_as_full_screen_section=&#8221;no&#8221; type=&#8221;full_width&#8221; angled_section=&#8221;no&#8221; text_align=&#8221;left&#8221; background_image_as_pattern=&#8221;without_pattern&#8221; background_color=&#8221;#9d0c0d&#8221; padding_top=&#8221;7&#8243; padding_bottom=&#8221;2&#8243; css=&#8221;.vc_custom_1536333013263{background-color: #9d0c0d !important;}&#8221; z_index=&#8221;&#8221;][vc_column]<div class=\"container_inner\"><div class=\"call_to_action normal\" style=\"background-color: #9d0c0d;\"><div class=\"two_columns_75_25 clearfix\"><div class=\"text_wrapper column1\"><div class=\"call_to_action_text \" style=\"\">\n<h3 class=\"white\">NOTRE SERVICE DE DERMATOLOGIE PRIV\u00c9E EST OFFERT \u00c0 LAVAL ET GATINEAU !<\/h3>\n<\/div><\/div><div class=\"button_wrapper column2\"><a itemprop=\"url\" href=\"\/nous-joindre\/\" class=\"qbutton white \" target=\"_self\" style=\"color: #1a1a1a;border-color: #ffffff;background-color: #ffffff;\"data-hover-background-color=#1a1a1a data-hover-border-color=#1a1a1a data-hover-color=#ffffff>Nous joindre<\/a><\/div><\/div><\/div><\/div>[\/vc_column][\/vc_row][vc_row css_animation=&#8221;&#8221; row_type=&#8221;row&#8221; use_row_as_full_screen_section=&#8221;no&#8221; type=&#8221;full_width&#8221; angled_section=&#8221;no&#8221; text_align=&#8221;center&#8221; background_image_as_pattern=&#8221;without_pattern&#8221; z_index=&#8221;&#8221; css=&#8221;.vc_custom_1525533395041{background-color: #ecebeb !important;}&#8221;][vc_column][qode_elements_holder number_of_columns=&#8221;two_columns&#8221; columns_proportion=&#8221;33_66&#8243;][qode_elements_holder_item background_image=&#8221;8592&#8243; cover=&#8221;yes&#8221; advanced_animations=&#8221;no&#8221;][\/qode_elements_holder_item][qode_elements_holder_item background_color=&#8221;#ececed&#8221; background_image=&#8221;460&#8243; item_padding=&#8221;21% 22% 23.2% 16%&#8221; horizontal_alignment=&#8221;left&#8221; advanced_animations=&#8221;no&#8221; item_padding_1280_1440=&#8221;74px 40px 127px 65px&#8221; item_padding_1024_1280=&#8221;50px 40px 111px 40px&#8221; item_padding_768_1024=&#8221;20px 30px 18px 30px&#8221; item_padding_600_768=&#8221;100px 120px 100px 50px&#8221; item_padding_480_600=&#8221;100px 40px 100px 65px&#8221; item_padding_480=&#8221;30px 30px 80px 30px&#8221;][vc_column_text]<\/p>\n<p class=\"titre1\">L\u2019avantage de consulter un dermatologue au priv\u00e9<\/p>\n<h2 class=\"titre1\">Dermatologie m\u00e9dicale<\/h2>\n<p>[\/vc_column_text][vc_separator type=&#8221;small&#8221; position=&#8221;left&#8221; color=&#8221;#cd2122&#8243; thickness=&#8221;4&#8243; width=&#8221;48&#8243; up=&#8221;25&#8243; down=&#8221;29&#8243;][vc_column_text]Plus que tout autre professionnel de la sant\u00e9, le dermatologue demeure le sp\u00e9cialiste incontest\u00e9 de la peau et des ph\u00e9nom\u00e8nes physiologiques associ\u00e9s au vieillissement cutan\u00e9. Que ce soit pour am\u00e9liorer l\u2019apparence de votre peau, obtenir des conseils sur un traitement rajeunissant s\u00e9curitaire ou simplement pour corriger certaines imperfections, le dermatologue est mieux plac\u00e9 que quiconque pour d\u00e9terminer avec justesse le probl\u00e8me et orienter la th\u00e9rapie en cons\u00e9quence.<\/p>\n<p>&nbsp;<\/p>\n<h3>Notre \u00e9quipe de dermatologues<\/h3>\n<ul>\n<li><strong>LAVAL<\/strong>\n<ul>\n<li>Dre Laura Sabbah, dermatologue<\/li>\n<li>Dr Rahul Nanda, dermatologue<\/li>\n<\/ul>\n<\/li>\n<li><strong>GATINEAU<\/strong>\n<ul>\n<li>Dre Eva Coulibaly, dermatologue<\/li>\n<\/ul>\n<\/li>\n<\/ul>\n<p>[\/vc_column_text][\/qode_elements_holder_item][\/qode_elements_holder][\/vc_column][\/vc_row][vc_row css_animation=&#8221;&#8221; row_type=&#8221;row&#8221; use_row_as_full_screen_section=&#8221;no&#8221; type=&#8221;full_width&#8221; angled_section=&#8221;no&#8221; text_align=&#8221;center&#8221; background_image_as_pattern=&#8221;without_pattern&#8221; z_index=&#8221;&#8221; css=&#8221;.vc_custom_1525533395041{background-color: #ecebeb !important;}&#8221;][vc_column][qode_elements_holder number_of_columns=&#8221;two_columns&#8221;][qode_elements_holder_item background_color=&#8221;#ececed&#8221; background_image=&#8221;460&#8243; item_padding=&#8221;21% 22% 23.2% 16%&#8221; horizontal_alignment=&#8221;left&#8221; advanced_animations=&#8221;no&#8221; item_padding_1280_1440=&#8221;74px 40px 127px 65px&#8221; item_padding_1024_1280=&#8221;50px 40px 111px 40px&#8221; item_padding_768_1024=&#8221;20px 30px 18px 30px&#8221; item_padding_600_768=&#8221;100px 120px 100px 50px&#8221; item_padding_480_600=&#8221;100px 40px 100px 65px&#8221; item_padding_480=&#8221;30px 30px 80px 30px&#8221;][vc_column_text]<\/p>\n<p class=\"titre1\">L\u2019HYPERHIDROSE<\/p>\n<h2 class=\"titre2\">OU TROUBLE DE TRANSPIRATION EXCESSIVE<\/h2>\n<p>[\/vc_column_text][vc_separator type=&#8221;small&#8221; position=&#8221;left&#8221; color=&#8221;#cd2122&#8243; thickness=&#8221;4&#8243; width=&#8221;48&#8243; up=&#8221;25&#8243; down=&#8221;29&#8243;][vc_column_text]L\u2019hyperhidrose est un trouble qui occasionne une transpiration plus importante que celle n\u00e9cessaire \u00e0 la r\u00e9gulation de la temp\u00e9rature du corps. La cause est inconnue et l\u2019hyperhidrose peut toucher plusieurs zones du corps,\u00a0telles que les aisselles, les pieds, les mains et \/ou le visage. D\u2019autres facteurs comme le diab\u00e8te, la m\u00e9nopause ou certains m\u00e9dicaments peuvent aussi provoquer une hypersudation. Votre m\u00e9decin doit effectuer un examen complet pour pouvoir poser un diagnostic.<\/p>\n<p>&nbsp;<\/p>\n<p>L\u2019hyperhidrose n\u2019est pas dangereuse pour la sant\u00e9, mais elle compromet grandement la qualit\u00e9 de vie. L\u2019hyperhidrose se traite facilement. Les injections focales de Botox\u00ae constituent une solution efficace pour la transpiration excessive. Le Botox\u00ae est consid\u00e9r\u00e9 comme s\u00fbr et efficace lorsqu\u2019il est utilis\u00e9 par un m\u00e9decin\u00a0ayant re\u00e7u une formation sp\u00e9cialis\u00e9e.<\/p>\n<p>&nbsp;<\/p>\n<p>Plusieurs compagnies d\u2019assurance-maladie offrent un r\u00e9gime qui couvre les frais de traitements pour l\u2019hyperhidrose. Informez-vous aupr\u00e8s de votre assureur.<\/p>\n<p>&nbsp;<\/p>\n<p>Vous pouvez prendre rendez-vous aux cliniques m\u00e9dicales Lacroix pour un traitement d\u2019hyperhidrose, nous avons des m\u00e9decins sur place, form\u00e9s pour r\u00e9pondre \u00e0 votre besoin.[\/vc_column_text][\/qode_elements_holder_item][qode_elements_holder_item background_image=&#8221;868&#8243; cover=&#8221;yes&#8221; advanced_animations=&#8221;no&#8221;][\/qode_elements_holder_item][\/qode_elements_holder][\/vc_column][\/vc_row][vc_row css_animation=&#8221;&#8221; row_type=&#8221;row&#8221; use_row_as_full_screen_section=&#8221;no&#8221; type=&#8221;grid&#8221; angled_section=&#8221;no&#8221; text_align=&#8221;left&#8221; background_image_as_pattern=&#8221;without_pattern&#8221; z_index=&#8221;&#8221;][vc_column][vc_empty_space height=&#8221;86px&#8221;][\/vc_column][\/vc_row][vc_row css_animation=&#8221;&#8221; row_type=&#8221;row&#8221; use_row_as_full_screen_section=&#8221;no&#8221; type=&#8221;grid&#8221; angled_section=&#8221;no&#8221; text_align=&#8221;left&#8221; background_image_as_pattern=&#8221;without_pattern&#8221; z_index=&#8221;&#8221;][vc_column css=&#8221;.vc_custom_1536333602959{margin-bottom: 50px !important;}&#8221;][qode_elements_holder number_of_columns=&#8221;two_columns&#8221;][qode_elements_holder_item item_padding=&#8221;0px 40px 0px 0px&#8221; vertical_alignment=&#8221;middle&#8221; horizontal_alignment=&#8221;center&#8221; advanced_animations=&#8221;no&#8221;][vc_single_image image=&#8221;869&#8243; img_size=&#8221;full&#8221; alignment=&#8221;center&#8221; qode_css_animation=&#8221;&#8221;][\/qode_elements_holder_item][qode_elements_holder_item advanced_animations=&#8221;no&#8221;][vc_column_text]<\/p>\n<h4 class=\"p2\"><b>Parmi les cas que nous traitons <\/b><\/h4>\n<p>[\/vc_column_text][vc_separator type=&#8221;normal&#8221;][vc_row_inner row_type=&#8221;row&#8221; type=&#8221;full_width&#8221; text_align=&#8221;left&#8221; css_animation=&#8221;&#8221;][vc_column_inner width=&#8221;1\/3&#8243;]<div class='q_list circle'><\/p>\n<ul>\n<li class=\"p2\">Cancers de la peau<\/li>\n<li>Carcinomes<\/li>\n<li class=\"p2\">Couperose<\/li>\n<li class=\"p2\">Acrochordons<\/li>\n<li class=\"p2\">Cicatrices<\/li>\n<li class=\"p2\">Psoriasis<\/li>\n<li class=\"p2\">Naevus (grains de beaut\u00e9)<\/li>\n<li class=\"p2\">Lichen plan<\/li>\n<li class=\"p2\">Feux sauvages<\/li>\n<li>Herp\u00e8s<\/li>\n<li class=\"p2\">Furoncles<\/li>\n<li class=\"p2\">K\u00e9ratoses<\/li>\n<\/ul>\n<p><\/div>[\/vc_column_inner][vc_column_inner width=&#8221;1\/3&#8243;]<div class='q_list circle'><\/p>\n<ul>\n<li class=\"p2\">Acn\u00e9<\/li>\n<li class=\"p2\">Ecz\u00e9ma<\/li>\n<li class=\"p2\">Mycose de l\u2019ongle<\/li>\n<li class=\"p2\">Rosac\u00e9e<\/li>\n<li class=\"p2\">Rougeurs cutan\u00e9es<\/li>\n<li class=\"p2\">Psoriasis<\/li>\n<li class=\"p2\">D\u00e9mangeaisons<\/li>\n<li class=\"p2\">Urticaire<\/li>\n<li class=\"p2\">Hyperhidrose<\/li>\n<li class=\"p2\">Allergies<\/li>\n<\/ul>\n<p><\/div>[\/vc_column_inner][vc_column_inner width=&#8221;1\/3&#8243;]<div class='q_list circle'><\/p>\n<ul>\n<li class=\"p2\">Dermatite p\u00e9ri-orale (l\u00e8vres), atopique<\/li>\n<li class=\"p2\">Infections (l\u00e8vres, ongles, peau)<\/li>\n<\/ul>\n<p><\/div>[\/vc_column_inner][\/vc_row_inner][vc_empty_space][vc_column_text]ANALYSE EN LABORATOIRE PRIV\u00c9<\/p>\n<p>Le r\u00e9seau des Cliniques m\u00e9dicales Lacroix collabore avec plusieurs laboratoires priv\u00e9s pour l&#8217;analyse de sp\u00e9cimens afin de permettre aux entreprises ou aux individus d&#8217;obtenir des r\u00e9sultats dans les 48 heures ouvrables suivant le pr\u00e9l\u00e8vement.<\/p>\n<p>&nbsp;<\/p>\n<p class=\"p1\"><em>Note : Si n\u00e9cessaire, toutes les analyses compl\u00e9mentaires \u2013 pathologies, biopsies, et autres (disponibles \u00e0 la carte sur place) seront effectu\u00e9es en laboratoire priv\u00e9 \u00e0 la charge du patient. Toutes les informations sont disponibles sur place.<\/em><\/p>\n<p>[\/vc_column_text][\/qode_elements_holder_item][\/qode_elements_holder][\/vc_column][\/vc_row][vc_row css_animation=&#8221;&#8221; row_type=&#8221;row&#8221; use_row_as_full_screen_section=&#8221;no&#8221; type=&#8221;full_width&#8221; angled_section=&#8221;no&#8221; text_align=&#8221;left&#8221; background_image_as_pattern=&#8221;without_pattern&#8221; background_color=&#8221;#9d0c0d&#8221; padding_top=&#8221;7&#8243; padding_bottom=&#8221;2&#8243; css=&#8221;.vc_custom_1536333013263{background-color: #9d0c0d !important;}&#8221; z_index=&#8221;&#8221;][vc_column]<div class=\"container_inner\"><div class=\"call_to_action normal\" style=\"background-color: #9d0c0d;\"><div class=\"two_columns_75_25 clearfix\"><div class=\"text_wrapper column1\"><div class=\"call_to_action_text \" style=\"\">\n<h2 class=\"white\">Prendre un rendez-vous en Dermatologie<\/h2>\n<\/div><\/div><div class=\"button_wrapper column2\"><a itemprop=\"url\" href=\"\/nous-joindre\/\" class=\"qbutton white \" target=\"_self\" style=\"color: #1a1a1a;border-color: #ffffff;background-color: #ffffff;\"data-hover-background-color=#1a1a1a data-hover-border-color=#1a1a1a data-hover-color=#ffffff>Nous joindre<\/a><\/div><\/div><\/div><\/div>[\/vc_column][\/vc_row]<\/p>\n<\/div>","protected":false},"excerpt":{"rendered":"<p>[vc_row css_animation=&#8221;&#8221; row_type=&#8221;row&#8221; use_row_as_full_screen_section=&#8221;no&#8221; type=&#8221;grid&#8221; angled_section=&#8221;no&#8221; text_align=&#8221;left&#8221; background_image_as_pattern=&#8221;without_pattern&#8221; padding_top=&#8221;119&#8243; padding_bottom=&#8221;40&#8243; z_index=&#8221;&#8221; css=&#8221;.vc_custom_1657586063522{background-color: #ffffff !important;}&#8221;][vc_column offset=&#8221;vc_col-md-6&#8243;][vc_separator type=&#8221;transparent&#8221; up=&#8221;-18&#8243;][vc_column_text] Accordez \u00e0 votre&#8230;<\/p>\n","protected":false},"author":1,"featured_media":0,"parent":1542,"menu_order":0,"comment_status":"closed","ping_status":"closed","template":"full_width.php","meta":{"inline_featured_image":false,"om_disable_all_campaigns":false,"_monsterinsights_skip_tracking":false,"_monsterinsights_sitenote_active":false,"_monsterinsights_sitenote_note":"","_monsterinsights_sitenote_category":0,"_uf_show_specific_survey":0,"_uf_disable_surveys":false,"footnotes":""},"class_list":["post-859","page","type-page","status-publish","hentry"],"aioseo_notices":[],"yoast_head":"<!-- This site is optimized with the Yoast SEO Premium plugin v26.1 (Yoast SEO v26.5) - https:\/\/yoast.com\/wordpress\/plugins\/seo\/ -->\n<title>Dermatologie en clinique priv\u00e9e - Cliniques m\u00e9dicales Lacroix<\/title>\n<meta name=\"description\" content=\"Dermatologie priv\u00e9e. Dermatologie en clinique priv\u00e9e, dermatologues exer\u00e7ant en dermatologie m\u00e9dicale. Grains de beaut\u00e9, couperose, ecz\u00e9ma.\" \/>\n<meta name=\"robots\" content=\"index, follow, max-snippet:-1, max-image-preview:large, max-video-preview:-1\" \/>\n<link rel=\"canonical\" href=\"https:\/\/cliniquesmedicaleslacroix.enconstruction.website\/fr\/services\/medecine-specialisee\/dermatologie\/\" \/>\n<meta property=\"og:locale\" content=\"fr_FR\" \/>\n<meta property=\"og:type\" content=\"article\" \/>\n<meta property=\"og:title\" content=\"Dermatologie en clinique priv\u00e9e\" \/>\n<meta property=\"og:description\" content=\"Dermatologie priv\u00e9e. Dermatologie en clinique priv\u00e9e, dermatologues exer\u00e7ant en dermatologie m\u00e9dicale. Grains de beaut\u00e9, couperose, ecz\u00e9ma.\" \/>\n<meta property=\"og:url\" content=\"https:\/\/cliniquesmedicaleslacroix.enconstruction.website\/fr\/services\/medecine-specialisee\/dermatologie\/\" \/>\n<meta property=\"og:site_name\" content=\"Cliniques m\u00e9dicales Lacroix\" \/>\n<meta property=\"article:publisher\" content=\"https:\/\/www.facebook.com\/cliniquesmedicaleslacroix\/\" \/>\n<meta property=\"article:modified_time\" content=\"2025-04-14T18:05:56+00:00\" \/>\n<meta property=\"og:image\" content=\"https:\/\/cliniquesmedicaleslacroix.enconstruction.website\/wp-content\/uploads\/2018\/05\/family-1.jpg\" \/>\n\t<meta property=\"og:image:width\" content=\"1000\" \/>\n\t<meta property=\"og:image:height\" content=\"708\" \/>\n\t<meta property=\"og:image:type\" content=\"image\/jpeg\" \/>\n<meta name=\"twitter:card\" content=\"summary_large_image\" \/>\n<meta name=\"twitter:label1\" content=\"Dur\u00e9e de lecture estim\u00e9e\" \/>\n\t<meta name=\"twitter:data1\" content=\"4 minutes\" \/>\n<script type=\"application\/ld+json\" class=\"yoast-schema-graph\">{\"@context\":\"https:\/\/schema.org\",\"@graph\":[{\"@type\":\"WebPage\",\"@id\":\"https:\/\/cliniquesmedicaleslacroix.enconstruction.website\/fr\/services\/medecine-specialisee\/dermatologie\/\",\"url\":\"https:\/\/cliniquesmedicaleslacroix.enconstruction.website\/fr\/services\/medecine-specialisee\/dermatologie\/\",\"name\":\"Dermatologie en clinique priv\u00e9e - Cliniques m\u00e9dicales Lacroix\",\"isPartOf\":{\"@id\":\"https:\/\/cliniquesmedicaleslacroix.enconstruction.website\/fr\/#website\"},\"datePublished\":\"2018-05-21T15:11:42+00:00\",\"dateModified\":\"2025-04-14T18:05:56+00:00\",\"description\":\"Dermatologie priv\u00e9e. Dermatologie en clinique priv\u00e9e, dermatologues exer\u00e7ant en dermatologie m\u00e9dicale. Grains de beaut\u00e9, couperose, ecz\u00e9ma.\",\"breadcrumb\":{\"@id\":\"https:\/\/cliniquesmedicaleslacroix.enconstruction.website\/fr\/services\/medecine-specialisee\/dermatologie\/#breadcrumb\"},\"inLanguage\":\"fr-FR\",\"potentialAction\":[{\"@type\":\"ReadAction\",\"target\":[\"https:\/\/cliniquesmedicaleslacroix.enconstruction.website\/fr\/services\/medecine-specialisee\/dermatologie\/\"]}]},{\"@type\":\"BreadcrumbList\",\"@id\":\"https:\/\/cliniquesmedicaleslacroix.enconstruction.website\/fr\/services\/medecine-specialisee\/dermatologie\/#breadcrumb\",\"itemListElement\":[{\"@type\":\"ListItem\",\"position\":1,\"name\":\"Accueil\",\"item\":\"https:\/\/cliniquesmedicaleslacroix.enconstruction.website\/fr\/\"},{\"@type\":\"ListItem\",\"position\":2,\"name\":\"Services\",\"item\":\"https:\/\/cliniquesmedicaleslacroix.enconstruction.website\/fr\/services\/\"},{\"@type\":\"ListItem\",\"position\":3,\"name\":\"M\u00e9decine sp\u00e9cialis\u00e9e\",\"item\":\"https:\/\/cliniquesmedicaleslacroix.enconstruction.website\/fr\/services\/medecine-specialisee\/\"},{\"@type\":\"ListItem\",\"position\":4,\"name\":\"Dermatologie en clinique priv\u00e9e\"}]},{\"@type\":\"WebSite\",\"@id\":\"https:\/\/cliniquesmedicaleslacroix.enconstruction.website\/fr\/#website\",\"url\":\"https:\/\/cliniquesmedicaleslacroix.enconstruction.website\/fr\/\",\"name\":\"Cliniques m\u00e9dicales Lacroix\",\"description\":\"Prioriser la sant\u00e9\",\"potentialAction\":[{\"@type\":\"SearchAction\",\"target\":{\"@type\":\"EntryPoint\",\"urlTemplate\":\"https:\/\/cliniquesmedicaleslacroix.enconstruction.website\/fr\/?s={search_term_string}\"},\"query-input\":{\"@type\":\"PropertyValueSpecification\",\"valueRequired\":true,\"valueName\":\"search_term_string\"}}],\"inLanguage\":\"fr-FR\"}]}<\/script>\n<!-- \/ Yoast SEO Premium plugin. -->","yoast_head_json":{"title":"Dermatologie en clinique priv\u00e9e - Cliniques m\u00e9dicales Lacroix","description":"Dermatologie priv\u00e9e. Dermatologie en clinique priv\u00e9e, dermatologues exer\u00e7ant en dermatologie m\u00e9dicale. Grains de beaut\u00e9, couperose, ecz\u00e9ma.","robots":{"index":"index","follow":"follow","max-snippet":"max-snippet:-1","max-image-preview":"max-image-preview:large","max-video-preview":"max-video-preview:-1"},"canonical":"https:\/\/cliniquesmedicaleslacroix.enconstruction.website\/fr\/services\/medecine-specialisee\/dermatologie\/","og_locale":"fr_FR","og_type":"article","og_title":"Dermatologie en clinique priv\u00e9e","og_description":"Dermatologie priv\u00e9e. Dermatologie en clinique priv\u00e9e, dermatologues exer\u00e7ant en dermatologie m\u00e9dicale. Grains de beaut\u00e9, couperose, ecz\u00e9ma.","og_url":"https:\/\/cliniquesmedicaleslacroix.enconstruction.website\/fr\/services\/medecine-specialisee\/dermatologie\/","og_site_name":"Cliniques m\u00e9dicales Lacroix","article_publisher":"https:\/\/www.facebook.com\/cliniquesmedicaleslacroix\/","article_modified_time":"2025-04-14T18:05:56+00:00","og_image":[{"width":1000,"height":708,"url":"https:\/\/cliniquesmedicaleslacroix.enconstruction.website\/wp-content\/uploads\/2018\/05\/family-1.jpg","type":"image\/jpeg"}],"twitter_card":"summary_large_image","twitter_misc":{"Dur\u00e9e de lecture estim\u00e9e":"4 minutes"},"schema":{"@context":"https:\/\/schema.org","@graph":[{"@type":"WebPage","@id":"https:\/\/cliniquesmedicaleslacroix.enconstruction.website\/fr\/services\/medecine-specialisee\/dermatologie\/","url":"https:\/\/cliniquesmedicaleslacroix.enconstruction.website\/fr\/services\/medecine-specialisee\/dermatologie\/","name":"Dermatologie en clinique priv\u00e9e - Cliniques m\u00e9dicales Lacroix","isPartOf":{"@id":"https:\/\/cliniquesmedicaleslacroix.enconstruction.website\/fr\/#website"},"datePublished":"2018-05-21T15:11:42+00:00","dateModified":"2025-04-14T18:05:56+00:00","description":"Dermatologie priv\u00e9e. Dermatologie en clinique priv\u00e9e, dermatologues exer\u00e7ant en dermatologie m\u00e9dicale. Grains de beaut\u00e9, couperose, ecz\u00e9ma.","breadcrumb":{"@id":"https:\/\/cliniquesmedicaleslacroix.enconstruction.website\/fr\/services\/medecine-specialisee\/dermatologie\/#breadcrumb"},"inLanguage":"fr-FR","potentialAction":[{"@type":"ReadAction","target":["https:\/\/cliniquesmedicaleslacroix.enconstruction.website\/fr\/services\/medecine-specialisee\/dermatologie\/"]}]},{"@type":"BreadcrumbList","@id":"https:\/\/cliniquesmedicaleslacroix.enconstruction.website\/fr\/services\/medecine-specialisee\/dermatologie\/#breadcrumb","itemListElement":[{"@type":"ListItem","position":1,"name":"Accueil","item":"https:\/\/cliniquesmedicaleslacroix.enconstruction.website\/fr\/"},{"@type":"ListItem","position":2,"name":"Services","item":"https:\/\/cliniquesmedicaleslacroix.enconstruction.website\/fr\/services\/"},{"@type":"ListItem","position":3,"name":"M\u00e9decine sp\u00e9cialis\u00e9e","item":"https:\/\/cliniquesmedicaleslacroix.enconstruction.website\/fr\/services\/medecine-specialisee\/"},{"@type":"ListItem","position":4,"name":"Dermatologie en clinique priv\u00e9e"}]},{"@type":"WebSite","@id":"https:\/\/cliniquesmedicaleslacroix.enconstruction.website\/fr\/#website","url":"https:\/\/cliniquesmedicaleslacroix.enconstruction.website\/fr\/","name":"Cliniques m\u00e9dicales Lacroix","description":"Prioriser la sant\u00e9","potentialAction":[{"@type":"SearchAction","target":{"@type":"EntryPoint","urlTemplate":"https:\/\/cliniquesmedicaleslacroix.enconstruction.website\/fr\/?s={search_term_string}"},"query-input":{"@type":"PropertyValueSpecification","valueRequired":true,"valueName":"search_term_string"}}],"inLanguage":"fr-FR"}]}},"_links":{"self":[{"href":"https:\/\/cliniquesmedicaleslacroix.enconstruction.website\/fr\/wp-json\/wp\/v2\/pages\/859","targetHints":{"allow":["GET"]}}],"collection":[{"href":"https:\/\/cliniquesmedicaleslacroix.enconstruction.website\/fr\/wp-json\/wp\/v2\/pages"}],"about":[{"href":"https:\/\/cliniquesmedicaleslacroix.enconstruction.website\/fr\/wp-json\/wp\/v2\/types\/page"}],"author":[{"embeddable":true,"href":"https:\/\/cliniquesmedicaleslacroix.enconstruction.website\/fr\/wp-json\/wp\/v2\/users\/1"}],"replies":[{"embeddable":true,"href":"https:\/\/cliniquesmedicaleslacroix.enconstruction.website\/fr\/wp-json\/wp\/v2\/comments?post=859"}],"version-history":[{"count":3,"href":"https:\/\/cliniquesmedicaleslacroix.enconstruction.website\/fr\/wp-json\/wp\/v2\/pages\/859\/revisions"}],"predecessor-version":[{"id":31504,"href":"https:\/\/cliniquesmedicaleslacroix.enconstruction.website\/fr\/wp-json\/wp\/v2\/pages\/859\/revisions\/31504"}],"up":[{"embeddable":true,"href":"https:\/\/cliniquesmedicaleslacroix.enconstruction.website\/fr\/wp-json\/wp\/v2\/pages\/1542"}],"wp:attachment":[{"href":"https:\/\/cliniquesmedicaleslacroix.enconstruction.website\/fr\/wp-json\/wp\/v2\/media?parent=859"}],"curies":[{"name":"wp","href":"https:\/\/api.w.org\/{rel}","templated":true}]}}