{"id":873,"date":"2018-05-21T11:36:52","date_gmt":"2018-05-21T15:36:52","guid":{"rendered":"http:\/\/cliniqueslacroix.enconstruction.website\/?page_id=873"},"modified":"2024-11-06T17:58:15","modified_gmt":"2024-11-06T22:58:15","slug":"menopause-andropause","status":"publish","type":"page","link":"https:\/\/cliniquesmedicaleslacroix.enconstruction.website\/fr\/services\/menopause-andropause\/","title":{"rendered":"Clinique de m\u00e9nopause et d&#8217;andropause"},"content":{"rendered":"<div class=\"wpb-content-wrapper\"><p>[vc_row css_animation=&#8221;&#8221; row_type=&#8221;row&#8221; use_row_as_full_screen_section=&#8221;no&#8221; type=&#8221;grid&#8221; angled_section=&#8221;no&#8221; text_align=&#8221;left&#8221; background_image_as_pattern=&#8221;without_pattern&#8221; padding_top=&#8221;119&#8243; padding_bottom=&#8221;87&#8243; z_index=&#8221;&#8221; css=&#8221;.vc_custom_1515745451587{background-color: #ffffff !important;}&#8221;][vc_column offset=&#8221;vc_col-md-6&#8243;][vc_separator type=&#8221;transparent&#8221; up=&#8221;-18&#8243;][vc_column_text]<\/p>\n<h1 class=\"titre1\">Clinique de la m\u00e9nopause et de l&#8217;andropause<\/h1>\n<p class=\"titre2\">Hormonoth\u00e9rapie en clinique priv\u00e9e<\/p>\n<p>[\/vc_column_text][vc_separator type=&#8221;small&#8221; position=&#8221;left&#8221; color=&#8221;#cd2122&#8243; thickness=&#8221;4&#8243; width=&#8221;48&#8243; up=&#8221;17&#8243; down=&#8221;27&#8243;][vc_column_text]<\/p>\n<p class=\"p2\">Les hormones que nous s\u00e9cr\u00e9tons sur une base quotidienne ont un impact direct sur les diff\u00e9rentes fonctions vitales du corps humain et, cons\u00e9quemment, sur notre sant\u00e9 et notre qualit\u00e9 de vie. La production de ces hormones par les glandes est appel\u00e9e \u00e0 varier au cours du cycle de d\u00e9veloppement de l\u2019\u00eatre humain. C\u2019est cette variation qui entra\u00eene notamment l\u2019occurrence de la m\u00e9nopause et de l\u2019andropause.<\/p>\n<p>&nbsp;<\/p>\n<p>ANALYSE EN LABORATOIRE PRIV\u00c9\u00a0:<\/p>\n<p>Le r\u00e9seau des cliniques m\u00e9dicales Lacroix collabore avec plusieurs laboratoires priv\u00e9s pour l&#8217;analyse de sp\u00e9cimens afin de permettre aux entreprises ou aux individus d&#8217;obtenir des r\u00e9sultats dans les 48 heures ouvrables suivant le pr\u00e9l\u00e8vement.[\/vc_column_text][vc_empty_space height=&#8221;36px&#8221;][\/vc_column][vc_column offset=&#8221;vc_col-md-6&#8243;][vc_single_image image=&#8221;16966&#8243; img_size=&#8221;full&#8221; alignment=&#8221;center&#8221; qode_css_animation=&#8221;&#8221;][vc_empty_space height=&#8221;30px&#8221;][\/vc_column][\/vc_row][vc_row css_animation=&#8221;&#8221; row_type=&#8221;row&#8221; use_row_as_full_screen_section=&#8221;no&#8221; type=&#8221;grid&#8221; angled_section=&#8221;no&#8221; text_align=&#8221;left&#8221; background_image_as_pattern=&#8221;without_pattern&#8221; css=&#8221;.vc_custom_1528460679455{background-color: #9d0c0d !important;}&#8221; z_index=&#8221;&#8221;][vc_column][vc_empty_space height=&#8221;36px&#8221;][vc_column_text]<\/p>\n<h3 style=\"text-align: left;\"><span style=\"color: #ffffff;\">Profitez d\u2019un acc\u00e8s rapide \u00e0 des soins sp\u00e9cialis\u00e9s permettant d\u2019att\u00e9nuer les sympt\u00f4mes de la m\u00e9nopause et de l\u2019andropause<\/span><\/h3>\n<p>[\/vc_column_text][vc_empty_space height=&#8221;36px&#8221;][\/vc_column][\/vc_row][vc_row css_animation=&#8221;&#8221; row_type=&#8221;row&#8221; use_row_as_full_screen_section=&#8221;no&#8221; type=&#8221;grid&#8221; angled_section=&#8221;no&#8221; text_align=&#8221;left&#8221; background_image_as_pattern=&#8221;without_pattern&#8221; z_index=&#8221;&#8221; css=&#8221;.vc_custom_1638368335533{background-color: #ecebeb !important;}&#8221;][vc_column][qode_elements_holder number_of_columns=&#8221;two_columns&#8221; columns_proportion=&#8221;33_66&#8243;][qode_elements_holder_item advanced_animations=&#8221;no&#8221;][vc_single_image image=&#8221;16964&#8243; img_size=&#8221;full&#8221; alignment=&#8221;center&#8221; qode_css_animation=&#8221;&#8221;][\/qode_elements_holder_item][qode_elements_holder_item item_padding=&#8221;21% 22% 23.2% 16%&#8221; horizontal_alignment=&#8221;left&#8221; advanced_animations=&#8221;no&#8221;][vc_column_text]<\/p>\n<p class=\"titre1\">\u00c9valuation et traitement des troubles hormonaux avec<\/p>\n<h2 class=\"titre2\">Dr Jean Drouin<\/h2>\n<p>M\u00e9decin de famille[\/vc_column_text][vc_separator type=&#8221;small&#8221; position=&#8221;left&#8221; color=&#8221;#cd2122&#8243;][vc_column_text]Le Dr Jean Drouin, omnipraticien, fut m\u00e9decin au CHUL pendant 47 ans avant de se joindre \u00e0 l&#8217;\u00e9quipe m\u00e9dicale Lacroix de Qu\u00e9bec. Il enseigne \u00e9galement \u00e0 l\u2019Universit\u00e9 dans des domaines vari\u00e9s comme la gyn\u00e9cologie, l\u2019obst\u00e9trique et la pharmacie.<\/p>\n<p>&nbsp;<\/p>\n<p>\u00c0 notre clinique priv\u00e9e de Cap-Rouge, le Dr Drouin axe sa pratique m\u00e9dicale sur l&#8217;\u00e9valuation et le traitement (att\u00e9nuation des sympt\u00f4mes) des troubles li\u00e9s aux hormones sexuelles : <strong>m\u00e9nopause<\/strong> chez la femme et <strong>andropause<\/strong> (insuffisance en testost\u00e9rone) chez l&#8217;homme. Dr Drouin offre \u00e9galement un service gyn\u00e9cologique, dont la pose et le retrait de st\u00e9rilets.<\/p>\n<p>&nbsp;<\/p>\n<h4>Notez qu\u2019aucune ordonnance m\u00e9dicale n&#8217;est requise pour prendre rendez-vous avec les m\u00e9decins du r\u00e9seau Lacroix.<\/h4>\n<p>[\/vc_column_text][\/qode_elements_holder_item][\/qode_elements_holder][\/vc_column][\/vc_row][vc_row css_animation=&#8221;&#8221; row_type=&#8221;row&#8221; use_row_as_full_screen_section=&#8221;no&#8221; type=&#8221;full_width&#8221; angled_section=&#8221;no&#8221; text_align=&#8221;left&#8221; background_image_as_pattern=&#8221;without_pattern&#8221; background_color=&#8221;#9d0c0d&#8221; padding_top=&#8221;7&#8243; padding_bottom=&#8221;2&#8243; css=&#8221;.vc_custom_1528460742452{background-color: #9d0c0d !important;}&#8221; z_index=&#8221;&#8221;][vc_column]<div class=\"container_inner\"><div class=\"call_to_action normal\" style=\"background-color: #9d0c0d;\"><div class=\"two_columns_75_25 clearfix\"><div class=\"text_wrapper column1\"><div class=\"call_to_action_text \" style=\"\">\n<h2><span style=\"color: #ffffff;\">Prenez rendez-vous pour vos troubles li\u00e9s \u00e0 la m\u00e9nopause ou \u00e0 l&#8217;andropause<\/span><\/h2>\n<\/div><\/div><div class=\"button_wrapper column2\"><a itemprop=\"url\" href=\"\/nous-joindre\/\" class=\"qbutton white \" target=\"_self\" style=\"color: #1a1a1a;border-color: #ffffff;background-color: #ffffff;\"data-hover-background-color=#1a1a1a data-hover-border-color=#1a1a1a data-hover-color=#ffffff>Nous joindre<\/a><\/div><\/div><\/div><\/div>[\/vc_column][\/vc_row]<\/p>\n<\/div>","protected":false},"excerpt":{"rendered":"<p>[vc_row css_animation=&#8221;&#8221; row_type=&#8221;row&#8221; use_row_as_full_screen_section=&#8221;no&#8221; type=&#8221;grid&#8221; angled_section=&#8221;no&#8221; text_align=&#8221;left&#8221; background_image_as_pattern=&#8221;without_pattern&#8221; padding_top=&#8221;119&#8243; padding_bottom=&#8221;87&#8243; z_index=&#8221;&#8221; css=&#8221;.vc_custom_1515745451587{background-color: #ffffff !important;}&#8221;][vc_column offset=&#8221;vc_col-md-6&#8243;][vc_separator type=&#8221;transparent&#8221; up=&#8221;-18&#8243;][vc_column_text] Clinique de la&#8230;<\/p>\n","protected":false},"author":1,"featured_media":0,"parent":159,"menu_order":0,"comment_status":"closed","ping_status":"closed","template":"full_width.php","meta":{"inline_featured_image":false,"om_disable_all_campaigns":false,"_monsterinsights_skip_tracking":false,"_monsterinsights_sitenote_active":false,"_monsterinsights_sitenote_note":"","_monsterinsights_sitenote_category":0,"_uf_show_specific_survey":0,"_uf_disable_surveys":false,"footnotes":""},"class_list":["post-873","page","type-page","status-publish","hentry"],"aioseo_notices":[],"yoast_head":"<!-- This site is optimized with the Yoast SEO Premium plugin v26.1 (Yoast SEO v26.5) - https:\/\/yoast.com\/wordpress\/plugins\/seo\/ -->\n<title>Clinique de m\u00e9nopause et d&#039;andropause - Cliniques m\u00e9dicales Lacroix<\/title>\n<meta name=\"description\" content=\"Pour l&#039;att\u00e9nuation des sympt\u00f4mes li\u00e9s \u00e0 la m\u00e9nopause ou \u00e0 l&#039;andropause, consultez le Dr Jean Drouin, omnipraticien au Cliniques Lacroix.\" \/>\n<meta name=\"robots\" content=\"index, follow, max-snippet:-1, max-image-preview:large, max-video-preview:-1\" \/>\n<link rel=\"canonical\" href=\"https:\/\/cliniquesmedicaleslacroix.enconstruction.website\/fr\/services\/menopause-andropause\/\" \/>\n<meta property=\"og:locale\" content=\"fr_FR\" \/>\n<meta property=\"og:type\" content=\"article\" \/>\n<meta property=\"og:title\" content=\"Clinique de m\u00e9nopause et d&#039;andropause\" \/>\n<meta property=\"og:description\" content=\"Pour l&#039;att\u00e9nuation des sympt\u00f4mes li\u00e9s \u00e0 la m\u00e9nopause ou \u00e0 l&#039;andropause, consultez le Dr Jean Drouin, omnipraticien au Cliniques Lacroix.\" \/>\n<meta property=\"og:url\" content=\"https:\/\/cliniquesmedicaleslacroix.enconstruction.website\/fr\/services\/menopause-andropause\/\" \/>\n<meta property=\"og:site_name\" content=\"Cliniques m\u00e9dicales Lacroix\" \/>\n<meta property=\"article:publisher\" content=\"https:\/\/www.facebook.com\/cliniquesmedicaleslacroix\/\" \/>\n<meta property=\"article:modified_time\" content=\"2024-11-06T22:58:15+00:00\" \/>\n<meta property=\"og:image\" content=\"https:\/\/cliniquesmedicaleslacroix.enconstruction.website\/wp-content\/uploads\/2018\/05\/family-1.jpg\" \/>\n\t<meta property=\"og:image:width\" content=\"1000\" \/>\n\t<meta property=\"og:image:height\" content=\"708\" \/>\n\t<meta property=\"og:image:type\" content=\"image\/jpeg\" \/>\n<meta name=\"twitter:card\" content=\"summary_large_image\" \/>\n<meta name=\"twitter:label1\" content=\"Dur\u00e9e de lecture estim\u00e9e\" \/>\n\t<meta name=\"twitter:data1\" content=\"2 minutes\" \/>\n<script type=\"application\/ld+json\" class=\"yoast-schema-graph\">{\"@context\":\"https:\/\/schema.org\",\"@graph\":[{\"@type\":\"WebPage\",\"@id\":\"https:\/\/cliniquesmedicaleslacroix.enconstruction.website\/fr\/services\/menopause-andropause\/\",\"url\":\"https:\/\/cliniquesmedicaleslacroix.enconstruction.website\/fr\/services\/menopause-andropause\/\",\"name\":\"Clinique de m\u00e9nopause et d'andropause - Cliniques m\u00e9dicales Lacroix\",\"isPartOf\":{\"@id\":\"https:\/\/cliniquesmedicaleslacroix.enconstruction.website\/fr\/#website\"},\"datePublished\":\"2018-05-21T15:36:52+00:00\",\"dateModified\":\"2024-11-06T22:58:15+00:00\",\"description\":\"Pour l'att\u00e9nuation des sympt\u00f4mes li\u00e9s \u00e0 la m\u00e9nopause ou \u00e0 l'andropause, consultez le Dr Jean Drouin, omnipraticien au Cliniques Lacroix.\",\"breadcrumb\":{\"@id\":\"https:\/\/cliniquesmedicaleslacroix.enconstruction.website\/fr\/services\/menopause-andropause\/#breadcrumb\"},\"inLanguage\":\"fr-FR\",\"potentialAction\":[{\"@type\":\"ReadAction\",\"target\":[\"https:\/\/cliniquesmedicaleslacroix.enconstruction.website\/fr\/services\/menopause-andropause\/\"]}]},{\"@type\":\"BreadcrumbList\",\"@id\":\"https:\/\/cliniquesmedicaleslacroix.enconstruction.website\/fr\/services\/menopause-andropause\/#breadcrumb\",\"itemListElement\":[{\"@type\":\"ListItem\",\"position\":1,\"name\":\"Accueil\",\"item\":\"https:\/\/cliniquesmedicaleslacroix.enconstruction.website\/fr\/\"},{\"@type\":\"ListItem\",\"position\":2,\"name\":\"Services\",\"item\":\"https:\/\/cliniquesmedicaleslacroix.enconstruction.website\/fr\/services\/\"},{\"@type\":\"ListItem\",\"position\":3,\"name\":\"Clinique de m\u00e9nopause et d&#8217;andropause\"}]},{\"@type\":\"WebSite\",\"@id\":\"https:\/\/cliniquesmedicaleslacroix.enconstruction.website\/fr\/#website\",\"url\":\"https:\/\/cliniquesmedicaleslacroix.enconstruction.website\/fr\/\",\"name\":\"Cliniques m\u00e9dicales Lacroix\",\"description\":\"Prioriser la sant\u00e9\",\"potentialAction\":[{\"@type\":\"SearchAction\",\"target\":{\"@type\":\"EntryPoint\",\"urlTemplate\":\"https:\/\/cliniquesmedicaleslacroix.enconstruction.website\/fr\/?s={search_term_string}\"},\"query-input\":{\"@type\":\"PropertyValueSpecification\",\"valueRequired\":true,\"valueName\":\"search_term_string\"}}],\"inLanguage\":\"fr-FR\"}]}<\/script>\n<!-- \/ Yoast SEO Premium plugin. -->","yoast_head_json":{"title":"Clinique de m\u00e9nopause et d'andropause - Cliniques m\u00e9dicales Lacroix","description":"Pour l'att\u00e9nuation des sympt\u00f4mes li\u00e9s \u00e0 la m\u00e9nopause ou \u00e0 l'andropause, consultez le Dr Jean Drouin, omnipraticien au Cliniques Lacroix.","robots":{"index":"index","follow":"follow","max-snippet":"max-snippet:-1","max-image-preview":"max-image-preview:large","max-video-preview":"max-video-preview:-1"},"canonical":"https:\/\/cliniquesmedicaleslacroix.enconstruction.website\/fr\/services\/menopause-andropause\/","og_locale":"fr_FR","og_type":"article","og_title":"Clinique de m\u00e9nopause et d'andropause","og_description":"Pour l'att\u00e9nuation des sympt\u00f4mes li\u00e9s \u00e0 la m\u00e9nopause ou \u00e0 l'andropause, consultez le Dr Jean Drouin, omnipraticien au Cliniques Lacroix.","og_url":"https:\/\/cliniquesmedicaleslacroix.enconstruction.website\/fr\/services\/menopause-andropause\/","og_site_name":"Cliniques m\u00e9dicales Lacroix","article_publisher":"https:\/\/www.facebook.com\/cliniquesmedicaleslacroix\/","article_modified_time":"2024-11-06T22:58:15+00:00","og_image":[{"width":1000,"height":708,"url":"https:\/\/cliniquesmedicaleslacroix.enconstruction.website\/wp-content\/uploads\/2018\/05\/family-1.jpg","type":"image\/jpeg"}],"twitter_card":"summary_large_image","twitter_misc":{"Dur\u00e9e de lecture estim\u00e9e":"2 minutes"},"schema":{"@context":"https:\/\/schema.org","@graph":[{"@type":"WebPage","@id":"https:\/\/cliniquesmedicaleslacroix.enconstruction.website\/fr\/services\/menopause-andropause\/","url":"https:\/\/cliniquesmedicaleslacroix.enconstruction.website\/fr\/services\/menopause-andropause\/","name":"Clinique de m\u00e9nopause et d'andropause - Cliniques m\u00e9dicales Lacroix","isPartOf":{"@id":"https:\/\/cliniquesmedicaleslacroix.enconstruction.website\/fr\/#website"},"datePublished":"2018-05-21T15:36:52+00:00","dateModified":"2024-11-06T22:58:15+00:00","description":"Pour l'att\u00e9nuation des sympt\u00f4mes li\u00e9s \u00e0 la m\u00e9nopause ou \u00e0 l'andropause, consultez le Dr Jean Drouin, omnipraticien au Cliniques Lacroix.","breadcrumb":{"@id":"https:\/\/cliniquesmedicaleslacroix.enconstruction.website\/fr\/services\/menopause-andropause\/#breadcrumb"},"inLanguage":"fr-FR","potentialAction":[{"@type":"ReadAction","target":["https:\/\/cliniquesmedicaleslacroix.enconstruction.website\/fr\/services\/menopause-andropause\/"]}]},{"@type":"BreadcrumbList","@id":"https:\/\/cliniquesmedicaleslacroix.enconstruction.website\/fr\/services\/menopause-andropause\/#breadcrumb","itemListElement":[{"@type":"ListItem","position":1,"name":"Accueil","item":"https:\/\/cliniquesmedicaleslacroix.enconstruction.website\/fr\/"},{"@type":"ListItem","position":2,"name":"Services","item":"https:\/\/cliniquesmedicaleslacroix.enconstruction.website\/fr\/services\/"},{"@type":"ListItem","position":3,"name":"Clinique de m\u00e9nopause et d&#8217;andropause"}]},{"@type":"WebSite","@id":"https:\/\/cliniquesmedicaleslacroix.enconstruction.website\/fr\/#website","url":"https:\/\/cliniquesmedicaleslacroix.enconstruction.website\/fr\/","name":"Cliniques m\u00e9dicales Lacroix","description":"Prioriser la sant\u00e9","potentialAction":[{"@type":"SearchAction","target":{"@type":"EntryPoint","urlTemplate":"https:\/\/cliniquesmedicaleslacroix.enconstruction.website\/fr\/?s={search_term_string}"},"query-input":{"@type":"PropertyValueSpecification","valueRequired":true,"valueName":"search_term_string"}}],"inLanguage":"fr-FR"}]}},"_links":{"self":[{"href":"https:\/\/cliniquesmedicaleslacroix.enconstruction.website\/fr\/wp-json\/wp\/v2\/pages\/873","targetHints":{"allow":["GET"]}}],"collection":[{"href":"https:\/\/cliniquesmedicaleslacroix.enconstruction.website\/fr\/wp-json\/wp\/v2\/pages"}],"about":[{"href":"https:\/\/cliniquesmedicaleslacroix.enconstruction.website\/fr\/wp-json\/wp\/v2\/types\/page"}],"author":[{"embeddable":true,"href":"https:\/\/cliniquesmedicaleslacroix.enconstruction.website\/fr\/wp-json\/wp\/v2\/users\/1"}],"replies":[{"embeddable":true,"href":"https:\/\/cliniquesmedicaleslacroix.enconstruction.website\/fr\/wp-json\/wp\/v2\/comments?post=873"}],"version-history":[{"count":0,"href":"https:\/\/cliniquesmedicaleslacroix.enconstruction.website\/fr\/wp-json\/wp\/v2\/pages\/873\/revisions"}],"up":[{"embeddable":true,"href":"https:\/\/cliniquesmedicaleslacroix.enconstruction.website\/fr\/wp-json\/wp\/v2\/pages\/159"}],"wp:attachment":[{"href":"https:\/\/cliniquesmedicaleslacroix.enconstruction.website\/fr\/wp-json\/wp\/v2\/media?parent=873"}],"curies":[{"name":"wp","href":"https:\/\/api.w.org\/{rel}","templated":true}]}}